{"id":29830,"date":"2023-06-13T12:30:40","date_gmt":"2023-06-13T10:30:40","guid":{"rendered":"https:\/\/www.soleum.de\/shop\/sin%20categor\u00eda\/manguera-de-vapor-de-1-m_dn40\/"},"modified":"2024-02-23T17:10:09","modified_gmt":"2024-02-23T16:10:09","slug":"tuberia-de-vapor_manguera-de-vapor_dn40","status":"publish","type":"product","link":"https:\/\/www.soleum.de\/es\/shop\/generadores-de-vapor\/tuberia-de-vapor_manguera-de-vapor_dn40\/","title":{"rendered":"Manguera de vapor de 1 m_DN40"},"content":{"rendered":"<p><span style=\"font-size: 150%;\"><br \/>\n  <em><br \/>\n    <strong>1m<\/strong><br \/>\n  <\/em><br \/>\n<\/span> Tuber\u00eda de vapor del generador de vapor a la cabina de vapor o conexi\u00f3n a una tuber\u00eda de cobre \/ tuber\u00eda de acero inoxidable<\/p>\n<blockquote><p>Aumente el n\u00famero de piezas por metro al realizar el pedido.<\/p><\/blockquote>\n<p>C\u00f3digo de pedido: SP-07-26001<\/p>\n<p>Di\u00e1metro interior: 40 mm<\/p>\n<p>Di\u00e1metro exterior: 52 mm<\/p>\n<p>trenza gris<\/p>\n<p>Material: caucho but\u00edlico<\/p>\n<p>&nbsp;<\/p>\n","protected":false},"excerpt":{"rendered":"<p>1m Tuber\u00eda de vapor del generador de vapor a la cabina de vapor o conexi\u00f3n a una tuber\u00eda de cobre \/ tuber\u00eda de acero inoxidable Aumente el n\u00famero de piezas por metro al realizar el pedido. C\u00f3digo de pedido: SP-07-26001 Di\u00e1metro interior: 40 mm Di\u00e1metro exterior: 52 mm trenza gris Material: caucho but\u00edlico &nbsp;<\/p>\n","protected":false},"featured_media":20555,"template":"","meta":[],"product_brand":[],"product_cat":[3528],"product_tag":[5079,5077,5081],"class_list":{"0":"post-29830","1":"product","2":"type-product","3":"status-publish","4":"has-post-thumbnail","6":"product_cat-generadores-de-vapor","7":"product_tag-linea-de-vapor","8":"product_tag-manguera-de-vapor","9":"product_tag-manguera-flexible-de-vapor","10":"product_shipping_class-paket-5-10kg-es","12":"first","13":"outofstock","14":"taxable","15":"shipping-taxable","16":"purchasable","17":"product-type-simple"},"_links":{"self":[{"href":"https:\/\/www.soleum.de\/es\/wp-json\/wp\/v2\/product\/29830","targetHints":{"allow":["GET"]}}],"collection":[{"href":"https:\/\/www.soleum.de\/es\/wp-json\/wp\/v2\/product"}],"about":[{"href":"https:\/\/www.soleum.de\/es\/wp-json\/wp\/v2\/types\/product"}],"wp:featuredmedia":[{"embeddable":true,"href":"https:\/\/www.soleum.de\/es\/wp-json\/wp\/v2\/media\/20555"}],"wp:attachment":[{"href":"https:\/\/www.soleum.de\/es\/wp-json\/wp\/v2\/media?parent=29830"}],"wp:term":[{"taxonomy":"product_brand","embeddable":true,"href":"https:\/\/www.soleum.de\/es\/wp-json\/wp\/v2\/product_brand?post=29830"},{"taxonomy":"product_cat","embeddable":true,"href":"https:\/\/www.soleum.de\/es\/wp-json\/wp\/v2\/product_cat?post=29830"},{"taxonomy":"product_tag","embeddable":true,"href":"https:\/\/www.soleum.de\/es\/wp-json\/wp\/v2\/product_tag?post=29830"}],"curies":[{"name":"wp","href":"https:\/\/api.w.org\/{rel}","templated":true}]}}