{"id":29839,"date":"2023-06-18T08:13:35","date_gmt":"2023-06-18T06:13:35","guid":{"rendered":"https:\/\/www.soleum.de\/shop\/sin%20categor\u00eda\/generador-de-vapor-sol-steam-mini-5kw\/"},"modified":"2024-04-26T10:39:40","modified_gmt":"2024-04-26T08:39:40","slug":"generador-de-vapor-sol-steam-mini-5kw","status":"publish","type":"product","link":"https:\/\/www.soleum.de\/es\/shop\/generadores-de-vapor\/generador-de-vapor-sol-steam-mini-5kw\/","title":{"rendered":"Generador de vapor SOL-Steam MINI 5kW"},"content":{"rendered":"<h2><span style=\"color: #ffcc00;\">Generador de vapor SOL-Steam MINI 5kW = 6,6kg de producci\u00f3n de vapor<br \/>\n<\/span><\/h2>\n<div class=\"row\"  id=\"row-1588436165\">\n\n\t<div id=\"col-1334915556\" class=\"col medium-8 small-12 large-8\"  >\n\t\t\t\t<div class=\"col-inner\"  >\n\t\t\t\n\t\t\t\n<p>El <strong>generador de vapor por radiador SOL-Steam MINI<\/strong>, con su atractivo dise\u00f1o de reducidas dimensiones y una potencia unitaria de 6,6 kg\/h, es especialmente adecuado para spas privados y suites. El generador de vapor m\u00e1s peque\u00f1o de nuestra serie SOL-Steam.<\/p>\n<p>La \u00f3ptima accesibilidad a los componentes ahorra tiempo de instalaci\u00f3n y mantenimiento.<\/p>\n<p>Las unidades pueden funcionar con agua totalmente desmineralizada, descalcificada o del grifo; cuando funcionan con agua totalmente desmineralizada, pr\u00e1cticamente no requieren mantenimiento. Las unidades son respetuosas con el medio ambiente, eficientes, higi\u00e9nicas y seguras. El vapor producido favorece la salud y el bienestar.<\/p>\n<p>La unidad de vapor SOL-Steam <strong>MINI<\/strong> puede controlarse, leerse y parametrizarse digitalmente mediante el protocolo de comunicaci\u00f3n Modbus RTU integrado.<\/p>\n<p>Las unidades llevan las marcas de ensayo VDE y GS y cumplen las normas CE y EAC.<\/p>\n<h2><span style=\"color: #ffcc00;\">Datos t\u00e9cnicos<\/span><\/h2>\n\t\t<\/div>\n\t\t\t\t\t<\/div>\n\n\t\n\n\t<div id=\"col-1077594637\" class=\"col medium-4 small-12 large-4\"  >\n\t\t\t\t<div class=\"col-inner\"  >\n\t\t\t\n\t\t\t\n\t<div class=\"img has-hover x md-x lg-x y md-y lg-y\" id=\"image_1492372727\">\n\t\t<a class=\"\" href=\"https:\/\/www.soleum.de\/wp-content\/uploads\/2023\/06\/SOLEUM-Dampfgenerator-Flexline-Broschuere.pdf\" target=\"_blank\" rel=\"noopener\" >\t\t\t\t\t\t<div class=\"img-inner dark\" >\n\t\t\t<img loading=\"lazy\" decoding=\"async\" width=\"227\" height=\"300\" src=\"https:\/\/www.soleum.de\/wp-content\/uploads\/2023\/06\/sol-steam-dampfbadgenerator-mini-Info.jpg\" class=\"attachment-original size-original\" alt=\"\" \/>\t\t\t\t\t\t\n\t\t\t\t\t<\/div>\n\t\t\t\t\t\t<\/a>\t\t\n<style>\n#image_1492372727 {\n  width: 54%;\n}\n<\/style>\n\t<\/div>\n\t\n<p><a href=\"https:\/\/www.soleum.de\/wp-content\/uploads\/2023\/06\/SOLEUM-Dampfgenerator-Flexline-Broschuere.pdf\" target=\"_blank\" rel=\"noopener\">Descargar folleto<\/a><\/p>\n\t\t<\/div>\n\t\t\t\t\t<\/div>\n\n\t\n<\/div>\n\t<div class=\"img has-hover x md-x lg-x y md-y lg-y\" id=\"image_1312993639\">\n\t\t<a class=\"image-lightbox lightbox-gallery\" title=\"\" href=\"https:\/\/www.soleum.de\/wp-content\/uploads\/2023\/06\/sol-steam-dampfgenerator-mini-technische-daten.jpg\">\t\t\t\t\t\t<div class=\"img-inner dark\" >\n\t\t\t<img loading=\"lazy\" decoding=\"async\" width=\"766\" height=\"492\" src=\"https:\/\/www.soleum.de\/wp-content\/uploads\/2023\/06\/sol-steam-dampfgenerator-mini-technische-daten.jpg\" class=\"attachment-original size-original\" alt=\"\" srcset=\"https:\/\/www.soleum.de\/wp-content\/uploads\/2023\/06\/sol-steam-dampfgenerator-mini-technische-daten.jpg 766w, https:\/\/www.soleum.de\/wp-content\/uploads\/2023\/06\/sol-steam-dampfgenerator-mini-technische-daten-623x400.jpg 623w, https:\/\/www.soleum.de\/wp-content\/uploads\/2023\/06\/sol-steam-dampfgenerator-mini-technische-daten-510x328.jpg 510w\" sizes=\"auto, (max-width: 766px) 100vw, 766px\" \/>\t\t\t\t\t\t\n\t\t\t\t\t<\/div>\n\t\t\t\t\t\t<\/a>\t\t\n<style>\n#image_1312993639 {\n  width: 65%;\n}\n<\/style>\n\t<\/div>\n\t\n\t<div class=\"img has-hover x md-x lg-x y md-y lg-y\" id=\"image_1510720426\">\n\t\t<a class=\"image-lightbox lightbox-gallery\" title=\"\" href=\"https:\/\/www.soleum.de\/wp-content\/uploads\/2023\/06\/sol-steam-dampfbadgenerator-mini-abmessungen.jpg\">\t\t\t\t\t\t<div class=\"img-inner dark\" >\n\t\t\t<img loading=\"lazy\" decoding=\"async\" width=\"993\" height=\"800\" src=\"https:\/\/www.soleum.de\/wp-content\/uploads\/2023\/06\/sol-steam-dampfbadgenerator-mini-abmessungen-993x800.jpg\" class=\"attachment-large size-large\" alt=\"\" srcset=\"https:\/\/www.soleum.de\/wp-content\/uploads\/2023\/06\/sol-steam-dampfbadgenerator-mini-abmessungen-993x800.jpg 993w, https:\/\/www.soleum.de\/wp-content\/uploads\/2023\/06\/sol-steam-dampfbadgenerator-mini-abmessungen-496x400.jpg 496w, https:\/\/www.soleum.de\/wp-content\/uploads\/2023\/06\/sol-steam-dampfbadgenerator-mini-abmessungen-768x619.jpg 768w, https:\/\/www.soleum.de\/wp-content\/uploads\/2023\/06\/sol-steam-dampfbadgenerator-mini-abmessungen-510x411.jpg 510w, https:\/\/www.soleum.de\/wp-content\/uploads\/2023\/06\/sol-steam-dampfbadgenerator-mini-abmessungen.jpg 1000w\" sizes=\"auto, (max-width: 993px) 100vw, 993px\" \/>\t\t\t\t\t\t\n\t\t\t\t\t<\/div>\n\t\t\t\t\t\t<\/a>\t\t\n<style>\n#image_1510720426 {\n  width: 73%;\n}\n<\/style>\n\t<\/div>\n\t\n<h3 class=\"uppercase\"><span style=\"color: #ffcc00;\">Alta seguridad<\/span><\/h3>\n<div class=\"content_element textdefault c_256\" data-content-id=\"256\">\n<article class=\"text\">El agua se calienta en el cilindro de acero inoxidable aislado seg\u00fan el principio del calentador de inmersi\u00f3n. El HeaterSlim garantiza la fiabilidad absoluta del proceso mediante la medici\u00f3n de nivel con electrodos sensores. La protecci\u00f3n mec\u00e1nica contra el sobrecalentamiento de los radiadores y el control de nivel garantizan la m\u00e1xima seguridad de funcionamiento.<\/article>\n<\/div>\n<div class=\"content_element textdefault c_257\" data-content-id=\"257\">\n<article class=\"text\">\n<div class=\"headline\">\n<h3 class=\"h\"><span style=\"color: #ffcc00;\">Higi\u00e9nicamente impecable.<\/span><\/h3>\n<\/div>\n<p>El generador de vapor SOL-Steam MINI produce vapor higi\u00e9nico y sin minerales para su <strong>bienestar y su salud<\/strong>.<\/p>\n<\/article>\n<\/div>\n<div class=\"content_element textdefault c_258\" data-content-id=\"258\">\n<article class=\"text\">\n<div class=\"headline\">\n<h3 class=\"h\"><span style=\"color: #ffcc00;\">Flexible en conexi\u00f3n y prestaciones.<\/span><\/h3>\n<\/div>\n<p>El generador de vapor <strong>SOL-Steam MINI<\/strong> puede utilizarse de forma flexible gracias a las conexiones de 230 V y 400 V disponibles en la unidad. Gracias al n\u00famero f\u00e1cilmente reducible de radiadores activos, ofrece dos clases de rendimiento en una sola unidad de tama\u00f1o.<\/p>\n<\/article>\n<\/div>\n<div class=\"is-divider divider clearfix\" style=\"max-width:1500px;\"><\/div>\n\t<div class=\"img has-hover x md-x lg-x y md-y lg-y\" id=\"image_619697482\">\n\t\t\t\t\t\t\t\t<div class=\"img-inner dark\" >\n\t\t\t<img loading=\"lazy\" decoding=\"async\" width=\"732\" height=\"233\" src=\"https:\/\/www.soleum.de\/wp-content\/uploads\/2023\/06\/sol-steam-dampfgenerator-Anschluesse.jpg\" class=\"attachment-large size-large\" alt=\"\" srcset=\"https:\/\/www.soleum.de\/wp-content\/uploads\/2023\/06\/sol-steam-dampfgenerator-Anschluesse.jpg 732w, https:\/\/www.soleum.de\/wp-content\/uploads\/2023\/06\/sol-steam-dampfgenerator-Anschluesse-510x162.jpg 510w\" sizes=\"auto, (max-width: 732px) 100vw, 732px\" \/>\t\t\t\t\t\t\n\t\t\t\t\t<\/div>\n\t\t\t\t\t\t\t\t\n<style>\n#image_619697482 {\n  width: 100%;\n}\n<\/style>\n\t<\/div>\n\t\n<div class=\"content_element textdefault c_259\" data-content-id=\"259\">\n<article class=\"text\">\n<div class=\"headline\">\n<h2 class=\"h\"><span style=\"color: #ffcc00;\">F\u00e1cil mantenimiento: reutilizar en lugar de sustituir.<\/span><\/h2>\n<\/div>\n<p>Este generador de vapor adaptado al nicho ofrece una accesibilidad ideal a los componentes. Para el mantenimiento, el cilindro de vapor puede desmontarse f\u00e1cilmente sin herramientas especiales. Los radiadores tambi\u00e9n pueden desmontarse y limpiarse en unos pocos pasos. Si el generador de vapor del radiador funciona con agua totalmente desmineralizada, casi no se forman dep\u00f3sitos y la necesidad de mantenimiento es m\u00ednima.<\/p>\n<\/article>\n<\/div>\n<div class=\"row\"  id=\"row-581595670\">\n\n\t<div id=\"col-287834833\" class=\"col medium-4 small-12 large-4\"  >\n\t\t\t\t<div class=\"col-inner\"  >\n\t\t\t\n\t\t\t\n\t<div class=\"img has-hover x md-x lg-x y md-y lg-y\" id=\"image_1646293602\">\n\t\t\t\t\t\t\t\t<div class=\"img-inner dark\" >\n\t\t\t<img loading=\"lazy\" decoding=\"async\" width=\"350\" height=\"242\" src=\"https:\/\/www.soleum.de\/wp-content\/uploads\/2023\/06\/sol-steam-dampfgenerator-Innen.jpg\" class=\"attachment-large size-large\" alt=\"\" \/>\t\t\t\t\t\t\n\t\t\t\t\t<\/div>\n\t\t\t\t\t\t\t\t\n<style>\n#image_1646293602 {\n  width: 100%;\n}\n<\/style>\n\t<\/div>\n\t\n\t\t<\/div>\n\t\t\t\t\t<\/div>\n\n\t\n\n\t<div id=\"col-58243043\" class=\"col medium-4 small-12 large-4\"  >\n\t\t\t\t<div class=\"col-inner\"  >\n\t\t\t\n\t\t\t\n\t<div class=\"img has-hover x md-x lg-x y md-y lg-y\" id=\"image_512926509\">\n\t\t\t\t\t\t\t\t<div class=\"img-inner dark\" >\n\t\t\t<img loading=\"lazy\" decoding=\"async\" width=\"329\" height=\"193\" src=\"https:\/\/www.soleum.de\/wp-content\/uploads\/2023\/06\/sol-steam-dampfgenerator-Tank.jpg\" class=\"attachment-large size-large\" alt=\"\" \/>\t\t\t\t\t\t\n\t\t\t\t\t<\/div>\n\t\t\t\t\t\t\t\t\n<style>\n#image_512926509 {\n  width: 100%;\n}\n<\/style>\n\t<\/div>\n\t\n\t\t<\/div>\n\t\t\t\t\t<\/div>\n\n\t\n\n\t<div id=\"col-755659095\" class=\"col medium-4 small-12 large-4\"  >\n\t\t\t\t<div class=\"col-inner\"  >\n\t\t\t\n\t\t\t\n\t<div class=\"img has-hover x md-x lg-x y md-y lg-y\" id=\"image_1637419954\">\n\t\t<a class=\"image-lightbox lightbox-gallery\" title=\"\" href=\"https:\/\/www.soleum.de\/wp-content\/uploads\/2023\/06\/sol-steam-dampfgenerator-MINI-Heizstab.jpg\">\t\t\t\t\t\t<div class=\"img-inner dark\" >\n\t\t\t<img loading=\"lazy\" decoding=\"async\" width=\"347\" height=\"216\" src=\"https:\/\/www.soleum.de\/wp-content\/uploads\/2023\/06\/sol-steam-dampfgenerator-MINI-Heizstab.jpg\" class=\"attachment-large size-large\" alt=\"\" \/>\t\t\t\t\t\t\n\t\t\t\t\t<\/div>\n\t\t\t\t\t\t<\/a>\t\t\n<style>\n#image_1637419954 {\n  width: 100%;\n}\n<\/style>\n\t<\/div>\n\t\n\t\t<\/div>\n\t\t\t\t\t<\/div>\n\n\t\n<\/div>\n\t<div class=\"img has-hover x md-x lg-x y md-y lg-y\" id=\"image_155186925\">\n\t\t\t\t\t\t\t\t<div class=\"img-inner dark\" >\n\t\t\t<img loading=\"lazy\" decoding=\"async\" width=\"610\" height=\"600\" src=\"https:\/\/www.soleum.de\/wp-content\/uploads\/2023\/06\/sol-steam-dampfgenerator-mini-offen.jpg\" class=\"attachment-original size-original\" alt=\"\" srcset=\"https:\/\/www.soleum.de\/wp-content\/uploads\/2023\/06\/sol-steam-dampfgenerator-mini-offen.jpg 610w, https:\/\/www.soleum.de\/wp-content\/uploads\/2023\/06\/sol-steam-dampfgenerator-mini-offen-407x400.jpg 407w, https:\/\/www.soleum.de\/wp-content\/uploads\/2023\/06\/sol-steam-dampfgenerator-mini-offen-510x502.jpg 510w\" sizes=\"auto, (max-width: 610px) 100vw, 610px\" \/>\t\t\t\t\t\t\n\t\t\t\t\t<\/div>\n\t\t\t\t\t\t\t\t\n<style>\n#image_155186925 {\n  width: 64%;\n}\n<\/style>\n\t<\/div>\n\t\n<div class=\"row\"  id=\"row-960185770\">\n\n\t<div id=\"col-958283875\" class=\"col medium-6 small-12 large-6\"  >\n\t\t\t\t<div class=\"col-inner\"  >\n\t\t\t\n\t\t\t\n<div class=\"content_element textdefault c_260\" data-content-id=\"260\">\n<article class=\"text\">\n<div class=\"headline\">\n<h2 class=\"h\"><span style=\"color: #ffcc00;\">F\u00e1cil de usar con el Spa Touch Control. (opcional)<\/span><\/h2>\n<\/div>\n<p>Este delgado generador de vapor MINI de alta calidad est\u00e1 \u00f3ptimamente dise\u00f1ado para su uso con el Spa Touch Control. Con la pantalla t\u00e1ctil externa de 5&#8243; instalada de forma permanente, la temperatura, la fragancia y la luz del ba\u00f1o de vapor se pueden controlar de forma f\u00e1cil y c\u00f3moda.<\/p>\n<ul>\n<li>Superficie de visualizaci\u00f3n con grado de protecci\u00f3n IP65<\/li>\n<li>Pantalla t\u00e1ctil capacitiva resistente de 5<\/li>\n<li>Resoluci\u00f3n 800 x 480, 65k colores<\/li>\n<li>El alcance de las funciones es configurable (ajuste de temperatura, fragancia, etc.)<\/li>\n<li>Reloj en tiempo real con programa de tiempo de ejecuci\u00f3n y temporizador<\/li>\n<li>Alta seguridad de funcionamiento gracias a la visualizaci\u00f3n de los mensajes de mantenimiento y aver\u00eda del generador de vapor<\/li>\n<\/ul>\n<p>*La clase de protecci\u00f3n IP65 de la instalaci\u00f3n requiere la correspondiente junta mural in situ.<\/p>\n<\/article>\n<\/div>\n\t\t<\/div>\n\t\t\t\t\t<\/div>\n\n\t\n\n\t<div id=\"col-330627391\" class=\"col medium-6 small-12 large-6\"  >\n\t\t\t\t<div class=\"col-inner\"  >\n\t\t\t\n\t\t\t\n\t<div class=\"img has-hover x md-x lg-x y md-y lg-y\" id=\"image_384117623\">\n\t\t<a class=\"\" href=\"https:\/\/www.soleum.de\/es\/shop\/generadores-de-vapor\/panel-de-control-spa-para-generador-de-vapor\/\" >\t\t\t\t\t\t<div class=\"img-inner dark\" >\n\t\t\t<img loading=\"lazy\" decoding=\"async\" width=\"356\" height=\"259\" src=\"https:\/\/www.soleum.de\/wp-content\/uploads\/2023\/06\/sol-steam-dampfgenerator-MINI-SPA-Display.jpg\" class=\"attachment-large size-large\" alt=\"sol-steam-steam-generator-MINI-SPA-Display\" \/>\t\t\t\t\t\t\n\t\t\t\t\t<\/div>\n\t\t\t\t\t\t<\/a>\t\t\n<style>\n#image_384117623 {\n  width: 100%;\n}\n<\/style>\n\t<\/div>\n\t\n\t\t<\/div>\n\t\t\t\t\t<\/div>\n\n\t\n<\/div>\n\t<div id=\"gap-1701234786\" class=\"gap-element clearfix\" style=\"display:block; height:auto;\">\n\t\t\n<style>\n#gap-1701234786 {\n  padding-top: 80px;\n}\n<\/style>\n\t<\/div>\n\t\n<h3><span style=\"color: #ffcc00;\">\u00c1mbitos de aplicaci\u00f3n<\/span><\/h3>\n<h4><span style=\"color: #ffcc00;\">Hoteles de bienestar, zonas SPA, ba\u00f1os de vapor privados<\/span><\/h4>\n<p>En los hoteles de bienestar, la atenci\u00f3n se centra en la relajaci\u00f3n, el ocio y la salud de los hu\u00e9spedes. El calor regulado y el vapor higi\u00e9nico proporcionan una humedad limpiadora y calmante para numerosos tratamientos de bienestar.<\/p>\n<h4><span style=\"color: #ffcc00;\">Gimnasios y estudios deportivos<\/span><\/h4>\n<p>Relajarse en la zona de spa despu\u00e9s de un duro entrenamiento f\u00edsico devuelve el equilibrio al cuerpo. Las diferentes aplicaciones de vapor, as\u00ed como un clima ambiental saludable, contribuyen decisivamente a ello.<\/p>\n<blockquote><p>Pedir accesorios al mismo tiempo<\/p><\/blockquote>\n\t\n  \n    <div class=\"row large-columns-4 medium-columns-3 small-columns-2 row-small slider row-slider slider-nav-reveal slider-nav-push\"  data-flickity-options='{&quot;imagesLoaded&quot;: true, &quot;groupCells&quot;: &quot;100%&quot;, &quot;dragThreshold&quot; : 5, &quot;cellAlign&quot;: &quot;left&quot;,&quot;wrapAround&quot;: true,&quot;prevNextButtons&quot;: true,&quot;percentPosition&quot;: true,&quot;pageDots&quot;: false, &quot;rightToLeft&quot;: false, &quot;autoPlay&quot; : false}' >\n\n  \n\t     <div class=\"product-small col has-hover out-of-stock product type-product post-29830 status-publish first outofstock product_cat-generadores-de-vapor product_tag-linea-de-vapor product_tag-manguera-de-vapor product_tag-manguera-flexible-de-vapor has-post-thumbnail taxable shipping-taxable purchasable product-type-simple\">\n\t<div class=\"col-inner\">\n\t\n<div class=\"badge-container absolute left top z-1\">\n\n<\/div>\n\t<div class=\"product-small box \">\n\t\t<div class=\"box-image\">\n\t\t\t<div class=\"image-fade_in_back\">\n\t\t\t\t<a href=\"https:\/\/www.soleum.de\/es\/shop\/generadores-de-vapor\/tuberia-de-vapor_manguera-de-vapor_dn40\/\">\n\t\t\t\t\t<img loading=\"lazy\" decoding=\"async\" width=\"247\" height=\"300\" src=\"https:\/\/www.soleum.de\/wp-content\/uploads\/2023\/06\/Dampfschlauch-DN40-247x300.jpg\" class=\"attachment-woocommerce_thumbnail size-woocommerce_thumbnail\" alt=\"Manguera de vapor-DN40\" \/>\t\t\t\t<\/a>\n\t\t\t<\/div>\n\t\t\t<div class=\"image-tools is-small top right show-on-hover\">\n\t\t\t\t\t\t\t<\/div>\n\t\t\t<div class=\"image-tools is-small hide-for-small bottom left show-on-hover\">\n\t\t\t\t\t\t\t<\/div>\n\t\t\t<div class=\"image-tools grid-tools text-center hide-for-small bottom hover-slide-in show-on-hover\">\n\t\t\t\t<a href=\"#quick-view\" class=\"quick-view\" role=\"button\" data-prod=\"29830\" aria-haspopup=\"dialog\" aria-expanded=\"false\" data-flatsome-role-button>Vista R\u00e1pida<\/a>\t\t\t<\/div>\n\t\t\t<div class=\"out-of-stock-label\">Sin existencias<\/div>\t\t<\/div>\n\n\t\t<div class=\"box-text box-text-products\">\n\t\t\t<div class=\"title-wrapper\">\t\t<p class=\"category uppercase is-smaller no-text-overflow product-cat op-8\">\n\t\t\tGeneradores de vapor\t\t<\/p>\n\t<p class=\"name product-title woocommerce-loop-product__title\"><a href=\"https:\/\/www.soleum.de\/es\/shop\/generadores-de-vapor\/tuberia-de-vapor_manguera-de-vapor_dn40\/\" class=\"woocommerce-LoopProduct-link woocommerce-loop-product__link\">Manguera de vapor de 1 m_DN40<\/a><\/p><\/div><div class=\"price-wrapper\">\n\t<span class=\"price\"><span class=\"woocommerce-Price-amount amount\"><bdi>84,50&nbsp;<span class=\"woocommerce-Price-currencySymbol\">&euro;<\/span><\/bdi><\/span> <small class=\"woocommerce-price-suffix\">inkl. MWSt.<\/small><\/span>\n<\/div>\t\t<\/div>\n\t<\/div>\n\t\t<\/div>\n<\/div><div class=\"product-small col has-hover out-of-stock product type-product post-29966 status-publish outofstock product_cat-generadores-de-vapor product_tag-bano-de-vapor-con-control-de-temperatura product_tag-sensor-de-temperatura product_tag-temperatura-del-bano-de-vapor has-post-thumbnail taxable shipping-taxable purchasable product-type-simple\">\n\t<div class=\"col-inner\">\n\t\n<div class=\"badge-container absolute left top z-1\">\n\n<\/div>\n\t<div class=\"product-small box \">\n\t\t<div class=\"box-image\">\n\t\t\t<div class=\"image-fade_in_back\">\n\t\t\t\t<a href=\"https:\/\/www.soleum.de\/es\/shop\/generadores-de-vapor\/sensor-de-temperatura-tf-104\/\">\n\t\t\t\t\t<img loading=\"lazy\" decoding=\"async\" width=\"247\" height=\"300\" src=\"https:\/\/www.soleum.de\/wp-content\/uploads\/2023\/06\/Temperaturfuehler_TF_104-247x300.jpg\" class=\"attachment-woocommerce_thumbnail size-woocommerce_thumbnail\" alt=\"Sensor de temperatura_TF_104\" \/>\t\t\t\t<\/a>\n\t\t\t<\/div>\n\t\t\t<div class=\"image-tools is-small top right show-on-hover\">\n\t\t\t\t\t\t\t<\/div>\n\t\t\t<div class=\"image-tools is-small hide-for-small bottom left show-on-hover\">\n\t\t\t\t\t\t\t<\/div>\n\t\t\t<div class=\"image-tools grid-tools text-center hide-for-small bottom hover-slide-in show-on-hover\">\n\t\t\t\t<a href=\"#quick-view\" class=\"quick-view\" role=\"button\" data-prod=\"29966\" aria-haspopup=\"dialog\" aria-expanded=\"false\" data-flatsome-role-button>Vista R\u00e1pida<\/a>\t\t\t<\/div>\n\t\t\t<div class=\"out-of-stock-label\">Sin existencias<\/div>\t\t<\/div>\n\n\t\t<div class=\"box-text box-text-products\">\n\t\t\t<div class=\"title-wrapper\">\t\t<p class=\"category uppercase is-smaller no-text-overflow product-cat op-8\">\n\t\t\tGeneradores de vapor\t\t<\/p>\n\t<p class=\"name product-title woocommerce-loop-product__title\"><a href=\"https:\/\/www.soleum.de\/es\/shop\/generadores-de-vapor\/sensor-de-temperatura-tf-104\/\" class=\"woocommerce-LoopProduct-link woocommerce-loop-product__link\">Sensor de temperatura TF 104<\/a><\/p><\/div><div class=\"price-wrapper\">\n\t<span class=\"price\"><span class=\"woocommerce-Price-amount amount\"><bdi>145,00&nbsp;<span class=\"woocommerce-Price-currencySymbol\">&euro;<\/span><\/bdi><\/span> <small class=\"woocommerce-price-suffix\">inkl. MWSt.<\/small><\/span>\n<\/div>\t\t<\/div>\n\t<\/div>\n\t\t<\/div>\n<\/div><\/div>\n\t<div id=\"gap-491917758\" class=\"gap-element clearfix\" style=\"display:block; height:auto;\">\n\t\t\n<style>\n#gap-491917758 {\n  padding-top: 80px;\n}\n<\/style>\n\t<\/div>\n\t\n","protected":false},"excerpt":{"rendered":"<p>Generador de vapor para ba\u00f1o de vapor y ducha de vapor: Generador de vapor SOL-Steam MINI 5kW: Peque\u00f1o generador de vapor de radiador para casi cualquier situaci\u00f3n de instalaci\u00f3n. El aparato de vapor m\u00e1s delgado de SOLEUM<\/p>\n","protected":false},"featured_media":20667,"template":"","meta":[],"product_brand":[],"product_cat":[3528],"product_tag":[3534,4808,4804,5113,3531,3533,4818,4816,5111,5114,4825,4822,5110,4810,3530,5112,4814,3539,4812],"class_list":{"0":"post-29839","1":"product","2":"type-product","3":"status-publish","4":"has-post-thumbnail","6":"product_cat-generadores-de-vapor","7":"product_tag-aparato-de-vapor","8":"product_tag-banos-de-vapor-privados","9":"product_tag-cilindro-de-vapor","10":"product_tag-el-generador-de-vapor-mas-pequeno","11":"product_tag-generador-de-vapor","12":"product_tag-generador-de-vapor-es","13":"product_tag-generador-de-vapor-comercial","14":"product_tag-generador-de-vapor-del-radiador","15":"product_tag-generador-de-vapor-estrecho","16":"product_tag-generador-de-vapor-mas-estrecho","17":"product_tag-generador-de-vapor-para-gimnasio","18":"product_tag-generador-de-vapor-para-hotel","19":"product_tag-generador-de-vapor-sol-steam-mini","20":"product_tag-hoteles-de-bienestar","21":"product_tag-humidificador-de-vapor","22":"product_tag-pequeno-generador-de-vapor","23":"product_tag-tecnologia-de-bano-de-vapor-es","24":"product_tag-tecnologia-de-bano-de-vapor","25":"product_tag-zona-zpe","26":"product_shipping_class-paquete-10-31kg","28":"last","29":"instock","30":"taxable","31":"shipping-taxable","32":"purchasable","33":"product-type-simple"},"_links":{"self":[{"href":"https:\/\/www.soleum.de\/es\/wp-json\/wp\/v2\/product\/29839","targetHints":{"allow":["GET"]}}],"collection":[{"href":"https:\/\/www.soleum.de\/es\/wp-json\/wp\/v2\/product"}],"about":[{"href":"https:\/\/www.soleum.de\/es\/wp-json\/wp\/v2\/types\/product"}],"wp:featuredmedia":[{"embeddable":true,"href":"https:\/\/www.soleum.de\/es\/wp-json\/wp\/v2\/media\/20667"}],"wp:attachment":[{"href":"https:\/\/www.soleum.de\/es\/wp-json\/wp\/v2\/media?parent=29839"}],"wp:term":[{"taxonomy":"product_brand","embeddable":true,"href":"https:\/\/www.soleum.de\/es\/wp-json\/wp\/v2\/product_brand?post=29839"},{"taxonomy":"product_cat","embeddable":true,"href":"https:\/\/www.soleum.de\/es\/wp-json\/wp\/v2\/product_cat?post=29839"},{"taxonomy":"product_tag","embeddable":true,"href":"https:\/\/www.soleum.de\/es\/wp-json\/wp\/v2\/product_tag?post=29839"}],"curies":[{"name":"wp","href":"https:\/\/api.w.org\/{rel}","templated":true}]}}