{"id":29847,"date":"2023-09-06T08:13:42","date_gmt":"2023-09-06T06:13:42","guid":{"rendered":"https:\/\/www.soleum.de\/shop\/sin%20categor\u00eda\/caja-de-fuego-caja-empotrada-con-fuego-ultrasonico-3d\/"},"modified":"2024-11-26T08:29:00","modified_gmt":"2024-11-26T07:29:00","slug":"caja-instalacion-caja-con-3d-incendio-ultrasonico","status":"publish","type":"product","link":"https:\/\/www.soleum.de\/es\/shop\/ofertas-rebajas\/caja-instalacion-caja-con-3d-incendio-ultrasonico\/","title":{"rendered":"Caja de fuego, caja empotrada con fuego ultras\u00f3nico 3D"},"content":{"rendered":"<h1>Caja de bomberos, caja de instalaci\u00f3n incl. Fuego por ultrasonidos 3D<\/h1>\n<p>Para fuego 3D de <strong>80 cm<\/strong> de ancho.<\/p>\n<p>Dimensiones caja empotrada: ancho 90 cm, fondo 30 cm, alto 86 cm<\/p>\n<p>Color: negro, mate<\/p>\n<p>Adem\u00e1s, se env\u00eda en una caja de madera contrachapada.<\/p>\n<p>L<\/p>\n<blockquote><p>a oferta se refiere al art\u00edculo de exposici\u00f3n de la caja de fuego &#8211; hay 3 cajas en stock<\/p><\/blockquote>\n<p> Cons\u00faltanos. Tel\u00e9fono: +43 7236 26200<\/p>\n<p>&nbsp;<\/p>\n<p>&nbsp;<\/p>\n<p>&nbsp;<\/p>\n","protected":false},"excerpt":{"rendered":"<p>Fuego ultras\u00f3nico 3D para tumbonas SPA: Caja de fuego, caja de instalaci\u00f3n incl. Fuego ultras\u00f3nico 3D &#8211; Para fuego 3D con 80 cm de ancho incl. Mando a distancia.<\/p>\n","protected":false},"featured_media":21360,"template":"","meta":[],"product_brand":[],"product_cat":[4754],"product_tag":[5146,5147,5144,5145],"class_list":{"0":"post-29847","1":"product","2":"type-product","3":"status-publish","4":"has-post-thumbnail","6":"product_cat-ofertas-rebajas","7":"product_tag-aguardiente","8":"product_tag-diseno-de-spa","9":"product_tag-fuego-por-ultrasonidos-3d","10":"product_tag-fuego-ultrasonico","11":"product_shipping_class-mercancias-voluminosas","13":"first","14":"instock","15":"sale","16":"taxable","17":"shipping-taxable","18":"purchasable","19":"product-type-simple"},"_links":{"self":[{"href":"https:\/\/www.soleum.de\/es\/wp-json\/wp\/v2\/product\/29847","targetHints":{"allow":["GET"]}}],"collection":[{"href":"https:\/\/www.soleum.de\/es\/wp-json\/wp\/v2\/product"}],"about":[{"href":"https:\/\/www.soleum.de\/es\/wp-json\/wp\/v2\/types\/product"}],"wp:featuredmedia":[{"embeddable":true,"href":"https:\/\/www.soleum.de\/es\/wp-json\/wp\/v2\/media\/21360"}],"wp:attachment":[{"href":"https:\/\/www.soleum.de\/es\/wp-json\/wp\/v2\/media?parent=29847"}],"wp:term":[{"taxonomy":"product_brand","embeddable":true,"href":"https:\/\/www.soleum.de\/es\/wp-json\/wp\/v2\/product_brand?post=29847"},{"taxonomy":"product_cat","embeddable":true,"href":"https:\/\/www.soleum.de\/es\/wp-json\/wp\/v2\/product_cat?post=29847"},{"taxonomy":"product_tag","embeddable":true,"href":"https:\/\/www.soleum.de\/es\/wp-json\/wp\/v2\/product_tag?post=29847"}],"curies":[{"name":"wp","href":"https:\/\/api.w.org\/{rel}","templated":true}]}}