{"id":29851,"date":"2017-12-16T15:16:43","date_gmt":"2017-12-16T14:16:43","guid":{"rendered":"https:\/\/www.soleum.de\/shop\/sin%20categor\u00eda\/pieza-de-recambio-del-cilindro-de-vapor\/"},"modified":"2024-02-23T17:05:01","modified_gmt":"2024-02-23T16:05:01","slug":"recambio-cilindro-de-vapor","status":"publish","type":"product","link":"https:\/\/www.soleum.de\/es\/shop\/piezas-de-recambio\/recambio-cilindro-de-vapor\/","title":{"rendered":"Pieza de recambio del cilindro de vapor"},"content":{"rendered":"<h1>Recambio de cilindro de vapor para conductividad baja o media<\/h1>\n<h2>para generadores de vapor SOL-Steam SOL-005, SOL-008, SOL-010, SOL-015, SOL-018<\/h2>\n<div><span style=\"font-size: 120%;\">Pieza de repuesto del cilindro de vapor para baja conductividad del agua: <strong>75-350 \u00b5S\/cm<\/strong><\/span><\/div>\n<div>\n<div><span style=\"font-size: 120%;\">Pieza de repuesto del cilindro de vapor para conductividad media del agua: <strong>350-1250 \u00b5S\/cm (cilindro est\u00e1ndar)<\/strong><\/span><\/div>\n<\/div>\n\t<div id=\"gap-1998810258\" class=\"gap-element clearfix\" style=\"display:block; height:auto;\">\n\t\t\n<style>\n#gap-1998810258 {\n  padding-top: 30px;\n}\n<\/style>\n\t<\/div>\n\t\n<div>El precio ya incluye el juego de electrodos.<\/div>\n\t<div id=\"gap-1129466006\" class=\"gap-element clearfix\" style=\"display:block; height:auto;\">\n\t\t\n<style>\n#gap-1129466006 {\n  padding-top: 30px;\n}\n<\/style>\n\t<\/div>\n\t\n<div>En el siguiente v\u00eddeo puede ver que el intercambio de un cilindro de vapor es muy sencillo:<\/div>\n<p><iframe loading=\"lazy\" src=\"https:\/\/www.youtube.com\/embed\/kRphlMnuBQY?rel=0\" width=\"560\" height=\"315\" frameborder=\"0\" allowfullscreen=\"allowfullscreen\"><\/iframe><\/p>\n<div>\n<h2>Calidad del agua y vida \u00fatil del cilindro de vapor<\/h2>\n<p>La relaci\u00f3n entre la dureza del agua y la vida \u00fatil del cilindro no es lineal y no puede calcularse. La dureza del agua, \u00b0dH = grados de dureza alemana, se refiere \u00fanicamente a la proporci\u00f3n de cal disuelta (calcio e iones) en el agua. La conductividad viene determinada por la cantidad de sales y metales disueltos. La composici\u00f3n de las aguas y las proporciones de las sustancias disueltas entre s\u00ed son muy diferentes, de modo que hasta la fecha nadie puede decir con exactitud por qu\u00e9 los humidificadores de electrodos pueden funcionar m\u00e1s tiempo con un agua que con otra, aunque ambas tengan \u00abbuenas cualidades de agua potable\u00bb. \u00a1Los siguientes valores fueron determinados por una autoridad estatal del agua mediante an\u00e1lisis del agua, por lo que las horas de funcionamiento s\u00f3lo se refieren a la dureza! No se tienen en cuenta las sustancias disueltas, como minerales, sales y metales, ni la conductividad el\u00e9ctrica.<\/p>\n<p><img loading=\"lazy\" decoding=\"async\" class=\"aligncenter size-full wp-image-7752\" src=\"https:\/\/www.soleum.de\/wp-content\/uploads\/2017\/12\/dampfzylinder_wasserhaerte.jpg\" alt=\"Tabla de dureza del agua de los cilindros de vapor\" width=\"676\" height=\"227\" srcset=\"https:\/\/www.soleum.de\/wp-content\/uploads\/2017\/12\/dampfzylinder_wasserhaerte.jpg 676w, https:\/\/www.soleum.de\/wp-content\/uploads\/2017\/12\/dampfzylinder_wasserhaerte-510x171.jpg 510w\" sizes=\"auto, (max-width: 676px) 100vw, 676px\" \/><\/p>\n<p>Un sistema de ablandamiento adecuado puede aumentar la vida \u00fatil de los cilindros. En los intercambiadores de iones, los componentes de la dureza (cal) se cambian por sodio (sal). El agua ablandada tiene entonces menos cal, pero m\u00e1s sales = mayor conductividad = mayor agresividad.<\/p>\n<p>El agua con menos de 75\u00b5S\/cm y m\u00e1s de 1500\u00b5S\/cm no es apta para los humidificadores de electrodos.<\/p>\n<\/div>\n\t<div id=\"gap-825031729\" class=\"gap-element clearfix\" style=\"display:block; height:auto;\">\n\t\t\n<style>\n#gap-825031729 {\n  padding-top: 30px;\n}\n<\/style>\n\t<\/div>\n\t\n","protected":false},"excerpt":{"rendered":"<p>Nuevo cilindro de recambio para el generador de vapor de electrodos SOL-Steam<\/p>\n<p>SELECCIONE SU DISPOSITIVO Y LA CONDUCTIVIDAD DESEADA EN EL SIGUIENTE CAMPO DE SELECCI\u00d3N.<\/p>\n","protected":false},"featured_media":15228,"template":"","meta":[],"product_brand":[],"product_cat":[5156],"product_tag":[5165,4804,5166,5158,5161,5163,5164],"class_list":{"0":"post-29851","1":"product","2":"type-product","3":"status-publish","4":"has-post-thumbnail","6":"product_cat-piezas-de-recambio","7":"product_tag-baja-conductividad","8":"product_tag-cilindro-de-vapor","9":"product_tag-conductividad-media","10":"product_tag-pieza-de-recambio","11":"product_tag-pieza-de-recambio-es","12":"product_tag-pieza-de-recambio-generador-de-vapor","13":"product_tag-pieza-de-repuesto-del-deposito-de-vapor","14":"product_shipping_class-paket-5-10kg-es","16":"first","17":"instock","18":"taxable","19":"shipping-taxable","20":"purchasable","21":"product-type-variable"},"_links":{"self":[{"href":"https:\/\/www.soleum.de\/es\/wp-json\/wp\/v2\/product\/29851","targetHints":{"allow":["GET"]}}],"collection":[{"href":"https:\/\/www.soleum.de\/es\/wp-json\/wp\/v2\/product"}],"about":[{"href":"https:\/\/www.soleum.de\/es\/wp-json\/wp\/v2\/types\/product"}],"wp:featuredmedia":[{"embeddable":true,"href":"https:\/\/www.soleum.de\/es\/wp-json\/wp\/v2\/media\/15228"}],"wp:attachment":[{"href":"https:\/\/www.soleum.de\/es\/wp-json\/wp\/v2\/media?parent=29851"}],"wp:term":[{"taxonomy":"product_brand","embeddable":true,"href":"https:\/\/www.soleum.de\/es\/wp-json\/wp\/v2\/product_brand?post=29851"},{"taxonomy":"product_cat","embeddable":true,"href":"https:\/\/www.soleum.de\/es\/wp-json\/wp\/v2\/product_cat?post=29851"},{"taxonomy":"product_tag","embeddable":true,"href":"https:\/\/www.soleum.de\/es\/wp-json\/wp\/v2\/product_tag?post=29851"}],"curies":[{"name":"wp","href":"https:\/\/api.w.org\/{rel}","templated":true}]}}