{"id":29877,"date":"2018-09-28T10:10:16","date_gmt":"2018-09-28T08:10:16","guid":{"rendered":"https:\/\/www.soleum.de\/shop\/sin%20categor\u00eda\/termostato-incorporado-para-calentar-las-alfombrillas\/"},"modified":"2024-02-23T17:04:58","modified_gmt":"2024-02-23T16:04:58","slug":"termostato-empotrado-para-alfombrillas","status":"publish","type":"product","link":"https:\/\/www.soleum.de\/es\/shop\/esteras-calefactoras-para-banos-de-vapor\/termostato-empotrado-para-alfombrillas\/","title":{"rendered":"Termostato incorporado para calentar las alfombrillas"},"content":{"rendered":"<p>Este termostato empotrable con interruptor para esteras calefactoras modelo \u00abET-Wellness\u00bb se caracteriza por su funci\u00f3n de ahorro de energ\u00eda y su dise\u00f1o de formas perfectas. Interruptor con cable termostato incorporado para el control de tumbonas de bienestar y ba\u00f1os de vapor calefactados. El controlador tiene una gran pantalla LCD en color; funci\u00f3n de selecci\u00f3n si se controla la temperatura del suelo o de la habitaci\u00f3n. Opcionalmente, tambi\u00e9n se puede controlar la temperatura ambiente y limitar la temperatura del suelo.<\/p>\n<p>&nbsp;<\/p>\n<ul>\n<li class=\"checkmark\">Especialmente para el uso de calefacci\u00f3n mural y aplicaciones especiales en las que hay que controlar hasta 60\u00b0C<\/li>\n<li class=\"checkmark\">Men\u00fa de navegaci\u00f3n sencillo<\/li>\n<li class=\"checkmark\">La tecnolog\u00eda de control de l\u00f3gica difusa garantiza una temperatura constante y ayuda activamente a ahorrar energ\u00eda<\/li>\n<li class=\"checkmark\">Teclas con sensor capacitivo<\/li>\n<\/ul>\n<p>Datos t\u00e9cnicos:<\/p>\n<table class=\"standard\" cellspacing=\"0\" cellpadding=\"0\">\n<tbody>\n<tr class=\"odd\">\n<td class=\"col1 first\">Tensi\u00f3n nominal:<\/td>\n<td class=\"col2 last\">230 V<\/td>\n<\/tr>\n<tr class=\"even\">\n<td class=\"col1 first\">Corriente de conmutaci\u00f3n:<\/td>\n<td class=\"col2 last\">16 A<\/td>\n<\/tr>\n<tr class=\"odd\">\n<td class=\"col1 first\">Rango de temperaturas:<\/td>\n<td class=\"col2 last\">5 a 60\u00b0C<\/td>\n<\/tr>\n<tr class=\"even\">\n<td class=\"col1 first\">Montaje:<\/td>\n<td class=\"col2 last\">en caja de interruptores empotrada<\/td>\n<\/tr>\n<tr class=\"odd\">\n<td class=\"col1 first\">Pantalla en color:<\/td>\n<td class=\"col2 last\">Blanco<\/td>\n<\/tr>\n<tr class=\"even\">\n<td class=\"col1 first\">Sensor de tierra:<\/td>\n<td class=\"col2 last\">3 m (m\u00e1x. 50 m)<\/td>\n<\/tr>\n<tr class=\"odd\">\n<td class=\"col1 first\">Clase de protecci\u00f3n:<\/td>\n<td class=\"col2 last\">PI 21<\/td>\n<\/tr>\n<\/tbody>\n<\/table>\n","protected":false},"excerpt":{"rendered":"<p>Este termostato empotrable con interruptor para esteras calefactoras modelo \u00abET-Wellness\u00bb se caracteriza por su funci\u00f3n de ahorro de energ\u00eda y su dise\u00f1o de formas perfectas.<\/p>\n","protected":false},"featured_media":15816,"template":"","meta":[],"product_brand":[],"product_cat":[3410,3440],"product_tag":[5234,4695,4696,5230,5227,5223,4697,4693],"class_list":{"0":"post-29877","1":"product","2":"type-product","3":"status-publish","4":"has-post-thumbnail","6":"product_cat-esteras-calefactoras-para-banos-de-vapor","7":"product_cat-tecnologia-de-bano-de-vapor","8":"product_tag-control-de-la-calefaccion","9":"product_tag-regulador-de-calefaccion","10":"product_tag-regulador-de-calefaccion-para-esteras-calefactoras","11":"product_tag-regulador-para-esteras-calefactoras","12":"product_tag-termostato-con-interruptor","13":"product_tag-termostato-de-ambiente","14":"product_tag-termostato-para-esteras-calefactoras","15":"product_tag-termostato-regulador-de-calefaccion-para-esteras-calefactoras","16":"product_shipping_class-paket-5-10kg-es","18":"first","19":"instock","20":"taxable","21":"shipping-taxable","22":"purchasable","23":"product-type-simple"},"_links":{"self":[{"href":"https:\/\/www.soleum.de\/es\/wp-json\/wp\/v2\/product\/29877","targetHints":{"allow":["GET"]}}],"collection":[{"href":"https:\/\/www.soleum.de\/es\/wp-json\/wp\/v2\/product"}],"about":[{"href":"https:\/\/www.soleum.de\/es\/wp-json\/wp\/v2\/types\/product"}],"wp:featuredmedia":[{"embeddable":true,"href":"https:\/\/www.soleum.de\/es\/wp-json\/wp\/v2\/media\/15816"}],"wp:attachment":[{"href":"https:\/\/www.soleum.de\/es\/wp-json\/wp\/v2\/media?parent=29877"}],"wp:term":[{"taxonomy":"product_brand","embeddable":true,"href":"https:\/\/www.soleum.de\/es\/wp-json\/wp\/v2\/product_brand?post=29877"},{"taxonomy":"product_cat","embeddable":true,"href":"https:\/\/www.soleum.de\/es\/wp-json\/wp\/v2\/product_cat?post=29877"},{"taxonomy":"product_tag","embeddable":true,"href":"https:\/\/www.soleum.de\/es\/wp-json\/wp\/v2\/product_tag?post=29877"}],"curies":[{"name":"wp","href":"https:\/\/api.w.org\/{rel}","templated":true}]}}