{"id":29952,"date":"2019-05-23T10:32:17","date_gmt":"2019-05-23T08:32:17","guid":{"rendered":"https:\/\/www.soleum.de\/shop\/sin%20categor\u00eda\/juego-de-luces-led-de-colores-rgbw\/"},"modified":"2024-02-23T17:07:18","modified_gmt":"2024-02-23T16:07:18","slug":"juego-de-luces-led-de-colores-rgbw","status":"publish","type":"product","link":"https:\/\/www.soleum.de\/es\/shop\/lamparas-led\/juego-de-luces-led-de-colores-rgbw\/","title":{"rendered":"Juego de luces LED de colores RGBW"},"content":{"rendered":"\t<div class=\"box has-hover   has-hover box-vertical box-text-bottom\" >\n\n\t\t<div class=\"box-image\" style=\"width:50%;\">\n\t\t\t\t\t\t<div class=\"\" >\n\t\t\t\t<img loading=\"lazy\" decoding=\"async\" width=\"720\" height=\"720\" src=\"https:\/\/www.soleum.de\/wp-content\/uploads\/2019\/05\/RGBW-LEDlampe-Set.jpg\" class=\"attachment- size-\" alt=\"Juego de luces LED de colores RGBW\" srcset=\"https:\/\/www.soleum.de\/wp-content\/uploads\/2019\/05\/RGBW-LEDlampe-Set.jpg 720w, https:\/\/www.soleum.de\/wp-content\/uploads\/2019\/05\/RGBW-LEDlampe-Set-280x280.jpg 280w, https:\/\/www.soleum.de\/wp-content\/uploads\/2019\/05\/RGBW-LEDlampe-Set-400x400.jpg 400w, https:\/\/www.soleum.de\/wp-content\/uploads\/2019\/05\/RGBW-LEDlampe-Set-510x510.jpg 510w, https:\/\/www.soleum.de\/wp-content\/uploads\/2019\/05\/RGBW-LEDlampe-Set-100x100.jpg 100w\" sizes=\"auto, (max-width: 720px) 100vw, 720px\" \/>\t\t\t\t\t\t\t\t\t\t\t<\/div>\n\t\t\t\t\t<\/div>\n\n\t\t<div class=\"box-text text-right is-xlarge\" >\n\t\t\t<div class=\"box-text-inner\">\n\t\t\t\t\n<h1 style=\"text-align: left;\">Juego de LED de luz de color RGBW para ba\u00f1o de vapor y ducha de vapor o instalaci\u00f3n en el suelo<\/h1>\n<p style=\"text-align: left;\"><strong>IP67<\/strong>, dise\u00f1o noble y construcci\u00f3n robusta de alta calidad, as\u00ed como luz muy potente (roja, verde, azul, blanca)<\/p>\n<p style=\"text-align: left;\">Di\u00e1metro 14 cm, profundidad de instalaci\u00f3n aprox. 11,5 cm<\/p>\n<p style=\"text-align: left;\">Tambi\u00e9n puede utilizarse como <strong>foco empotrado en el suelo<\/strong> <\/p>\n<p style=\"text-align: left;\">Referencia: 6431088032<\/p>\n\t\t\t<\/div>\n\t\t<\/div>\n\t<\/div>\n\t\n<div class=\"text-center\"><div class=\"is-divider divider clearfix\" style=\"max-width:800px;background-color:rgb(20, 117, 244);\"><\/div><\/div>\n\n\t<section class=\"section\" id=\"section_2131366324\">\n\t\t<div class=\"section-bg fill\" >\n\t\t\t<img loading=\"lazy\" decoding=\"async\" width=\"720\" height=\"720\" src=\"https:\/\/www.soleum.de\/wp-content\/uploads\/2019\/05\/RGBW-LED-Bedienteil.jpg\" class=\"bg attachment- size-\" alt=\"Panel de control LED RGBW\" \/>\t\t\t\t\t\t<div class=\"section-bg-overlay absolute fill\"><\/div>\n\t\t\t\n\n\t\t<\/div>\n\n\t\t\n\n\t\t<div class=\"section-content relative\">\n\t\t\t\n<div class=\"row row-large align-middle\"  id=\"row-977081665\">\n\n\t<div id=\"col-772577843\" class=\"col medium-6 small-12 large-6\"  >\n\t\t\t\t<div class=\"col-inner\"  >\n\t\t\t\n\t\t\t\n\t<div class=\"img has-hover x md-x lg-x y md-y lg-y\" id=\"image_1092964017\">\n\t\t\t\t\t\t\t\t<div class=\"img-inner dark\" >\n\t\t\t<img loading=\"lazy\" decoding=\"async\" width=\"720\" height=\"720\" src=\"https:\/\/www.soleum.de\/wp-content\/uploads\/2019\/05\/RGBW-LED-Bedienteil.jpg\" class=\"attachment-large size-large\" alt=\"Panel de control LED RGBW\" srcset=\"https:\/\/www.soleum.de\/wp-content\/uploads\/2019\/05\/RGBW-LED-Bedienteil.jpg 720w, https:\/\/www.soleum.de\/wp-content\/uploads\/2019\/05\/RGBW-LED-Bedienteil-280x280.jpg 280w, https:\/\/www.soleum.de\/wp-content\/uploads\/2019\/05\/RGBW-LED-Bedienteil-400x400.jpg 400w, https:\/\/www.soleum.de\/wp-content\/uploads\/2019\/05\/RGBW-LED-Bedienteil-510x510.jpg 510w, https:\/\/www.soleum.de\/wp-content\/uploads\/2019\/05\/RGBW-LED-Bedienteil-100x100.jpg 100w\" sizes=\"auto, (max-width: 720px) 100vw, 720px\" \/>\t\t\t\t\t\t\n\t\t\t\t\t<\/div>\n\t\t\t\t\t\t\t\t\n<style>\n#image_1092964017 {\n  width: 100%;\n}\n<\/style>\n\t<\/div>\n\t\n\t<div class=\"img has-hover x md-x lg-x y md-y lg-y\" id=\"image_1559331909\">\n\t\t\t\t\t\t\t\t<div class=\"img-inner dark\" >\n\t\t\t<img loading=\"lazy\" decoding=\"async\" width=\"720\" height=\"720\" src=\"https:\/\/www.soleum.de\/wp-content\/uploads\/2019\/05\/RGBW-LED-Bedienteil-Rueckseite.jpg\" class=\"attachment-large size-large\" alt=\"Panel de control LED RGBW Panel trasero\" srcset=\"https:\/\/www.soleum.de\/wp-content\/uploads\/2019\/05\/RGBW-LED-Bedienteil-Rueckseite.jpg 720w, https:\/\/www.soleum.de\/wp-content\/uploads\/2019\/05\/RGBW-LED-Bedienteil-Rueckseite-280x280.jpg 280w, https:\/\/www.soleum.de\/wp-content\/uploads\/2019\/05\/RGBW-LED-Bedienteil-Rueckseite-400x400.jpg 400w, https:\/\/www.soleum.de\/wp-content\/uploads\/2019\/05\/RGBW-LED-Bedienteil-Rueckseite-510x510.jpg 510w, https:\/\/www.soleum.de\/wp-content\/uploads\/2019\/05\/RGBW-LED-Bedienteil-Rueckseite-100x100.jpg 100w\" sizes=\"auto, (max-width: 720px) 100vw, 720px\" \/>\t\t\t\t\t\t\n\t\t\t\t\t<\/div>\n\t\t\t\t\t\t\t\t\n<style>\n#image_1559331909 {\n  width: 100%;\n}\n<\/style>\n\t<\/div>\n\t\n\t\t<\/div>\n\t\t\t\t\t<\/div>\n\n\t\n\n\t<div id=\"col-785027393\" class=\"col medium-6 small-12 large-6\"  >\n\t\t\t\t<div class=\"col-inner text-left\"  >\n\t\t\t\n\t\t\t\n<h2>Panel de control de la luz en color \/ interruptor de pared<\/h2>\n<p>La unidad de control de la luz de color o la unidad de control se instala delante de la cabina de vapor\/ducha de vapor en una caja de interruptores normal. El regulador s\u00f3lo necesita una conexi\u00f3n de 230 V y se conecta al controlador por se\u00f1al de radio. El controlador de la luz de color se coloca en un riel superior en la caja tecnol\u00f3gica (armario de distribuci\u00f3n) o encima de la cabina.<\/p>\n<p><strong>Datos t\u00e9cnicos:<\/strong><\/p>\n<p>Interruptor de pared v\u00eda radio de 4 zonas, conexi\u00f3n directa a 230 V<br \/>\nSelecci\u00f3n intuitiva de colores RGB de libre elecci\u00f3n mediante rueda de colores.<\/p>\n<p>Colores individuales regulables (8 niveles)<br \/>\n10 programas de color (predefinidos)<br \/>\n16 velocidades de programa seleccionables (4 seg. -256 seg.)<\/p>\n<p>Se pueden memorizar hasta 4 receptores por mando a distancia.<br \/>\nCon memoria de estado en caso de corte de corriente<br \/>\nRecepci\u00f3n hasta 15 metros<br \/>\nAlimentaci\u00f3n mediante adaptador de red: 12V-24VDC, m\u00e1x. 0,2A<\/p>\n<p>Potencia de transmisi\u00f3n: &gt;5dBm<br \/>\nRadiofrecuencia:868,3 MHz (homologaci\u00f3n UE &#8211; sin licencia)<\/p>\n<p>Temperatura de funcionamiento: -10\u00b0C &#8211; +60\u00b0C<br \/>\nDimensiones:<strong> 86 x 86 x 32 mm<\/strong><br \/>\nGrado de protecci\u00f3n: IP20<\/p>\n\t\t<\/div>\n\t\t\t\t\t<\/div>\n\n\t\n<\/div>\n<div class=\"text-center\"><div class=\"is-divider divider clearfix\" style=\"max-width:800px;background-color:rgb(20, 117, 244);\"><\/div><\/div>\n<div class=\"row row-large align-middle\"  id=\"row-170197915\">\n\n\t<div id=\"col-446180927\" class=\"col medium-6 small-12 large-6\"  >\n\t\t\t\t<div class=\"col-inner\"  >\n\t\t\t\n\t\t\t\n\t<div class=\"img has-hover x md-x lg-x y md-y lg-y\" id=\"image_1457106138\">\n\t\t\t\t\t\t\t\t<div class=\"img-inner dark\" >\n\t\t\t<img loading=\"lazy\" decoding=\"async\" width=\"720\" height=\"720\" src=\"https:\/\/www.soleum.de\/wp-content\/uploads\/2019\/05\/RGBW-LED-Controller-Hutschiene.jpg\" class=\"attachment-large size-large\" alt=\"Controlador LED RGBW riel superior\" srcset=\"https:\/\/www.soleum.de\/wp-content\/uploads\/2019\/05\/RGBW-LED-Controller-Hutschiene.jpg 720w, https:\/\/www.soleum.de\/wp-content\/uploads\/2019\/05\/RGBW-LED-Controller-Hutschiene-280x280.jpg 280w, https:\/\/www.soleum.de\/wp-content\/uploads\/2019\/05\/RGBW-LED-Controller-Hutschiene-400x400.jpg 400w, https:\/\/www.soleum.de\/wp-content\/uploads\/2019\/05\/RGBW-LED-Controller-Hutschiene-510x510.jpg 510w, https:\/\/www.soleum.de\/wp-content\/uploads\/2019\/05\/RGBW-LED-Controller-Hutschiene-100x100.jpg 100w\" sizes=\"auto, (max-width: 720px) 100vw, 720px\" \/>\t\t\t\t\t\t\n\t\t\t\t\t<\/div>\n\t\t\t\t\t\t\t\t\n<style>\n#image_1457106138 {\n  width: 100%;\n}\n<\/style>\n\t<\/div>\n\t\n\t<div class=\"img has-hover x md-x lg-x y md-y lg-y\" id=\"image_1909212775\">\n\t\t\t\t\t\t\t\t<div class=\"img-inner dark\" >\n\t\t\t<img loading=\"lazy\" decoding=\"async\" width=\"1020\" height=\"636\" src=\"https:\/\/www.soleum.de\/wp-content\/uploads\/2019\/05\/Farblicht-HutschienenController-Schema.jpg\" class=\"attachment-large size-large\" alt=\"\" srcset=\"https:\/\/www.soleum.de\/wp-content\/uploads\/2019\/05\/Farblicht-HutschienenController-Schema.jpg 1200w, https:\/\/www.soleum.de\/wp-content\/uploads\/2019\/05\/Farblicht-HutschienenController-Schema-642x400.jpg 642w, https:\/\/www.soleum.de\/wp-content\/uploads\/2019\/05\/Farblicht-HutschienenController-Schema-768x479.jpg 768w, https:\/\/www.soleum.de\/wp-content\/uploads\/2019\/05\/Farblicht-HutschienenController-Schema-510x318.jpg 510w\" sizes=\"auto, (max-width: 1020px) 100vw, 1020px\" \/>\t\t\t\t\t\t\n\t\t\t\t\t<\/div>\n\t\t\t\t\t\t\t\t\n<style>\n#image_1909212775 {\n  width: 100%;\n}\n<\/style>\n\t<\/div>\n\t\n\t\t<\/div>\n\t\t\t\t\t<\/div>\n\n\t\n\n\t<div id=\"col-348618837\" class=\"col medium-6 small-12 large-6\"  >\n\t\t\t\t<div class=\"col-inner text-left\"  >\n\t\t\t\n\t\t\t\n<h2>Controlador de luz en color<\/h2>\n<p>El controlador de la luz de color se coloca en un riel superior en la caja tecnol\u00f3gica (armario de distribuci\u00f3n) o encima de la cabina.<\/p>\n<p>Datos t\u00e9cnicos:<\/p>\n<p>Controlador de radio de 4 canales de tensi\u00f3n constante<br \/>\nmonocolor, bicolor, RGB\/RGB-W<\/p>\n<p>Selecci\u00f3n intuitiva de colores RGB de libre elecci\u00f3n mediante rueda de colores.<br \/>\nColores individuales regulables (8 niveles)<br \/>\n10 programas de color (predefinidos)<br \/>\n16 velocidades de programa seleccionables (4 seg. -256 seg.)<br \/>\nCon memoria de estado en caso de corte de corriente<br \/>\nRecepci\u00f3n hasta 15 metros<br \/>\nCarga conectada: m\u00e1x. 4x5A<br \/>\nFuente de alimentaci\u00f3n: 12-36 V<br \/>\nPotencia de transmisi\u00f3n: &gt;5dBm<br \/>\nRadiofrecuencia:868,3 MHz (homologaci\u00f3n UE &#8211; sin licencia)<\/p>\n<p>Temperatura de funcionamiento: -10\u00b0 C &#8211; +60\u00b0C<br \/>\nGrado de protecci\u00f3n: IP20<\/p>\n\t\t<\/div>\n\t\t\t\t\t<\/div>\n\n\t\n<\/div>\n\t\t<\/div>\n\n\t\t\n<style>\n#section_2131366324 {\n  padding-top: 60px;\n  padding-bottom: 60px;\n  background-color: rgb(193, 193, 193);\n}\n#section_2131366324 .section-bg-overlay {\n  background-color: rgba(255, 255, 255, 0.85);\n}\n<\/style>\n\t<\/section>\n\t\n","protected":false},"excerpt":{"rendered":"<h1>Juego de LED de luz de color RGBW (rojo, verde, azul, blanco)<\/h1>\n<p>Art. N\u00ba: 6431010042<\/p>\n","protected":false},"featured_media":17195,"template":"","meta":[],"product_brand":[],"product_cat":[4165],"product_tag":[5292,5289,5332,5331,5330,4166,5279,5281,5333,5334,5287,5285,4167,5283,5291],"class_list":{"0":"post-29952","1":"product","2":"type-product","3":"status-publish","4":"has-post-thumbnail","6":"product_cat-lamparas-led","7":"product_tag-bano-de-vapor-led","8":"product_tag-foco-empotrable-en-el-suelo","9":"product_tag-juego-de-luces-de-colores-es","10":"product_tag-juego-de-luces-de-colores","11":"product_tag-juego-de-luces-led-de-colores-rgbw","12":"product_tag-lampara-de-bano-de-vapor","13":"product_tag-lampara-de-luz-de-color-rgbw","14":"product_tag-lampara-de-luz-de-colores","15":"product_tag-lampara-de-pie-color-luz","16":"product_tag-lampara-de-pie-rgb","17":"product_tag-lampara-led-rgbw","18":"product_tag-led-rgbw-es","19":"product_tag-luz-del-bano-de-vapor","20":"product_tag-rgbw-spot-es","21":"product_tag-terapia-con-luz-de-color","22":"product_shipping_class-paquete-5-10kg","24":"first","25":"instock","26":"taxable","27":"shipping-taxable","28":"purchasable","29":"product-type-simple"},"_links":{"self":[{"href":"https:\/\/www.soleum.de\/es\/wp-json\/wp\/v2\/product\/29952","targetHints":{"allow":["GET"]}}],"collection":[{"href":"https:\/\/www.soleum.de\/es\/wp-json\/wp\/v2\/product"}],"about":[{"href":"https:\/\/www.soleum.de\/es\/wp-json\/wp\/v2\/types\/product"}],"wp:featuredmedia":[{"embeddable":true,"href":"https:\/\/www.soleum.de\/es\/wp-json\/wp\/v2\/media\/17195"}],"wp:attachment":[{"href":"https:\/\/www.soleum.de\/es\/wp-json\/wp\/v2\/media?parent=29952"}],"wp:term":[{"taxonomy":"product_brand","embeddable":true,"href":"https:\/\/www.soleum.de\/es\/wp-json\/wp\/v2\/product_brand?post=29952"},{"taxonomy":"product_cat","embeddable":true,"href":"https:\/\/www.soleum.de\/es\/wp-json\/wp\/v2\/product_cat?post=29952"},{"taxonomy":"product_tag","embeddable":true,"href":"https:\/\/www.soleum.de\/es\/wp-json\/wp\/v2\/product_tag?post=29952"}],"curies":[{"name":"wp","href":"https:\/\/api.w.org\/{rel}","templated":true}]}}