{"id":29958,"date":"2020-07-17T15:29:52","date_gmt":"2020-07-17T13:29:52","guid":{"rendered":"https:\/\/www.soleum.de\/shop\/sin%20categor\u00eda\/sol-deus-m8-teleducha-de-acero-inoxidable\/"},"modified":"2024-02-23T17:07:12","modified_gmt":"2024-02-23T16:07:12","slug":"sol-deus-m8-teleducha-de-acero-inoxidable","status":"publish","type":"product","link":"https:\/\/www.soleum.de\/es\/shop\/griferia-para-teleduchas\/sol-deus-m8-teleducha-de-acero-inoxidable\/","title":{"rendered":"SOL-DEUS-M8 Teleducha de acero inoxidable"},"content":{"rendered":"<p>Ducha de mano de acero inoxidable,Manguera Kneipp de acero inoxidable, Ducha de mano,Ducha de mano para ba\u00f1o de vapor,Ducha de mano para ba\u00f1o de vapor de salmuera,Ducha de mano SOLEMINA V4A,<br \/>\nDucha de agua fr\u00eda,Manguera de limpieza ba\u00f1o de vapor, Conexi\u00f3n de agua fr\u00eda ba\u00f1o de vaporSOL-DEUS-M8 SET compuesto por<\/p>\n<ol>\n<li>Grifer\u00eda empotrada de ducha de ACERO INOXIDABLE, cepillado mate<\/li>\n<li>Teleducha de barra de acero inoxidable, cepillado mate, DN15 1\/2&#8243;.<\/li>\n<li>Manguera de ducha, 150cm, acero inoxidable cepillado .<\/li>\n<li>Codo de conexi\u00f3n a la pared con funci\u00f3n de soporte de ducha, acero inoxidable cepillado<\/li>\n<\/ol>\n\n  \n    <div class=\"row large-columns-2 medium-columns- small-columns-\" >\n  <div class=\"gallery-col col\" >\n          <div class=\"col-inner\">\n            <a class=\"image-lightbox lightbox-gallery\" href=\"https:\/\/www.soleum.de\/wp-content\/uploads\/2020\/07\/DEUS-Unterputzkoerper.jpg\" title=\"\">            <div class=\"box has-hover gallery-box box-overlay dark\">\n              <div class=\"box-image\" >\n                <img loading=\"lazy\" decoding=\"async\" width=\"600\" height=\"376\" src=\"https:\/\/www.soleum.de\/wp-content\/uploads\/2020\/07\/DEUS-Unterputzkoerper.jpg\" class=\"attachment-medium size-medium\" alt=\"SOL-DEUS-M8 teleducha cuerpo empotrado\" ids=\"17846,17832\" columns=\"2\" srcset=\"https:\/\/www.soleum.de\/wp-content\/uploads\/2020\/07\/DEUS-Unterputzkoerper.jpg 600w, https:\/\/www.soleum.de\/wp-content\/uploads\/2020\/07\/DEUS-Unterputzkoerper-510x320.jpg 510w\" sizes=\"auto, (max-width: 600px) 100vw, 600px\" \/>                                  <div class=\"overlay fill\"\n                      style=\"background-color: rgba(0,0,0,.15)\">\n                  <\/div>\n                                                              <\/div>\n              <div class=\"box-text text-left\" >\n                 <p><\/p>\n              <\/div>\n            <\/div>\n            <\/a>          <\/div>\n         <\/div><div class=\"gallery-col col\" >\n          <div class=\"col-inner\">\n            <a class=\"image-lightbox lightbox-gallery\" href=\"https:\/\/www.soleum.de\/wp-content\/uploads\/2020\/07\/SOL-DEUS-M8-Handbrause-1.jpg\" title=\"\">            <div class=\"box has-hover gallery-box box-overlay dark\">\n              <div class=\"box-image\" >\n                <img loading=\"lazy\" decoding=\"async\" width=\"400\" height=\"400\" src=\"https:\/\/www.soleum.de\/wp-content\/uploads\/2020\/07\/SOL-DEUS-M8-Handbrause-1-400x400.jpg\" class=\"attachment-medium size-medium\" alt=\"SOL-DEUS-M8 teleducha\" ids=\"17846,17832\" columns=\"2\" srcset=\"https:\/\/www.soleum.de\/wp-content\/uploads\/2020\/07\/SOL-DEUS-M8-Handbrause-1-400x400.jpg 400w, https:\/\/www.soleum.de\/wp-content\/uploads\/2020\/07\/SOL-DEUS-M8-Handbrause-1-280x280.jpg 280w, https:\/\/www.soleum.de\/wp-content\/uploads\/2020\/07\/SOL-DEUS-M8-Handbrause-1-510x510.jpg 510w, https:\/\/www.soleum.de\/wp-content\/uploads\/2020\/07\/SOL-DEUS-M8-Handbrause-1-100x100.jpg 100w, https:\/\/www.soleum.de\/wp-content\/uploads\/2020\/07\/SOL-DEUS-M8-Handbrause-1.jpg 600w\" sizes=\"auto, (max-width: 400px) 100vw, 400px\" \/>                                  <div class=\"overlay fill\"\n                      style=\"background-color: rgba(0,0,0,.15)\">\n                  <\/div>\n                                                              <\/div>\n              <div class=\"box-text text-left\" >\n                 <p><\/p>\n              <\/div>\n            <\/div>\n            <\/a>          <\/div>\n         <\/div><\/div>\n","protected":false},"excerpt":{"rendered":"<p>Manguera de ducha de mano\/kneipp de ACERO INOXIDABLE, grifer\u00eda empotrada, cepillado mate.<br \/>\nModelo: SOL-DEUS-M8<\/p>\n","protected":false},"featured_media":17839,"template":"","meta":[],"product_brand":[],"product_cat":[4708],"product_tag":[5351,4714,4710,4711,4715,4717,4713,4712,5352],"class_list":{"0":"post-29958","1":"product","2":"type-product","3":"status-publish","4":"has-post-thumbnail","6":"product_cat-griferia-para-teleduchas","7":"product_tag-conexion-de-agua-fria-bano-de-vapor","8":"product_tag-ducha-de-agua-fria","9":"product_tag-ducha-de-mano","10":"product_tag-ducha-de-mano-de-acero-inoxidable","11":"product_tag-ducha-de-mano-para-bano-de-vapor-de-salmuera","12":"product_tag-ducha-de-mano-para-bano-turco","13":"product_tag-manguera-de-limpieza-bano-de-vapor","14":"product_tag-manguera-kneipp-de-acero-inoxidable","15":"product_tag-sol-deus-m8-teleducha-de-acero-inoxidable","17":"first","18":"instock","19":"taxable","20":"shipping-taxable","21":"purchasable","22":"product-type-simple"},"_links":{"self":[{"href":"https:\/\/www.soleum.de\/es\/wp-json\/wp\/v2\/product\/29958","targetHints":{"allow":["GET"]}}],"collection":[{"href":"https:\/\/www.soleum.de\/es\/wp-json\/wp\/v2\/product"}],"about":[{"href":"https:\/\/www.soleum.de\/es\/wp-json\/wp\/v2\/types\/product"}],"wp:featuredmedia":[{"embeddable":true,"href":"https:\/\/www.soleum.de\/es\/wp-json\/wp\/v2\/media\/17839"}],"wp:attachment":[{"href":"https:\/\/www.soleum.de\/es\/wp-json\/wp\/v2\/media?parent=29958"}],"wp:term":[{"taxonomy":"product_brand","embeddable":true,"href":"https:\/\/www.soleum.de\/es\/wp-json\/wp\/v2\/product_brand?post=29958"},{"taxonomy":"product_cat","embeddable":true,"href":"https:\/\/www.soleum.de\/es\/wp-json\/wp\/v2\/product_cat?post=29958"},{"taxonomy":"product_tag","embeddable":true,"href":"https:\/\/www.soleum.de\/es\/wp-json\/wp\/v2\/product_tag?post=29958"}],"curies":[{"name":"wp","href":"https:\/\/api.w.org\/{rel}","templated":true}]}}