{"id":29971,"date":"2023-06-18T09:36:55","date_gmt":"2023-06-18T07:36:55","guid":{"rendered":"https:\/\/www.soleum.de\/shop\/sin%20categor\u00eda\/panel-de-control-spa-para-generador-de-vapor\/"},"modified":"2024-02-23T17:11:18","modified_gmt":"2024-02-23T16:11:18","slug":"panel-de-control-spa-para-generador-de-vapor","status":"publish","type":"product","link":"https:\/\/www.soleum.de\/es\/shop\/generadores-de-vapor\/panel-de-control-spa-para-generador-de-vapor\/","title":{"rendered":"Panel de control SPA para generador de vapor"},"content":{"rendered":"<h1><span style=\"color: #ffcc00;\">Panel de control SPA para generador de vapor<\/span><\/h1>\n<p>El panel de control del spa (SPA Touch Control) es una pantalla instalada de forma permanente que permite ajustar la temperatura, la fragancia y la luz del ba\u00f1o turco de forma f\u00e1cil y c\u00f3moda. La pantalla t\u00e1ctil capacitiva de 5&#8243; no s\u00f3lo ofrece una forma de control absolutamente actual y agradable, sino que tambi\u00e9n es extremadamente resistente a los ara\u00f1azos y al desgaste. Con clase de protecci\u00f3n IP65, la superficie de visualizaci\u00f3n permite su instalaci\u00f3n en el ba\u00f1o de vapor * y puede combinarse con los generadores de vapor MINI, Flexline y Standardline.<\/p>\n<div class=\"row\"  id=\"row-410079119\">\n\n\t<div id=\"col-610148727\" class=\"col medium-8 small-12 large-8\"  >\n\t\t\t\t<div class=\"col-inner\"  >\n\t\t\t\n\t\t\t\n<ul>\n<li>Superficie de visualizaci\u00f3n con clase de protecci\u00f3n IP65 *<\/li>\n<li>Pantalla t\u00e1ctil capacitiva de 5&#8243; para introducir datos de forma precisa y con los dedos.<\/li>\n<li>Resoluci\u00f3n 800 x 480, 65k colores<\/li>\n<li>El alcance de las funciones es configurable (vapor, temperatura establecida, fragancia, etc.)<\/li>\n<li>Dise\u00f1o adaptable (fondos, colores de letra, etc.)<\/li>\n<li>Reloj en tiempo real con programa de tiempo de ejecuci\u00f3n y temporizador<\/li>\n<li>Alta seguridad de funcionamiento gracias a la visualizaci\u00f3n de los mensajes de mantenimiento y aver\u00eda del generador de vapor<\/li>\n<\/ul>\n\t\t<\/div>\n\t\t\t\t\t<\/div>\n\n\t\n\n\t<div id=\"col-781383577\" class=\"col medium-4 small-12 large-4\"  >\n\t\t\t\t<div class=\"col-inner\"  >\n\t\t\t\n\t\t\t\n\t<div class=\"img has-hover x md-x lg-x y md-y lg-y\" id=\"image_343449015\">\n\t\t\t\t\t\t\t\t<div class=\"img-inner dark\" >\n\t\t\t<img loading=\"lazy\" decoding=\"async\" width=\"356\" height=\"259\" src=\"https:\/\/www.soleum.de\/wp-content\/uploads\/2023\/06\/sol-steam-dampfgenerator-MINI-SPA-Display.jpg\" class=\"attachment-large size-large\" alt=\"sol-steam-steam-generator-MINI-SPA-Display\" \/>\t\t\t\t\t\t\n\t\t\t\t\t<\/div>\n\t\t\t\t\t\t\t\t\n<style>\n#image_343449015 {\n  width: 100%;\n}\n<\/style>\n\t<\/div>\n\t\n\t\t<\/div>\n\t\t\t\t\t<\/div>\n\n\t\n<\/div>\n<p>El precio incluye un cable de red RJ45 de 10 m como cable de conexi\u00f3n para la pantalla.<\/p>\n","protected":false},"excerpt":{"rendered":"<p>El panel de control capacitivo del spa de 5&#8243; (SPA Touch Control) es una pantalla instalada de forma permanente que permite ajustar la temperatura, la fragancia y la luz del ba\u00f1o turco de forma f\u00e1cil y c\u00f3moda.<\/p>\n","protected":false},"featured_media":20653,"template":"","meta":[],"product_brand":[],"product_cat":[3528],"product_tag":[5404,5402,5405,5406,5407],"class_list":{"0":"post-29971","1":"product","2":"type-product","3":"status-publish","4":"has-post-thumbnail","6":"product_cat-generadores-de-vapor","7":"product_tag-panel-de-control-del-generador-de-vapor","8":"product_tag-panel-de-control-del-spa","9":"product_tag-panel-de-control-externo","10":"product_tag-pantalla-externa-generador-de-vapor","11":"product_tag-spa-touch-control-es","12":"product_shipping_class-paquete-5-10kg","14":"first","15":"instock","16":"taxable","17":"shipping-taxable","18":"purchasable","19":"product-type-simple"},"_links":{"self":[{"href":"https:\/\/www.soleum.de\/es\/wp-json\/wp\/v2\/product\/29971","targetHints":{"allow":["GET"]}}],"collection":[{"href":"https:\/\/www.soleum.de\/es\/wp-json\/wp\/v2\/product"}],"about":[{"href":"https:\/\/www.soleum.de\/es\/wp-json\/wp\/v2\/types\/product"}],"wp:featuredmedia":[{"embeddable":true,"href":"https:\/\/www.soleum.de\/es\/wp-json\/wp\/v2\/media\/20653"}],"wp:attachment":[{"href":"https:\/\/www.soleum.de\/es\/wp-json\/wp\/v2\/media?parent=29971"}],"wp:term":[{"taxonomy":"product_brand","embeddable":true,"href":"https:\/\/www.soleum.de\/es\/wp-json\/wp\/v2\/product_brand?post=29971"},{"taxonomy":"product_cat","embeddable":true,"href":"https:\/\/www.soleum.de\/es\/wp-json\/wp\/v2\/product_cat?post=29971"},{"taxonomy":"product_tag","embeddable":true,"href":"https:\/\/www.soleum.de\/es\/wp-json\/wp\/v2\/product_tag?post=29971"}],"curies":[{"name":"wp","href":"https:\/\/api.w.org\/{rel}","templated":true}]}}