{"id":29980,"date":"2023-09-06T07:06:07","date_gmt":"2023-09-06T05:06:07","guid":{"rendered":"https:\/\/www.soleum.de\/shop\/sin%20categor\u00eda\/tumbona-calefactada-lovt-con-aspecto-de-hormigon\/"},"modified":"2023-09-23T12:48:00","modified_gmt":"2023-09-23T10:48:00","slug":"tumbona-calefactada-lovt-con-aspecto-de-hormigon","status":"publish","type":"product","link":"https:\/\/www.soleum.de\/es\/shop\/ofertas-rebajas\/tumbona-calefactada-lovt-con-aspecto-de-hormigon\/","title":{"rendered":"Tumbona calefactada LOVT con aspecto de hormig\u00f3n"},"content":{"rendered":"\t<div class=\"img has-hover x md-x lg-x y md-y lg-y\" id=\"image_2095818689\">\n\t\t<a class=\"\" href=\"https:\/\/www.soleum.de\/hu\/featured_item\/melegito-spa-nyugagy\/\" target=\"_blank\" rel=\"noopener\" >\t\t\t\t\t\t<div class=\"img-inner dark\" >\n\t\t\t<img loading=\"lazy\" decoding=\"async\" width=\"1400\" height=\"770\" src=\"https:\/\/www.soleum.de\/wp-content\/uploads\/2023\/09\/Waermeliege-LOVT_in_Betonoptik-1.jpg\" class=\"attachment-original size-original\" alt=\"\" srcset=\"https:\/\/www.soleum.de\/wp-content\/uploads\/2023\/09\/Waermeliege-LOVT_in_Betonoptik-1.jpg 1400w, https:\/\/www.soleum.de\/wp-content\/uploads\/2023\/09\/Waermeliege-LOVT_in_Betonoptik-1-727x400.jpg 727w, https:\/\/www.soleum.de\/wp-content\/uploads\/2023\/09\/Waermeliege-LOVT_in_Betonoptik-1-768x422.jpg 768w, https:\/\/www.soleum.de\/wp-content\/uploads\/2023\/09\/Waermeliege-LOVT_in_Betonoptik-1-510x281.jpg 510w\" sizes=\"auto, (max-width: 1400px) 100vw, 1400px\" \/>\t\t\t\t\t\t\n\t\t\t\t\t<\/div>\n\t\t\t\t\t\t<\/a>\t\t\n<style>\n#image_2095818689 {\n  width: 100%;\n}\n<\/style>\n\t<\/div>\n\t\n<div class=\"wpb_text_column wpb_content_element \">\n<div class=\"wpb_wrapper\">\n<h1 class=\"entry-title\">Tumbona calefactada LOVT con aspecto de hormig\u00f3n<\/h1>\n<blockquote><p>Se trata de un <strong>sof\u00e1 de exposici\u00f3n<\/strong> y, por lo tanto, lo vendemos con el correspondiente descuento, pero el sof\u00e1 est\u00e1 absolutamente como nuevo. Si el art\u00edculo se env\u00eda sin inspecci\u00f3n previa, no podr\u00e1 cambiarse ni devolverse. La tumbona se env\u00eda en una caja de madera especialmente fabricada.<\/p><\/blockquote>\n<h2>Tumbona SPA para hoteles, zonas de bienestar y saunas privadas<\/h2>\n<p>El suave calor radiante a trav\u00e9s de la baldosa con su efecto beneficioso \u00fanico para nuestro bienestar. Relajaci\u00f3n perfecta en una tumbona de lujo. Dise\u00f1o atemporal, forma ergon\u00f3mica, durabilidad de f\u00e1cil cuidado: estas tumbonas calefactadas son verdaderas obras de arte que complementan a la perfecci\u00f3n un oasis de spa privado o la zona SPA de un hotel de lujo.<\/p>\n<p>Con la <a href=\"https:\/\/www.soleum.de\/en\/featured_item\/warming-spa-lounger\/\">tumbona de hormig\u00f3n LOVT<\/a>, ponemos acentos y vemos este exclusivo mueble como un complemento de la arquitectura contempor\u00e1nea.<\/p>\n<\/div>\n<\/div>\n\t<div class=\"box has-hover   has-hover box-text-bottom\" >\n\n\t\t<div class=\"box-image\" >\n\t\t\t\t\t\t<div class=\"\" >\n\t\t\t\t<img loading=\"lazy\" decoding=\"async\" width=\"765\" height=\"379\" src=\"https:\/\/www.soleum.de\/wp-content\/uploads\/2023\/08\/Infrarot-Waermeliegen-Soleum-Design22.jpg\" class=\"attachment- size-\" alt=\"\" srcset=\"https:\/\/www.soleum.de\/wp-content\/uploads\/2023\/08\/Infrarot-Waermeliegen-Soleum-Design22.jpg 765w, https:\/\/www.soleum.de\/wp-content\/uploads\/2023\/08\/Infrarot-Waermeliegen-Soleum-Design22-510x253.jpg 510w\" sizes=\"auto, (max-width: 765px) 100vw, 765px\" \/>\t\t\t\t\t\t\t\t\t\t\t<\/div>\n\t\t\t\t\t<\/div>\n\n\t\t<div class=\"box-text text-center\" >\n\t\t\t<div class=\"box-text-inner\">\n\t\t\t\t\n<h3 class=\"fusion-responsive-typography-calculated\" data-fontsize=\"24\" data-lineheight=\"30px\">TEXTURAS ARTESANALES CON ASPECTO DE HORMIG\u00d3N<\/h3>\n<p>Damos a la tumbona un gran aspecto de hormig\u00f3n recubri\u00e9ndola a mano con microcemento. El resultado son estructuras individuales seg\u00fan el fabricante y el patr\u00f3n.<\/p>\n\t\t\t<\/div>\n\t\t<\/div>\n\t<\/div>\n\t\n<div class=\"wpb_text_column wpb_content_element \">\n<div class=\"wpb_wrapper\">\n<p>Con iluminaci\u00f3n LED alrededor de la base y un revestimiento de microcemento hecho a mano en BETON GREY<\/p>\n<\/div>\n<div class=\"fusion-layout-column fusion_builder_column fusion-builder-column-1 fusion_builder_column_1_2 1_2 fusion-flex-column\">\n<div class=\"fusion-column-wrapper fusion-column-has-shadow fusion-flex-justify-content-flex-start fusion-content-layout-column\">\n<div class=\"fusion-text fusion-text-7\">\n<h3 class=\"fusion-responsive-typography-calculated\" data-fontsize=\"24\" data-lineheight=\"30px\">Datos t\u00e9cnicos:<\/h3>\n<ul>\n<li>Potencia: 459 W, 230 V (110 V bajo pedido)<\/li>\n<li>La temperatura se puede ajustar libremente, entre ~30 y 45 \u00b0C (normalmente, entre 37 y 39 \u00b0C aproximadamente).<\/li>\n<li>El sof\u00e1 se entrega listo para conectar. \u00abPlug &amp; Play<\/li>\n<li>Con iluminaci\u00f3n LED bajo la tumbona en blanco c\u00e1lido.<\/li>\n<li>Microcemento arquitect\u00f3nico de color GRIS (\u00a1son posibles muchos otros colores!)<\/li>\n<\/ul>\n<\/div>\n<\/div>\n<\/div>\n<div class=\"wpb_wrapper\">\n<p>Dimensiones: Largo <strong>204cm<\/strong>, ancho <strong>76cm<\/strong>, alto <strong>83cm<\/strong>, altura del asiento <strong>~40cm<\/strong><br \/>\nPeso: s\u00f3lo <strong>70 kg<\/strong><\/p>\n<\/div>\n<\/div>\n<div class=\"text-center\"><div class=\"is-divider divider clearfix\" style=\"max-width:754px;background-color:rgb(2, 0, 104);\"><\/div><\/div>\n\t<div class=\"img has-hover x md-x lg-x y md-y lg-y\" id=\"image_2066081358\">\n\t\t\t\t\t\t\t\t<div class=\"img-inner dark\" style=\"margin:0px 0px 0px 0px;\">\n\t\t\t<img loading=\"lazy\" decoding=\"async\" width=\"600\" height=\"276\" src=\"https:\/\/www.soleum.de\/wp-content\/uploads\/2023\/08\/Kontur-Waermeliege-1.jpg\" class=\"attachment-large size-large\" alt=\"\" srcset=\"https:\/\/www.soleum.de\/wp-content\/uploads\/2023\/08\/Kontur-Waermeliege-1.jpg 600w, https:\/\/www.soleum.de\/wp-content\/uploads\/2023\/08\/Kontur-Waermeliege-1-510x235.jpg 510w\" sizes=\"auto, (max-width: 600px) 100vw, 600px\" \/>\t\t\t\t\t\t\n\t\t\t\t\t<\/div>\n\t\t\t\t\t\t\t\t\n<style>\n#image_2066081358 {\n  width: 49%;\n}\n<\/style>\n\t<\/div>\n\t\n<div class=\"text-center\"><div class=\"is-divider divider clearfix\" style=\"max-width:754px;background-color:rgb(2, 0, 104);\"><\/div><\/div>\n<h2>Revestimiento artesanal de microcemento<\/h2>\n<p>El microcemento es un sistema bicomponente de pol\u00edmeros y cemento. Puede elegir la superficie en distintos colores.<\/p>\n<p>El microcemento se aplica a mano. Por esta raz\u00f3n, el cliente debe aceptar que pueden producirse ligeras irregularidades y defectos m\u00ednimos al trabajar con un material pl\u00e1stico. El microcemento es un producto artesanal \u00fanico<br \/>\nfabricados y no producidos en serie. Las diferencias en los matices o la concentraci\u00f3n de color deben considerarse elementos valiosos de la obra, no defectos.<br \/>\nLas superficies de microcemento expuestas a cargas afiladas o puntiagudas (sillas, muebles, tacones altos, etc.) pueden picarse o rayarse. Aunque la superficie de microcemento tiene una resistencia excelente, presentan caracter\u00edsticas similares a los suelos de madera y deben tratarse en consecuencia.<\/p>\n<p>Pueden producirse ara\u00f1azos en el revestimiento de microcemento. Cuanto m\u00e1s lisa y uniforme sea la superficie, m\u00e1s probable es que presente ara\u00f1azos por el uso. Estos problemas<br \/>\ny los d\u00e9ficits pueden subsanarse f\u00e1cilmente con la elecci\u00f3n del color y un acabado poco uniforme, pero tambi\u00e9n con un cuidado adecuado y correcto.<\/p>\n<p>Aunque el tratamiento con un sellador protege el suelo de la r\u00e1pida penetraci\u00f3n de derrames accidentales, debe recordarse que todos los l\u00edquidos,<br \/>\nEn particular, los l\u00edquidos de uso com\u00fan en el hogar, como el vino, el aceite, el vinagre o el caf\u00e9, deben eliminarse de todas las superficies lo antes posible para que no puedan penetrar en ning\u00fan caso.<\/p>\n<p><strong>CARE<\/strong><br \/>\nRecomendaciones y sugerencias para mantener la superficie de microcemento limpia y bonita:<br \/>\n&#8211; La limpieza del marco de microcemento es sencilla: basta con pasar un pa\u00f1o h\u00famedo por la superficie con un poco de producto de limpieza neutro y sin espuma.<br \/>\n&#8211; Es aconsejable tratar regularmente la superficie con productos protectores a base de ceras autobrillantes en agua (como Ideal Cera).  <strong>Productos para el cuidado a base de jab\u00f3n, \u00e1cido, amon\u00edaco, cloro u otros.<\/strong><br \/>\nLos <strong>agentes<\/strong> corrosivos <strong>a base de agua est\u00e1n estrictamente prohibidos para el tratamiento<\/strong>. Utilice \u00fanicamente productos de cuidado NO AGRESIVOS y con pH neutro.<\/p>\n\t<div id=\"gap-933109684\" class=\"gap-element clearfix\" style=\"display:block; height:auto;\">\n\t\t\n<style>\n#gap-933109684 {\n  padding-top: 100px;\n}\n<\/style>\n\t<\/div>\n\t\n<p>Los precios incluyen IVA y ex f\u00e1brica Jard\u00edn de infancia<\/p>\n\t\n  \n    <div class=\"row large-columns-3 medium-columns- small-columns-2 row-small\" >\n  \n\t     <div class=\"product-small col has-hover product type-product post-29847 status-publish first instock product_cat-ofertas-rebajas product_tag-aguardiente product_tag-diseno-de-spa product_tag-fuego-por-ultrasonidos-3d product_tag-fuego-ultrasonico has-post-thumbnail sale taxable shipping-taxable purchasable product-type-simple\">\n\t<div class=\"col-inner\">\n\t\n<div class=\"badge-container absolute left top z-1\">\n<div class=\"callout badge badge-circle\"><div class=\"badge-inner secondary on-sale\"><span class=\"onsale\">\u00a1Oferta!<\/span><\/div><\/div>\n<\/div>\n\t<div class=\"product-small box \">\n\t\t<div class=\"box-image\">\n\t\t\t<div class=\"image-fade_in_back\">\n\t\t\t\t<a href=\"https:\/\/www.soleum.de\/es\/shop\/ofertas-rebajas\/caja-instalacion-caja-con-3d-incendio-ultrasonico\/\">\n\t\t\t\t\t<img loading=\"lazy\" decoding=\"async\" width=\"247\" height=\"300\" src=\"https:\/\/www.soleum.de\/wp-content\/uploads\/2023\/09\/Feuerbox_soleum-247x300.jpg\" class=\"attachment-woocommerce_thumbnail size-woocommerce_thumbnail\" alt=\"Fuego por ultrasonidos 3D\" \/><img loading=\"lazy\" decoding=\"async\" width=\"247\" height=\"300\" src=\"https:\/\/www.soleum.de\/wp-content\/uploads\/2023\/08\/Infrarot-Waermeliegen-Soleum-Design13-247x300.jpg\" class=\"show-on-hover absolute fill hide-for-small back-image\" alt=\"Tumbona con calefacci\u00f3n por infrarrojos y fuego 3D\" aria-hidden=\"true\" \/>\t\t\t\t<\/a>\n\t\t\t<\/div>\n\t\t\t<div class=\"image-tools is-small top right show-on-hover\">\n\t\t\t\t\t\t\t<\/div>\n\t\t\t<div class=\"image-tools is-small hide-for-small bottom left show-on-hover\">\n\t\t\t\t\t\t\t<\/div>\n\t\t\t<div class=\"image-tools grid-tools text-center hide-for-small bottom hover-slide-in show-on-hover\">\n\t\t\t\t<a href=\"#quick-view\" class=\"quick-view\" role=\"button\" data-prod=\"29847\" aria-haspopup=\"dialog\" aria-expanded=\"false\" data-flatsome-role-button>Vista R\u00e1pida<\/a>\t\t\t<\/div>\n\t\t\t\t\t<\/div>\n\n\t\t<div class=\"box-text box-text-products\">\n\t\t\t<div class=\"title-wrapper\">\t\t<p class=\"category uppercase is-smaller no-text-overflow product-cat op-8\">\n\t\t\tOFERTAS-REBAJAS\t\t<\/p>\n\t<p class=\"name product-title woocommerce-loop-product__title\"><a href=\"https:\/\/www.soleum.de\/es\/shop\/ofertas-rebajas\/caja-instalacion-caja-con-3d-incendio-ultrasonico\/\" class=\"woocommerce-LoopProduct-link woocommerce-loop-product__link\">Caja de fuego, caja empotrada con fuego ultras\u00f3nico 3D<\/a><\/p><\/div><div class=\"price-wrapper\">\n\t<span class=\"price\"><del aria-hidden=\"true\"><span class=\"woocommerce-Price-amount amount\"><bdi>3.630,00&nbsp;<span class=\"woocommerce-Price-currencySymbol\">&euro;<\/span><\/bdi><\/span><\/del> <span class=\"screen-reader-text\">El precio original era: 3.630,00&nbsp;&euro;.<\/span><ins aria-hidden=\"true\"><span class=\"woocommerce-Price-amount amount\"><bdi>2.400,00&nbsp;<span class=\"woocommerce-Price-currencySymbol\">&euro;<\/span><\/bdi><\/span><\/ins><span class=\"screen-reader-text\">El precio actual es: 2.400,00&nbsp;&euro;.<\/span> <small class=\"woocommerce-price-suffix\">inkl. MWSt.<\/small><\/span>\n<\/div>\t\t<\/div>\n\t<\/div>\n\t\t<\/div>\n<\/div><div class=\"product-small col has-hover product type-product post-29980 status-publish instock product_cat-ofertas-rebajas product_cat-tumbonas-climatizadas-spa product_tag-accesorios-para-zonas-de-bienestar product_tag-camilla-de-calentamiento-para-spa product_tag-disenador-de-spa product_tag-hotel-sofa product_tag-ideas-spa product_tag-microcemento-es product_tag-revestimiento-de-microcemento product_tag-spa-de-lujo product_tag-tumbona-calefactada-lovt-con-aspecto-de-hormigon product_tag-tumbona-con-aspecto-de-hormigon product_tag-tumbona-de-hormigon product_tag-tumbona-de-hormigon-por-infrarrojos product_tag-tumbona-de-infrarrojos-es product_tag-tumbona-de-infrarrojos-es-2 product_tag-tumbona-de-lujo product_tag-tumbona-de-lujo-es product_tag-tumbona-de-relajacion-por-infrarrojos product_tag-tumbona-para-arquitectos product_tag-tumbona-para-zona-wellness product_tag-tumbona-soleum product_tag-tumbona-spa product_tag-tumbona-spa-de-diseno product_tag-tumbona-spa-de-lujo product_tag-tumbona-wellness product_tag-tumbonas-de-bienestar-para-la-sauna product_tag-tumbonas-spa-para-hotel has-post-thumbnail sale sold-individually taxable shipping-taxable purchasable product-type-simple\">\n\t<div class=\"col-inner\">\n\t\n<div class=\"badge-container absolute left top z-1\">\n<div class=\"callout badge badge-circle\"><div class=\"badge-inner secondary on-sale\"><span class=\"onsale\">\u00a1Oferta!<\/span><\/div><\/div>\n<\/div>\n\t<div class=\"product-small box \">\n\t\t<div class=\"box-image\">\n\t\t\t<div class=\"image-fade_in_back\">\n\t\t\t\t<a href=\"https:\/\/www.soleum.de\/es\/shop\/ofertas-rebajas\/tumbona-calefactada-lovt-con-aspecto-de-hormigon\/\">\n\t\t\t\t\t<img loading=\"lazy\" decoding=\"async\" width=\"247\" height=\"300\" src=\"https:\/\/www.soleum.de\/wp-content\/uploads\/2023\/09\/Waermeliege-LOVT_in_Betonoptik-247x300.jpg\" class=\"attachment-woocommerce_thumbnail size-woocommerce_thumbnail\" alt=\"Tumbona calefactada LOVT con aspecto de hormig\u00f3n\" \/><img loading=\"lazy\" decoding=\"async\" width=\"247\" height=\"300\" src=\"https:\/\/www.soleum.de\/wp-content\/uploads\/2023\/08\/Infrarot-Waermeliegen-Soleum-Design22-247x300.jpg\" class=\"show-on-hover absolute fill hide-for-small back-image\" alt=\"Alternative view of Tumbona calefactada LOVT con aspecto de hormig\u00f3n\" aria-hidden=\"true\" \/>\t\t\t\t<\/a>\n\t\t\t<\/div>\n\t\t\t<div class=\"image-tools is-small top right show-on-hover\">\n\t\t\t\t\t\t\t<\/div>\n\t\t\t<div class=\"image-tools is-small hide-for-small bottom left show-on-hover\">\n\t\t\t\t\t\t\t<\/div>\n\t\t\t<div class=\"image-tools grid-tools text-center hide-for-small bottom hover-slide-in show-on-hover\">\n\t\t\t\t<a href=\"#quick-view\" class=\"quick-view\" role=\"button\" data-prod=\"29980\" aria-haspopup=\"dialog\" aria-expanded=\"false\" data-flatsome-role-button>Vista R\u00e1pida<\/a>\t\t\t<\/div>\n\t\t\t\t\t<\/div>\n\n\t\t<div class=\"box-text box-text-products\">\n\t\t\t<div class=\"title-wrapper\">\t\t<p class=\"category uppercase is-smaller no-text-overflow product-cat op-8\">\n\t\t\tOFERTAS-REBAJAS\t\t<\/p>\n\t<p class=\"name product-title woocommerce-loop-product__title\"><a href=\"https:\/\/www.soleum.de\/es\/shop\/ofertas-rebajas\/tumbona-calefactada-lovt-con-aspecto-de-hormigon\/\" class=\"woocommerce-LoopProduct-link woocommerce-loop-product__link\">Tumbona calefactada LOVT con aspecto de hormig\u00f3n<\/a><\/p><\/div><div class=\"price-wrapper\">\n\t<span class=\"price\"><del aria-hidden=\"true\"><span class=\"woocommerce-Price-amount amount\"><bdi>9.288,00&nbsp;<span class=\"woocommerce-Price-currencySymbol\">&euro;<\/span><\/bdi><\/span><\/del> <span class=\"screen-reader-text\">El precio original era: 9.288,00&nbsp;&euro;.<\/span><ins aria-hidden=\"true\"><span class=\"woocommerce-Price-amount amount\"><bdi>5.900,00&nbsp;<span class=\"woocommerce-Price-currencySymbol\">&euro;<\/span><\/bdi><\/span><\/ins><span class=\"screen-reader-text\">El precio actual es: 5.900,00&nbsp;&euro;.<\/span> <small class=\"woocommerce-price-suffix\">inkl. MWSt.<\/small><\/span>\n<\/div>\t\t<\/div>\n\t<\/div>\n\t\t<\/div>\n<\/div><\/div>\n","protected":false},"excerpt":{"rendered":"<p>C\u00e1lida tumbona LOVT en aspecto de hormig\u00f3n con s\u00f3lo 70kg- La tumbona de hormig\u00f3n LOVT marca acentos y vemos este exclusivo mueble como complemento de la arquitectura contempor\u00e1nea.<\/p>\n","protected":false},"featured_media":21346,"template":"","meta":[],"product_brand":[],"product_cat":[4754,4982],"product_tag":[5015,5013,5009,4996,5010,5005,5006,5003,5442,5445,5443,5444,4991,4997,5001,5004,4998,4999,5000,5008,5011,4984,5002,4024,5014,5012],"class_list":{"0":"post-29980","1":"product","2":"type-product","3":"status-publish","4":"has-post-thumbnail","6":"product_cat-ofertas-rebajas","7":"product_cat-tumbonas-climatizadas-spa","8":"product_tag-accesorios-para-zonas-de-bienestar","9":"product_tag-camilla-de-calentamiento-para-spa","10":"product_tag-disenador-de-spa","11":"product_tag-hotel-sofa","12":"product_tag-ideas-spa","13":"product_tag-microcemento-es","14":"product_tag-revestimiento-de-microcemento","15":"product_tag-spa-de-lujo","16":"product_tag-tumbona-calefactada-lovt-con-aspecto-de-hormigon","17":"product_tag-tumbona-con-aspecto-de-hormigon","18":"product_tag-tumbona-de-hormigon","19":"product_tag-tumbona-de-hormigon-por-infrarrojos","20":"product_tag-tumbona-de-infrarrojos-es","21":"product_tag-tumbona-de-infrarrojos-es-2","22":"product_tag-tumbona-de-lujo","23":"product_tag-tumbona-de-lujo-es","24":"product_tag-tumbona-de-relajacion-por-infrarrojos","25":"product_tag-tumbona-para-arquitectos","26":"product_tag-tumbona-para-zona-wellness","27":"product_tag-tumbona-soleum","28":"product_tag-tumbona-spa","29":"product_tag-tumbona-spa-de-diseno","30":"product_tag-tumbona-spa-de-lujo","31":"product_tag-tumbona-wellness","32":"product_tag-tumbonas-de-bienestar-para-la-sauna","33":"product_tag-tumbonas-spa-para-hotel","34":"product_shipping_class-mercancias-voluminosas","36":"last","37":"instock","38":"sale","39":"sold-individually","40":"taxable","41":"shipping-taxable","42":"purchasable","43":"product-type-simple"},"_links":{"self":[{"href":"https:\/\/www.soleum.de\/es\/wp-json\/wp\/v2\/product\/29980","targetHints":{"allow":["GET"]}}],"collection":[{"href":"https:\/\/www.soleum.de\/es\/wp-json\/wp\/v2\/product"}],"about":[{"href":"https:\/\/www.soleum.de\/es\/wp-json\/wp\/v2\/types\/product"}],"wp:featuredmedia":[{"embeddable":true,"href":"https:\/\/www.soleum.de\/es\/wp-json\/wp\/v2\/media\/21346"}],"wp:attachment":[{"href":"https:\/\/www.soleum.de\/es\/wp-json\/wp\/v2\/media?parent=29980"}],"wp:term":[{"taxonomy":"product_brand","embeddable":true,"href":"https:\/\/www.soleum.de\/es\/wp-json\/wp\/v2\/product_brand?post=29980"},{"taxonomy":"product_cat","embeddable":true,"href":"https:\/\/www.soleum.de\/es\/wp-json\/wp\/v2\/product_cat?post=29980"},{"taxonomy":"product_tag","embeddable":true,"href":"https:\/\/www.soleum.de\/es\/wp-json\/wp\/v2\/product_tag?post=29980"}],"curies":[{"name":"wp","href":"https:\/\/api.w.org\/{rel}","templated":true}]}}