{"id":30636,"date":"2023-09-24T11:07:31","date_gmt":"2023-09-24T09:07:31","guid":{"rendered":"https:\/\/www.soleum.de\/?post_type=product&#038;p=30636"},"modified":"2024-09-06T07:32:29","modified_gmt":"2024-09-06T05:32:29","slug":"error-de-temperatura-tf-106-limitador-de-temperatura-de-seguridad","status":"publish","type":"product","link":"https:\/\/www.soleum.de\/es\/shop\/generadores-de-vapor\/error-de-temperatura-tf-106-limitador-de-temperatura-de-seguridad\/","title":{"rendered":"Sensor de temperatura con limitador de temperatura de seguridad TF 106"},"content":{"rendered":"<h1>Sensor de temperatura con limitador de temperatura de seguridad TF 106<\/h1>\n<p>  Los ba\u00f1os de vapor ofrecen una relajaci\u00f3n y una recuperaci\u00f3n perfectas del estr\u00e9s cotidiano. Es realmente relajante cuando puedes estar seguro de que todo est\u00e1 perfectamente regulado en cuanto a temperatura y vapor: de ello se encargan los sensores de temperatura TF105 y TF106 adecuados para los generadores de vapor SOL-STEAM FLEX y SOL-STEAM-HEIZSTAB.  <\/p>\n<h2>La seguridad ante todo: El TF106 se enciende<\/h2>\n<p>  En el improbable caso de que falle el dispositivo de seguridad de los generadores de vapor para superar la temperatura m\u00e1xima, el TF106 ofrece un interruptor de temperatura adem\u00e1s del sensor de temperatura. Este interviene independientemente del sensor de temperatura como segundo circuito de seguridad. Si la temperatura en el ba\u00f1o de vapor sube a 55 \u00b0C y el dispositivo de seguridad del software no reacciona, este interruptor abre la cadena de seguridad y desconecta inmediatamente la producci\u00f3n de vapor. Una doble protecci\u00f3n para todos los que desean los m\u00e1ximos est\u00e1ndares de calidad y seguridad en su ba\u00f1o turco: desde el dise\u00f1o hasta el cable (10 metros): Fabricados en acero inoxidable de alta calidad y moldeados en la parte posterior, los sensores de temperatura TF105 y TF106 son impermeables garantizados (IP 68) y est\u00e1n protegidos de forma \u00f3ptima. Adem\u00e1s, los sensores ofrecen protecci\u00f3n antivand\u00e1lica integrada, una alternativa pr\u00e1ctica y visualmente discreta a las variantes de protecci\u00f3n anteriores: as\u00ed se evitan las piezas molestas que sobresalen de la pared. \u00a1Una cosa redonda! Y el cable sensor apantallado garantiza que la medici\u00f3n no se vea afectada por otras fuentes de interferencias, como cables bajo tensi\u00f3n <strong>El precio incluye la opci\u00f3n de placa de circuitos en el generador de vapor (al pedir el generador de vapor)<\/strong><\/p>\n","protected":false},"excerpt":{"rendered":"<p>Sensor de temperatura con limitador de temperatura de seguridad TF 106 Los ba\u00f1os de vapor ofrecen una relajaci\u00f3n y una recuperaci\u00f3n perfectas del estr\u00e9s cotidiano. Es realmente relajante cuando puedes estar seguro de que todo est\u00e1 perfectamente regulado en cuanto a temperatura y vapor: de ello se encargan los sensores de temperatura TF105 y TF106 [&#8230;]\n","protected":false},"featured_media":30632,"template":"","meta":[],"product_brand":[],"product_cat":[3528],"product_tag":[5383,5545,5544,5381,5382],"class_list":{"0":"post-30636","1":"product","2":"type-product","3":"status-publish","4":"has-post-thumbnail","6":"product_cat-generadores-de-vapor","7":"product_tag-bano-de-vapor-con-control-de-temperatura","8":"product_tag-controlador-de-temperatura-con-limitador-de-temperatura-de-seguridad","9":"product_tag-controlador-de-temperatura-con-proteccion-antivandalica","10":"product_tag-sensor-de-temperatura","11":"product_tag-temperatura-del-bano-de-vapor","12":"product_shipping_class-paket-5-10kg-es","14":"first","15":"outofstock","16":"taxable","17":"shipping-taxable","18":"purchasable","19":"product-type-simple"},"_links":{"self":[{"href":"https:\/\/www.soleum.de\/es\/wp-json\/wp\/v2\/product\/30636","targetHints":{"allow":["GET"]}}],"collection":[{"href":"https:\/\/www.soleum.de\/es\/wp-json\/wp\/v2\/product"}],"about":[{"href":"https:\/\/www.soleum.de\/es\/wp-json\/wp\/v2\/types\/product"}],"wp:featuredmedia":[{"embeddable":true,"href":"https:\/\/www.soleum.de\/es\/wp-json\/wp\/v2\/media\/30632"}],"wp:attachment":[{"href":"https:\/\/www.soleum.de\/es\/wp-json\/wp\/v2\/media?parent=30636"}],"wp:term":[{"taxonomy":"product_brand","embeddable":true,"href":"https:\/\/www.soleum.de\/es\/wp-json\/wp\/v2\/product_brand?post=30636"},{"taxonomy":"product_cat","embeddable":true,"href":"https:\/\/www.soleum.de\/es\/wp-json\/wp\/v2\/product_cat?post=30636"},{"taxonomy":"product_tag","embeddable":true,"href":"https:\/\/www.soleum.de\/es\/wp-json\/wp\/v2\/product_tag?post=30636"}],"curies":[{"name":"wp","href":"https:\/\/api.w.org\/{rel}","templated":true}]}}