{"id":31852,"date":"2016-07-06T10:47:08","date_gmt":"2016-07-06T08:47:08","guid":{"rendered":"https:\/\/www.soleum.de\/shop\/sin%20categor\u00eda\/tubo-de-proteccion-del-sensor\/"},"modified":"2024-02-23T16:31:54","modified_gmt":"2024-02-23T15:31:54","slug":"tubo-de-proteccion-del-radiador","status":"publish","type":"product","link":"https:\/\/www.soleum.de\/es\/shop\/esteras-calefactoras-para-banos-de-vapor\/tubo-de-proteccion-del-radiador\/","title":{"rendered":"Tubo de protecci\u00f3n del sensor"},"content":{"rendered":"<p>Tubo de protecci\u00f3n del sensor de un regulador de calefacci\u00f3n, encaja en un tubo de instalaci\u00f3n el\u00e9ctrica de 20 mm<\/p>\n","protected":false},"excerpt":{"rendered":"<p>Tubo de protecci\u00f3n del sensor fabricado en cobre, se adapta a la manguera de instalaci\u00f3n de 20 mm<\/p>\n","protected":false},"featured_media":10685,"template":"","meta":[],"product_brand":[],"product_cat":[3410],"product_tag":[6014,6013],"class_list":{"0":"post-31852","1":"product","2":"type-product","3":"status-publish","4":"has-post-thumbnail","6":"product_cat-esteras-calefactoras-para-banos-de-vapor","7":"product_tag-tubo-de-proteccion-del-sensor","8":"product_tag-tubo-sensor","9":"product_shipping_class-paquete-5-10kg","11":"first","12":"instock","13":"sold-individually","14":"purchasable","15":"product-type-simple"},"_links":{"self":[{"href":"https:\/\/www.soleum.de\/es\/wp-json\/wp\/v2\/product\/31852","targetHints":{"allow":["GET"]}}],"collection":[{"href":"https:\/\/www.soleum.de\/es\/wp-json\/wp\/v2\/product"}],"about":[{"href":"https:\/\/www.soleum.de\/es\/wp-json\/wp\/v2\/types\/product"}],"wp:featuredmedia":[{"embeddable":true,"href":"https:\/\/www.soleum.de\/es\/wp-json\/wp\/v2\/media\/10685"}],"wp:attachment":[{"href":"https:\/\/www.soleum.de\/es\/wp-json\/wp\/v2\/media?parent=31852"}],"wp:term":[{"taxonomy":"product_brand","embeddable":true,"href":"https:\/\/www.soleum.de\/es\/wp-json\/wp\/v2\/product_brand?post=31852"},{"taxonomy":"product_cat","embeddable":true,"href":"https:\/\/www.soleum.de\/es\/wp-json\/wp\/v2\/product_cat?post=31852"},{"taxonomy":"product_tag","embeddable":true,"href":"https:\/\/www.soleum.de\/es\/wp-json\/wp\/v2\/product_tag?post=31852"}],"curies":[{"name":"wp","href":"https:\/\/api.w.org\/{rel}","templated":true}]}}