{"id":31993,"date":"2024-02-05T10:34:54","date_gmt":"2024-02-05T09:34:54","guid":{"rendered":"https:\/\/www.soleum.de\/?post_type=product&#038;p=31993"},"modified":"2024-09-20T09:40:00","modified_gmt":"2024-09-20T07:40:00","slug":"halotherapyhome-inhalador-de-sal-seca-kopie","status":"publish","type":"product","link":"https:\/\/www.soleum.de\/es\/shop\/inhalacion-de-sales-secas-de-haloterapia\/halotherapyhome-inhalador-de-sal-seca-kopie\/","title":{"rendered":"Halogenerador TS-MINI"},"content":{"rendered":"<p>Nuestra tienda le ofrece una innovadora selecci\u00f3n de halogeneradores dise\u00f1ados para ayudarle a crear un ambiente relajante y saludable en casa o en su spa. Un halogenerador produce las part\u00edculas m\u00e1s finas de SAL natural, que se dispersan en el aire y crean una atm\u00f3sfera salada beneficiosa para su salud y bienestar.<\/p>\n<h1>Halogenerador TS-MINI (salas de sal peque\u00f1as)<\/h1>\n<p> Volumen de suministro: Generador de aerosol de sal seca, sistema de limpieza, cable de alimentaci\u00f3n, deflector, manguera de prolongaci\u00f3n, llave del sistema, llave de repuesto y software.<\/p>\n<p>Este dispositivo se utiliza en nuestras cabinas climatizadas marinas \/ cabinas de haloterapia.<\/p>\n<h2>Pantalla t\u00e1ctil y smartphone para ajustar los par\u00e1metros<\/h2>\n<p>Se pueden realizar los siguientes ajustes: Consumo y dosis de sal, volumen de aire, hora de inicio y duraci\u00f3n de la terapia de inhalaci\u00f3n.<br \/>  La pantalla est\u00e1 retroiluminada y, por tanto, es f\u00e1cil de leer incluso en la oscuridad.<\/p>\n<h3>Datos t\u00e9cnicos del halogenerador TS-MINI<\/h3>\n<p>Salas de sal peque\u00f1as: El aparato est\u00e1 dise\u00f1ado para un funcionamiento continuo con aire seco en salas peque\u00f1as<\/p>\n<p>Capacidad del dep\u00f3sito de sal: m\u00e1x. <\/p>\n<p> 35 g Bajo consumo: 18 W (tensi\u00f3n de funcionamiento 100-240 VCA, 50-60 Hz) Doble modo de funcionamiento: pantalla t\u00e1ctil y mando a distancia Consumo de sal: 0-100 g\/h (ajustable) Dimensiones y peso: 225 x 395 x 218 mm; 8 kg Duraci\u00f3n de la haloterapia: 10-99 min (ajustable en incrementos de 1 minuto) Memoria: 9 programas (duraci\u00f3n de la inhalaci\u00f3n y dosis de sal) Material: acero inoxidable y pl\u00e1stico<\/p>\n\t<div class=\"box has-hover   has-hover box-text-bottom\" >\n\n\t\t<div class=\"box-image\" style=\"width:50%;\">\n\t\t\t\t\t\t<div class=\"\" >\n\t\t\t\t<img loading=\"lazy\" decoding=\"async\" width=\"524\" height=\"559\" src=\"https:\/\/www.soleum.de\/wp-content\/uploads\/2024\/02\/Halogenerator-SOLEUM-TS-MINI-1-web.jpg\" class=\"attachment- size-\" alt=\"Halogenerador-SOLEUM-TS-MINI\" srcset=\"https:\/\/www.soleum.de\/wp-content\/uploads\/2024\/02\/Halogenerator-SOLEUM-TS-MINI-1-web.jpg 524w, https:\/\/www.soleum.de\/wp-content\/uploads\/2024\/02\/Halogenerator-SOLEUM-TS-MINI-1-web-375x400.jpg 375w, https:\/\/www.soleum.de\/wp-content\/uploads\/2024\/02\/Halogenerator-SOLEUM-TS-MINI-1-web-510x544.jpg 510w\" sizes=\"auto, (max-width: 524px) 100vw, 524px\" \/>\t\t\t\t\t\t\t\t\t\t\t<\/div>\n\t\t\t\t\t<\/div>\n\n\t\t<div class=\"box-text text-center\" >\n\t\t\t<div class=\"box-text-inner\">\n\t\t\t\t\n<h4>Parte trasera del halogenerador \/ generador de sal seca<\/h4>\n<p>En la zona trasera del halogenerador hay un tubo de 80 mm de di\u00e1metro. Puede ampliarlo un poco e introducirlo directamente en la habitaci\u00f3n donde desee a\u00f1adir la sal seca. El nebulizador de sal seca est\u00e1 fabricado en acero inoxidable.<\/p>\n\t\t\t<\/div>\n\t\t<\/div>\n\t<\/div>\n\t\n<div class=\"video video-fit mb\" style=\"padding-top:56.25%;\"><p><iframe loading=\"lazy\" title=\"Trockensalznebel\" width=\"1020\" height=\"574\" src=\"https:\/\/www.youtube.com\/embed\/PX9ObRaBUaQ?feature=oembed\" frameborder=\"0\" allow=\"accelerometer; autoplay; clipboard-write; encrypted-media; gyroscope; picture-in-picture; web-share\" allowfullscreen><\/iframe><\/p>\n<\/div>\n<div class=\"video video-fit mb\" style=\"padding-top:56.25%;\"><p><iframe loading=\"lazy\" title=\"Halotherapie im Soleum\" width=\"1020\" height=\"574\" src=\"https:\/\/www.youtube.com\/embed\/59V_zcHW5zg?feature=oembed\" frameborder=\"0\" allow=\"accelerometer; autoplay; clipboard-write; encrypted-media; gyroscope; picture-in-picture; web-share\" allowfullscreen><\/iframe><\/p>\n<\/div>\n\t<div id=\"gap-650144966\" class=\"gap-element clearfix\" style=\"display:block; height:auto;\">\n\t\t\n<style>\n#gap-650144966 {\n  padding-top: 50px;\n}\n<\/style>\n\t<\/div>\n\t\n<h2>Inhalaci\u00f3n de sal seca &#8211; explicaci\u00f3n y antecedentes<\/h2>\n<p>Se trata de un tratamiento natural basado en la administraci\u00f3n por inhalaci\u00f3n de cloruro de sodio micronizado. Es pr\u00e1cticamente un aerosol salado \u00abseco\u00bb.<\/p>\n<p>En forma seca, la sal tiene el <strong>mayor efecto curativo sobre los \u00f3rganos respiratorios<\/strong> y la piel. Unas part\u00edculas de sal microsc\u00f3picamente finas se insuflan en la habitaci\u00f3n mediante una t\u00e9cnica patentada. El tama\u00f1o de las part\u00edculas de sal es similar al de las salinas naturales: de 1 a 5 m\u00b5, por lo que las part\u00edculas, que se inhalan en forma de diminutos cristales, pueden <strong>penetrar profundamente en los pulmones y alcanzar todos los bronquios<\/strong><\/p>\n<p>La inhalaci\u00f3n de la sal seca estimula el poder de autolimpieza de las mucosas. Su efecto es antiinflamatorio, germicida, descongestionante y relaja la musculatura lisa de las v\u00edas respiratorias. La ventilaci\u00f3n y la respiraci\u00f3n mejoran. Toda la superficie de la piel tambi\u00e9n se beneficia de la terapia con sales finas, la inflamaci\u00f3n de la piel y el picor se reducen significativamente.<\/p>\n<h2>Indicaciones y contraindicaciones<\/h2>\n<p>La haloterapia no es adecuada para todo el mundo. Cuando se inhala sal seca, se activa la linfa, los pulmones trabajan m\u00e1s, se acelera la circulaci\u00f3n sangu\u00ednea, llega m\u00e1s ox\u00edgeno al cerebro, se pueden activar las mucosas y se activa el sistema inmunitario de las v\u00edas respiratorias.<\/p>\n<ul>\n<li>La haloterapia en el SALZRAUM se recomienda para<br \/> Asma<\/li>\n<li>Inflamaci\u00f3n y sobrecarga de las cuerdas vocales<\/li>\n<li>Inflamaci\u00f3n de la garganta, senos paranasales y paranasales<\/li>\n<li>Bronquitis obstructiva cr\u00f3nica (no terminal)<\/li>\n<li>rinitis al\u00e9rgica<\/li>\n<li>Rinosinusopat\u00eda<\/li>\n<li>bronquitis cr\u00f3nica no obstructiva<\/li>\n<li>bronquitis cr\u00f3nica recurrente<\/li>\n<li>Fumadores<\/li>\n<li>Infecci\u00f3n v\u00edrica aguda de las v\u00edas respiratorias superiores<\/li>\n<li>Bronquiectasias<\/li>\n<li>Fibrosis qu\u00edstica (fibrosis qu\u00edstica no en fase terminal)<\/li>\n<li>Rinitis y faringitis cr\u00f3nicas<\/li>\n<li>Amigdalitis (adenoiditis)<\/li>\n<li>Sinusitis cr\u00f3nica<\/li>\n<li>Sinusitis aguda<\/li>\n<li>Neurodermatitis<\/li>\n<li>Psoriasis<\/li>\n<li>Migra\u00f1a<\/li>\n<li>Trastornos del sue\u00f1o, estr\u00e9s, cansancio<\/li>\n<\/ul>\n<p>La haloterapia <strong>no<\/strong> se recomienda para<\/p>\n<ul>\n<li>Hipertensi\u00f3n arterial grave<\/li>\n<li>Reca\u00eddas y hemorragias masivas de cualquier tipo<\/li>\n<li>Enfermedades de la sangre en fase aguda<\/li>\n<li>Fase aguda de las enfermedades respiratorias<\/li>\n<li>Insuficiencia respiratoria cr\u00f3nica grave<\/li>\n<li>Tuberculosis activa<\/li>\n<li>Trastornos mentales y todo tipo de drogodependencias<\/li>\n<li>Enfermedades malignas<\/li>\n<li>Embarazo (ex\u00e1menes insuficientes)<\/li>\n<li>Enfermedades internas en descompensaci\u00f3n<\/li>\n<li>Escupir sangre<\/li>\n<li>Insuficiencia cardiaca<\/li>\n<\/ul>\n<p>Pregunte a su m\u00e9dico o farmac\u00e9utico sobre las ventajas e inconvenientes de la haloterapia \/ inhalaci\u00f3n de sal seca y si es adecuada para usted. En la WEB se pueden encontrar estudios y abundante informaci\u00f3n sobre la haloterapia.<\/p>\n<div class=\"row\"  id=\"row-1267290437\">\n\n\t<div id=\"col-459838253\" class=\"col medium-6 small-12 large-6\"  >\n\t\t\t\t<div class=\"col-inner\"  >\n\t\t\t\n\t\t\t\n<h2>Terapia de aire salado en el SalzKRAFTwerk LINZ, Alta Austria: <a href=\"https:\/\/www.salzkraftwerk.at\/die-etwas-andere-salzgrotte-in-linz\/\">\u00a1una cueva de sal diferente<\/a>!<\/h2>\n<div class=\"wpb_text_column wpb_content_element \">\n<div class=\"wpb_wrapper\">\n<p>Visita <a href=\"https:\/\/www.salzkraftwerk.at\/salzluft-in-oberoesterreich-ein-blick-auf-linz\/\" target=\"_blank\" rel=\"noopener\">el SalzKRAFTwerk en LINZ<\/a> a partir de noviembre de 2024 &#8211; SOLEUM ha fabricado en Linz las cabinas para esta nueva oferta de inhalaci\u00f3n.<br \/>\n\u00a1Prueba all\u00ed esta tecnolog\u00eda de alta calidad! <\/p>\n<p>Aqu\u00ed encontrar\u00e1s <a href=\"https:\/\/www.salzkraftwerk.at\/faq-zur-salzlufttherapie\/\" target=\"_blank\" rel=\"noopener\">preguntas y respuestas sobre la haloterapia y la terapia con sal en Linz<\/a>: <a href=\"https:\/\/www.salzkraftwerk.at\/faq-zur-salzlufttherapie\/\">Preguntas y respuestas<\/a>.<\/p>\n<\/div>\n<\/div>\n\t\t<\/div>\n\t\t\t\t\t<\/div>\n\n\t\n\n\t<div id=\"col-1666825296\" class=\"col medium-6 small-12 large-6\"  >\n\t\t\t\t<div class=\"col-inner\"  >\n\t\t\t\n\t\t\t\n\t<div class=\"img has-hover x md-x lg-x y md-y lg-y\" id=\"image_1957749662\">\n\t\t<a class=\"\" href=\"https:\/\/www.salzkraftwerk.at\/\" target=\"_blank\" rel=\"noopener\" >\t\t\t\t\t\t<div class=\"img-inner dark\" >\n\t\t\t<img loading=\"lazy\" decoding=\"async\" width=\"500\" height=\"115\" src=\"https:\/\/www.soleum.de\/wp-content\/uploads\/2024\/02\/Salzkraftwerk-Salzlufttherapie.png\" class=\"attachment-large size-large\" alt=\"Salzkraftwerk-Salzlufttherapie\" \/>\t\t\t\t\t\t\n\t\t\t\t\t<\/div>\n\t\t\t\t\t\t<\/a>\t\t\n<style>\n#image_1957749662 {\n  width: 100%;\n}\n<\/style>\n\t<\/div>\n\t\n\t\t<\/div>\n\t\t\t\t\t<\/div>\n\n\t\n<\/div>\n","protected":false},"excerpt":{"rendered":"<p>Halogenerador TS-MINI (salas de sal peque\u00f1as). Este dispositivo se utiliza en nuestras cabinas climatizadas marinas \/ cabinas de haloterapia.<\/p>\n","protected":false},"featured_media":32005,"template":"","meta":[],"product_brand":[],"product_cat":[6112],"product_tag":[6119,6118,6172,6175,6178,6176,6121,6113,6116,6122,3443,6117,6120,6177,3445,6174,6123,6173,3444],"class_list":{"0":"post-31993","1":"product","2":"type-product","3":"status-publish","4":"has-post-thumbnail","6":"product_cat-inhalacion-de-sales-secas-de-haloterapia","7":"product_tag-aliviar-los-problemas-de-asma","8":"product_tag-aliviar-los-problemas-pulmonares","9":"product_tag-cabina-de-haloterapia","10":"product_tag-cabinas-de-haloterapia","11":"product_tag-covid-largo","12":"product_tag-generador-de-sal-seca","13":"product_tag-halogenerador","14":"product_tag-haloterapia-es","15":"product_tag-haloterapia-en-casa","16":"product_tag-haloterapia-soleum-es","17":"product_tag-inhalacion-de-sal","18":"product_tag-inhalacion-de-sal-seca","19":"product_tag-inhalador-de-sal-seca","20":"product_tag-nebulizador-de-sal-seca","21":"product_tag-niebla-salina","22":"product_tag-pequenas-salas-de-sal","23":"product_tag-produccion-de-salzaerosol","24":"product_tag-sala-de-sal","25":"product_tag-tecnica-de-inhalacion-de-sal","26":"product_shipping_class-paket-10-31kg-es","28":"first","29":"instock","30":"taxable","31":"shipping-taxable","32":"purchasable","33":"product-type-simple"},"_links":{"self":[{"href":"https:\/\/www.soleum.de\/es\/wp-json\/wp\/v2\/product\/31993","targetHints":{"allow":["GET"]}}],"collection":[{"href":"https:\/\/www.soleum.de\/es\/wp-json\/wp\/v2\/product"}],"about":[{"href":"https:\/\/www.soleum.de\/es\/wp-json\/wp\/v2\/types\/product"}],"wp:featuredmedia":[{"embeddable":true,"href":"https:\/\/www.soleum.de\/es\/wp-json\/wp\/v2\/media\/32005"}],"wp:attachment":[{"href":"https:\/\/www.soleum.de\/es\/wp-json\/wp\/v2\/media?parent=31993"}],"wp:term":[{"taxonomy":"product_brand","embeddable":true,"href":"https:\/\/www.soleum.de\/es\/wp-json\/wp\/v2\/product_brand?post=31993"},{"taxonomy":"product_cat","embeddable":true,"href":"https:\/\/www.soleum.de\/es\/wp-json\/wp\/v2\/product_cat?post=31993"},{"taxonomy":"product_tag","embeddable":true,"href":"https:\/\/www.soleum.de\/es\/wp-json\/wp\/v2\/product_tag?post=31993"}],"curies":[{"name":"wp","href":"https:\/\/api.w.org\/{rel}","templated":true}]}}