{"id":32383,"date":"2024-11-03T17:48:09","date_gmt":"2024-11-03T16:48:09","guid":{"rendered":"https:\/\/www.soleum.de\/?post_type=product&#038;p=32383"},"modified":"2024-11-03T18:05:10","modified_gmt":"2024-11-03T17:05:10","slug":"venta-de-sofas-termicos-articulo-unico-kopie","status":"publish","type":"product","link":"https:\/\/www.soleum.de\/es\/shop\/piezas-moldeadas-en-bano-de-vapor\/venta-de-sofas-termicos-articulo-unico-kopie\/","title":{"rendered":"Venta de sof\u00e1s t\u00e9rmicos art\u00edculo \u00fanico (Kopie)"},"content":{"rendered":"<p>Venta de camilla de calentamiento, ROH sin azulejos, pieza \u00fanica<\/p>\n<p>Dimensiones: Longitud 215cm. Anchura 90 cm<\/p>\n<p>ya revestido con estera calefactora. El tubo de protecci\u00f3n del sensor ya est\u00e1 instalado.<\/p>\n<p>Precios ex f\u00e1brica Jard\u00edn de infancia, m\u00e1s IVA. Gastos de env\u00edo y 80,&#8211; EUR de gastos de embalaje (no aplicable para auto-recolectores)<\/p>\n","protected":false},"excerpt":{"rendered":"<p>Venta de camilla de calentamiento, ROH sin azulejos, pieza \u00fanica Dimensiones: Longitud 215cm. Anchura 90 cm ya revestido con estera calefactora. El tubo de protecci\u00f3n del sensor ya est\u00e1 instalado. Precios ex f\u00e1brica Jard\u00edn de infancia, m\u00e1s IVA. Gastos de env\u00edo y 80,&#8211; EUR de gastos de embalaje (no aplicable para auto-recolectores)<\/p>\n","protected":false},"featured_media":32427,"template":"","meta":[],"product_brand":[],"product_cat":[3987],"product_tag":[6303,6314,6307,6305,6317,6318,5718,5720,6311,6315,6301,6316,6309,6310,6313,6312],"class_list":{"0":"post-32383","1":"product","2":"type-product","3":"status-publish","4":"has-post-thumbnail","6":"product_cat-piezas-moldeadas-en-bano-de-vapor","7":"product_tag-bano-de-vapor-autoconstruido","8":"product_tag-bano-de-vapor-diy","9":"product_tag-bano-de-vapor-en-tu-propia-casa","10":"product_tag-bano-de-vapor-para-casa","11":"product_tag-cabina-de-vapor-de-bricolaje","12":"product_tag-cabina-de-vapor-para-casa","13":"product_tag-construccion-de-banos-de-vapor-diy","14":"product_tag-construya-su-propio-bano-turco","15":"product_tag-construya-usted-mismo-una-sauna-de-vapor","16":"product_tag-ducha-de-vapor-diy","17":"product_tag-kit-de-bano-de-vapor","18":"product_tag-kit-de-cabina-de-vapor","19":"product_tag-kit-de-ducha-de-vapor","20":"product_tag-kit-de-sauna-de-vapor","21":"product_tag-sauna-de-vapor","22":"product_tag-sauna-de-vapor-para-casa","23":"product_shipping_class-mercancias-voluminosas","25":"first","26":"instock","27":"taxable","28":"shipping-taxable","29":"purchasable","30":"product-type-simple"},"_links":{"self":[{"href":"https:\/\/www.soleum.de\/es\/wp-json\/wp\/v2\/product\/32383","targetHints":{"allow":["GET"]}}],"collection":[{"href":"https:\/\/www.soleum.de\/es\/wp-json\/wp\/v2\/product"}],"about":[{"href":"https:\/\/www.soleum.de\/es\/wp-json\/wp\/v2\/types\/product"}],"wp:featuredmedia":[{"embeddable":true,"href":"https:\/\/www.soleum.de\/es\/wp-json\/wp\/v2\/media\/32427"}],"wp:attachment":[{"href":"https:\/\/www.soleum.de\/es\/wp-json\/wp\/v2\/media?parent=32383"}],"wp:term":[{"taxonomy":"product_brand","embeddable":true,"href":"https:\/\/www.soleum.de\/es\/wp-json\/wp\/v2\/product_brand?post=32383"},{"taxonomy":"product_cat","embeddable":true,"href":"https:\/\/www.soleum.de\/es\/wp-json\/wp\/v2\/product_cat?post=32383"},{"taxonomy":"product_tag","embeddable":true,"href":"https:\/\/www.soleum.de\/es\/wp-json\/wp\/v2\/product_tag?post=32383"}],"curies":[{"name":"wp","href":"https:\/\/api.w.org\/{rel}","templated":true}]}}