{"id":32432,"date":"2024-11-04T07:42:33","date_gmt":"2024-11-04T06:42:33","guid":{"rendered":"https:\/\/www.soleum.de\/?post_type=product&#038;p=32432"},"modified":"2024-11-04T07:50:13","modified_gmt":"2024-11-04T06:50:13","slug":"venta-de-sofas-termicos-articulo-unico-kopie-kopie","status":"publish","type":"product","link":"https:\/\/www.soleum.de\/es\/shop\/piezas-moldeadas-en-bano-de-vapor\/venta-de-sofas-termicos-articulo-unico-kopie-kopie\/","title":{"rendered":"Kit de ba\u00f1o de vapor grupo de precios 2"},"content":{"rendered":"<h1>Kit de ba\u00f1o de vapor grupo de precios 2<\/h1>\n<h2>hasta dimensi\u00f3n aprox. L=(210-260cm) x A=(150-200cm)<\/h2>\n<p>&nbsp;<\/p>\n<p>BASIC PRO: es lo que llamamos un kit de cabina de vapor preproducido, con calefacci\u00f3n totalmente el\u00e9ctrica La planificaci\u00f3n individual del ba\u00f1o de vapor est\u00e1 incluida en el precio del kit. Nosotros fabricamos la cabina seg\u00fan el plano (revestimiento con esteras calefactoras, instalaci\u00f3n de sensores y desag\u00fces, tuber\u00edas vac\u00edas, perfiles de aluminio para la posterior instalaci\u00f3n del cristal, etc.) y tambi\u00e9n la instalamos completamente una vez.<br \/>\nEsto nos permite comprobar las dimensiones y asegurarnos de que todo encaja en tu obra. <\/p>\n<p>&nbsp;<\/p>\n<p>Los tejados abovedados est\u00e1n disponibles con un recargo de 240 euros sin IVA por metro cuadrado.<\/p>\n\t<div class=\"box has-hover   has-hover box-text-bottom\" >\n\n\t\t<div class=\"box-image\" >\n\t\t\t\t\t\t<div class=\"\" >\n\t\t\t\t<img loading=\"lazy\" decoding=\"async\" width=\"1000\" height=\"1401\" src=\"https:\/\/www.soleum.de\/wp-content\/uploads\/2019\/03\/Soleum-Bausatz-aufgestellt-2.jpg\" class=\"attachment- size-\" alt=\"\" srcset=\"https:\/\/www.soleum.de\/wp-content\/uploads\/2019\/03\/Soleum-Bausatz-aufgestellt-2.jpg 1000w, https:\/\/www.soleum.de\/wp-content\/uploads\/2019\/03\/Soleum-Bausatz-aufgestellt-2-286x400.jpg 286w, https:\/\/www.soleum.de\/wp-content\/uploads\/2019\/03\/Soleum-Bausatz-aufgestellt-2-768x1076.jpg 768w, https:\/\/www.soleum.de\/wp-content\/uploads\/2019\/03\/Soleum-Bausatz-aufgestellt-2-571x800.jpg 571w, https:\/\/www.soleum.de\/wp-content\/uploads\/2019\/03\/Soleum-Bausatz-aufgestellt-2-510x715.jpg 510w\" sizes=\"auto, (max-width: 1000px) 100vw, 1000px\" \/>\t\t\t\t\t\t\t\t\t\t\t<\/div>\n\t\t\t\t\t<\/div>\n\n\t\t<div class=\"box-text text-center is-large\" >\n\t\t\t<div class=\"box-text-inner\">\n\t\t\t\t\n<div class=\"container section-title-container\" ><h3 class=\"section-title section-title-normal\"><b aria-hidden=\"true\"><\/b><span class=\"section-title-main\" >Serie de im\u00e1genes en la obra:<\/span><b aria-hidden=\"true\"><\/b><\/h3><\/div>\n<h2>EJEMPLO DE FOTO DE UN KIT DE BA\u00d1O TURCO<\/h2>\n<p>Aqu\u00ed puedes ver un ejemplo de kit para instalaci\u00f3n in situ (in situ). Las superficies de las paredes y las zonas de asiento se calientan el\u00e9ctricamente (circuitos de calefacci\u00f3n independientes).<\/p>\n\t<div class=\"img has-hover x md-x lg-x y md-y lg-y\" id=\"image_1247474667\">\n\t\t\t\t\t\t\t\t<div class=\"img-inner dark\" >\n\t\t\t<img loading=\"lazy\" decoding=\"async\" width=\"1000\" height=\"750\" src=\"https:\/\/www.soleum.de\/wp-content\/uploads\/2019\/03\/Soleum-rohkabine-auf-Baustelle-aufgestellt.jpg\" class=\"attachment-large size-large\" alt=\"\" srcset=\"https:\/\/www.soleum.de\/wp-content\/uploads\/2019\/03\/Soleum-rohkabine-auf-Baustelle-aufgestellt.jpg 1000w, https:\/\/www.soleum.de\/wp-content\/uploads\/2019\/03\/Soleum-rohkabine-auf-Baustelle-aufgestellt-533x400.jpg 533w, https:\/\/www.soleum.de\/wp-content\/uploads\/2019\/03\/Soleum-rohkabine-auf-Baustelle-aufgestellt-768x576.jpg 768w, https:\/\/www.soleum.de\/wp-content\/uploads\/2019\/03\/Soleum-rohkabine-auf-Baustelle-aufgestellt-510x383.jpg 510w\" sizes=\"auto, (max-width: 1000px) 100vw, 1000px\" \/>\t\t\t\t\t\t\n\t\t\t\t\t<\/div>\n\t\t\t\t\t\t\t\t\n<style>\n#image_1247474667 {\n  width: 100%;\n}\n<\/style>\n\t<\/div>\n\t\n\t<div id=\"gap-397608155\" class=\"gap-element clearfix\" style=\"display:block; height:auto;\">\n\t\t\n<style>\n#gap-397608155 {\n  padding-top: 30px;\n}\n<\/style>\n\t<\/div>\n\t\n\t\t\t<\/div>\n\t\t<\/div>\n\t<\/div>\n\t\n\t<div id=\"gap-1428357072\" class=\"gap-element clearfix\" style=\"display:block; height:auto;\">\n\t\t\n<style>\n#gap-1428357072 {\n  padding-top: 30px;\n}\n<\/style>\n\t<\/div>\n\t\n\t<div class=\"img has-hover x md-x lg-x y md-y lg-y\" id=\"image_269013027\">\n\t\t\t\t\t\t\t\t<div class=\"img-inner dark\" >\n\t\t\t<img loading=\"lazy\" decoding=\"async\" width=\"600\" height=\"800\" src=\"https:\/\/www.soleum.de\/wp-content\/uploads\/2019\/03\/Soleum-rohkabine-auf-Baustelle-aufgestellt-1-600x800.jpg\" class=\"attachment-large size-large\" alt=\"\" srcset=\"https:\/\/www.soleum.de\/wp-content\/uploads\/2019\/03\/Soleum-rohkabine-auf-Baustelle-aufgestellt-1-600x800.jpg 600w, https:\/\/www.soleum.de\/wp-content\/uploads\/2019\/03\/Soleum-rohkabine-auf-Baustelle-aufgestellt-1-300x400.jpg 300w, https:\/\/www.soleum.de\/wp-content\/uploads\/2019\/03\/Soleum-rohkabine-auf-Baustelle-aufgestellt-1-510x680.jpg 510w, https:\/\/www.soleum.de\/wp-content\/uploads\/2019\/03\/Soleum-rohkabine-auf-Baustelle-aufgestellt-1.jpg 750w\" sizes=\"auto, (max-width: 600px) 100vw, 600px\" \/>\t\t\t\t\t\t\n\t\t\t\t\t<\/div>\n\t\t\t\t\t\t\t\t\n<style>\n#image_269013027 {\n  width: 100%;\n}\n<\/style>\n\t<\/div>\n\t\n<div id=\"portfolio-77710108\" class=\"portfolio-element-wrapper has-filtering\">\n  \n    <div id=\"portfolio-77710108\" class=\"slider slider-auto-height row-collapse slider-nav-reveal\" data-flickity-options='{&quot;imagesLoaded&quot;: true, &quot;dragThreshold&quot; : 5, &quot;cellAlign&quot;: &quot;left&quot;,&quot;wrapAround&quot;: true,&quot;prevNextButtons&quot;: true,&quot;percentPosition&quot;: true,&quot;pageDots&quot;: false, &quot;rightToLeft&quot;: false, &quot;autoPlay&quot; : false}'>\n\n    <div class=\"col\" data-terms=\"[&quot;Ba\u00f1o de vapor con asientos&quot;]\" >\n          <div class=\"col-inner\" >\n          <a href=\"https:\/\/www.soleum.de\/es\/featured_item\/bano-de-vapor-alemania\/\" class=\"plain \">\n          <div class=\"portfolio-box box has-hover box-default\">\n            <div class=\"box-image\" >\n                <div class=\"image-cover\" style=\"padding-top:100%;\">\n                <img loading=\"lazy\" decoding=\"async\" width=\"533\" height=\"400\" src=\"https:\/\/www.soleum.de\/wp-content\/uploads\/2019\/12\/SOLEUM-Dampfbad-Deutschland-006-533x400.jpg\" class=\"attachment-medium size-medium\" alt=\"\" srcset=\"https:\/\/www.soleum.de\/wp-content\/uploads\/2019\/12\/SOLEUM-Dampfbad-Deutschland-006-533x400.jpg 533w, https:\/\/www.soleum.de\/wp-content\/uploads\/2019\/12\/SOLEUM-Dampfbad-Deutschland-006-768x576.jpg 768w, https:\/\/www.soleum.de\/wp-content\/uploads\/2019\/12\/SOLEUM-Dampfbad-Deutschland-006-510x383.jpg 510w, https:\/\/www.soleum.de\/wp-content\/uploads\/2019\/12\/SOLEUM-Dampfbad-Deutschland-006.jpg 800w\" sizes=\"auto, (max-width: 533px) 100vw, 533px\" \/>                                                <\/div>\n            <\/div>\n            <div class=\"box-text text-center\" >\n                  <div class=\"box-text-inner\">\n                      <h6 class=\"uppercase portfolio-box-title\">Ba\u00f1o de vapor Alemania<\/h6>\n                      <p class=\"uppercase portfolio-box-category is-xsmall op-6\">\n                        <span class=\"show-on-hover\">\n                         Ba\u00f1o de vapor con asientos                        <\/span>\n                      <\/p>\n                  <\/div>\n            <\/div>\n           <\/div>\n           <\/a>\n           <\/div>\n           <\/div><\/div><\/div>\n","protected":false},"excerpt":{"rendered":"<p>Kit de ba\u00f1o de vapor Precio grupo 2: hasta dimensiones aprox. L=(210-260cm) x A=(150-200cm) .<\/p>\n","protected":false},"featured_media":32427,"template":"","meta":[],"product_brand":[],"product_cat":[3987],"product_tag":[6303,6314,6307,6305,6317,6318,5718,5720,6311,6315,6301,6316,6309,6310,6313,6312],"class_list":{"0":"post-32432","1":"product","2":"type-product","3":"status-publish","4":"has-post-thumbnail","6":"product_cat-piezas-moldeadas-en-bano-de-vapor","7":"product_tag-bano-de-vapor-autoconstruido","8":"product_tag-bano-de-vapor-diy","9":"product_tag-bano-de-vapor-en-tu-propia-casa","10":"product_tag-bano-de-vapor-para-casa","11":"product_tag-cabina-de-vapor-de-bricolaje","12":"product_tag-cabina-de-vapor-para-casa","13":"product_tag-construccion-de-banos-de-vapor-diy","14":"product_tag-construya-su-propio-bano-turco","15":"product_tag-construya-usted-mismo-una-sauna-de-vapor","16":"product_tag-ducha-de-vapor-diy","17":"product_tag-kit-de-bano-de-vapor","18":"product_tag-kit-de-cabina-de-vapor","19":"product_tag-kit-de-ducha-de-vapor","20":"product_tag-kit-de-sauna-de-vapor","21":"product_tag-sauna-de-vapor","22":"product_tag-sauna-de-vapor-para-casa","23":"product_shipping_class-mercancias-voluminosas","25":"first","26":"instock","27":"taxable","28":"shipping-taxable","29":"purchasable","30":"product-type-simple"},"_links":{"self":[{"href":"https:\/\/www.soleum.de\/es\/wp-json\/wp\/v2\/product\/32432","targetHints":{"allow":["GET"]}}],"collection":[{"href":"https:\/\/www.soleum.de\/es\/wp-json\/wp\/v2\/product"}],"about":[{"href":"https:\/\/www.soleum.de\/es\/wp-json\/wp\/v2\/types\/product"}],"wp:featuredmedia":[{"embeddable":true,"href":"https:\/\/www.soleum.de\/es\/wp-json\/wp\/v2\/media\/32427"}],"wp:attachment":[{"href":"https:\/\/www.soleum.de\/es\/wp-json\/wp\/v2\/media?parent=32432"}],"wp:term":[{"taxonomy":"product_brand","embeddable":true,"href":"https:\/\/www.soleum.de\/es\/wp-json\/wp\/v2\/product_brand?post=32432"},{"taxonomy":"product_cat","embeddable":true,"href":"https:\/\/www.soleum.de\/es\/wp-json\/wp\/v2\/product_cat?post=32432"},{"taxonomy":"product_tag","embeddable":true,"href":"https:\/\/www.soleum.de\/es\/wp-json\/wp\/v2\/product_tag?post=32432"}],"curies":[{"name":"wp","href":"https:\/\/api.w.org\/{rel}","templated":true}]}}