{"id":29264,"date":"2016-10-02T19:12:28","date_gmt":"2016-10-02T17:12:28","guid":{"rendered":"https:\/\/www.soleum.de\/shop\/non%20class\u00e9\/nebulisation-de-saumure-pour-hammam\/"},"modified":"2024-02-23T16:31:26","modified_gmt":"2024-02-23T15:31:26","slug":"nebulisation-de-saumure-pour-hammam","status":"publish","type":"product","link":"https:\/\/www.soleum.de\/fr\/shop\/nebulisation-de-solene\/nebulisation-de-saumure-pour-hammam\/","title":{"rendered":"N\u00e9bulisation de saumure pour hammam"},"content":{"rendered":"<section id=\"pd-left\">\n<figure id=\"pd-gallery-small\" class=\"smart-gallery\" data-id=\"76\">\n<div class=\"sg-image-wrapper\">\n<h1 class=\"sg-image\"><span id=\"product_name\">Vous souhaitez acheter un brumisateur d&rsquo;eau sal\u00e9e pour hammam ?  <\/span><\/h1>\n<div class=\"sg-image\"><span id=\"product_name\">Alors nous avons le bon <span style=\"color: #0000ff;\">produit INTENSIF<\/span> pour vous ! <\/span><span id=\"product_name\">Notre syst\u00e8me de n\u00e9bulisation de saumure ne vaporise pas seulement une solution de saumure, mais aussi diff\u00e9rentes sortes de th\u00e9 !<\/span><\/div>\n<p><iframe loading=\"lazy\" src=\"https:\/\/www.youtube.com\/embed\/98aPwzbqq6Q?rel=0\" width=\"640\" height=\"360\" frameborder=\"0\" allowfullscreen=\"allowfullscreen\"><\/iframe><br \/>\n<iframe loading=\"lazy\" src=\"https:\/\/www.youtube.com\/embed\/JVefCVRF-X8?rel=0\" width=\"640\" height=\"360\" frameborder=\"0\" allowfullscreen=\"allowfullscreen\"><\/iframe><br \/>\nDans la vid\u00e9o ci-dessous, vous pouvez voir la n\u00e9bulisation intensive de sel de SOLEUM GmbH. <span style=\"font-size: 160%;\">Observez le temps tr\u00e8s court (\u00e0 partir d&rsquo;une minute !)<\/span> qu&rsquo;il faut pour qu&rsquo;un brouillard de saumure extr\u00eame se forme dans tout le bain de vapeur.<\/p>\n<p>En <strong>3 minutes environ<\/strong>, tout le bain de vapeur est d\u00e9j\u00e0 envelopp\u00e9 d&rsquo;une fine brume de sol. Le r\u00e9cipient en acier inoxydable peut contenir 1 litre de solution saline (1-3%) ou m\u00eame du th\u00e9. On peut aussi mettre le sel directement dans le th\u00e9 et ainsi vaporiser les deux !<br \/>\n<iframe loading=\"lazy\" src=\"https:\/\/www.youtube.com\/embed\/zGBd8YDn4jQ?rel=0\" width=\"640\" height=\"360\" frameborder=\"0\" allowfullscreen=\"allowfullscreen\"><\/iframe><\/p>\n<div class=\"sg-image\"><\/div>\n<\/div>\n<\/figure>\n<\/section>\n<section id=\"pd-right\">\n<h2 class=\"page-title al page-title-larger\"><span id=\"product_name\">Ainsi, notre n\u00e9bulisation de saumure pour hammam peut \u00e9galement \u00eatre utilis\u00e9e comme technique d&rsquo;inhalation de th\u00e9 pour votre hammam ou votre douche \u00e0 vapeur.<br \/>\n<\/span><\/h2>\n<h2><span style=\"font-size: large;\">Vous avez d\u00e9j\u00e0 une douche \u00e0 vapeur ou un bain de vapeur et vous ne voulez pas renoncer aux avantages de la n\u00e9bulisation d&rsquo;eau saline ? Avec ce vaporisateur haute performance, vous pouvez transformer votre bain de vapeur en \u00ab\u00a0bain de vapeur de saumure\u00a0\u00bb ou en SOLEUM. On parle toujours de bains de vapeur de saumure, mais la saumure ne peut \u00e9videmment pas \u00eatre transport\u00e9e avec la vapeur, elle est seulement \u00ab\u00a0vaporis\u00e9e\u00a0\u00bb ou \u00ab\u00a0pulv\u00e9ris\u00e9e\u00a0\u00bb.<br \/>\n<\/span><\/h2>\n<p>Commandez ici tout simplement notre <b>kit de mise \u00e0 niveau pour la n\u00e9bulisation SOLE et faites du bien \u00e0 votre sant\u00e9 ! <\/b> <\/p>\n<p>Cependant, si vous avez<b> <\/b><span id=\"product_name\">Si vous souhaitez acheter une technique d&rsquo;inhalation de saumure, informez-vous bien sur la technique. Il y a la n\u00e9bulisation de saumure avec n\u00e9buliseur \u00e0 ultrasons (brouillard fin et faible, syst\u00e8me comme la coupe \u00e0 brouillard) ou notre syst\u00e8me de n\u00e9bulisation de saumure par air comprim\u00e9 (tr\u00e8s intense !). En 20 minutes environ, un litre entier est n\u00e9bulis\u00e9 !! et on ne voit m\u00eame plus l&rsquo;int\u00e9rieur du hammam !!!).  <\/span><\/p>\n<p><span id=\"product_name\">Notre <strong>syst\u00e8me SANS MICROSPHERE<\/strong> est si intense qu&rsquo;il N&rsquo;EST PAS APPROPRIE pour les cabines infrarouges et les saunas (nous n&rsquo;en donnons pas la garantie). MAIS pour les hammams et les douches \u00e0 vapeur, notre technique d&rsquo;inhalation d&rsquo;eau sal\u00e9e est parfaitement adapt\u00e9e.<br \/>\n<\/span><\/p>\n<h2 class=\"page-title al page-title-larger\"><span id=\"product_name\">Technique de n\u00e9bulisation de saumure <\/span><b>acheter des produits : Br\u00e8ve description<br \/>\n<\/b><\/h2>\n<p>La particularit\u00e9 r\u00e9side dans la production de <u>brouillard solaire (ou teenebel)<\/u>. Il est \u00e9galement possible de n\u00e9buliser des tisanes m\u00e9dicinales achet\u00e9es en pharmacie, ce qui fait de ce nouveau produit une cabine d&rsquo;inhalation tout \u00e0 fait priv\u00e9e.<br \/>\nLa saumure n\u00e9bulis\u00e9e ne fait pas seulement du bien \u00e0 la respiration. Le sel sur la peau renforce la transpiration et l&rsquo;\u00e9limination des toxines. La peau est effectivement nettoy\u00e9e en profondeur, soign\u00e9e et le sel d\u00e9pos\u00e9 a un effet extr\u00eamement positif sur les peaux \u00e0 probl\u00e8mes.<br \/>\nEn m\u00eame temps, elle constitue une protection naturelle et soutient le manteau protecteur acide de la peau.<\/p>\n<p><strong><br \/>\n  <u>Contenu de la livraison :<\/u><br \/>\n<\/strong> Compresseur de n\u00e9bulisation d&rsquo;eau sal\u00e9e (n\u00e9bulisation d&rsquo;eau sal\u00e9e pour hammam), buse de n\u00e9bulisation, tuyau d&rsquo;air bleu de 5 m, r\u00e9servoir en inox, sans commande (utiliser par ex. son propre interrupteur)<\/p>\n<p>Le montage est simple ! En principe, vous vous faites une prise \u00ab\u00a0commut\u00e9e\u00a0\u00bb (par exemple via un interrupteur devant la cabine).<br \/>\nLe raccordement \u00e9lectrique doit \u00eatre effectu\u00e9 par un \u00e9lectricien agr\u00e9\u00e9.<\/p>\n<p>Si vous souhaitez ajouter la technique d&rsquo;inhalation \u00e0 une date ult\u00e9rieure, c&rsquo;est tr\u00e8s simple ! Il s&rsquo;agit de quelques \u00e9tapes :<\/p>\n<p>Il vous suffit<br \/>\n1) percer un trou de 25 mm dans le plafond (c&rsquo;est l\u00e0 que sera plac\u00e9e la future buse de n\u00e9bulisation &#8211; voir image ci-dessous)<br \/>\n2) monter une pi\u00e8ce d&rsquo;appui pour le r\u00e9servoir de saumure au mur (non compris dans la livraison, par exemple une estrade en verre).<br \/>\n4) Relier le groupe de n\u00e9bulisation \u00e0 la buse de n\u00e9bulisation \u00e0 l&rsquo;aide du tuyau d&rsquo;air fourni.<br \/>\n5) Siliconer la buse au plafond<\/p>\n<p>Le compresseur de n\u00e9bulisation pourrait \u00eatre positionn\u00e9 \u00e0 10 m de l\u00e0. La longueur du tuyau d&rsquo;air fourni est de 5m. Si vous avez besoin d&rsquo;une ligne plus longue, veuillez l&rsquo;indiquer lors de votre commande !<\/p>\n<p><strong>La mise en marche ou l&rsquo;arr\u00eat se fait soit :<\/strong><\/p>\n<ul>\n<li style=\"list-style-type: none;\">\n<ul>\n<li>avec prise radio<\/li>\n<li>avec interrupteur marche\/arr\u00eat normal devant la cabine (non fourni)<\/li>\n<li>avec interrupteur en acier inoxydable et relais 12V DANS la cabine (suppl\u00e9ment de prix)<\/li>\n<\/ul>\n<\/li>\n<\/ul>\n<p>Le compresseur doit \u00eatre raccord\u00e9 par un \u00e9lectricien.<\/p>\n<\/section>\n<h2>Vous pouvez \u00e9galement utiliser la technique de pulv\u00e9risation de saumure \u00e0 merveille pour l&rsquo;inhalation de saumure pour les chevaux !<\/h2>\n\n  \n    <div class=\"row large-columns-2 medium-columns-1 small-columns-1 row-full-width\" >\n  <div class=\"col post-item\" >\n\t\t\t<div class=\"col-inner\">\n\t\t\t\t<div class=\"box box-normal box-text-bottom box-blog-post has-hover\">\n            \t\t\t\t\t<div class=\"box-image\" >\n  \t\t\t\t\t\t<div class=\"image-cover\" style=\"padding-top:56.25%;\">\n\t\t\t\t\t\t\t<a href=\"https:\/\/www.soleum.de\/fr\/inhalation-de-saumure-pour-chevaux-inhalation-pour-chevaux\/\" class=\"plain\" aria-label=\"Inhalation de saumure pour chevaux &#8211; Inhalation pour chevaux\">\n\t\t\t\t\t\t\t\t<img loading=\"lazy\" decoding=\"async\" width=\"298\" height=\"400\" src=\"https:\/\/www.soleum.de\/wp-content\/uploads\/2018\/07\/Sole-Inhalation-Pferd-298x400.jpg\" class=\"attachment-medium size-medium wp-post-image\" alt=\"\" srcset=\"https:\/\/www.soleum.de\/wp-content\/uploads\/2018\/07\/Sole-Inhalation-Pferd-298x400.jpg 298w, https:\/\/www.soleum.de\/wp-content\/uploads\/2018\/07\/Sole-Inhalation-Pferd-510x684.jpg 510w, https:\/\/www.soleum.de\/wp-content\/uploads\/2018\/07\/Sole-Inhalation-Pferd.jpg 594w\" sizes=\"auto, (max-width: 298px) 100vw, 298px\" \/>\t\t\t\t\t\t\t<\/a>\n  \t\t\t\t\t\t\t  \t\t\t\t\t\t\t  \t\t\t\t\t\t<\/div>\n  \t\t\t\t\t\t  \t\t\t\t\t<\/div>\n          \t\t\t\t\t<div class=\"box-text text-center\" >\n\t\t\t\t\t<div class=\"box-text-inner blog-post-inner\">\n\n\t\t\t\t\t\n\t\t\t\t\t\t\t\t\t\t<h5 class=\"post-title is-large \">\n\t\t\t\t\t\t<a href=\"https:\/\/www.soleum.de\/fr\/inhalation-de-saumure-pour-chevaux-inhalation-pour-chevaux\/\" class=\"plain\">Inhalation de saumure pour chevaux &#8211; Inhalation pour chevaux<\/a>\n\t\t\t\t\t<\/h5>\n\t\t\t\t\t\t\t\t\t\t<div class=\"is-divider\"><\/div>\n\t\t\t\t\t\t\t\t\t\t<p class=\"from_the_blog_excerpt \">\n\t\t\t\t\t\tInhalation de saumure pour chevaux &#8211; avec le n\u00e9buliseur de saumure de Soleum GmbH Inhalation [...]\t\t\t\t\t<\/p>\n\t\t\t\t\t                    \n\t\t\t\t\t\n\t\t\t\t\t\n\t\t\t\t\t<\/div>\n\t\t\t\t\t<\/div>\n\t\t\t\t\t\t\t\t\t\t\t\t\t\t\t\t<div class=\"badge absolute top post-date badge-outline\">\n\t\t\t\t\t\t\t<div class=\"badge-inner\">\n\t\t\t\t\t\t\t\t<span class=\"post-date-day\">31<\/span><br>\n\t\t\t\t\t\t\t\t<span class=\"post-date-month is-xsmall\">Juil<\/span>\n\t\t\t\t\t\t\t<\/div>\n\t\t\t\t\t\t<\/div>\n\t\t\t\t\t\t\t\t\t<\/div>\n\t\t\t<\/div>\n\t\t<\/div><\/div>\n","protected":false},"excerpt":{"rendered":"<p><span id=\"product_name\">Notre syst\u00e8me de n\u00e9bulisation de saumure (syst\u00e8me d&rsquo;inhalation) pour hammams et douches \u00e0 vapeur vous permet de n\u00e9buliser une solution de saumure ainsi que diff\u00e9rentes tisanes m\u00e9dicinales. <\/span>Votre hammam ou douche \u00e0 vapeur devient ainsi une cabine d&rsquo;inhalation priv\u00e9e &#8211; nous avons le syst\u00e8me de n\u00e9bulisation de saumure le plus performant pour hammam !<\/p>\n","protected":false},"featured_media":10479,"template":"","meta":[],"product_brand":[],"product_cat":[3413,3412],"product_tag":[3427,3429,3428,3417,3421,3430,3434,3431,3420,3432,3415,3436,3414,3422,3424,3418,3426,3439,3419,3416,3433,3438],"class_list":{"0":"post-29264","1":"product","2":"type-product","3":"status-publish","4":"has-post-thumbnail","6":"product_cat-nebulisation-de-solene","7":"product_cat-technique-de-bain-de-vapeur","8":"product_tag-bain-de-vapeur-deau-salee","9":"product_tag-bains-deau-saline","10":"product_tag-bains-de-vapeur-deau-salee","11":"product_tag-brouillard-salin","12":"product_tag-brouillard-solaire","13":"product_tag-compresseur-deau-glycolee","14":"product_tag-inhalation-cheval","15":"product_tag-inhalation-dans-un-bain-de-vapeur","16":"product_tag-inhalation-de-saumure","17":"product_tag-inhalation-de-saumure-pour-chevaux","18":"product_tag-inhalation-de-sel","19":"product_tag-inhalation-pour-chevaux","20":"product_tag-inhaler","21":"product_tag-nebulisation-de-saumure","22":"product_tag-nebulisation-de-saumure-pour-hammam","23":"product_tag-nebulisation-de-sel","24":"product_tag-solegenerator-fr","25":"product_tag-solenometre","26":"product_tag-technique-dinhalation-de-la-saumure","27":"product_tag-technique-dinhalation-de-sel","28":"product_tag-technique-de-pulverisation-de-saumure","29":"product_tag-therapie-par-la-saumure","30":"product_shipping_class-paquet-de-5-a-10-kg","32":"first","33":"instock","34":"taxable","35":"shipping-taxable","36":"purchasable","37":"product-type-simple"},"_links":{"self":[{"href":"https:\/\/www.soleum.de\/fr\/wp-json\/wp\/v2\/product\/29264","targetHints":{"allow":["GET"]}}],"collection":[{"href":"https:\/\/www.soleum.de\/fr\/wp-json\/wp\/v2\/product"}],"about":[{"href":"https:\/\/www.soleum.de\/fr\/wp-json\/wp\/v2\/types\/product"}],"wp:featuredmedia":[{"embeddable":true,"href":"https:\/\/www.soleum.de\/fr\/wp-json\/wp\/v2\/media\/10479"}],"wp:attachment":[{"href":"https:\/\/www.soleum.de\/fr\/wp-json\/wp\/v2\/media?parent=29264"}],"wp:term":[{"taxonomy":"product_brand","embeddable":true,"href":"https:\/\/www.soleum.de\/fr\/wp-json\/wp\/v2\/product_brand?post=29264"},{"taxonomy":"product_cat","embeddable":true,"href":"https:\/\/www.soleum.de\/fr\/wp-json\/wp\/v2\/product_cat?post=29264"},{"taxonomy":"product_tag","embeddable":true,"href":"https:\/\/www.soleum.de\/fr\/wp-json\/wp\/v2\/product_tag?post=29264"}],"curies":[{"name":"wp","href":"https:\/\/api.w.org\/{rel}","templated":true}]}}