{"id":29291,"date":"2016-07-06T10:47:34","date_gmt":"2016-07-06T08:47:34","guid":{"rendered":"https:\/\/www.soleum.de\/shop\/non%20class\u00e9\/generateur-de-vapeur-sol-steam-plus\/"},"modified":"2024-02-23T16:33:10","modified_gmt":"2024-02-23T15:33:10","slug":"generateur-de-vapeur-sol-steam-plus","status":"publish","type":"product","link":"https:\/\/www.soleum.de\/fr\/shop\/generateurs-de-vapeur\/generateur-de-vapeur-sol-steam-plus\/","title":{"rendered":"G\u00e9n\u00e9rateur de vapeur SOL-Steam PLUS"},"content":{"rendered":"  <div id=\"page-header-198100835\" class=\"page-header-wrapper\">\n  <div class=\"page-title dark featured-title\">\n\n        <div class=\"page-title-bg\">\n      <div class=\"title-bg fill bg-fill\"\n        data-parallax-container=\".page-title\"\n        data-parallax-background\n        data-parallax=\"-\">\n      <\/div>\n      <div class=\"title-overlay fill\"><\/div>\n    <\/div>\n    \n    <div class=\"page-title-inner container align-center flex-row medium-flex-wrap\" >\n              <div class=\"title-wrapper flex-col text-left medium-text-center\">\n          <h1 class=\"entry-title mb-0\">\n            G\u00e9n\u00e9rateur de vapeur SOL-Steam PLUS          <\/h1>\n        <\/div>\n                    <div class=\"title-content flex-col flex-right text-right medium-text-center\">\n        <div class=\"title-breadcrumbs pb-half pt-half\"><nav class=\"woocommerce-breadcrumb breadcrumbs uppercase\" aria-label=\"Breadcrumb\">Accueil<\/nav><\/div>      <\/div>\n    <\/div>\n\n     \n<style>\n#page-header-198100835 .title-bg {\n  background-image: url(https:\/\/www.soleum.de\/wp-content\/uploads\/2016\/12\/elektrodendampfgenerator-solsteam_soleum.jpg);\n}\n<\/style>\n  <\/div>\n    <\/div>\n  \n<h1>G\u00e9n\u00e9rateur de vapeur SOL-Steam PLUS &#8211; le choix parfait pour les hammams priv\u00e9s et professionnels<\/h1>\n<div>\n<p class=\"font_8\">Le g\u00e9n\u00e9rateur de vapeur SOL-Steam PLUS devrait faire partie int\u00e9grante de la technique de bain de vapeur que vous souhaitez utiliser. Il existe ce g\u00e9n\u00e9rateur de vapeur \u00e0 \u00e9lectrodes pour les petites cabines \u00e0 vapeur et les hammams plus grands.<\/p>\n<p class=\"font_8\">Qu&rsquo;il s&rsquo;agisse de hammams professionnels ou de hammams et douches \u00e0 vapeur priv\u00e9s, avec une technique normale de barre chauffante ou avec une technique \u00e0 \u00e9lectrodes de haute qualit\u00e9 (g\u00e9n\u00e9rateur de vapeur \u00e0 \u00e9lectrodes).<\/p>\n<p class=\"font_8\">Un appareil \u00e0 vapeur haut de gamme dot\u00e9 de la technologie des \u00e9lectrodes vous garantit des ann\u00e9es de plaisir \u00e0 prendre des bains de vapeur &#8211; on ne peut pas en dire autant des g\u00e9n\u00e9rateurs de vapeur fabriqu\u00e9s en Chine.<\/p>\n<p class=\"font_8\"><em>\u00ab\u00a0Nous ne vous fournissons pas seulement la technique du hammam, mais aussi la cabine compl\u00e8te (modules SPA ou montage de la cabine compl\u00e8te). Nous sommes fabricants de hammams depuis de nombreuses ann\u00e9es et produisons depuis de nombreuses ann\u00e9es exclusivement des hammams de toutes les formes souhait\u00e9es\u00a0\u00bb.<\/em><\/p>\n<div class=\"message-box relative dark\" style=\"padding-top:15px;padding-bottom:15px;\"><div class=\"message-box-bg-image bg-fill fill\" ><\/div><div class=\"message-box-bg-overlay bg-fill fill\" ><\/div><div class=\"container relative\"><div class=\"inner last-reset\">\n<div class=\"row align-middle align-center\"  id=\"row-985135925\">\n\n\t<div id=\"col-2010624432\" class=\"col medium-9 small-12 large-9\"  >\n\t\t\t\t<div class=\"col-inner\"  >\n\t\t\t\n\t\t\t\n<p>LA BONNE TECHNIQUE DE BAIN DE VAPEUR EST D\u00c9CISIVE POUR VOTRE PLAISIR DE BIEN-\u00caTRE \u00c0 LONG TERME<\/p>\n\t\t<\/div>\n\t\t\t\t\t<\/div>\n\n\t\n\n\t<div id=\"col-585648468\" class=\"col medium-2 small-12 large-2\"  >\n\t\t\t\t<div class=\"col-inner text-center\"  >\n\t\t\t\n\t\t\t\n<a href=\"https:\/\/www.dampfbad.at\/dampfgenerator\/\" target=\"_blank\" class=\"button white is-outline\" rel=\"noopener\" style=\"border-radius:99px;\">\n\t\t<span>plus d&#039;infos<\/span>\n\t<\/a>\n\n\t\t<\/div>\n\t\t\t\t\t<\/div>\n\n\t\n<\/div>\n<\/div><\/div><\/div>\n<\/div>\n<div><\/div>\n<div><strong>Le g\u00e9n\u00e9rateur de vapeur \u00e0 \u00e9lectrodes SOL-Steam PLUS <\/strong>est le fruit d&rsquo;une longue exp\u00e9rience dans le domaine de la technique de commande \u00e9lectronique : convivialit\u00e9, pr\u00e9cision de r\u00e9glage, fiabilit\u00e9 de l&rsquo;\u00e9lectronique, logiciel de commande complet et sophistiqu\u00e9 et performances \u00e9lev\u00e9es.<br \/>\nLa vaste gamme d&rsquo;<strong>humidificateurs \u00e0 \u00e9lectrodes immerg\u00e9es SOL-Steam<\/strong> comprend des mod\u00e8les d&rsquo;une capacit\u00e9 allant de 1,5 \u00e0 130 kg\/h. Les mod\u00e8les \u00e0 <strong>\u00e9lectrodes immerg\u00e9es SOL-Steam<\/strong> sont disponibles dans une large gamme de tailles.<\/div>\n<div>Tous les mod\u00e8les ne sont pas disponibles dans la boutique mais peuvent \u00eatre livr\u00e9s par nos soins &#8211; veuillez nous contacter pour des d\u00e9bits de vapeur plus importants.<\/div>\n<div><\/div>\n<h2>Donn\u00e9es techniques<\/h2>\n<div>\n<div>L x P x H = 365 x 275 x 712mm<\/div>\n<div>Poids : 13,5kg<br \/>\nTension : 400V<br \/>\nRaccord vapeur : Dm30mm<\/div>\n<div>Pression de vapeur : 0&#8230;1300 Pa<\/div>\n<\/div>\n<div><\/div>\n<h2>Contenu de la livraison<\/h2>\n<div>\n<div>\n<div>Le g\u00e9n\u00e9rateur de vapeur SOL-Steam PLUS comprend un kit de raccordement avec ~0,5 m de tuyau \u00e0 vapeur et des \u00e9l\u00e9ments de connexion, ainsi qu&rsquo;une sonde avec 6 m de c\u00e2ble !<\/div>\n<\/div>\n<div>Les conduites de raccordement (arriv\u00e9e d&rsquo;eau, \u00e9coulement d&rsquo;eau et conduite de vapeur) ainsi que la buse \u00e0 vapeur (car il en existe plusieurs) ne sont pas incluses.<\/div>\n<\/div>\n<h2>G\u00e9n\u00e9rateur de vapeur Sch\u00e9ma de connexion<\/h2>\n<div><img loading=\"lazy\" decoding=\"async\" class=\"alignnone size-medium wp-image-6074\" src=\"https:\/\/www.soleum.de\/wp-content\/uploads\/2016\/12\/dampfgenerator-sol-steam-anschluss-393x400.jpg\" alt=\"g\u00e9n\u00e9rateur de vapeur pour bain de vapeur sch\u00e9ma de raccordement\" width=\"393\" height=\"400\" srcset=\"https:\/\/www.soleum.de\/wp-content\/uploads\/2016\/12\/dampfgenerator-sol-steam-anschluss-393x400.jpg 393w, https:\/\/www.soleum.de\/wp-content\/uploads\/2016\/12\/dampfgenerator-sol-steam-anschluss.jpg 508w\" sizes=\"auto, (max-width: 393px) 100vw, 393px\" \/><\/div>\n<div>  1.installer une vanne manuelle (pour interrompre l&rsquo;alimentation en eau d&rsquo;alimentation) en amont de l&rsquo;installation<br \/>\n2.raccorder le g\u00e9n\u00e9rateur de vapeur \u00e0 la conduite d&rsquo;eau d&rsquo;alimentation. Dans les mod\u00e8les SOL-Steam PLUS-05 SOL-Steam PLUS-18, utiliser un tuyau avec des raccords 3\/4&Prime; G (voir \u00e9galement le mode d&#8217;emploi de l&rsquo;appareil).<br \/>\n3.installer un filtre m\u00e9canique pour retenir les \u00e9ventuelles impuret\u00e9s solides (\u00e0 installer en dessous du robinet).<br \/>\n4.raccorder un raccord de rin\u00e7age non conducteur d&rsquo;\u00e9lectricit\u00e9 (r\u00e9sistant \u00e0 la chaleur jusqu&rsquo;\u00e0 100 \u00b0C (212 \u00b0F) et d&rsquo;un diam\u00e8tre int\u00e9rieur minimal de 40 mm (1,6 pouce)).<br \/>\n5.mettre en place un entonnoir pour l&rsquo;interruption de la conduite de d\u00e9cantation.<br \/>\n6.raccorder un siphon pour \u00e9viter les odeurs (diam\u00e8tre int\u00e9rieur minimum de 40 mm (1,6 pouce)).<\/div>\n<div>\n<h2>  Vid\u00e9o de mise en service Configuration de la sonde :<\/h2>\n<div><div class=\"video video-fit mb\" style=\"padding-top:56.25%;\"><p><iframe loading=\"lazy\" title=\"Dampfbadfuehler - Anschluss bei SOL-Steam Dampfgenerator PLUS\" width=\"1020\" height=\"574\" src=\"https:\/\/www.youtube.com\/embed\/y-ET1o0QW1M?feature=oembed\" frameborder=\"0\" allow=\"accelerometer; autoplay; clipboard-write; encrypted-media; gyroscope; picture-in-picture; web-share\" allowfullscreen><\/iframe><\/p>\n<\/div><\/div>\n<\/div>\n<p>&nbsp;<\/p>\n<p>Vous trouverez toutes les vid\u00e9os d&rsquo;exploitation ici : <a href=\"https:\/\/www.soleum.at\/inbetriebnahmevideos\/\" target=\"_blank\" rel=\"noopener noreferrer\">VID\u00c9OS D&rsquo;EXPLOITATION G\u00c9N\u00c9RATEUR DE VAPEURs<\/a><\/p>\n<p>&nbsp;<\/p>\n<p><img loading=\"lazy\" decoding=\"async\" class=\"alignnone size-medium wp-image-7041\" src=\"https:\/\/www.soleum.de\/wp-content\/uploads\/2017\/03\/Kombinationsangebot-Dampfgenerator-Solenebler-645x400.jpg\" alt=\"Offre combin\u00e9e g\u00e9n\u00e9rateur de vapeur sol\u00e9no\u00efde\" width=\"645\" height=\"400\"><\/p>\n","protected":false},"excerpt":{"rendered":"<p>SOL-Steam G\u00e9n\u00e9rateur de vapeur \u00e0 \u00e9lectrodes<strong>SOL-Steam <\/strong>&#8211; Pas de compromis sur la qualit\u00e9, AVEC possibilit\u00e9 de temp\u00e9rature par sonde ou simple r\u00e9gulation ON\/OFF (sans programme horaire ni commande de source externe).<\/p>\n<p>Nos g\u00e9n\u00e9rateurs de vapeur SOL-Steam peuvent \u00e9galement \u00eatre activ\u00e9s\/d\u00e9sactiv\u00e9s \u00e0 l&rsquo;aide d&rsquo;un interrupteur externe, soit<strong> dans le<\/strong> hammam (12V\/24V), soit \u00e0 l&rsquo;aide d&rsquo;un interrupteur \u00e0 l&rsquo;ext\u00e9rieur du hammam.<\/p>\n","protected":false},"featured_media":10444,"template":"","meta":[],"product_brand":[],"product_cat":[3563],"product_tag":[3573,3575,3580,3569,3572,3579,3582,3577,3567,3571,3581],"class_list":{"0":"post-29291","1":"product","2":"type-product","3":"status-publish","4":"has-post-thumbnail","6":"product_cat-generateurs-de-vapeur","7":"product_tag-appareil-a-vapeur","8":"product_tag-chaudiere-a-vapeur","9":"product_tag-generateur-delectrodes","10":"product_tag-generateur-de-vapeur","11":"product_tag-generateur-de-vapeur-fr","12":"product_tag-generateur-de-vapeur-a-electrodes","13":"product_tag-generateur-de-vapeur-a-electrodes-fr","14":"product_tag-humidificateur-a-electrodes","15":"product_tag-humidificateur-a-vapeur","16":"product_tag-production-de-vapeur","17":"product_tag-technique-de-bain-de-vapeur","18":"product_shipping_class-paket-10-31kg-fr","20":"first","21":"instock","22":"sale","23":"featured","24":"taxable","25":"shipping-taxable","26":"purchasable","27":"product-type-variable","28":"has-default-attributes"},"_links":{"self":[{"href":"https:\/\/www.soleum.de\/fr\/wp-json\/wp\/v2\/product\/29291","targetHints":{"allow":["GET"]}}],"collection":[{"href":"https:\/\/www.soleum.de\/fr\/wp-json\/wp\/v2\/product"}],"about":[{"href":"https:\/\/www.soleum.de\/fr\/wp-json\/wp\/v2\/types\/product"}],"wp:featuredmedia":[{"embeddable":true,"href":"https:\/\/www.soleum.de\/fr\/wp-json\/wp\/v2\/media\/10444"}],"wp:attachment":[{"href":"https:\/\/www.soleum.de\/fr\/wp-json\/wp\/v2\/media?parent=29291"}],"wp:term":[{"taxonomy":"product_brand","embeddable":true,"href":"https:\/\/www.soleum.de\/fr\/wp-json\/wp\/v2\/product_brand?post=29291"},{"taxonomy":"product_cat","embeddable":true,"href":"https:\/\/www.soleum.de\/fr\/wp-json\/wp\/v2\/product_cat?post=29291"},{"taxonomy":"product_tag","embeddable":true,"href":"https:\/\/www.soleum.de\/fr\/wp-json\/wp\/v2\/product_tag?post=29291"}],"curies":[{"name":"wp","href":"https:\/\/api.w.org\/{rel}","templated":true}]}}