{"id":29358,"date":"2016-07-06T10:47:34","date_gmt":"2016-07-06T08:47:34","guid":{"rendered":"https:\/\/www.soleum.de\/shop\/non%20class\u00e9\/douche-ronde-doppel-en-pse\/"},"modified":"2024-02-23T16:40:25","modified_gmt":"2024-02-23T15:40:25","slug":"double-douche-rond-de-cuir-eps","status":"publish","type":"product","link":"https:\/\/www.soleum.de\/fr\/shop\/douche-ronde\/double-douche-rond-de-cuir-eps\/","title":{"rendered":"Douche ronde DOPPEL en PSE"},"content":{"rendered":"<div class=\"module-wrapper no-cnt mod-product-longdesc\">\n<h1>Douche ronde DOPPEL en PSE<\/h1>\n<p>diam\u00e8tre=100cm int\u00e9rieur<\/p>\n<p>avec syst\u00e8me de rainure et languette<br \/>\n\u00e9paisseur du mur 10cm<\/p>\n<p>2 parties Hauteur jusqu&rsquo;\u00e0 240cm<\/p>\n<p>SANS d\u00e9coupes pour les conduites d&rsquo;eau &#8211; nous pouvons les inclure dans votre position souhait\u00e9e moyennant un suppl\u00e9ment de EUR 80,&#8211; ! Pour ce faire, s\u00e9lectionnez cet article lors d&rsquo;une commande en ligne et envoyez-nous vos mesures par e-mail.<\/p>\n<\/div>\n","protected":false},"excerpt":{"rendered":"<p>Douche double ronde en EPS, diam\u00e8tre=100cm int\u00e9rieur<\/p>\n<p>Nous exp\u00e9dions ce kit de douche ronde par transporteur.<\/p>\n","protected":false},"featured_media":10668,"template":"","meta":[],"product_brand":[],"product_cat":[3880],"product_tag":[3883,3886,3887,3884,3881,3885,3889,3888],"class_list":{"0":"post-29358","1":"product","2":"type-product","3":"status-publish","4":"has-post-thumbnail","6":"product_cat-douche-ronde","7":"product_tag-construire-soi-meme-une-douche-ronde","8":"product_tag-douche-double","9":"product_tag-douche-double-ronde","10":"product_tag-douche-ronde-double","11":"product_tag-douche-ronde-en-eps","12":"product_tag-douche-ronde-en-kit","13":"product_tag-douche-ronde-en-styrodur","14":"product_tag-douche-ronde-pour-hotel","15":"product_shipping_class-objets-encombrants","17":"first","18":"instock","19":"sold-individually","20":"purchasable","21":"product-type-simple"},"_links":{"self":[{"href":"https:\/\/www.soleum.de\/fr\/wp-json\/wp\/v2\/product\/29358","targetHints":{"allow":["GET"]}}],"collection":[{"href":"https:\/\/www.soleum.de\/fr\/wp-json\/wp\/v2\/product"}],"about":[{"href":"https:\/\/www.soleum.de\/fr\/wp-json\/wp\/v2\/types\/product"}],"wp:featuredmedia":[{"embeddable":true,"href":"https:\/\/www.soleum.de\/fr\/wp-json\/wp\/v2\/media\/10668"}],"wp:attachment":[{"href":"https:\/\/www.soleum.de\/fr\/wp-json\/wp\/v2\/media?parent=29358"}],"wp:term":[{"taxonomy":"product_brand","embeddable":true,"href":"https:\/\/www.soleum.de\/fr\/wp-json\/wp\/v2\/product_brand?post=29358"},{"taxonomy":"product_cat","embeddable":true,"href":"https:\/\/www.soleum.de\/fr\/wp-json\/wp\/v2\/product_cat?post=29358"},{"taxonomy":"product_tag","embeddable":true,"href":"https:\/\/www.soleum.de\/fr\/wp-json\/wp\/v2\/product_tag?post=29358"}],"curies":[{"name":"wp","href":"https:\/\/api.w.org\/{rel}","templated":true}]}}