{"id":29359,"date":"2016-07-06T10:47:34","date_gmt":"2016-07-06T08:47:34","guid":{"rendered":"https:\/\/www.soleum.de\/shop\/non%20class\u00e9\/douche-ronde-en-eps\/"},"modified":"2024-02-23T16:40:29","modified_gmt":"2024-02-23T15:40:29","slug":"douche-ronde-hors-eps","status":"publish","type":"product","link":"https:\/\/www.soleum.de\/fr\/shop\/douche-ronde\/douche-ronde-hors-eps\/","title":{"rendered":"Douche ronde en EPS"},"content":{"rendered":"<div class=\"module-wrapper no-cnt mod-product-longdesc\">\n<p>Douche ronde en PSE (pas de XPS), Avec ces pi\u00e8ces moul\u00e9es en PSE, vous pouvez construire vous-m\u00eame une douche ronde !<br \/>\ndiam\u00e8tre=100cm int\u00e9rieur<\/p>\n<p>avec syst\u00e8me de rainure et languette<br \/>\n\u00e9paisseur du mur 10cm<\/p>\n<p>2 parties Hauteur jusqu&rsquo;\u00e0 240cm<\/p>\n<\/div>\n","protected":false},"excerpt":{"rendered":"<p>Douche ronde en EPS. diam\u00e8tre=100cm int\u00e9rieur<\/p>\n<p>Nous envoyons ce kit de douche ronde par transporteur !<\/p>\n","protected":false},"featured_media":10661,"template":"","meta":[],"product_brand":[],"product_cat":[3880],"product_tag":[3883,3882,3881,3885],"class_list":{"0":"post-29359","1":"product","2":"type-product","3":"status-publish","4":"has-post-thumbnail","6":"product_cat-douche-ronde","7":"product_tag-construire-soi-meme-une-douche-ronde","8":"product_tag-douche-ronde","9":"product_tag-douche-ronde-en-eps","10":"product_tag-douche-ronde-en-kit","11":"product_shipping_class-objets-encombrants","13":"first","14":"instock","15":"sold-individually","16":"purchasable","17":"product-type-simple"},"_links":{"self":[{"href":"https:\/\/www.soleum.de\/fr\/wp-json\/wp\/v2\/product\/29359","targetHints":{"allow":["GET"]}}],"collection":[{"href":"https:\/\/www.soleum.de\/fr\/wp-json\/wp\/v2\/product"}],"about":[{"href":"https:\/\/www.soleum.de\/fr\/wp-json\/wp\/v2\/types\/product"}],"wp:featuredmedia":[{"embeddable":true,"href":"https:\/\/www.soleum.de\/fr\/wp-json\/wp\/v2\/media\/10661"}],"wp:attachment":[{"href":"https:\/\/www.soleum.de\/fr\/wp-json\/wp\/v2\/media?parent=29359"}],"wp:term":[{"taxonomy":"product_brand","embeddable":true,"href":"https:\/\/www.soleum.de\/fr\/wp-json\/wp\/v2\/product_brand?post=29359"},{"taxonomy":"product_cat","embeddable":true,"href":"https:\/\/www.soleum.de\/fr\/wp-json\/wp\/v2\/product_cat?post=29359"},{"taxonomy":"product_tag","embeddable":true,"href":"https:\/\/www.soleum.de\/fr\/wp-json\/wp\/v2\/product_tag?post=29359"}],"curies":[{"name":"wp","href":"https:\/\/api.w.org\/{rel}","templated":true}]}}