{"id":29367,"date":"2016-07-06T10:47:43","date_gmt":"2016-07-06T08:47:43","guid":{"rendered":"https:\/\/www.soleum.de\/shop\/non%20class\u00e9\/construire-soi-meme-une-douche-a-escargots\/"},"modified":"2024-02-23T16:40:29","modified_gmt":"2024-02-23T15:40:29","slug":"douche-escargot-a-construire-soi-meme","status":"publish","type":"product","link":"https:\/\/www.soleum.de\/fr\/shop\/douche-a-escargots\/douche-escargot-a-construire-soi-meme\/","title":{"rendered":"Construire soi-m\u00eame une douche \u00e0 escargots"},"content":{"rendered":"<h1>Construire soi-m\u00eame une douche \u00e0 escargots est tr\u00e8s simple !<\/h1>\n<p>Avec notre kit de douche \u00e0 escargots, c&rsquo;est rapide et \u00e9conomique !<\/p>\n<p>Dimensions jusqu&rsquo;\u00e0 environ 200\/200cm, hauteur jusqu&rsquo;\u00e0 240cm &#8211; Nous vous fabriquons pour <strong>ce prix<\/strong> <strong>jusqu&rsquo;\u00e0 ces dimensions<\/strong> toute taille ! Envoyez-nous ici votre plan et vos souhaits.<\/p>\n<p>Un kit tr\u00e8s facile \u00e0 assembler sur place (par rapport \u00e0 une douche en b\u00e9ton cellulaire).<\/p>\n<p>Nous fabriquons cependant aussi la douche \u00e0 vis sans fin dans toutes les autres variantes et dimensions imaginables &#8211; contactez-nous \u00e0 ce sujet.<\/p>\n<p>Le mat\u00e9riau est du PSE de 10 cm d&rsquo;\u00e9paisseur, qui doit ensuite \u00eatre maill\u00e9 des deux c\u00f4t\u00e9s.<\/p>\n","protected":false},"excerpt":{"rendered":"<p>Douche escargot en kit en PSE jusqu&rsquo;\u00e0 environ 200\/200cm, hauteur jusqu&rsquo;\u00e0 240cm,<\/p>\n<p>Nous envoyons le kit par transporteur !<\/p>\n","protected":false},"featured_media":10647,"template":"","meta":[],"product_brand":[],"product_cat":[3931],"product_tag":[3936,3933,3934,3935,3932,3937],"class_list":{"0":"post-29367","1":"product","2":"type-product","3":"status-publish","4":"has-post-thumbnail","6":"product_cat-douche-a-escargots","7":"product_tag-construire-soi-meme-une-douche-a-escargots","8":"product_tag-douche-a-escargots","9":"product_tag-douche-a-escargots-en-pse","10":"product_tag-douche-a-vis-sans-fin-beton-cellulaire","11":"product_tag-douche-ronde-a-vis-sans-fin","12":"product_tag-kit-de-douche-a-escargots","13":"product_shipping_class-objets-encombrants","15":"first","16":"instock","17":"sold-individually","18":"purchasable","19":"product-type-simple"},"_links":{"self":[{"href":"https:\/\/www.soleum.de\/fr\/wp-json\/wp\/v2\/product\/29367","targetHints":{"allow":["GET"]}}],"collection":[{"href":"https:\/\/www.soleum.de\/fr\/wp-json\/wp\/v2\/product"}],"about":[{"href":"https:\/\/www.soleum.de\/fr\/wp-json\/wp\/v2\/types\/product"}],"wp:featuredmedia":[{"embeddable":true,"href":"https:\/\/www.soleum.de\/fr\/wp-json\/wp\/v2\/media\/10647"}],"wp:attachment":[{"href":"https:\/\/www.soleum.de\/fr\/wp-json\/wp\/v2\/media?parent=29367"}],"wp:term":[{"taxonomy":"product_brand","embeddable":true,"href":"https:\/\/www.soleum.de\/fr\/wp-json\/wp\/v2\/product_brand?post=29367"},{"taxonomy":"product_cat","embeddable":true,"href":"https:\/\/www.soleum.de\/fr\/wp-json\/wp\/v2\/product_cat?post=29367"},{"taxonomy":"product_tag","embeddable":true,"href":"https:\/\/www.soleum.de\/fr\/wp-json\/wp\/v2\/product_tag?post=29367"}],"curies":[{"name":"wp","href":"https:\/\/api.w.org\/{rel}","templated":true}]}}