{"id":29406,"date":"2016-07-06T10:48:08","date_gmt":"2016-07-06T08:48:08","guid":{"rendered":"https:\/\/www.soleum.de\/shop\/non class\u00e9\/tapis-chauffant-pour-lit-de-hammam-swing\/"},"modified":"2016-07-06T10:48:08","modified_gmt":"2016-07-06T08:48:08","slug":"tapis-chauffant-pour-hammam","status":"publish","type":"product","link":"https:\/\/www.soleum.de\/fr\/shop\/tapis-chauffant-pour-bain-de-vapeur\/tapis-chauffant-pour-hammam\/","title":{"rendered":"Tapis chauffant pour lit de hammam SWING"},"content":{"rendered":"<p><b><i>Donn\u00e9es techniques :  <\/i><\/b><\/p>\n<p>temp\u00e9rature nominale : 150\u00b0C<br \/>\nMesure de protection : circuit de protection FI avec 30mA<br \/>\nTension : 230V<br \/>\ntest\u00e9 et approuv\u00e9 : VDE (conducteur chauffant)<br \/>\n<i><b><\/b><\/i><\/p>\n<p><i><b>Froid :<\/b><\/i><\/p>\n<p>Structure identique \u00e0 celle du conducteur chauffant avec isolation en t\u00e9flon 1,5 ou 2,5mm2<br \/>\nLongueur : 4m et 4m + longueur du tapis<\/p>\n<p><u><br \/>\n  <strong>N\u00e9cessaire<\/strong><br \/>\n<\/u> est un limiteur de temp\u00e9rature \u00e9lectronique (r\u00e9gulateur de chauffage) et un tube de protection de la sonde. \u00c9galement disponible dans cette boutique.<\/p>\n<p><a href=\"https:\/\/www.soleum.de\/?page_id=54\">Chaise longue pour bain de vapeur SWING<\/a><\/p>\n","protected":false},"excerpt":{"rendered":"<p>Tapis chauffant pour hammam SWING 300W\/m2<\/p>\n","protected":false},"featured_media":10556,"template":"","meta":[],"product_brand":[],"product_cat":[3386],"product_tag":[4147,4148,4146,4150],"class_list":{"0":"post-29406","1":"product","2":"type-product","3":"status-publish","4":"has-post-thumbnail","6":"product_cat-tapis-chauffant-pour-bain-de-vapeur","7":"product_tag-tapis-chauffant","8":"product_tag-tapis-chauffant-chauffage-de-bain-de-vapeur-chauffage-de-tepidarium","9":"product_tag-tapis-chauffant-pour-bain-de-vapeur","10":"product_tag-tapis-chauffant-pour-lit-de-hammam","11":"product_shipping_class-paquet-de-5-a-10-kg","13":"first","14":"instock","15":"sold-individually","16":"taxable","17":"shipping-taxable","18":"purchasable","19":"product-type-simple"},"_links":{"self":[{"href":"https:\/\/www.soleum.de\/fr\/wp-json\/wp\/v2\/product\/29406","targetHints":{"allow":["GET"]}}],"collection":[{"href":"https:\/\/www.soleum.de\/fr\/wp-json\/wp\/v2\/product"}],"about":[{"href":"https:\/\/www.soleum.de\/fr\/wp-json\/wp\/v2\/types\/product"}],"wp:featuredmedia":[{"embeddable":true,"href":"https:\/\/www.soleum.de\/fr\/wp-json\/wp\/v2\/media\/10556"}],"wp:attachment":[{"href":"https:\/\/www.soleum.de\/fr\/wp-json\/wp\/v2\/media?parent=29406"}],"wp:term":[{"taxonomy":"product_brand","embeddable":true,"href":"https:\/\/www.soleum.de\/fr\/wp-json\/wp\/v2\/product_brand?post=29406"},{"taxonomy":"product_cat","embeddable":true,"href":"https:\/\/www.soleum.de\/fr\/wp-json\/wp\/v2\/product_cat?post=29406"},{"taxonomy":"product_tag","embeddable":true,"href":"https:\/\/www.soleum.de\/fr\/wp-json\/wp\/v2\/product_tag?post=29406"}],"curies":[{"name":"wp","href":"https:\/\/api.w.org\/{rel}","templated":true}]}}