{"id":29423,"date":"2016-07-06T10:48:08","date_gmt":"2016-07-06T08:48:08","guid":{"rendered":"https:\/\/www.soleum.de\/shop\/non%20class\u00e9\/tapis-chauffant-pour-siege-de-hammam\/"},"modified":"2024-02-23T16:55:31","modified_gmt":"2024-02-23T15:55:31","slug":"tapis-chauffant-pour-siege-dangle","status":"publish","type":"product","link":"https:\/\/www.soleum.de\/fr\/shop\/tapis-chauffant-pour-bain-de-vapeur\/tapis-chauffant-pour-siege-dangle\/","title":{"rendered":"Tapis chauffant pour si\u00e8ge de hammam"},"content":{"rendered":"<p>Tapis chauffant pour si\u00e8ge d&rsquo;angle de hammam, tapis chauffant sp\u00e9cial env. 300W\/m2 pour si\u00e8ge d&rsquo;angle<\/p>\n<p>Ce tapis chauffant s&rsquo;adapte au si\u00e8ge de hammam \u00ab\u00a0si\u00e8ge d&rsquo;angle\u00a0\u00bb (70\/70 ou 80x80cm &#8211; prix identique)<\/p>\n","protected":false},"excerpt":{"rendered":"<p>Tapis chauffant pour si\u00e8ge d&rsquo;angle de hammam, tapis chauffant sp\u00e9cial env. 300W\/m2 pour si\u00e8ge d&rsquo;angle<\/p>\n","protected":false},"featured_media":10521,"template":"","meta":[],"product_brand":[],"product_cat":[3386],"product_tag":[4235,4146,4242,4239,4238],"class_list":{"0":"post-29423","1":"product","2":"type-product","3":"status-publish","4":"has-post-thumbnail","6":"product_cat-tapis-chauffant-pour-bain-de-vapeur","7":"product_tag-chauffage-du-bain-de-vapeur","8":"product_tag-tapis-chauffant-pour-bain-de-vapeur","9":"product_tag-tapis-chauffant-pour-banquette-eps","10":"product_tag-tapis-chauffant-pour-siege-de-douche","11":"product_tag-tapis-chauffant-pour-siege-de-hammam","13":"first","14":"instock","15":"sold-individually","16":"taxable","17":"shipping-taxable","18":"purchasable","19":"product-type-simple"},"_links":{"self":[{"href":"https:\/\/www.soleum.de\/fr\/wp-json\/wp\/v2\/product\/29423","targetHints":{"allow":["GET"]}}],"collection":[{"href":"https:\/\/www.soleum.de\/fr\/wp-json\/wp\/v2\/product"}],"about":[{"href":"https:\/\/www.soleum.de\/fr\/wp-json\/wp\/v2\/types\/product"}],"wp:featuredmedia":[{"embeddable":true,"href":"https:\/\/www.soleum.de\/fr\/wp-json\/wp\/v2\/media\/10521"}],"wp:attachment":[{"href":"https:\/\/www.soleum.de\/fr\/wp-json\/wp\/v2\/media?parent=29423"}],"wp:term":[{"taxonomy":"product_brand","embeddable":true,"href":"https:\/\/www.soleum.de\/fr\/wp-json\/wp\/v2\/product_brand?post=29423"},{"taxonomy":"product_cat","embeddable":true,"href":"https:\/\/www.soleum.de\/fr\/wp-json\/wp\/v2\/product_cat?post=29423"},{"taxonomy":"product_tag","embeddable":true,"href":"https:\/\/www.soleum.de\/fr\/wp-json\/wp\/v2\/product_tag?post=29423"}],"curies":[{"name":"wp","href":"https:\/\/api.w.org\/{rel}","templated":true}]}}