{"id":29429,"date":"2016-07-06T10:48:08","date_gmt":"2016-07-06T08:48:08","guid":{"rendered":"https:\/\/www.soleum.de\/shop\/non%20class\u00e9\/siege-de-douche-dangle\/"},"modified":"2024-02-23T16:41:43","modified_gmt":"2024-02-23T15:41:43","slug":"siege-de-douche-dangle","status":"publish","type":"product","link":"https:\/\/www.soleum.de\/fr\/shop\/bancs-de-hammam\/siege-de-douche-dangle\/","title":{"rendered":"Si\u00e8ge de douche d&rsquo;angle"},"content":{"rendered":"<div>Si\u00e8ge de douche d&rsquo;angle en EPS \u00ab\u00a0si\u00e8ge d&rsquo;angle\u00a0\u00bb R300S80 \u00e0 carreler<\/div>\n<ul>\n<li>non mouill\u00e9<\/li>\n<li>non carrel\u00e9<\/li>\n<li>couleur : gris<\/li>\n<\/ul>\n<div>\n<div>\n<div><u>REMARQUE :<\/u><\/div>\n<div>Nous recommandons de <u>chauffer<\/u> le si\u00e8ge de douche ainsi que les parties de la paroi o\u00f9 l&rsquo;on s&rsquo;appuie et la partie inf\u00e9rieure.<\/div>\n<div>Il existe en outre un <a href=\"http:\/\/www.dampfbad.at\/produkt\/heizmatte-fuer-ecksitz\/\">tapis chauffant<\/a> adapt\u00e9 <a href=\"http:\/\/www.dampfbad.at\/produkt\/heizmatte-fuer-ecksitz\/\">pour le si\u00e8ge de douche<\/a> qui s&rsquo;adapte exactement au module de si\u00e8ge.<\/div>\n<div><\/div>\n<div>Ces formes de si\u00e8ges de hammam conviennent parfaitement comme si\u00e8ges de douche \u00e0 carreler. Au lieu des si\u00e8ges rabattables filigranes habituels, vous avez ici un si\u00e8ge de douche tr\u00e8s robuste que vous pouvez chauffer et carreler. Cette banquette de hammam n&rsquo;est pas seulement esth\u00e9tique, elle est aussi tr\u00e8s confortable.<\/div>\n<\/div>\n<\/div>\n<p><strong>Dimensions :<\/strong><\/p>\n<p>profondeur d&rsquo;assise d&rsquo;environ 40 cm jusqu&rsquo;\u00e0 l&rsquo;\u00e9l\u00e9ment de dossier<br \/>\navec rayon de 300mm<br \/>\nLongueur de c\u00f4t\u00e9 80cm \/ 80cm (\u00e9galement disponible en 70x70cm),<br \/>\ndiagonale avant env. 116cm<\/p>\n","protected":false},"excerpt":{"rendered":"<p>Si\u00e8ge de douche \u00ab\u00a0si\u00e8ge d&rsquo;angle\u00a0\u00bb R30080 \u00e0 carreler, profondeur d&rsquo;assise env. 40cm jusqu&rsquo;\u00e0 l&rsquo;\u00e9l\u00e9ment de dossier avec rayon de 300mm, longueur d&rsquo;ailes 80cm \/ 80cm (\u00e9galement disponible en 70x70cm), diagonale avant env. 116cm<\/p>\n","protected":false},"featured_media":10528,"template":"","meta":[],"product_brand":[],"product_cat":[3648,3945],"product_tag":[4274,4270,3652,3658,4267,4272,4266],"class_list":{"0":"post-29429","1":"product","2":"type-product","3":"status-publish","4":"has-post-thumbnail","6":"product_cat-bancs-de-hammam","7":"product_cat-pieces-moulees-pour-bain-de-vapeur","8":"product_tag-banc-dangle","9":"product_tag-siege-dangle","10":"product_tag-siege-de-bain-de-vapeur","11":"product_tag-siege-de-douche","12":"product_tag-siege-de-douche-chauffant","13":"product_tag-siege-eps","14":"product_tag-siege-pouvant-etre-carrele","15":"product_shipping_class-paquet-10-31kg","17":"first","18":"instock","19":"sold-individually","20":"taxable","21":"shipping-taxable","22":"purchasable","23":"product-type-simple"},"_links":{"self":[{"href":"https:\/\/www.soleum.de\/fr\/wp-json\/wp\/v2\/product\/29429","targetHints":{"allow":["GET"]}}],"collection":[{"href":"https:\/\/www.soleum.de\/fr\/wp-json\/wp\/v2\/product"}],"about":[{"href":"https:\/\/www.soleum.de\/fr\/wp-json\/wp\/v2\/types\/product"}],"wp:featuredmedia":[{"embeddable":true,"href":"https:\/\/www.soleum.de\/fr\/wp-json\/wp\/v2\/media\/10528"}],"wp:attachment":[{"href":"https:\/\/www.soleum.de\/fr\/wp-json\/wp\/v2\/media?parent=29429"}],"wp:term":[{"taxonomy":"product_brand","embeddable":true,"href":"https:\/\/www.soleum.de\/fr\/wp-json\/wp\/v2\/product_brand?post=29429"},{"taxonomy":"product_cat","embeddable":true,"href":"https:\/\/www.soleum.de\/fr\/wp-json\/wp\/v2\/product_cat?post=29429"},{"taxonomy":"product_tag","embeddable":true,"href":"https:\/\/www.soleum.de\/fr\/wp-json\/wp\/v2\/product_tag?post=29429"}],"curies":[{"name":"wp","href":"https:\/\/api.w.org\/{rel}","templated":true}]}}