{"id":29439,"date":"2016-07-06T10:48:08","date_gmt":"2016-07-06T08:48:08","guid":{"rendered":"https:\/\/www.soleum.de\/shop\/non%20class\u00e9\/siege-dangle-pour-douche\/"},"modified":"2024-02-23T16:55:29","modified_gmt":"2024-02-23T15:55:29","slug":"siege-dangle-pour-douche","status":"publish","type":"product","link":"https:\/\/www.soleum.de\/fr\/shop\/bancs-de-hammam\/siege-dangle-pour-douche\/","title":{"rendered":"Si\u00e8ge d&rsquo;angle pour douche"},"content":{"rendered":"<h1>Si\u00e8ge d&rsquo;angle pour douche &#8211; avec parois associ\u00e9es en EPS<\/h1>\n<p>R30080 avec parois de dossier en EPS avec un rayon agr\u00e9able R300<\/p>\n<p>Nous recommandons de chauffer ces pi\u00e8ces ! Il y a aussi <a href=\"http:\/\/www.dampfbad.at\/produkt\/heizmatte-fuer-ecksitz-rueckenteil-90cm-breite-rt100x100b90\/\">des tapis chauffants sp\u00e9ciaux pour le dossier <\/a>et un <a href=\"http:\/\/www.dampfbad.at\/produkt\/heizmatte-fuer-ecksitz\/\">tapis chauffant pour le si\u00e8ge d&rsquo;angle <\/a>.  <\/p>\n<p>Les modules PSE doivent \u00eatre pr\u00e9-mouill\u00e9s (grille en verre textile), \u00e9tanch\u00e9ifi\u00e9s et ensuite carrel\u00e9s,<\/p>\n<h2>Dimensions :<\/h2>\n<p>Profondeur d&rsquo;assise d&rsquo;environ 40 cm jusqu&rsquo;\u00e0 l&rsquo;\u00e9l\u00e9ment de dossier avec rayon de 300<\/p>\n<p>longueur des branches 80cm \/ 80cm<\/p>\n<p>diagonale avant 116cm<\/p>\n<p>&nbsp;<\/p>\n","protected":false},"excerpt":{"rendered":"<p>Banquette de hammam \u00ab\u00a0si\u00e8ge d&rsquo;angle\u00a0\u00bb &#8211; modules EPS avec dossier rond et si\u00e8ge d&rsquo;angle<\/p>\n","protected":false},"featured_media":10535,"template":"","meta":[],"product_brand":[],"product_cat":[3648,3945],"product_tag":[3656,3654,4305,4310,4270,4314,3658,4272],"class_list":{"0":"post-29439","1":"product","2":"type-product","3":"status-publish","4":"has-post-thumbnail","6":"product_cat-bancs-de-hammam","7":"product_cat-pieces-moulees-pour-bain-de-vapeur","8":"product_tag-banc-de-douche","9":"product_tag-banc-pour-bain-de-vapeur-fr","10":"product_tag-douche-accessible","11":"product_tag-elements-de-douche","12":"product_tag-siege-dangle","13":"product_tag-siege-dangle-pour-douche","14":"product_tag-siege-de-douche","15":"product_tag-siege-eps","16":"product_shipping_class-objets-encombrants","18":"first","19":"instock","20":"sold-individually","21":"taxable","22":"shipping-taxable","23":"purchasable","24":"product-type-simple"},"_links":{"self":[{"href":"https:\/\/www.soleum.de\/fr\/wp-json\/wp\/v2\/product\/29439","targetHints":{"allow":["GET"]}}],"collection":[{"href":"https:\/\/www.soleum.de\/fr\/wp-json\/wp\/v2\/product"}],"about":[{"href":"https:\/\/www.soleum.de\/fr\/wp-json\/wp\/v2\/types\/product"}],"wp:featuredmedia":[{"embeddable":true,"href":"https:\/\/www.soleum.de\/fr\/wp-json\/wp\/v2\/media\/10535"}],"wp:attachment":[{"href":"https:\/\/www.soleum.de\/fr\/wp-json\/wp\/v2\/media?parent=29439"}],"wp:term":[{"taxonomy":"product_brand","embeddable":true,"href":"https:\/\/www.soleum.de\/fr\/wp-json\/wp\/v2\/product_brand?post=29439"},{"taxonomy":"product_cat","embeddable":true,"href":"https:\/\/www.soleum.de\/fr\/wp-json\/wp\/v2\/product_cat?post=29439"},{"taxonomy":"product_tag","embeddable":true,"href":"https:\/\/www.soleum.de\/fr\/wp-json\/wp\/v2\/product_tag?post=29439"}],"curies":[{"name":"wp","href":"https:\/\/api.w.org\/{rel}","templated":true}]}}