{"id":29447,"date":"2016-07-06T10:48:08","date_gmt":"2016-07-06T08:48:08","guid":{"rendered":"https:\/\/www.soleum.de\/shop\/non%20class\u00e9\/tapis-chauffant-pour-bain-de-vapeur-sur-mesure\/"},"modified":"2024-02-23T16:41:56","modified_gmt":"2024-02-23T15:41:56","slug":"tapis-chauffant-pour-bain-de-vapeur-sur-mesure","status":"publish","type":"product","link":"https:\/\/www.soleum.de\/fr\/shop\/tapis-chauffant-pour-bain-de-vapeur\/tapis-chauffant-pour-bain-de-vapeur-sur-mesure\/","title":{"rendered":"Tapis chauffant pour bain de vapeur sur mesure selon votre plan"},"content":{"rendered":"<h2>Tapis chauffant pour bain de vapeur sur mesure<\/h2>\n<p>Vous pouvez \u00e9galement commander chez nous des formes de tapis chauffants personnalis\u00e9es &#8211; Adapt\u00e9es \u00e0 votre mur et au module d&rsquo;assise EPS.<\/p>\n<p>Le prix est au m\u00e8tre carr\u00e9 et comprend le plan de mesures des tapis chauffants. Pour cela, il est important de conna\u00eetre les dimensions correctes de votre cabine et les pi\u00e8ces moul\u00e9es utilis\u00e9es !<\/p>\n<p>Les tapis sp\u00e9ciaux sont factur\u00e9s au m\u00e8tre carr\u00e9. La facturation minimale est de 1 m\u00e8tre carr\u00e9 (les tapis de moins de 1 m2 sont factur\u00e9s \u00e0 1m2 !)<\/p>\n<p>Si vous calculez votre cabine \u00e0 l&rsquo;aide des m2, nous vous fournissons \u00e9galement le prix du plan des tapis chauffants &#8211; pour cela, nous avons besoin de toutes les dimensions de la cabine.<\/p>\n<p>&nbsp;<\/p>\n<p>Les nattes chauffantes sont appliqu\u00e9es sur les modules EPS pr\u00e9moul\u00e9s.<\/p>\n","protected":false},"excerpt":{"rendered":"<p>Prix au m\u00e8tre carr\u00e9 ! Le plan des tapis chauffants est \u00e9tabli par nos soins Tapis chauffant pour hammam avec env. 300W\/m2 pour les zones agressives comme le hammam et SOLEUM<\/p>\n","protected":false},"featured_media":10493,"template":"","meta":[],"product_brand":[],"product_cat":[3386],"product_tag":[4235,4147,4343,4339,4336,4341],"class_list":{"0":"post-29447","1":"product","2":"type-product","3":"status-publish","4":"has-post-thumbnail","6":"product_cat-tapis-chauffant-pour-bain-de-vapeur","7":"product_tag-chauffage-du-bain-de-vapeur","8":"product_tag-tapis-chauffant","9":"product_tag-tapis-chauffant-pour-bain-de-vapeur-sur-mesure","10":"product_tag-tapis-chauffant-pour-tepidarium","11":"product_tag-tapis-chauffant-special","12":"product_tag-tapis-chauffant-sur-mesure","13":"product_shipping_class-paket-5-10kg-fr","15":"first","16":"instock","17":"taxable","18":"shipping-taxable","19":"purchasable","20":"product-type-simple"},"_links":{"self":[{"href":"https:\/\/www.soleum.de\/fr\/wp-json\/wp\/v2\/product\/29447","targetHints":{"allow":["GET"]}}],"collection":[{"href":"https:\/\/www.soleum.de\/fr\/wp-json\/wp\/v2\/product"}],"about":[{"href":"https:\/\/www.soleum.de\/fr\/wp-json\/wp\/v2\/types\/product"}],"wp:featuredmedia":[{"embeddable":true,"href":"https:\/\/www.soleum.de\/fr\/wp-json\/wp\/v2\/media\/10493"}],"wp:attachment":[{"href":"https:\/\/www.soleum.de\/fr\/wp-json\/wp\/v2\/media?parent=29447"}],"wp:term":[{"taxonomy":"product_brand","embeddable":true,"href":"https:\/\/www.soleum.de\/fr\/wp-json\/wp\/v2\/product_brand?post=29447"},{"taxonomy":"product_cat","embeddable":true,"href":"https:\/\/www.soleum.de\/fr\/wp-json\/wp\/v2\/product_cat?post=29447"},{"taxonomy":"product_tag","embeddable":true,"href":"https:\/\/www.soleum.de\/fr\/wp-json\/wp\/v2\/product_tag?post=29447"}],"curies":[{"name":"wp","href":"https:\/\/api.w.org\/{rel}","templated":true}]}}