{"id":29456,"date":"2016-07-06T10:48:08","date_gmt":"2016-07-06T08:48:08","guid":{"rendered":"https:\/\/www.soleum.de\/shop\/non class\u00e9\/tapis-chauffant-pour-dossier-de-siege-dangle-largeur-90cm-rt100x100b90\/"},"modified":"2016-07-06T10:48:08","modified_gmt":"2016-07-06T08:48:08","slug":"tapis-chauffant-pour-assise-dangle-dos-90cm-largeur-rt100x100b90","status":"publish","type":"product","link":"https:\/\/www.soleum.de\/fr\/shop\/tapis-chauffant-pour-bain-de-vapeur\/tapis-chauffant-pour-assise-dangle-dos-90cm-largeur-rt100x100b90\/","title":{"rendered":"Tapis chauffant pour dossier de si\u00e8ge d&rsquo;angle largeur 90cm-RT100x100B90"},"content":{"rendered":"","protected":false},"excerpt":{"rendered":"<p>Tapis chauffant sp\u00e9cial d&rsquo;environ 300W\/m2 pour si\u00e8ge d&rsquo;angle90cm de large (si les armatures sont mont\u00e9es plus pr\u00e8s de l&rsquo;angle)<\/p>\n","protected":false},"featured_media":10542,"template":"","meta":[],"product_brand":[],"product_cat":[3386],"product_tag":[],"class_list":{"0":"post-29456","1":"product","2":"type-product","3":"status-publish","4":"has-post-thumbnail","6":"product_cat-tapis-chauffant-pour-bain-de-vapeur","7":"product_shipping_class-paquet-de-5-a-10-kg","9":"first","10":"instock","11":"sold-individually","12":"taxable","13":"shipping-taxable","14":"purchasable","15":"product-type-simple"},"_links":{"self":[{"href":"https:\/\/www.soleum.de\/fr\/wp-json\/wp\/v2\/product\/29456","targetHints":{"allow":["GET"]}}],"collection":[{"href":"https:\/\/www.soleum.de\/fr\/wp-json\/wp\/v2\/product"}],"about":[{"href":"https:\/\/www.soleum.de\/fr\/wp-json\/wp\/v2\/types\/product"}],"wp:featuredmedia":[{"embeddable":true,"href":"https:\/\/www.soleum.de\/fr\/wp-json\/wp\/v2\/media\/10542"}],"wp:attachment":[{"href":"https:\/\/www.soleum.de\/fr\/wp-json\/wp\/v2\/media?parent=29456"}],"wp:term":[{"taxonomy":"product_brand","embeddable":true,"href":"https:\/\/www.soleum.de\/fr\/wp-json\/wp\/v2\/product_brand?post=29456"},{"taxonomy":"product_cat","embeddable":true,"href":"https:\/\/www.soleum.de\/fr\/wp-json\/wp\/v2\/product_cat?post=29456"},{"taxonomy":"product_tag","embeddable":true,"href":"https:\/\/www.soleum.de\/fr\/wp-json\/wp\/v2\/product_tag?post=29456"}],"curies":[{"name":"wp","href":"https:\/\/api.w.org\/{rel}","templated":true}]}}