{"id":29465,"date":"2016-12-29T09:23:24","date_gmt":"2016-12-29T08:23:24","guid":{"rendered":"https:\/\/www.soleum.de\/shop\/non%20class\u00e9\/generateur-de-vapeur-sol-steam-wellness\/"},"modified":"2024-04-03T09:33:33","modified_gmt":"2024-04-03T07:33:33","slug":"generateur-de-vapeur-sol-steam-wellness","status":"publish","type":"product","link":"https:\/\/www.soleum.de\/fr\/shop\/generateurs-de-vapeur\/generateur-de-vapeur-sol-steam-wellness\/","title":{"rendered":"G\u00e9n\u00e9rateur de vapeur SOL-Steam WELLNESS"},"content":{"rendered":"<h1>G\u00e9n\u00e9rateur de vapeur SOL-Steam WELLNESS &#8211; le choix parfait pour les hammams priv\u00e9s et professionnels<\/h1>\n<div>\n<p class=\"font_8\">Le g\u00e9n\u00e9rateur de vapeur SOL-Steam WELLNESS est un peu moins bruyant que l&rsquo;appareil PLUS et dispose d&rsquo;un programme hebdomadaire ainsi que d&rsquo;une possibilit\u00e9 logicielle int\u00e9gr\u00e9e pour la commande de 2 pompes \u00e0 parfum. C&rsquo;est surtout dans le domaine professionnel que ce g\u00e9n\u00e9rateur de vapeur est utilis\u00e9.<\/p>\n<p class=\"font_8\">Nous ne vous fournissons pas seulement les appareils, nous pouvons \u00e9galement vous fournir la cabine de vapeur compl\u00e8te (modules SPA ou montage de la cabine compl\u00e8te). Nous sommes fabricants de hammams depuis de nombreuses ann\u00e9es et produisons depuis de nombreuses ann\u00e9es exclusivement des hammams dans toutes les formes souhait\u00e9es.<\/p>\n<\/div>\n<div><img loading=\"lazy\" decoding=\"async\" class=\"alignnone size-full wp-image-6071\" src=\"https:\/\/www.soleum.de\/wp-content\/uploads\/2016\/12\/elektrodendampfgenerator-solsteam_soleum.jpg\" alt=\"G\u00e9n\u00e9rateur de vapeur SOL-Steam\" width=\"555\" height=\"341\" srcset=\"https:\/\/www.soleum.de\/wp-content\/uploads\/2016\/12\/elektrodendampfgenerator-solsteam_soleum.jpg 555w, https:\/\/www.soleum.de\/wp-content\/uploads\/2016\/12\/elektrodendampfgenerator-solsteam_soleum-510x313.jpg 510w\" sizes=\"auto, (max-width: 555px) 100vw, 555px\" \/><\/div>\n<div><strong>Le g\u00e9n\u00e9rateur de vapeur SOL-Steam WELLNESS <\/strong>est le fruit d&rsquo;une longue exp\u00e9rience dans le domaine de la technique de commande \u00e9lectronique : convivialit\u00e9, pr\u00e9cision de r\u00e9glage, fiabilit\u00e9 de l&rsquo;\u00e9lectronique, logiciel de commande complet et sophistiqu\u00e9 et performances \u00e9lev\u00e9es.<\/div>\n<div> <\/div>\n<div>\n<p>La nouvelle bande passante offre :<\/p>\n<ul>\n<li>une plus grande facilit\u00e9 d&rsquo;utilisation : un grand panneau de commande intuitif avec un large \u00e9cran LCD graphique et des messages de diagnostic d\u00e9taill\u00e9s ;<\/li>\n<li>une plus grande fiabilit\u00e9 : les cylindres \u00e0 vapeur sont \u00e9quip\u00e9s de connecteurs exclusifs qui ne n\u00e9cessitent plus d&rsquo;outils ; tous les humidificateurs sont \u00e9quip\u00e9s d&rsquo;une pompe de vidange ;<\/li>\n<li>de meilleures performances : l&rsquo;humidificateur d\u00e9marre plus rapidement et prend en charge une plus grande plage de valeurs de conductivit\u00e9 de l&rsquo;eau d&rsquo;alimentation admissibles ; le logiciel de r\u00e9gulation s&rsquo;adapte automatiquement \u00e0 la nature de l&rsquo;eau d&rsquo;alimentation pour une installation simplifi\u00e9e et une dur\u00e9e de fonctionnement optimis\u00e9e sans maintenance<\/li>\n<li>tous les nouveaux mod\u00e8les sont \u00e9quip\u00e9s du protocole de communication Modbus\u00ae.<\/li>\n<\/ul>\n<p>La vaste gamme d&rsquo;<strong>humidificateurs \u00e0 \u00e9lectrodes immerg\u00e9es SOL-Steam<\/strong> comprend des mod\u00e8les d&rsquo;une capacit\u00e9 allant de 1,5 \u00e0 130 kg\/h. Les mod\u00e8les \u00e0 <strong>\u00e9lectrodes immerg\u00e9es SOL-Steam<\/strong> sont disponibles dans une large gamme de tailles.<\/p>\n<\/div>\n<div>Tous les mod\u00e8les ne sont pas disponibles dans la boutique mais peuvent \u00eatre livr\u00e9s par nos soins &#8211; veuillez nous contacter pour des d\u00e9bits de vapeur plus importants.<\/div>\n<div> <\/div>\n<div>\n<div>\n<div> <\/div>\n<div>\n<p>Le mod\u00e8le <strong>SOL-Steam-WELLNESS<\/strong> r\u00e9pond aux exigences typiques d&rsquo;une application de bain de vapeur. Le logiciel g\u00e8re ainsi<\/p>\n<ul>\n<li>Programmes de fonctionnement quotidien et hebdomadaire ;<\/li>\n<li>diff\u00e9rentes consignes de temp\u00e9rature en fonction du programme ;<\/li>\n<li>jusqu&rsquo;\u00e0 3 actionneurs pour la gestion du parfum et 1 pour le cycle de d\u00e9sinfection ;<\/li>\n<li>jusqu&rsquo;\u00e0 2 ventilateurs et l&rsquo;\u00e9clairage int\u00e9rieur de la cabine.<\/li>\n<\/ul>\n<p>L&rsquo;unit\u00e9 de commande \u00e0 touches et \u00e9cran peut \u00eatre install\u00e9e \u00e0 l&rsquo;ext\u00e9rieur de l&rsquo;humidificateur et facilite le montage dans les installations OEM gr\u00e2ce \u00e0 une connexion \u00e0 distance.<br \/>L&rsquo;appareil \u00e0 vapeur utilise de l&rsquo;eau du robinet normale et g\u00e8re de mani\u00e8re enti\u00e8rement automatique la concentration d&rsquo;eau et donc la gestion de la mousse pour des conditions de s\u00e9curit\u00e9 maximales dans le hammam.<\/p>\n<\/div>\n<\/div>\n<\/div>\n<h2>  Caract\u00e9ristiques techniques &#8211; VUE D&rsquo;ENSEMBLE des g\u00e9n\u00e9rateurs de vapeur<\/h2>\n<h2><img loading=\"lazy\" decoding=\"async\" class=\"alignnone size-full wp-image-4673\" src=\"https:\/\/www.dampfbad.at\/wp-content\/uploads\/2016\/12\/Dampfgenerator-Sol-Steam-Wellness-uebersicht.jpg\" alt=\"g\u00e9n\u00e9rateur de vapeur-sol-steam-wellness-aper\u00e7u\" width=\"798\" height=\"380\"><\/h2>\n<\/p>\n<h2>Contenu de la livraison<\/h2>\n<div>\n<div>\n<div>Le g\u00e9n\u00e9rateur de vapeur SOL-Steam WELLNESS comprend un kit de raccordement avec ~0,5 m de tuyau \u00e0 vapeur et des \u00e9l\u00e9ments de raccordement, ainsi qu&rsquo;une sonde avec 6 m de c\u00e2ble !<\/div>\n<\/div>\n<div>Les conduites de raccordement (arriv\u00e9e d&rsquo;eau, \u00e9coulement d&rsquo;eau et conduite de vapeur) ainsi que la buse \u00e0 vapeur (car il en existe plusieurs) ne sont pas incluses.<\/div>\n<\/div>\n<h2>G\u00e9n\u00e9rateur de vapeur Sch\u00e9ma de connexion<\/h2>\n<div><img loading=\"lazy\" decoding=\"async\" class=\"alignnone size-medium wp-image-6074\" src=\"https:\/\/www.soleum.de\/wp-content\/uploads\/2016\/12\/dampfgenerator-sol-steam-anschluss-393x400.jpg\" alt=\"g\u00e9n\u00e9rateur de vapeur pour bain de vapeur sch\u00e9ma de raccordement\" width=\"393\" height=\"400\" srcset=\"https:\/\/www.soleum.de\/wp-content\/uploads\/2016\/12\/dampfgenerator-sol-steam-anschluss-393x400.jpg 393w, https:\/\/www.soleum.de\/wp-content\/uploads\/2016\/12\/dampfgenerator-sol-steam-anschluss.jpg 508w\" sizes=\"auto, (max-width: 393px) 100vw, 393px\" \/><\/div>\n<div>  1.installer une vanne manuelle (pour interrompre l&rsquo;alimentation en eau d&rsquo;alimentation) en amont de l&rsquo;installation<br \/>2.raccorder le g\u00e9n\u00e9rateur de vapeur \u00e0 la conduite d&rsquo;eau d&rsquo;alimentation. Dans les mod\u00e8les SOL-Steam PLUS-05 SOL-Steam PLUS-18, utiliser un tuyau avec des raccords 3\/4&Prime; G (voir \u00e9galement le mode d&#8217;emploi de l&rsquo;appareil).<br \/>3.installer un filtre m\u00e9canique pour retenir les \u00e9ventuelles impuret\u00e9s solides (\u00e0 installer en dessous du robinet).<br \/>4.raccorder un raccord de rin\u00e7age non conducteur d&rsquo;\u00e9lectricit\u00e9 (r\u00e9sistant \u00e0 la chaleur jusqu&rsquo;\u00e0 100 \u00b0C (212 \u00b0F) et d&rsquo;un diam\u00e8tre int\u00e9rieur minimal de 40 mm (1,6 pouce)).<br \/>5.mettre en place un entonnoir pour l&rsquo;interruption de la conduite de d\u00e9cantation.<br \/>6.raccorder un siphon pour \u00e9viter les odeurs (diam\u00e8tre int\u00e9rieur minimum de 40 mm (1,6 pouce)).<\/div>\n","protected":false},"excerpt":{"rendered":"<p><strong>G\u00e9n\u00e9rateur de vapeur<\/strong> SOL-Steam <strong>SOL-Steam WELLNESS-<\/strong> Pas de compromis sur la qualit\u00e9, AVEC possibilit\u00e9 de temp\u00e9rature par sonde ou simple r\u00e9glage ON\/OFF (y compris programmes horaires et commande de source externe).<\/p>\n<p>Nos g\u00e9n\u00e9rateurs de vapeur SOL-Steam peuvent \u00e9galement \u00eatre activ\u00e9s\/d\u00e9sactiv\u00e9s \u00e0 l&rsquo;aide d&rsquo;un interrupteur externe, soit dans le hammam (12V\/24V), soit \u00e0 l&rsquo;aide d&rsquo;un interrupteur \u00e0 l&rsquo;ext\u00e9rieur du hammam. M\u00eame d&rsquo;un point de vue de surveillance (ma\u00eetre nageur, thermes,..).<\/p>\n","protected":false},"featured_media":10458,"template":"","meta":[],"product_brand":[],"product_cat":[3563],"product_tag":[3573,3575,3580,3569,3572,3579,4345,3577,3567,3571,3581],"class_list":{"0":"post-29465","1":"product","2":"type-product","3":"status-publish","4":"has-post-thumbnail","6":"product_cat-generateurs-de-vapeur","7":"product_tag-appareil-a-vapeur","8":"product_tag-chaudiere-a-vapeur","9":"product_tag-generateur-delectrodes","10":"product_tag-generateur-de-vapeur","11":"product_tag-generateur-de-vapeur-fr","12":"product_tag-generateur-de-vapeur-a-electrodes","13":"product_tag-generateur-de-vapeur-pour-bain-de-vapeur","14":"product_tag-humidificateur-a-electrodes","15":"product_tag-humidificateur-a-vapeur","16":"product_tag-production-de-vapeur","17":"product_tag-technique-de-bain-de-vapeur","18":"product_shipping_class-paket-10-31kg-fr","20":"first","21":"instock","22":"featured","23":"sold-individually","24":"taxable","25":"shipping-taxable","26":"purchasable","27":"product-type-variable","28":"has-default-attributes"},"_links":{"self":[{"href":"https:\/\/www.soleum.de\/fr\/wp-json\/wp\/v2\/product\/29465","targetHints":{"allow":["GET"]}}],"collection":[{"href":"https:\/\/www.soleum.de\/fr\/wp-json\/wp\/v2\/product"}],"about":[{"href":"https:\/\/www.soleum.de\/fr\/wp-json\/wp\/v2\/types\/product"}],"wp:featuredmedia":[{"embeddable":true,"href":"https:\/\/www.soleum.de\/fr\/wp-json\/wp\/v2\/media\/10458"}],"wp:attachment":[{"href":"https:\/\/www.soleum.de\/fr\/wp-json\/wp\/v2\/media?parent=29465"}],"wp:term":[{"taxonomy":"product_brand","embeddable":true,"href":"https:\/\/www.soleum.de\/fr\/wp-json\/wp\/v2\/product_brand?post=29465"},{"taxonomy":"product_cat","embeddable":true,"href":"https:\/\/www.soleum.de\/fr\/wp-json\/wp\/v2\/product_cat?post=29465"},{"taxonomy":"product_tag","embeddable":true,"href":"https:\/\/www.soleum.de\/fr\/wp-json\/wp\/v2\/product_tag?post=29465"}],"curies":[{"name":"wp","href":"https:\/\/api.w.org\/{rel}","templated":true}]}}