{"id":29474,"date":"2016-07-06T10:48:08","date_gmt":"2016-07-06T08:48:08","guid":{"rendered":"https:\/\/www.soleum.de\/shop\/non class\u00e9\/tapis-chauffant-pour-dossier-de-siege-dangle-largeur-100cm\/"},"modified":"2016-07-06T10:48:08","modified_gmt":"2016-07-06T08:48:08","slug":"tapis-chauffant-pour-siege-arriere","status":"publish","type":"product","link":"https:\/\/www.soleum.de\/fr\/shop\/tapis-chauffant-pour-bain-de-vapeur\/tapis-chauffant-pour-siege-arriere\/","title":{"rendered":"Tapis chauffant pour dossier de si\u00e8ge d&rsquo;angle largeur 100cm"},"content":{"rendered":"<h2>Tapis chauffant pour dossier de si\u00e8ge d&rsquo;angle largeur 100cm RT100x100B100<\/h2>\n<p>Tapis chauffant sp\u00e9cial d&rsquo;environ 300W\/m2 pour si\u00e8ge d&rsquo;angle, largeur 90cm (si les armatures sont mont\u00e9es plus pr\u00e8s de l&rsquo;angle)<\/p>\n<p>s&rsquo;adapte \u00e0 une <a href=\"http:\/\/www.dampfbad.at\/produkt\/eck-sitzbank-r300s80-mit-rueckenwaende-r300\/\">partie dorsale arrondie<\/a> qui est \u00e9galement disponible chez nous.<\/p>\n<p>&nbsp;<\/p>\n","protected":false},"excerpt":{"rendered":"<p>Tapis chauffant sp\u00e9cial d&rsquo;environ 300W\/m2 pour si\u00e8ge d&rsquo;angle, largeur 90cm (si les armatures sont mont\u00e9es plus pr\u00e8s de l&rsquo;angle)<\/p>\n<p>s&rsquo;adapte \u00e0 une partie dorsale arrondie qui est \u00e9galement disponible chez nous.<\/p>\n","protected":false},"featured_media":10549,"template":"","meta":[],"product_brand":[],"product_cat":[3386],"product_tag":[4147,4146,4339,4336],"class_list":{"0":"post-29474","1":"product","2":"type-product","3":"status-publish","4":"has-post-thumbnail","6":"product_cat-tapis-chauffant-pour-bain-de-vapeur","7":"product_tag-tapis-chauffant","8":"product_tag-tapis-chauffant-pour-bain-de-vapeur","9":"product_tag-tapis-chauffant-pour-tepidarium","10":"product_tag-tapis-chauffant-special","11":"product_shipping_class-paquet-de-5-a-10-kg","13":"first","14":"instock","15":"sold-individually","16":"taxable","17":"shipping-taxable","18":"purchasable","19":"product-type-simple"},"_links":{"self":[{"href":"https:\/\/www.soleum.de\/fr\/wp-json\/wp\/v2\/product\/29474","targetHints":{"allow":["GET"]}}],"collection":[{"href":"https:\/\/www.soleum.de\/fr\/wp-json\/wp\/v2\/product"}],"about":[{"href":"https:\/\/www.soleum.de\/fr\/wp-json\/wp\/v2\/types\/product"}],"wp:featuredmedia":[{"embeddable":true,"href":"https:\/\/www.soleum.de\/fr\/wp-json\/wp\/v2\/media\/10549"}],"wp:attachment":[{"href":"https:\/\/www.soleum.de\/fr\/wp-json\/wp\/v2\/media?parent=29474"}],"wp:term":[{"taxonomy":"product_brand","embeddable":true,"href":"https:\/\/www.soleum.de\/fr\/wp-json\/wp\/v2\/product_brand?post=29474"},{"taxonomy":"product_cat","embeddable":true,"href":"https:\/\/www.soleum.de\/fr\/wp-json\/wp\/v2\/product_cat?post=29474"},{"taxonomy":"product_tag","embeddable":true,"href":"https:\/\/www.soleum.de\/fr\/wp-json\/wp\/v2\/product_tag?post=29474"}],"curies":[{"name":"wp","href":"https:\/\/api.w.org\/{rel}","templated":true}]}}