{"id":29560,"date":"2017-01-13T19:01:37","date_gmt":"2017-01-13T18:01:37","guid":{"rendered":"https:\/\/www.soleum.de\/shop\/non class\u00e9\/tapis-chauffant-pour-bain-de-vapeur-sur-mesure-vertikal\/"},"modified":"2017-01-13T19:01:37","modified_gmt":"2017-01-13T18:01:37","slug":"tapis-chauffant-pour-bain-de-vapeur-sur-mesure-vertical","status":"publish","type":"product","link":"https:\/\/www.soleum.de\/fr\/shop\/tapis-chauffant-pour-bain-de-vapeur\/tapis-chauffant-pour-bain-de-vapeur-sur-mesure-vertical\/","title":{"rendered":"Tapis chauffant pour bain de vapeur sur mesure-VERTIKAL"},"content":{"rendered":"<h1>Tapis chauffants pour hammam sur mesure pour les hammams et les modules SPA, avec passage de c\u00e2bles VERTICAL<\/h1>\n<p>Ce tapis chauffant pour hammam est un tapis chauffant en filet pour les zones agressives et dans les rev\u00eatements en r\u00e9sine \u00e9poxy.<br \/>\nPose dans un lit de colle \u00e0 carrelage ou de mortier, ainsi que dans des rev\u00eatements en r\u00e9sine \u00e9poxy.<br \/>\nLes zones agressives sont des locaux dans lesquels des produits de nettoyage tr\u00e8s concentr\u00e9s sont utilis\u00e9s, comme par exemple les bains publics, les ateliers de peinture, mais aussi les locaux \u00e0 atmosph\u00e8re saline, comme par exemple SOLEUM, les galeries thermales. Dans ce cas, il est n\u00e9cessaire d&rsquo;utiliser des rubans chauffants qui r\u00e9sistent aux contraintes chimiques. De tels rubans chauffants sont \u00e9galement n\u00e9cessaires lorsqu&rsquo;ils sont install\u00e9s <a href=\"http:\/\/www.dampfbad.at\/shop\/dampfbadformteile\/dampfbadbaenke\/dampfbadsitz-t65\/\">dans des modules EPS<\/a> (nos modules SPA), par exemple des lits de bien-\u00eatre.<\/p>\n<p>&nbsp;<\/p>\n<h2><b><i><img loading=\"lazy\" decoding=\"async\" class=\"aligncenter size-full wp-image-5268\" src=\"https:\/\/www.dampfbad.at\/wp-content\/uploads\/vertikale-Dampfbadheizmatte.jpg\" alt=\"Tapis chauffant pour bain de vapeur sur mesure\" width=\"523\" height=\"450\"><\/i><\/b><\/h2>\n<h2><b><i>Donn\u00e9es techniques des tapis chauffants pour hammam  <\/i><\/b><\/h2>\n<p>temp\u00e9rature nominale : 150\u00b0C<br \/>\nMesure de protection : circuit de protection FI avec 30mA<br \/>\nTension : 230V<br \/>\ntest\u00e9 et approuv\u00e9 : VDE (conducteur chauffant)<br \/>\nDistance entre les conducteurs de chauffage : env. 7,5cm<\/p>\n<p><i><b>Froid :<\/b><\/i><\/p>\n<p>Structure identique \u00e0 celle du conducteur chauffant avec isolation en t\u00e9flon 1,5 ou 2,5mm2<br \/>\nLongueur : 4m et 4m + longueur du tapis<\/p>\n<p>N\u00e9cessite un limiteur de temp\u00e9rature \u00e9lectronique<a href=\"https:\/\/www.soleum.de\/fr\/shop\/tapis-chauffant-pour-bain-de-vapeur\/interrupteur-thermostat-encastre-pour-tapis-chauffant\/\">(r\u00e9gulateur de chauffage<\/a>) et un tube de protection de la sonde. \u00c9galement disponible dans cette boutique.<\/p>\n","protected":false},"excerpt":{"rendered":"<p><strong>Tapis chauffants pour hammam sur mesure &#8211; HORIZONTAL, pour hammams et modules EPS<\/strong><\/p>\n<p>De tels tapis chauffants sp\u00e9ciaux sont n\u00e9cessaires lorsque ces <a href=\"http:\/\/www.dampfbad.at\/spa-module-eps\/\">modules EPS<\/a> (nos modules SPA) sont install\u00e9s, par exemple, dans des lits de bien-\u00eatre.<\/p>\n","protected":false},"featured_media":10374,"template":"","meta":[],"product_brand":[],"product_cat":[3386],"product_tag":[4147,4386,4146,4339,4336],"class_list":{"0":"post-29560","1":"product","2":"type-product","3":"status-publish","4":"has-post-thumbnail","6":"product_cat-tapis-chauffant-pour-bain-de-vapeur","7":"product_tag-tapis-chauffant","8":"product_tag-tapis-chauffant-300w","9":"product_tag-tapis-chauffant-pour-bain-de-vapeur","10":"product_tag-tapis-chauffant-pour-tepidarium","11":"product_tag-tapis-chauffant-special","12":"product_shipping_class-paquet-de-5-a-10-kg","14":"first","15":"instock","16":"taxable","17":"shipping-taxable","18":"purchasable","19":"product-type-simple"},"_links":{"self":[{"href":"https:\/\/www.soleum.de\/fr\/wp-json\/wp\/v2\/product\/29560","targetHints":{"allow":["GET"]}}],"collection":[{"href":"https:\/\/www.soleum.de\/fr\/wp-json\/wp\/v2\/product"}],"about":[{"href":"https:\/\/www.soleum.de\/fr\/wp-json\/wp\/v2\/types\/product"}],"wp:featuredmedia":[{"embeddable":true,"href":"https:\/\/www.soleum.de\/fr\/wp-json\/wp\/v2\/media\/10374"}],"wp:attachment":[{"href":"https:\/\/www.soleum.de\/fr\/wp-json\/wp\/v2\/media?parent=29560"}],"wp:term":[{"taxonomy":"product_brand","embeddable":true,"href":"https:\/\/www.soleum.de\/fr\/wp-json\/wp\/v2\/product_brand?post=29560"},{"taxonomy":"product_cat","embeddable":true,"href":"https:\/\/www.soleum.de\/fr\/wp-json\/wp\/v2\/product_cat?post=29560"},{"taxonomy":"product_tag","embeddable":true,"href":"https:\/\/www.soleum.de\/fr\/wp-json\/wp\/v2\/product_tag?post=29560"}],"curies":[{"name":"wp","href":"https:\/\/api.w.org\/{rel}","templated":true}]}}