{"id":29662,"date":"2017-01-14T10:57:11","date_gmt":"2017-01-14T09:57:11","guid":{"rendered":"https:\/\/www.soleum.de\/shop\/non%20class\u00e9\/parfum-de-bain-de-vapeur-brume-de-hammam\/"},"modified":"2024-04-09T09:16:34","modified_gmt":"2024-04-09T07:16:34","slug":"bain-de-vapeur-parfume-brume-de-hammam","status":"publish","type":"product","link":"https:\/\/www.soleum.de\/fr\/shop\/technique-de-bain-de-vapeur\/bain-de-vapeur-parfume-brume-de-hammam\/","title":{"rendered":"Parfum de bain de vapeur-BRUME DE HAMMAM"},"content":{"rendered":"<h1>Parfum pour hammam \u00ab\u00a0BRUME DE HAMMAM\u00a0\u00bb &#8211; Emulsion pour hammam ou parfum pour <a href=\"https:\/\/www.soleum.de\/shop\/dampfbadtechnik\/duftstoffpumpe-dosierpumpe\/\">pompe \u00e0 parfum<\/a><\/h1>\n<p>Chez SOLEUM, vous trouverez le parfum pour hammam Brume de Hammam dans diff\u00e9rents parfums et conditionnements. Il s&rsquo;agit d&rsquo;une \u00e9mulsion pour bain de vapeur compos\u00e9e d&rsquo;huiles essentielles pures et naturelles de haute qualit\u00e9. S\u00e9lectionnez ci-dessous la taille de votre bidon et le parfum que vous souhaitez.<\/p>\n<h1 class=\"page-title al page-title-larger\"><img loading=\"lazy\" decoding=\"async\" class=\"aligncenter size-full wp-image-5343\" src=\"https:\/\/www.dampfbad.at\/wp-content\/uploads\/Dampfbadduft.Brume-de-hammam-Dampfbademulsion.jpg\" alt=\"Parfum de bain de vapeur BRUME DE HAMMAM Emulsion pour bain de vapeur\" width=\"889\" height=\"112\"><\/h1>\n","protected":false},"excerpt":{"rendered":"<p>Parfum pour hammam \u00ab\u00a0Brume de Hammam\u00a0\u00bb en diff\u00e9rentes variations de parfum. Une \u00e9mulsion pour bain de vapeur \u00e0 base d&rsquo;huiles essentielles pures et de qualit\u00e9 sup\u00e9rieure !<\/p>\n","protected":false},"featured_media":10360,"template":"","meta":[],"product_brand":[],"product_cat":[3412],"product_tag":[4480,4482,4481,4485,4483,4484],"class_list":{"0":"post-29662","1":"product","2":"type-product","3":"status-publish","4":"has-post-thumbnail","6":"product_cat-technique-de-bain-de-vapeur","7":"product_tag-brume-de-hammam-fr","8":"product_tag-emulsion-pour-bain-de-vapeur","9":"product_tag-parfum-de-bain-de-vapeur","10":"product_tag-parfum-de-bain-de-vapeur-brume-de-hammam","11":"product_tag-parfum-de-douche-vapeur","12":"product_tag-parfum-pour-hammam","13":"product_shipping_class-paquet-de-5-a-10-kg","15":"first","16":"instock","17":"taxable","18":"shipping-taxable","19":"purchasable","20":"product-type-variable","21":"has-default-attributes"},"_links":{"self":[{"href":"https:\/\/www.soleum.de\/fr\/wp-json\/wp\/v2\/product\/29662","targetHints":{"allow":["GET"]}}],"collection":[{"href":"https:\/\/www.soleum.de\/fr\/wp-json\/wp\/v2\/product"}],"about":[{"href":"https:\/\/www.soleum.de\/fr\/wp-json\/wp\/v2\/types\/product"}],"wp:featuredmedia":[{"embeddable":true,"href":"https:\/\/www.soleum.de\/fr\/wp-json\/wp\/v2\/media\/10360"}],"wp:attachment":[{"href":"https:\/\/www.soleum.de\/fr\/wp-json\/wp\/v2\/media?parent=29662"}],"wp:term":[{"taxonomy":"product_brand","embeddable":true,"href":"https:\/\/www.soleum.de\/fr\/wp-json\/wp\/v2\/product_brand?post=29662"},{"taxonomy":"product_cat","embeddable":true,"href":"https:\/\/www.soleum.de\/fr\/wp-json\/wp\/v2\/product_cat?post=29662"},{"taxonomy":"product_tag","embeddable":true,"href":"https:\/\/www.soleum.de\/fr\/wp-json\/wp\/v2\/product_tag?post=29662"}],"curies":[{"name":"wp","href":"https:\/\/api.w.org\/{rel}","templated":true}]}}