{"id":29696,"date":"2017-01-14T11:20:06","date_gmt":"2017-01-14T10:20:06","guid":{"rendered":"https:\/\/www.soleum.de\/shop\/non%20class\u00e9\/pompe-doseuse-de-parfum\/"},"modified":"2024-02-23T17:00:36","modified_gmt":"2024-02-23T16:00:36","slug":"pompe-doseuse-de-parfum","status":"publish","type":"product","link":"https:\/\/www.soleum.de\/fr\/shop\/technique-de-bain-de-vapeur\/pompe-doseuse-de-parfum\/","title":{"rendered":"Pompe doseuse de parfum"},"content":{"rendered":"<h1>Pompe \u00e0 parfum (MARCHE\/ARR\u00caT) &#8211; Pompe de dosage  <\/h1>\n<p>compos\u00e9 d&rsquo;une pompe \u00e0 parfum et d&rsquo;une unit\u00e9 d&rsquo;aspiration.<\/p>\n<p>La pompe \u00e0 parfum SOLEUM permet de transf\u00e9rer <a href=\"https:\/\/www.soleum.de\/shop\/dampfbadtechnik\/dampfbadduft-brume-de-hammam\/\">des \u00e9mulsions de bain de vapeur <\/a>dans la conduite de vapeur. Il suffit donc d&rsquo;allumer\/d&rsquo;\u00e9teindre la pompe \u00e0 parfum \u00e0 l&rsquo;aide d&rsquo;un interrupteur plac\u00e9 devant la cabine ou d&rsquo;un g\u00e9n\u00e9rateur de vapeur adapt\u00e9 qui peut commander des pompes externes.<\/p>\n<p>Tension : 230V<\/p>\n<p>Les parfums de bain de vapeur suivants sont \u00e0 votre disposition :<\/p>\n<p><a href=\"http:\/\/www.dampfbad.at\/shop\/dampfbadtechnik\/dampfbadzubehoer\/dampfbadduft-brume-de-hammam\/\"><img loading=\"lazy\" decoding=\"async\" class=\"aligncenter size-full wp-image-5343\" src=\"http:\/\/www.dampfbad.at\/wp-content\/uploads\/Dampfbadduft.Brume-de-hammam-Dampfbademulsion.jpg\" alt=\"Parfum de bain de vapeur BRUME DE HAMMAM Emulsion pour bain de vapeur\" width=\"889\" height=\"112\"><\/a><\/p>\n","protected":false},"excerpt":{"rendered":"<p>MARCHE\/ARR\u00caT Pompe doseuse de parfum<\/p>\n","protected":false},"featured_media":19971,"template":"","meta":[],"product_brand":[],"product_cat":[3412],"product_tag":[4481,4492,4495,4496,4494,4493],"class_list":{"0":"post-29696","1":"product","2":"type-product","3":"status-publish","4":"has-post-thumbnail","6":"product_cat-technique-de-bain-de-vapeur","7":"product_tag-parfum-de-bain-de-vapeur","8":"product_tag-parfum-de-vapeur","9":"product_tag-pompe-a-carburant","10":"product_tag-pompe-dinjection","11":"product_tag-pompe-de-dosage","12":"product_tag-systeme-de-dosage","13":"product_shipping_class-paquet-de-5-a-10-kg","15":"first","16":"instock","17":"taxable","18":"shipping-taxable","19":"purchasable","20":"product-type-simple"},"_links":{"self":[{"href":"https:\/\/www.soleum.de\/fr\/wp-json\/wp\/v2\/product\/29696","targetHints":{"allow":["GET"]}}],"collection":[{"href":"https:\/\/www.soleum.de\/fr\/wp-json\/wp\/v2\/product"}],"about":[{"href":"https:\/\/www.soleum.de\/fr\/wp-json\/wp\/v2\/types\/product"}],"wp:featuredmedia":[{"embeddable":true,"href":"https:\/\/www.soleum.de\/fr\/wp-json\/wp\/v2\/media\/19971"}],"wp:attachment":[{"href":"https:\/\/www.soleum.de\/fr\/wp-json\/wp\/v2\/media?parent=29696"}],"wp:term":[{"taxonomy":"product_brand","embeddable":true,"href":"https:\/\/www.soleum.de\/fr\/wp-json\/wp\/v2\/product_brand?post=29696"},{"taxonomy":"product_cat","embeddable":true,"href":"https:\/\/www.soleum.de\/fr\/wp-json\/wp\/v2\/product_cat?post=29696"},{"taxonomy":"product_tag","embeddable":true,"href":"https:\/\/www.soleum.de\/fr\/wp-json\/wp\/v2\/product_tag?post=29696"}],"curies":[{"name":"wp","href":"https:\/\/api.w.org\/{rel}","templated":true}]}}