{"id":29740,"date":"2017-01-20T11:20:46","date_gmt":"2017-01-20T10:20:46","guid":{"rendered":"https:\/\/www.soleum.de\/shop\/non%20class\u00e9\/banc-de-bain-vapeur-bt-b-gk-sans-dossier\/"},"modified":"2024-02-23T17:02:22","modified_gmt":"2024-02-23T16:02:22","slug":"banc-bain-de-vapeur-b-gk-sans-dossier-copie","status":"publish","type":"product","link":"https:\/\/www.soleum.de\/fr\/shop\/bancs-de-hammam\/banc-bain-de-vapeur-b-gk-sans-dossier-copie\/","title":{"rendered":"Banc de bain vapeur BT.B-GK sans dossier"},"content":{"rendered":"<h1>Banc de bain vapeur BT.B-GK sans dossier<\/h1>\n<h2>EPS brut \u00e0 carreler (avec <strong>contre-contour<\/strong> pour les si\u00e8gesT60, T65, T75, T85, T95, T102 et la chaise longue Swing)<\/h2>\n<ul>\n<li>non mouill\u00e9<\/li>\n<li>non carrel\u00e9<\/li>\n<li>couleur : gris<\/li>\n<\/ul>\n<p><strong>REMARQUE :<\/strong><br \/>\nNous recommandons de chauffer le si\u00e8ge du hammam BT.B (et normalement aussi les parties de la paroi contre lesquelles on s&rsquo;appuie).<\/p>\n<p>Ces formes de si\u00e8ge conviennent parfaitement comme si\u00e8ge de douche \u00e0 carreler. En lieu et place des traditionnelles<br \/>\nSi\u00e8ges rabattables, vous disposez ici d&rsquo;un si\u00e8ge de hammam tr\u00e8s robuste par la suite, que vous pouvez chauffer et carreler.<br \/>\nCette banquette de hammam ne valorise pas seulement l&rsquo;aspect visuel de votre douche ou de votre hammam,<br \/>\nmais est aussi tr\u00e8s confortable.<\/p>\n<div>Ce banc de hammam existe en diff\u00e9rentes longueurs, profondeurs et hauteurs. Veuillez indiquer ci-dessus la mesure souhait\u00e9e en \u00ab\u00a0cm\u00a0\u00bb.<\/div>\n<div><\/div>\n<div>Les pi\u00e8ces moul\u00e9es sont \u00e9ventuellement <strong>en plusieurs parties<\/strong>, selon la longueur souhait\u00e9e <strong>.<br \/>\n<\/strong><\/div>\n<div>Si votre niche de hammam est par ex. 130cm, choisissez toujours un si\u00e8ge de bain de vapeur d&rsquo;environ 2cm plus petit !<\/div>\n<div>\n<div>Pour toute question &gt;<a href=\"http:\/\/www.dampfbad.at\/kontakt\/\">contactez<\/a>&lt; s&rsquo;il vous pla\u00eet !<\/div>\n<\/div>\n<div><\/div>\n<div><div class=\"is-divider divider clearfix\" style=\"max-width:1000px;background-color:rgb(38, 0, 172);\"><\/div>\n<h2 class=\"uppercase\">Commandez pour cela les accessoires suivants<\/h2>\n<h3 class=\"thin-font\">Tapis chauffant pour modules SPA et r\u00e9gulateurs pour une chaleur agr\u00e9able<\/h3>\nPour tous les modules SPA, nous adaptons la direction des conducteurs de chauffage afin de faciliter l'application de la natte chauffante.\n\n&nbsp;\n<blockquote>Vous avez un projet de construction important avec diff\u00e9rents modules SPA ?<\/blockquote>\nN'h\u00e9sitez pas \u00e0 nous contacter par e-mail ! Veuillez nous envoyer votre plan (plan d'ensemble) avec les dimensions. Notre service technique examine votre projet et vous soumet une offre adapt\u00e9e.\n\nSaviez-vous que nous proposons <a href=\"https:\/\/www.soleum.de\/fr\/cabine-vapeur-en-kit-pre-produit\/\">des kits pr\u00eats<\/a> \u00e0 l'emploi ? Les kits ont des prix fixes par cat\u00e9gorie de dimensions. Nous vous enverrons volontiers des informations plus d\u00e9taill\u00e9es.\n\n<ul class=\"ux-products-list product_list_widget\">\n\t\t\t\t\t<li>\n\t<a href=\"https:\/\/www.soleum.de\/fr\/shop\/tapis-chauffant-pour-bain-de-vapeur\/tapis-chauffant-pour-bain-de-vapeur-sur-mesure-horizontal\/\" title=\"Tapis chauffant pour bain de vapeur sur mesure-300W\/m2\">\n\t\t<img loading=\"lazy\" decoding=\"async\" width=\"100\" height=\"100\" src=\"https:\/\/www.soleum.de\/wp-content\/uploads\/2017\/01\/horizontale-Dampfbadheizmatte-100x100.jpg\" class=\"attachment-woocommerce_gallery_thumbnail size-woocommerce_gallery_thumbnail\" alt=\"Tapis chauffant pour bain de vapeur\" srcset=\"https:\/\/www.soleum.de\/wp-content\/uploads\/2017\/01\/horizontale-Dampfbadheizmatte-100x100.jpg 100w, https:\/\/www.soleum.de\/wp-content\/uploads\/2017\/01\/horizontale-Dampfbadheizmatte-280x280.jpg 280w\" sizes=\"auto, (max-width: 100px) 100vw, 100px\" \/>\t\t<span class=\"product-title\">Tapis chauffant pour bain de vapeur sur mesure-300W\/m2<\/span>\n\t<\/a>\n\t\t<span class=\"woocommerce-Price-amount amount\"><bdi>270,00&nbsp;<span class=\"woocommerce-Price-currencySymbol\">&euro;<\/span><\/bdi><\/span> <small class=\"woocommerce-price-suffix\">inkl. MWSt.<\/small><\/li>\n\t\t\t\t\t<li>\n\t<a href=\"https:\/\/www.soleum.de\/fr\/shop\/tapis-chauffant-pour-bain-de-vapeur\/interrupteur-thermostat-encastre-pour-tapis-chauffant\/\" title=\"Thermostat encastr\u00e9 \u00e0 interrupteur pour tapis chauffant\">\n\t\t<img loading=\"lazy\" decoding=\"async\" width=\"100\" height=\"100\" src=\"https:\/\/www.soleum.de\/wp-content\/uploads\/2018\/09\/Schaltereinbauthermostat_Heizmatten-100x100.jpg\" class=\"attachment-woocommerce_gallery_thumbnail size-woocommerce_gallery_thumbnail\" alt=\"Thermostat encastr\u00e9 \u00e0 interrupteur pour tapis chauffant\" srcset=\"https:\/\/www.soleum.de\/wp-content\/uploads\/2018\/09\/Schaltereinbauthermostat_Heizmatten-100x100.jpg 100w, https:\/\/www.soleum.de\/wp-content\/uploads\/2018\/09\/Schaltereinbauthermostat_Heizmatten-280x280.jpg 280w\" sizes=\"auto, (max-width: 100px) 100vw, 100px\" \/>\t\t<span class=\"product-title\">Thermostat encastr\u00e9 \u00e0 interrupteur pour tapis chauffant<\/span>\n\t<\/a>\n\t\t<span class=\"woocommerce-Price-amount amount\"><bdi>149,00&nbsp;<span class=\"woocommerce-Price-currencySymbol\">&euro;<\/span><\/bdi><\/span> <small class=\"woocommerce-price-suffix\">inkl. MWSt.<\/small><\/li>\n\t\t\n\t\t<\/ul>\n\n<div class=\"is-divider divider clearfix\" style=\"max-width:1000px;background-color:rgb(38, 0, 172);\"><\/div><\/div>\n<p><!--more--><\/p>\n","protected":false},"excerpt":{"rendered":"<p>Banc de bain vapeur BT.B-GK sans dossier (avec contre-courant)<\/p>\n","protected":false},"featured_media":17031,"template":"","meta":[],"product_brand":[],"product_cat":[3648],"product_tag":[4635,3656,4633,4628,4358,3651,3663,3660,5734,5733,5732,5735,3652,3658,4631,3662,5731],"class_list":{"0":"post-29740","1":"product","2":"type-product","3":"status-publish","4":"has-post-thumbnail","6":"product_cat-bancs-de-hammam","7":"product_tag-banc-de-bain-vapeur-bt-b-gk-sans-dossier","8":"product_tag-banc-de-douche","9":"product_tag-banc-de-hammam-sans-dossier","10":"product_tag-banc-en-polystyrene","11":"product_tag-banc-eps","12":"product_tag-banc-pour-bain-de-vapeur","13":"product_tag-banc-sur-styrodur","14":"product_tag-banque-en-eps","15":"product_tag-construire-son-propre-hammam-fr","16":"product_tag-construire-son-propre-hammam","17":"product_tag-diy-construction-de-hammam","18":"product_tag-modules-spa","19":"product_tag-siege-de-bain-de-vapeur","20":"product_tag-siege-de-douche","21":"product_tag-siege-en-polystyrene","22":"product_tag-siege-en-styrodur","23":"product_tag-siege-eps-siege-de-douche-eps","24":"product_shipping_class-siege-de-douche","26":"first","27":"instock","28":"taxable","29":"shipping-taxable","30":"purchasable","31":"product-type-simple"},"_links":{"self":[{"href":"https:\/\/www.soleum.de\/fr\/wp-json\/wp\/v2\/product\/29740","targetHints":{"allow":["GET"]}}],"collection":[{"href":"https:\/\/www.soleum.de\/fr\/wp-json\/wp\/v2\/product"}],"about":[{"href":"https:\/\/www.soleum.de\/fr\/wp-json\/wp\/v2\/types\/product"}],"wp:featuredmedia":[{"embeddable":true,"href":"https:\/\/www.soleum.de\/fr\/wp-json\/wp\/v2\/media\/17031"}],"wp:attachment":[{"href":"https:\/\/www.soleum.de\/fr\/wp-json\/wp\/v2\/media?parent=29740"}],"wp:term":[{"taxonomy":"product_brand","embeddable":true,"href":"https:\/\/www.soleum.de\/fr\/wp-json\/wp\/v2\/product_brand?post=29740"},{"taxonomy":"product_cat","embeddable":true,"href":"https:\/\/www.soleum.de\/fr\/wp-json\/wp\/v2\/product_cat?post=29740"},{"taxonomy":"product_tag","embeddable":true,"href":"https:\/\/www.soleum.de\/fr\/wp-json\/wp\/v2\/product_tag?post=29740"}],"curies":[{"name":"wp","href":"https:\/\/api.w.org\/{rel}","templated":true}]}}