{"id":29751,"date":"2017-01-24T09:19:42","date_gmt":"2017-01-24T08:19:42","guid":{"rendered":"https:\/\/www.soleum.de\/shop\/non%20class\u00e9\/coffret-technique-pour-bain-de-vapeur\/"},"modified":"2024-02-23T17:03:32","modified_gmt":"2024-02-23T16:03:32","slug":"kit-technique-pour-bain-de-vapeur","status":"publish","type":"product","link":"https:\/\/www.soleum.de\/fr\/shop\/technique-de-bain-de-vapeur\/kit-technique-pour-bain-de-vapeur\/","title":{"rendered":"Coffret technique pour bain de vapeur"},"content":{"rendered":"<h1>Coffret technique pour bain de vapeur de SOLEUM<\/h1>\n<p>Dimensions : env. 500 x 250 x 120mm<\/p>\n<p>Gr\u00e2ce \u00e0 notre nouveau kit technique pour hammam pr\u00eat \u00e0 brancher, vous pouvez raccorder nos composants de hammam en toute simplicit\u00e9.<\/p>\n<p>Il est enti\u00e8rement pr\u00e9c\u00e2bl\u00e9 \u00e0 l&rsquo;int\u00e9rieur et il n&rsquo;est pas n\u00e9cessaire de \u00ab\u00a0visser\u00a0\u00bb les parties sous tension. Tout est \u00ab\u00a0PLUG and PLAY\u00a0\u00bb &#8211; pr\u00eat \u00e0 \u00eatre branch\u00e9 :<\/p>\n<h2>FEATURES Bain de vapeur Bo\u00eete technique :<\/h2>\n<ul>\n<li>Une <strong>conduite d&rsquo;alimentation s\u00e9par\u00e9e<\/strong> est possible pour chaque circuit de chauffage (divise \u00e9galement la puissance)<\/li>\n<li>Les deux circuits de chauffage sont <strong>prot\u00e9g\u00e9s s\u00e9par\u00e9ment<\/strong><\/li>\n<li>r\u00e9gulateur de chauffage int\u00e9gr\u00e9 pour 2 circuits de chauffage s\u00e9par\u00e9s (plage de r\u00e9glage de la temp\u00e9rature de 0 \u00e0 60\u00b0C)<\/li>\n<li>R\u00e9glage de <strong>temp\u00e9ratures s\u00e9par\u00e9es<\/strong> (murs=circuit de chauffage 1 peut \u00eatre rendu plus \u00ab\u00a0chaud\u00a0\u00bb, banquette\/couchettes\/sol=circuit de chauffage 2 est g\u00e9n\u00e9ralement rendu plus doux \u00e0 environ 38\u00b0C)<\/li>\n<li>possibilit\u00e9 de raccorder jusqu&rsquo;\u00e0 7 nattes chauffantes par circuit de chauffage<\/li>\n<li>Pr\u00eat \u00e0 \u00eatre branch\u00e9 &#8211; effort de connexion minimal !<\/li>\n<li>Raccord pour <a href=\"https:\/\/www.soleum.de\/shop\/dampfbadtechnik\/duftstoffpumpe-dosierpumpe\/\">pompe \u00e0 parfum<\/a><\/li>\n<li>Raccordement pour le compresseur SOLE (\u00e9galement pour le montage ult\u00e9rieur si l&rsquo;interrupteur a \u00e9t\u00e9 pr\u00e9vu dans ou \u00e0 l&rsquo;ext\u00e9rieur du hammam).<\/li>\n<li>Alimentation 24V DC pour la commande des LED de couleur<\/li>\n<li>Prise 12V DC<\/li>\n<li>Deux circuits LED de lumi\u00e8re blanche s\u00e9par\u00e9s (par ex. 1. plafonnier 2. \u00e9clairage de niche)<\/li>\n<\/ul>\n<p>Bien que le bo\u00eetier technique soit tr\u00e8s facile \u00e0 raccorder soi-m\u00eame, nous recommandons de faire appel \u00e0 un \u00e9lectricien certifi\u00e9 pour le raccordement du bo\u00eetier technique du hammam. Son travail se limite toutefois essentiellement \u00e0 monter les contre-connecteurs sur les <a href=\"https:\/\/www.soleum.de\/shop\/dampfbadheizmatten\/dampfbadheizmatten-auf-mass\/\">tapis chauffants<\/a>, <a href=\"https:\/\/www.soleum.de\/shop\/dampfbadtechnik\/dampfbad-led\/\">les lampes LED<\/a>, les c\u00e2bles d&rsquo;alimentation, etc.<\/p>\n<p>Lors de l&rsquo;achat du coffret technique pour hammam, un sch\u00e9ma de c\u00e2blage\/de raccordement est bien entendu fourni !<\/p><\/p>\n","protected":false},"excerpt":{"rendered":"<p>Gr\u00e2ce \u00e0 notre nouveau kit technique pour hammam pr\u00eat \u00e0 brancher, vous pouvez raccorder nos composants de hammam en toute simplicit\u00e9. Pr\u00e9c\u00e2bl\u00e9 et pr\u00eat \u00e0 \u00eatre branch\u00e9.<\/p>\n","protected":false},"featured_media":10255,"template":"","meta":[],"product_brand":[],"product_cat":[3412],"product_tag":[4656,4655,4657,3581],"class_list":{"0":"post-29751","1":"product","2":"type-product","3":"status-publish","4":"has-post-thumbnail","6":"product_cat-technique-de-bain-de-vapeur","7":"product_tag-coffret-technique","8":"product_tag-coffret-technique-pour-bain-de-vapeur","9":"product_tag-coffret-technique-soleum","10":"product_tag-technique-de-bain-de-vapeur","11":"product_shipping_class-paket-5-10kg-fr","13":"first","14":"outofstock","15":"taxable","16":"shipping-taxable","17":"purchasable","18":"product-type-simple"},"_links":{"self":[{"href":"https:\/\/www.soleum.de\/fr\/wp-json\/wp\/v2\/product\/29751","targetHints":{"allow":["GET"]}}],"collection":[{"href":"https:\/\/www.soleum.de\/fr\/wp-json\/wp\/v2\/product"}],"about":[{"href":"https:\/\/www.soleum.de\/fr\/wp-json\/wp\/v2\/types\/product"}],"wp:featuredmedia":[{"embeddable":true,"href":"https:\/\/www.soleum.de\/fr\/wp-json\/wp\/v2\/media\/10255"}],"wp:attachment":[{"href":"https:\/\/www.soleum.de\/fr\/wp-json\/wp\/v2\/media?parent=29751"}],"wp:term":[{"taxonomy":"product_brand","embeddable":true,"href":"https:\/\/www.soleum.de\/fr\/wp-json\/wp\/v2\/product_brand?post=29751"},{"taxonomy":"product_cat","embeddable":true,"href":"https:\/\/www.soleum.de\/fr\/wp-json\/wp\/v2\/product_cat?post=29751"},{"taxonomy":"product_tag","embeddable":true,"href":"https:\/\/www.soleum.de\/fr\/wp-json\/wp\/v2\/product_tag?post=29751"}],"curies":[{"name":"wp","href":"https:\/\/api.w.org\/{rel}","templated":true}]}}