{"id":29780,"date":"2020-07-21T08:11:34","date_gmt":"2020-07-21T06:11:34","guid":{"rendered":"https:\/\/www.soleum.de\/shop\/non%20class\u00e9\/grille-en-verre-textile-reseau-de-fibres-optiques\/"},"modified":"2024-02-23T17:07:27","modified_gmt":"2024-02-23T16:07:27","slug":"grille-en-verre-textile-fibre-de-verre","status":"publish","type":"product","link":"https:\/\/www.soleum.de\/fr\/shop\/siege-de-douche\/grille-en-verre-textile-fibre-de-verre\/","title":{"rendered":"Grille en verre textile, r\u00e9seau de fibres optiques"},"content":{"rendered":"<h1>Grille en verre textile, filet en fibre de verre \u00e0 appliquer \u00e0 la spatule sur le si\u00e8ge de douche<\/h1>\n<p>Compatible avec le si\u00e8ge de douche BT.A et BT.B<br \/>\nNous s\u00e9parons ici<strong> la quantit\u00e9 n\u00e9cessaire<\/strong> (l&rsquo;image est un symbole !) et l&rsquo;ajoutons \u00e0 la banquette.<\/p>\n","protected":false},"excerpt":{"rendered":"<p>Grille en verre textile, filet en fibre de verre \u00e0 appliquer \u00e0 la spatule sur le si\u00e8ge de douche Compatible avec le si\u00e8ge de douche BT.A et BT.B Nous s\u00e9parons ici la quantit\u00e9 n\u00e9cessaire (l&rsquo;image est un symbole !) et l&rsquo;ajoutons \u00e0 la banquette.<\/p>\n","protected":false},"featured_media":17969,"template":"","meta":[],"product_brand":[],"product_cat":[3649],"product_tag":[4737,4739],"class_list":{"0":"post-29780","1":"product","2":"type-product","3":"status-publish","4":"has-post-thumbnail","6":"product_cat-siege-de-douche","7":"product_tag-grille-en-verre-textile","8":"product_tag-reseau-de-fibre-optique","10":"first","11":"instock","12":"taxable","13":"shipping-taxable","14":"purchasable","15":"product-type-simple"},"_links":{"self":[{"href":"https:\/\/www.soleum.de\/fr\/wp-json\/wp\/v2\/product\/29780","targetHints":{"allow":["GET"]}}],"collection":[{"href":"https:\/\/www.soleum.de\/fr\/wp-json\/wp\/v2\/product"}],"about":[{"href":"https:\/\/www.soleum.de\/fr\/wp-json\/wp\/v2\/types\/product"}],"wp:featuredmedia":[{"embeddable":true,"href":"https:\/\/www.soleum.de\/fr\/wp-json\/wp\/v2\/media\/17969"}],"wp:attachment":[{"href":"https:\/\/www.soleum.de\/fr\/wp-json\/wp\/v2\/media?parent=29780"}],"wp:term":[{"taxonomy":"product_brand","embeddable":true,"href":"https:\/\/www.soleum.de\/fr\/wp-json\/wp\/v2\/product_brand?post=29780"},{"taxonomy":"product_cat","embeddable":true,"href":"https:\/\/www.soleum.de\/fr\/wp-json\/wp\/v2\/product_cat?post=29780"},{"taxonomy":"product_tag","embeddable":true,"href":"https:\/\/www.soleum.de\/fr\/wp-json\/wp\/v2\/product_tag?post=29780"}],"curies":[{"name":"wp","href":"https:\/\/api.w.org\/{rel}","templated":true}]}}