{"id":29781,"date":"2020-07-17T15:56:15","date_gmt":"2020-07-17T13:56:15","guid":{"rendered":"https:\/\/www.soleum.de\/shop\/non%20class\u00e9\/douchette-a-main-solemina-v4a\/"},"modified":"2024-02-23T17:08:31","modified_gmt":"2024-02-23T16:08:31","slug":"douchette-a-main-solemina-v4a","status":"publish","type":"product","link":"https:\/\/www.soleum.de\/fr\/shop\/robinetterie-pour-douchette-a-main\/douchette-a-main-solemina-v4a\/","title":{"rendered":"Douchette \u00e0 main SOLEMINA V4A"},"content":{"rendered":"<p>Douchette \u00e0 main SOLEMINA en acier inoxydable V4A SET comprenant<\/p>\n<ol>\n<li style=\"list-style-type: none;\">\n<ol>\n<li>Douchette \u00e0 main en acier inoxydable V4A coud\u00e9e L=145mm D=21mm, AISI 316Lmatt<\/li>\n<li>Tuyau de douche tiss\u00e9 L=150cm inox mat Raccords M10X1 \/ 1\/2<\/li>\n<li>Acier inox V4A UP Goulot mural H=60mm incl. Plaque de montage, AISI 316 mat<\/li>\n<li>Acier inox V4A Sortie murale de tuyau de douche G1\/2 avec support Raccord M10x1 D=R70\/42,AISI 316 mat<\/li>\n<li>Acier inoxydable V4A R\u00e9gulateur d&rsquo;eau froide avec UP sur plaque de montage, AISI316L mat<\/li>\n<\/ol>\n<\/li>\n<\/ol>\n<p>Gr\u00e2ce \u00e0 un rev\u00eatement en nitrure de titane (TiN), l&rsquo;acier inoxydable peut \u00eatre color\u00e9 dans diff\u00e9rentes variantes de couleurs m\u00e9talliques. Le rev\u00eatement est r\u00e9sistant au contact alimentaire, \u00e0 la couleur, aux UV et \u00e0 la corrosion. Acier inoxydable poli miroir\/brillant No,8 Acier inoxydable sabl\u00e9 aux billes de verre, \u00e0 la c\u00e9ramique ou au corindon noble T\u00f4les perfor\u00e9es (y compris trou int\u00e9rieur) Surfaces polies (K 80-1200). Taille longitudinale et transversale, hairline, vibration  <\/p>\n\t<div id=\"gap-945793699\" class=\"gap-element clearfix\" style=\"display:block; height:auto;\">\n\t\t\n<style>\n#gap-945793699 {\n  padding-top: 48px;\n}\n<\/style>\n\t<\/div>\n\t\n<div class=\"container section-title-container\" ><h3 class=\"section-title section-title-normal\"><b aria-hidden=\"true\"><\/b><span class=\"section-title-main\" >Diff\u00e9rents rev\u00eatements sont possibles<\/span><b aria-hidden=\"true\"><\/b><\/h3><\/div>\n<p>Gr\u00e2ce \u00e0 un rev\u00eatement en nitrure de titane (TiN), l&rsquo;acier inoxydable peut \u00eatre color\u00e9 dans diff\u00e9rentes variantes de couleurs m\u00e9talliques.<br \/>\nLe rev\u00eatement est r\u00e9sistant aux aliments, aux couleurs, aux UV et \u00e0 la corrosion.<\/p>\n<p>Mat\u00e9riaux pouvant \u00eatre teints<br \/>\nT\u00f4les de base en acier inoxydable<br \/>\nC\u00f4t\u00e9 A standard teint\u00e9. Possible des deux c\u00f4t\u00e9s.<\/p>\n<p>Acier inoxydable poli miroir\/brillant No,8<br \/>\nacier inoxydable perl\u00e9 de verre, c\u00e9ramique ou corindon noble sabl\u00e9<br \/>\nT\u00f4les perfor\u00e9es (y compris trou int\u00e9rieur)<br \/>\nsurfaces ponc\u00e9es (K 80-1200). Taille longitudinale et transversale, hairline, vibration<\/p>\n\t<div class=\"img has-hover x md-x lg-x y md-y lg-y\" id=\"image_1598126588\">\n\t\t\t\t\t\t\t\t<div class=\"img-inner dark\" >\n\t\t\t<img loading=\"lazy\" decoding=\"async\" width=\"913\" height=\"411\" src=\"https:\/\/www.soleum.de\/wp-content\/uploads\/2020\/07\/Beschichtungen.jpg\" class=\"attachment-large size-large\" alt=\"\" srcset=\"https:\/\/www.soleum.de\/wp-content\/uploads\/2020\/07\/Beschichtungen.jpg 913w, https:\/\/www.soleum.de\/wp-content\/uploads\/2020\/07\/Beschichtungen-800x360.jpg 800w, https:\/\/www.soleum.de\/wp-content\/uploads\/2020\/07\/Beschichtungen-768x346.jpg 768w, https:\/\/www.soleum.de\/wp-content\/uploads\/2020\/07\/Beschichtungen-510x230.jpg 510w\" sizes=\"auto, (max-width: 913px) 100vw, 913px\" \/>\t\t\t\t\t\t\n\t\t\t\t\t<\/div>\n\t\t\t\t\t\t\t\t\n<style>\n#image_1598126588 {\n  width: 90%;\n}\n<\/style>\n\t<\/div>\n\t\n\t<div id=\"gap-210252270\" class=\"gap-element clearfix\" style=\"display:block; height:auto;\">\n\t\t\n<style>\n#gap-210252270 {\n  padding-top: 62px;\n}\n<\/style>\n\t<\/div>\n\t\n<div class=\"container section-title-container\" ><h3 class=\"section-title section-title-normal\"><b aria-hidden=\"true\"><\/b><span class=\"section-title-main\" >Armature en acier inoxydable noir<\/span><b aria-hidden=\"true\"><\/b><\/h3><\/div>\n\t<div class=\"img has-hover x md-x lg-x y md-y lg-y\" id=\"image_507512897\">\n\t\t\t\t\t\t\t\t<div class=\"img-inner dark\" >\n\t\t\t<img loading=\"lazy\" decoding=\"async\" width=\"800\" height=\"640\" src=\"https:\/\/www.soleum.de\/wp-content\/uploads\/2020\/07\/farbfaecher_schwarz.jpg\" class=\"attachment-large size-large\" alt=\"\" srcset=\"https:\/\/www.soleum.de\/wp-content\/uploads\/2020\/07\/farbfaecher_schwarz.jpg 800w, https:\/\/www.soleum.de\/wp-content\/uploads\/2020\/07\/farbfaecher_schwarz-500x400.jpg 500w, https:\/\/www.soleum.de\/wp-content\/uploads\/2020\/07\/farbfaecher_schwarz-768x614.jpg 768w, https:\/\/www.soleum.de\/wp-content\/uploads\/2020\/07\/farbfaecher_schwarz-510x408.jpg 510w\" sizes=\"auto, (max-width: 800px) 100vw, 800px\" \/>\t\t\t\t\t\t\n\t\t\t\t\t<\/div>\n\t\t\t\t\t\t\t\t\n<style>\n#image_507512897 {\n  width: 90%;\n}\n<\/style>\n\t<\/div>\n\t\n","protected":false},"excerpt":{"rendered":"<p>Douche \u00e0 main\/flexible de Kneipp en acier inoxydable, robinetterie encastr\u00e9e, bross\u00e9 mat.<br \/>\nMod\u00e8le : SOLEMINA V4A<\/p>\n","protected":false},"featured_media":17857,"template":"","meta":[],"product_brand":[],"product_cat":[4738],"product_tag":[4747,4742,4741,4740,4749,4751,4744,4743],"class_list":{"0":"post-29781","1":"product","2":"type-product","3":"status-publish","4":"has-post-thumbnail","6":"product_cat-robinetterie-pour-douchette-a-main","7":"product_tag-douche-a-eau-froide","8":"product_tag-douche-a-main-en-acier-inoxydable","9":"product_tag-douchette-a-main","10":"product_tag-douchette-a-main-solemina-v4a","11":"product_tag-douchette-pour-bain-de-vapeur-deau-salee","12":"product_tag-douchette-pour-hammam","13":"product_tag-tuyau-de-nettoyage-pour-bain-de-vapeur","14":"product_tag-tuyau-kneipp-en-acier-inoxydable","15":"product_shipping_class-paket-5-10kg-fr","17":"first","18":"instock","19":"taxable","20":"shipping-taxable","21":"purchasable","22":"product-type-simple"},"_links":{"self":[{"href":"https:\/\/www.soleum.de\/fr\/wp-json\/wp\/v2\/product\/29781","targetHints":{"allow":["GET"]}}],"collection":[{"href":"https:\/\/www.soleum.de\/fr\/wp-json\/wp\/v2\/product"}],"about":[{"href":"https:\/\/www.soleum.de\/fr\/wp-json\/wp\/v2\/types\/product"}],"wp:featuredmedia":[{"embeddable":true,"href":"https:\/\/www.soleum.de\/fr\/wp-json\/wp\/v2\/media\/17857"}],"wp:attachment":[{"href":"https:\/\/www.soleum.de\/fr\/wp-json\/wp\/v2\/media?parent=29781"}],"wp:term":[{"taxonomy":"product_brand","embeddable":true,"href":"https:\/\/www.soleum.de\/fr\/wp-json\/wp\/v2\/product_brand?post=29781"},{"taxonomy":"product_cat","embeddable":true,"href":"https:\/\/www.soleum.de\/fr\/wp-json\/wp\/v2\/product_cat?post=29781"},{"taxonomy":"product_tag","embeddable":true,"href":"https:\/\/www.soleum.de\/fr\/wp-json\/wp\/v2\/product_tag?post=29781"}],"curies":[{"name":"wp","href":"https:\/\/api.w.org\/{rel}","templated":true}]}}