{"id":29794,"date":"2020-07-18T11:12:47","date_gmt":"2020-07-18T09:12:47","guid":{"rendered":"https:\/\/www.soleum.de\/shop\/non%20class\u00e9\/douchette-a-main-en-acier-inoxydable-soleum-tree-inox\/"},"modified":"2024-02-23T17:07:25","modified_gmt":"2024-02-23T16:07:25","slug":"douche-a-main-en-acier-inoxydable-soleum-tree-inox","status":"publish","type":"product","link":"https:\/\/www.soleum.de\/fr\/shop\/robinetterie-pour-douchette-a-main\/douche-a-main-en-acier-inoxydable-soleum-tree-inox\/","title":{"rendered":"Douchette \u00e0 main en acier inoxydable SOLEUM-TREE-INOX"},"content":{"rendered":"<p>Douchette \u00e0 main en acier inoxydable SOLEUM-TREE-INOX SET (design d&rsquo;Italie) comprenant<\/p>\n<ol>\n<li>Corps non encastr\u00e9 avec une profondeur d&rsquo;encastrement de seulement 50mm<\/li>\n<li>Tuyau de douche tiss\u00e9 L=150cm inox mat<\/li>\n<li>  Sortie murale de tuyau de douche G1\/2 avec support<\/li>\n<li>R\u00e9gulateur d&rsquo;eau froide<\/li>\n<\/ol>\n","protected":false},"excerpt":{"rendered":"<p>Douchette \u00e0 main en acier inoxydable SOLEUM-TREE-INOX tuyau Kneipp, robinetterie encastr\u00e9e, bross\u00e9 mat.<br \/>\nMod\u00e8le : SOLEUM-TREE-INOX<\/p>\n","protected":false},"featured_media":17864,"template":"","meta":[],"product_brand":[],"product_cat":[4738],"product_tag":[4747,4742,4741,4740,4749,4751,4744,4743],"class_list":{"0":"post-29794","1":"product","2":"type-product","3":"status-publish","4":"has-post-thumbnail","6":"product_cat-robinetterie-pour-douchette-a-main","7":"product_tag-douche-a-eau-froide","8":"product_tag-douche-a-main-en-acier-inoxydable","9":"product_tag-douchette-a-main","10":"product_tag-douchette-a-main-solemina-v4a","11":"product_tag-douchette-pour-bain-de-vapeur-deau-salee","12":"product_tag-douchette-pour-hammam","13":"product_tag-tuyau-de-nettoyage-pour-bain-de-vapeur","14":"product_tag-tuyau-kneipp-en-acier-inoxydable","16":"first","17":"instock","18":"taxable","19":"shipping-taxable","20":"purchasable","21":"product-type-simple"},"_links":{"self":[{"href":"https:\/\/www.soleum.de\/fr\/wp-json\/wp\/v2\/product\/29794","targetHints":{"allow":["GET"]}}],"collection":[{"href":"https:\/\/www.soleum.de\/fr\/wp-json\/wp\/v2\/product"}],"about":[{"href":"https:\/\/www.soleum.de\/fr\/wp-json\/wp\/v2\/types\/product"}],"wp:featuredmedia":[{"embeddable":true,"href":"https:\/\/www.soleum.de\/fr\/wp-json\/wp\/v2\/media\/17864"}],"wp:attachment":[{"href":"https:\/\/www.soleum.de\/fr\/wp-json\/wp\/v2\/media?parent=29794"}],"wp:term":[{"taxonomy":"product_brand","embeddable":true,"href":"https:\/\/www.soleum.de\/fr\/wp-json\/wp\/v2\/product_brand?post=29794"},{"taxonomy":"product_cat","embeddable":true,"href":"https:\/\/www.soleum.de\/fr\/wp-json\/wp\/v2\/product_cat?post=29794"},{"taxonomy":"product_tag","embeddable":true,"href":"https:\/\/www.soleum.de\/fr\/wp-json\/wp\/v2\/product_tag?post=29794"}],"curies":[{"name":"wp","href":"https:\/\/api.w.org\/{rel}","templated":true}]}}