{"id":29848,"date":"2023-09-06T08:13:42","date_gmt":"2023-09-06T06:13:42","guid":{"rendered":"https:\/\/www.soleum.de\/shop\/non%20class\u00e9\/boite-a-feu-boite-a-encastrer-avec-feu-a-ultrasons-3d\/"},"modified":"2024-11-26T08:28:58","modified_gmt":"2024-11-26T07:28:58","slug":"boite-a-feu-encastrable-avec-feu-a-ultrasons-3d","status":"publish","type":"product","link":"https:\/\/www.soleum.de\/fr\/shop\/soldes-offres-bonnes-affaires\/boite-a-feu-encastrable-avec-feu-a-ultrasons-3d\/","title":{"rendered":"Bo\u00eete \u00e0 feu, bo\u00eete \u00e0 encastrer avec feu \u00e0 ultrasons 3D"},"content":{"rendered":"<h1>Bo\u00eete \u00e0 feu, bo\u00eete d&rsquo;encastrement incl. Feu \u00e0 ultrasons 3D<\/h1>\n<p>Pour feu 3D de <strong>80 cm<\/strong> de large.<\/p>\n<p>Dimensions du caisson encastr\u00e9 : largeur=90cm, profondeur = 30cm, hauteur = 86cm<\/p>\n<p>couleur : noir, mat<\/p>\n<p>Lors de l&rsquo;envoi, la bo\u00eete est en outre plac\u00e9e dans une caisse en contreplaqu\u00e9.<\/p>\n<blockquote><p>L&rsquo;offre concerne le mod\u00e8le d&rsquo;exposition de la bo\u00eete \u00e0 feu &#8211; il y a 3 bo\u00eetes en stock<\/p><\/blockquote>\n<p>Veuillez nous contacter pour plus d&rsquo;informations. T\u00e9l. : +43 7236 26200<\/p>\n<p>&nbsp;<\/p>\n<p>&nbsp;<\/p>\n<p>&nbsp;<\/p>\n","protected":false},"excerpt":{"rendered":"<p>Feu \u00e0 ultrasons 3D pour chaises longues SPA : Bo\u00eete \u00e0 feu, bo\u00eete d&rsquo;encastrement incl. Feu 3D \u00e0 ultrasons &#8211; Pour feu 3D de 80cm de large incl. T\u00e9l\u00e9commande.<\/p>\n","protected":false},"featured_media":21357,"template":"","meta":[],"product_brand":[],"product_cat":[4787],"product_tag":[5150,5149,5148,5151],"class_list":{"0":"post-29848","1":"product","2":"type-product","3":"status-publish","4":"has-post-thumbnail","6":"product_cat-soldes-offres-bonnes-affaires","7":"product_tag-eau-de-feu","8":"product_tag-feu-a-ultrasons","9":"product_tag-feu-a-ultrasons-3d","10":"product_tag-spa-design-fr","11":"product_shipping_class-objets-encombrants","13":"first","14":"instock","15":"sale","16":"taxable","17":"shipping-taxable","18":"purchasable","19":"product-type-simple"},"_links":{"self":[{"href":"https:\/\/www.soleum.de\/fr\/wp-json\/wp\/v2\/product\/29848","targetHints":{"allow":["GET"]}}],"collection":[{"href":"https:\/\/www.soleum.de\/fr\/wp-json\/wp\/v2\/product"}],"about":[{"href":"https:\/\/www.soleum.de\/fr\/wp-json\/wp\/v2\/types\/product"}],"wp:featuredmedia":[{"embeddable":true,"href":"https:\/\/www.soleum.de\/fr\/wp-json\/wp\/v2\/media\/21357"}],"wp:attachment":[{"href":"https:\/\/www.soleum.de\/fr\/wp-json\/wp\/v2\/media?parent=29848"}],"wp:term":[{"taxonomy":"product_brand","embeddable":true,"href":"https:\/\/www.soleum.de\/fr\/wp-json\/wp\/v2\/product_brand?post=29848"},{"taxonomy":"product_cat","embeddable":true,"href":"https:\/\/www.soleum.de\/fr\/wp-json\/wp\/v2\/product_cat?post=29848"},{"taxonomy":"product_tag","embeddable":true,"href":"https:\/\/www.soleum.de\/fr\/wp-json\/wp\/v2\/product_tag?post=29848"}],"curies":[{"name":"wp","href":"https:\/\/api.w.org\/{rel}","templated":true}]}}