{"id":29865,"date":"2019-05-22T10:39:32","date_gmt":"2019-05-22T08:39:32","guid":{"rendered":"https:\/\/www.soleum.de\/shop\/non%20class\u00e9\/lampe-a-lumiere-coloree-rgbw-pour-hammam\/"},"modified":"2024-02-23T17:05:04","modified_gmt":"2024-02-23T16:05:04","slug":"lampe-couleur-rgbw-pour-bain-de-vapeur","status":"publish","type":"product","link":"https:\/\/www.soleum.de\/fr\/shop\/lampes-a-led\/lampe-couleur-rgbw-pour-bain-de-vapeur\/","title":{"rendered":"Lampe \u00e0 lumi\u00e8re color\u00e9e RGBW pour hammam"},"content":{"rendered":"<h1>Lampe \u00e0 lumi\u00e8re color\u00e9e RGBW pour hammam et douche \u00e0 vapeur<\/h1>\n<p><strong>IP67<\/strong>, design \u00e9l\u00e9gant et ex\u00e9cution robuste ainsi que lumi\u00e8re tr\u00e8s puissante (rouge, vert, bleu, blanc)<\/p>\n<p>diam\u00e8tre 14cm, profondeur de montage env. 11,5cm<\/p>\n<p>\u00e9galement utilisable comme <strong>spot encastr\u00e9 dans le sol<\/strong> <\/p>\n<p>R\u00e9f\u00e9rence : 6431010041<\/p>\n<p>&nbsp;<\/p>\n","protected":false},"excerpt":{"rendered":"<h1>Lampe \u00e0 lumi\u00e8re color\u00e9e RGBW pour hammam (rouge, vert, bleu, blanc)<\/h1>\n<p>Art. N\u00b0 de r\u00e9f\u00e9rence : 6431010041<\/p>\n","protected":false},"featured_media":17178,"template":"","meta":[],"product_brand":[],"product_cat":[4176],"product_tag":[5195,5187,5182,5181,4177,4178,5198,5185,5192,5183],"class_list":{"0":"post-29865","1":"product","2":"type-product","3":"status-publish","4":"has-post-thumbnail","6":"product_cat-lampes-a-led","7":"product_tag-chromotherapie","8":"product_tag-lampe-a-led-rgbw","9":"product_tag-lampe-a-lumiere-coloree","10":"product_tag-lampe-a-lumiere-coloree-rgbw","11":"product_tag-lampe-pour-bain-de-vapeur","12":"product_tag-lampe-pour-bain-de-vapeur-fr","13":"product_tag-led-pour-bain-de-vapeur","14":"product_tag-led-rgbw","15":"product_tag-projecteur-encastre-dans-le-sol","16":"product_tag-spot-rgbw","17":"product_shipping_class-paket-5-10kg-fr","19":"first","20":"outofstock","21":"taxable","22":"shipping-taxable","23":"purchasable","24":"product-type-simple"},"_links":{"self":[{"href":"https:\/\/www.soleum.de\/fr\/wp-json\/wp\/v2\/product\/29865","targetHints":{"allow":["GET"]}}],"collection":[{"href":"https:\/\/www.soleum.de\/fr\/wp-json\/wp\/v2\/product"}],"about":[{"href":"https:\/\/www.soleum.de\/fr\/wp-json\/wp\/v2\/types\/product"}],"wp:featuredmedia":[{"embeddable":true,"href":"https:\/\/www.soleum.de\/fr\/wp-json\/wp\/v2\/media\/17178"}],"wp:attachment":[{"href":"https:\/\/www.soleum.de\/fr\/wp-json\/wp\/v2\/media?parent=29865"}],"wp:term":[{"taxonomy":"product_brand","embeddable":true,"href":"https:\/\/www.soleum.de\/fr\/wp-json\/wp\/v2\/product_brand?post=29865"},{"taxonomy":"product_cat","embeddable":true,"href":"https:\/\/www.soleum.de\/fr\/wp-json\/wp\/v2\/product_cat?post=29865"},{"taxonomy":"product_tag","embeddable":true,"href":"https:\/\/www.soleum.de\/fr\/wp-json\/wp\/v2\/product_tag?post=29865"}],"curies":[{"name":"wp","href":"https:\/\/api.w.org\/{rel}","templated":true}]}}