{"id":29869,"date":"2017-12-16T15:16:43","date_gmt":"2017-12-16T14:16:43","guid":{"rendered":"https:\/\/www.soleum.de\/shop\/non%20class\u00e9\/cylindre-a-vapeur-piece-de-rechange\/"},"modified":"2024-02-23T17:04:56","modified_gmt":"2024-02-23T16:04:56","slug":"piece-de-rechange-pour-cylindre-a-vapeur","status":"publish","type":"product","link":"https:\/\/www.soleum.de\/fr\/shop\/pieces-de-rechange\/piece-de-rechange-pour-cylindre-a-vapeur\/","title":{"rendered":"Cylindre \u00e0 vapeur pi\u00e8ce de rechange"},"content":{"rendered":"<h1>Cylindre \u00e0 vapeur Pi\u00e8ce de rechange pour conductivit\u00e9 faible ou moyenne<\/h1>\n<h2>pour g\u00e9n\u00e9rateurs de vapeur SOL-Steam SOL-005, SOL-008, SOL-010, SOL-015, SOL-018<\/h2>\n<div><span style=\"font-size: 120%;\">Cylindre \u00e0 vapeur Pi\u00e8ce de rechange pour faible conductivit\u00e9 de l&rsquo;eau : <strong>75-350 \u00b5S\/cm<\/strong><\/span><\/div>\n<div>\n<div><span style=\"font-size: 120%;\">Cylindre \u00e0 vapeur Pi\u00e8ce de rechange pour conductivit\u00e9 moyenne de l&rsquo;eau : <strong>350-1250 \u00b5S\/cm (cylindre standard)<\/strong><\/span><\/div>\n<\/div>\n\t<div id=\"gap-187947902\" class=\"gap-element clearfix\" style=\"display:block; height:auto;\">\n\t\t\n<style>\n#gap-187947902 {\n  padding-top: 30px;\n}\n<\/style>\n\t<\/div>\n\t\n<div>Le prix comprend d\u00e9j\u00e0 le jeu d&rsquo;\u00e9lectrodes !<\/div>\n\t<div id=\"gap-1214982085\" class=\"gap-element clearfix\" style=\"display:block; height:auto;\">\n\t\t\n<style>\n#gap-1214982085 {\n  padding-top: 30px;\n}\n<\/style>\n\t<\/div>\n\t\n<div>Dans la vid\u00e9o ci-dessous, vous verrez que le remplacement d&rsquo;un cylindre \u00e0 vapeur est tr\u00e8s simple :<\/div>\n<p><iframe loading=\"lazy\" src=\"https:\/\/www.youtube.com\/embed\/kRphlMnuBQY?rel=0\" width=\"560\" height=\"315\" frameborder=\"0\" allowfullscreen=\"allowfullscreen\"><\/iframe><\/p>\n<div>\n<h2>Qualit\u00e9 de l&rsquo;eau et cylindre \u00e0 vapeur &#8211; Dur\u00e9e de vie<\/h2>\n<p>La relation entre la duret\u00e9 de l&rsquo;eau et la dur\u00e9e de vie du cylindre n&rsquo;est pas lin\u00e9aire et ne peut pas \u00eatre calcul\u00e9e. La duret\u00e9 de l&rsquo;eau, \u00b0dH = degr\u00e9 de duret\u00e9 allemande, se r\u00e9f\u00e8re uniquement \u00e0 la proportion de calcaire dissous (calcium et ions) dans l&rsquo;eau. La conductivit\u00e9 est d\u00e9termin\u00e9e par la quantit\u00e9 de sels et de m\u00e9taux dissous. La composition des eaux et les rapports des substances dissoutes entre elles sont tr\u00e8s diff\u00e9rents, de sorte que personne ne peut dire aujourd&rsquo;hui pourquoi les humidificateurs \u00e0 \u00e9lectrodes peuvent fonctionner plus longtemps avec une eau qu&rsquo;avec une autre, bien que les deux aient de \u00ab\u00a0bonnes qualit\u00e9s d&rsquo;eau potable\u00a0\u00bb. Les valeurs suivantes ont \u00e9t\u00e9 d\u00e9termin\u00e9es par un service public d&rsquo;eau par le biais d&rsquo;analyses d&rsquo;eau, les heures de fonctionnement se r\u00e9f\u00e9rant uniquement \u00e0 la duret\u00e9 ! Les substances dissoutes telles que les min\u00e9raux, les sels et les m\u00e9taux, ainsi que la conductivit\u00e9 \u00e9lectrique, ne sont pas prises en compte.<\/p>\n<p><img loading=\"lazy\" decoding=\"async\" class=\"aligncenter size-full wp-image-7752\" src=\"https:\/\/www.soleum.de\/wp-content\/uploads\/2017\/12\/dampfzylinder_wasserhaerte.jpg\" alt=\"Cylindre \u00e0 vapeur Tableau de duret\u00e9 de l'eau\" width=\"676\" height=\"227\" srcset=\"https:\/\/www.soleum.de\/wp-content\/uploads\/2017\/12\/dampfzylinder_wasserhaerte.jpg 676w, https:\/\/www.soleum.de\/wp-content\/uploads\/2017\/12\/dampfzylinder_wasserhaerte-510x171.jpg 510w\" sizes=\"auto, (max-width: 676px) 100vw, 676px\" \/><\/p>\n<p>Un adoucisseur d&rsquo;eau appropri\u00e9 permet d&rsquo;augmenter la dur\u00e9e de vie des cylindres. Dans le cas des \u00e9changeurs d&rsquo;ions, les agents de duret\u00e9 (calcaire) sont remplac\u00e9s par du sodium (sel). L&rsquo;eau adoucie a alors moins de calcaire, mais plus de sels = conductivit\u00e9 plus \u00e9lev\u00e9e = agressivit\u00e9 plus \u00e9lev\u00e9e.<\/p>\n<p>L&rsquo;eau avec moins de 75\u00b5S\/cm et plus de 1500\u00b5S\/cm ne convient pas aux humidificateurs \u00e0 \u00e9lectrodes !<\/p>\n<\/div>\n\t<div id=\"gap-1445084211\" class=\"gap-element clearfix\" style=\"display:block; height:auto;\">\n\t\t\n<style>\n#gap-1445084211 {\n  padding-top: 30px;\n}\n<\/style>\n\t<\/div>\n\t\n","protected":false},"excerpt":{"rendered":"<p>Nouveau cylindre de rechange pour le g\u00e9n\u00e9rateur de vapeur \u00e0 \u00e9lectrodes SOL-Steam<\/p>\n<p>VEUILLEZ S\u00c9LECTIONNER VOTRE APPAREIL ET LA CONDUCTIVIT\u00c9 SOUHAIT\u00c9E DANS LE CHAMP DE S\u00c9LECTION CI-DESSOUS !<\/p>\n","protected":false},"featured_media":15225,"template":"","meta":[],"product_brand":[],"product_cat":[5201],"product_tag":[5211,4874,5210,5202,5205,5208,5209],"class_list":{"0":"post-29869","1":"product","2":"type-product","3":"status-publish","4":"has-post-thumbnail","6":"product_cat-pieces-de-rechange","7":"product_tag-conductivite-moyenne","8":"product_tag-cylindre-a-vapeur","9":"product_tag-faible-conductivite","10":"product_tag-piece-de-rechange","11":"product_tag-piece-de-rechange-fr","12":"product_tag-piece-de-rechange-generateur-de-vapeur","13":"product_tag-reservoir-de-vapeur-piece-de-rechange","14":"product_shipping_class-paket-5-10kg-fr","16":"first","17":"instock","18":"taxable","19":"shipping-taxable","20":"purchasable","21":"product-type-variable"},"_links":{"self":[{"href":"https:\/\/www.soleum.de\/fr\/wp-json\/wp\/v2\/product\/29869","targetHints":{"allow":["GET"]}}],"collection":[{"href":"https:\/\/www.soleum.de\/fr\/wp-json\/wp\/v2\/product"}],"about":[{"href":"https:\/\/www.soleum.de\/fr\/wp-json\/wp\/v2\/types\/product"}],"wp:featuredmedia":[{"embeddable":true,"href":"https:\/\/www.soleum.de\/fr\/wp-json\/wp\/v2\/media\/15225"}],"wp:attachment":[{"href":"https:\/\/www.soleum.de\/fr\/wp-json\/wp\/v2\/media?parent=29869"}],"wp:term":[{"taxonomy":"product_brand","embeddable":true,"href":"https:\/\/www.soleum.de\/fr\/wp-json\/wp\/v2\/product_brand?post=29869"},{"taxonomy":"product_cat","embeddable":true,"href":"https:\/\/www.soleum.de\/fr\/wp-json\/wp\/v2\/product_cat?post=29869"},{"taxonomy":"product_tag","embeddable":true,"href":"https:\/\/www.soleum.de\/fr\/wp-json\/wp\/v2\/product_tag?post=29869"}],"curies":[{"name":"wp","href":"https:\/\/api.w.org\/{rel}","templated":true}]}}