{"id":29892,"date":"2018-09-28T10:10:16","date_gmt":"2018-09-28T08:10:16","guid":{"rendered":"https:\/\/www.soleum.de\/shop\/non%20class\u00e9\/thermostat-encastre-a-interrupteur-pour-tapis-chauffant\/"},"modified":"2024-02-23T17:05:00","modified_gmt":"2024-02-23T16:05:00","slug":"interrupteur-thermostat-encastre-pour-tapis-chauffant","status":"publish","type":"product","link":"https:\/\/www.soleum.de\/fr\/shop\/tapis-chauffant-pour-bain-de-vapeur\/interrupteur-thermostat-encastre-pour-tapis-chauffant\/","title":{"rendered":"Thermostat encastr\u00e9 \u00e0 interrupteur pour tapis chauffant"},"content":{"rendered":"<p>Ce thermostat \u00e0 encastrer par interrupteur pour tapis chauffant mod\u00e8le \u00ab\u00a0ET-Wellness\u00a0\u00bb se distingue par sa fonction d&rsquo;\u00e9conomie d&rsquo;\u00e9nergie et son design aux formes parfaites. Thermostat filaire \u00e0 encastrer pour la commande de lits de bien-\u00eatre et de hammams chauff\u00e9s. Le r\u00e9gulateur dispose d&rsquo;un grand \u00e9cran LCD couleur ; fonction de s\u00e9lection si la temp\u00e9rature du sol ou de la pi\u00e8ce est r\u00e9gl\u00e9e. Au choix, il est \u00e9galement possible de r\u00e9guler la temp\u00e9rature ambiante et de limiter la temp\u00e9rature au sol.<\/p>\n<p>&nbsp;<\/p>\n<ul>\n<li class=\"checkmark\">Sp\u00e9cialement con\u00e7u pour l&rsquo;utilisation de chauffages muraux et d&rsquo;applications sp\u00e9ciales pour lesquelles il faut r\u00e9guler jusqu&rsquo;\u00e0 60\u00b0C<\/li>\n<li class=\"checkmark\">Menu facile \u00e0 utiliser<\/li>\n<li class=\"checkmark\">La technologie de r\u00e9gulation Fuzzy-Logic garantit une temp\u00e9rature constante et permet d&rsquo;\u00e9conomiser activement de l&rsquo;\u00e9nergie.<\/li>\n<li class=\"checkmark\">Touches sensitives capacitives<\/li>\n<\/ul>\n<p>Donn\u00e9es techniques :<\/p>\n<table class=\"standard\" cellspacing=\"0\" cellpadding=\"0\">\n<tbody>\n<tr class=\"odd\">\n<td class=\"col1 first\">Tension nominale :<\/td>\n<td class=\"col2 last\">230 V<\/td>\n<\/tr>\n<tr class=\"even\">\n<td class=\"col1 first\">Courant de commutation :<\/td>\n<td class=\"col2 last\">16 A<\/td>\n<\/tr>\n<tr class=\"odd\">\n<td class=\"col1 first\">Plage de temp\u00e9rature :<\/td>\n<td class=\"col2 last\">5 \u00e0 60\u00b0C<\/td>\n<\/tr>\n<tr class=\"even\">\n<td class=\"col1 first\">Montage :<\/td>\n<td class=\"col2 last\">sur bo\u00eetier d&rsquo;interrupteur encastr\u00e9<\/td>\n<\/tr>\n<tr class=\"odd\">\n<td class=\"col1 first\">Couleur de l&rsquo;\u00e9cran :<\/td>\n<td class=\"col2 last\">Blanc<\/td>\n<\/tr>\n<tr class=\"even\">\n<td class=\"col1 first\">Sonde de sol :<\/td>\n<td class=\"col2 last\">3 m (max. 50 m)<\/td>\n<\/tr>\n<tr class=\"odd\">\n<td class=\"col1 first\">Indice de protection :<\/td>\n<td class=\"col2 last\">IP 21<\/td>\n<\/tr>\n<\/tbody>\n<\/table>\n","protected":false},"excerpt":{"rendered":"<p>Ce thermostat \u00e0 encastrer par interrupteur pour tapis chauffant mod\u00e8le \u00ab\u00a0ET-Wellness\u00a0\u00bb se distingue par sa fonction d&rsquo;\u00e9conomie d&rsquo;\u00e9nergie et son design aux formes parfaites.<\/p>\n","protected":false},"featured_media":15813,"template":"","meta":[],"product_brand":[],"product_cat":[3386,3412],"product_tag":[5254,4701,4702,4699,5250,5243,5246,4703],"class_list":{"0":"post-29892","1":"product","2":"type-product","3":"status-publish","4":"has-post-thumbnail","6":"product_cat-tapis-chauffant-pour-bain-de-vapeur","7":"product_cat-technique-de-bain-de-vapeur","8":"product_tag-commande-de-chauffage","9":"product_tag-regulateur-de-chauffage","10":"product_tag-regulateur-de-chauffage-pour-tapis-chauffant","11":"product_tag-regulateur-de-chauffage-thermostatique-pour-tapis-chauffant","12":"product_tag-regulateur-pour-tapis-chauffant","13":"product_tag-thermostat-dambiance","14":"product_tag-thermostat-encastre-a-commutateur","15":"product_tag-thermostat-pour-tapis-chauffant","16":"product_shipping_class-paket-5-10kg-fr","18":"first","19":"instock","20":"taxable","21":"shipping-taxable","22":"purchasable","23":"product-type-simple"},"_links":{"self":[{"href":"https:\/\/www.soleum.de\/fr\/wp-json\/wp\/v2\/product\/29892","targetHints":{"allow":["GET"]}}],"collection":[{"href":"https:\/\/www.soleum.de\/fr\/wp-json\/wp\/v2\/product"}],"about":[{"href":"https:\/\/www.soleum.de\/fr\/wp-json\/wp\/v2\/types\/product"}],"wp:featuredmedia":[{"embeddable":true,"href":"https:\/\/www.soleum.de\/fr\/wp-json\/wp\/v2\/media\/15813"}],"wp:attachment":[{"href":"https:\/\/www.soleum.de\/fr\/wp-json\/wp\/v2\/media?parent=29892"}],"wp:term":[{"taxonomy":"product_brand","embeddable":true,"href":"https:\/\/www.soleum.de\/fr\/wp-json\/wp\/v2\/product_brand?post=29892"},{"taxonomy":"product_cat","embeddable":true,"href":"https:\/\/www.soleum.de\/fr\/wp-json\/wp\/v2\/product_cat?post=29892"},{"taxonomy":"product_tag","embeddable":true,"href":"https:\/\/www.soleum.de\/fr\/wp-json\/wp\/v2\/product_tag?post=29892"}],"curies":[{"name":"wp","href":"https:\/\/api.w.org\/{rel}","templated":true}]}}