{"id":29975,"date":"2023-06-18T09:36:55","date_gmt":"2023-06-18T07:36:55","guid":{"rendered":"https:\/\/www.soleum.de\/shop\/non%20class\u00e9\/panneau-de-commande-spa-pour-generateur-de-vapeur\/"},"modified":"2024-02-23T17:11:18","modified_gmt":"2024-02-23T16:11:18","slug":"panneau-de-commande-spa-pour-generateur-de-vapeur","status":"publish","type":"product","link":"https:\/\/www.soleum.de\/fr\/shop\/generateurs-de-vapeur\/panneau-de-commande-spa-pour-generateur-de-vapeur\/","title":{"rendered":"Panneau de commande SPA pour g\u00e9n\u00e9rateur de vapeur"},"content":{"rendered":"<h1><span style=\"color: #ffcc00;\">Panneau de commande SPA pour g\u00e9n\u00e9rateur de vapeur<\/span><\/h1>\n<p>Le panneau de commande du spa (SPA Touch Control) est un \u00e9cran fixe qui permet de r\u00e9gler la temp\u00e9rature, le parfum et la lumi\u00e8re du hammam de mani\u00e8re simple et conviviale. L&rsquo;\u00e9cran tactile capacitif 5&Prime; offre non seulement une forme de commande absolument moderne et agr\u00e9able, mais il est aussi extr\u00eamement r\u00e9sistant aux rayures et \u00e0 l&rsquo;usure. Gr\u00e2ce \u00e0 sa classe de protection IP65, la surface de l&rsquo;\u00e9cran permet une installation dans le bain de vapeur * et peut \u00eatre combin\u00e9e avec les commandes des g\u00e9n\u00e9rateurs de vapeur MINI, Flexline et Standardline.<\/p>\n<div class=\"row\"  id=\"row-658636246\">\n\n\t<div id=\"col-387554738\" class=\"col medium-8 small-12 large-8\"  >\n\t\t\t\t<div class=\"col-inner\"  >\n\t\t\t\n\t\t\t\n<ul>\n<li>Surface de l&rsquo;\u00e9cran avec classe de protection IP65 *.<\/li>\n<li>\u00c9cran tactile capacitif r\u00e9sistant de 5&Prime; pour une saisie pr\u00e9cise, \u00ab\u00a0au doigt\u00a0\u00bb.<\/li>\n<li>R\u00e9solution 800 x 480, 65k couleurs<\/li>\n<li>l&rsquo;\u00e9tendue des fonctions est configurable (vapeur, temp\u00e9rature de consigne, parfum, etc.)<\/li>\n<li>la mise en page peut \u00eatre adapt\u00e9e (arri\u00e8re-plans, couleurs de police, etc.)<\/li>\n<li>Horloge en temps r\u00e9el avec programme de dur\u00e9e et de minuterie<\/li>\n<li>Grande s\u00e9curit\u00e9 d&rsquo;exploitation gr\u00e2ce \u00e0 l&rsquo;affichage des messages de maintenance et d&rsquo;erreur du g\u00e9n\u00e9rateur de vapeur<\/li>\n<\/ul>\n\t\t<\/div>\n\t\t\t\t\t<\/div>\n\n\t\n\n\t<div id=\"col-434108523\" class=\"col medium-4 small-12 large-4\"  >\n\t\t\t\t<div class=\"col-inner\"  >\n\t\t\t\n\t\t\t\n\t<div class=\"img has-hover x md-x lg-x y md-y lg-y\" id=\"image_812645915\">\n\t\t\t\t\t\t\t\t<div class=\"img-inner dark\" >\n\t\t\t<img loading=\"lazy\" decoding=\"async\" width=\"356\" height=\"259\" src=\"https:\/\/www.soleum.de\/wp-content\/uploads\/2023\/06\/sol-steam-dampfgenerator-MINI-SPA-Display.jpg\" class=\"attachment-large size-large\" alt=\"sol-steam-g\u00e9n\u00e9rateur de vapeur-MINI-SPA-\u00e9cran\" \/>\t\t\t\t\t\t\n\t\t\t\t\t<\/div>\n\t\t\t\t\t\t\t\t\n<style>\n#image_812645915 {\n  width: 100%;\n}\n<\/style>\n\t<\/div>\n\t\n\t\t<\/div>\n\t\t\t\t\t<\/div>\n\n\t\n<\/div>\n<p>Le prix comprend un c\u00e2ble r\u00e9seau RJ45 de 10 m comme c\u00e2ble de connexion pour l&rsquo;\u00e9cran.<\/p>\n","protected":false},"excerpt":{"rendered":"<p>Le panneau de commande capacitif 5&Prime; du spa (SPA Touch Control) est un \u00e9cran fixe permettant un r\u00e9glage simple et convivial de la temp\u00e9rature, du parfum et de la lumi\u00e8re dans le hammam.<\/p>\n","protected":false},"featured_media":20650,"template":"","meta":[],"product_brand":[],"product_cat":[3563],"product_tag":[5425,5420,5422,5418,5427],"class_list":{"0":"post-29975","1":"product","2":"type-product","3":"status-publish","4":"has-post-thumbnail","6":"product_cat-generateurs-de-vapeur","7":"product_tag-ecran-externe-generateur-de-vapeur","8":"product_tag-panneau-de-commande-du-generateur-de-vapeur","9":"product_tag-panneau-de-commande-externe","10":"product_tag-panneau-de-commande-spa","11":"product_tag-spa-touch-control-fr","12":"product_shipping_class-paquet-de-5-a-10-kg","14":"first","15":"instock","16":"taxable","17":"shipping-taxable","18":"purchasable","19":"product-type-simple"},"_links":{"self":[{"href":"https:\/\/www.soleum.de\/fr\/wp-json\/wp\/v2\/product\/29975","targetHints":{"allow":["GET"]}}],"collection":[{"href":"https:\/\/www.soleum.de\/fr\/wp-json\/wp\/v2\/product"}],"about":[{"href":"https:\/\/www.soleum.de\/fr\/wp-json\/wp\/v2\/types\/product"}],"wp:featuredmedia":[{"embeddable":true,"href":"https:\/\/www.soleum.de\/fr\/wp-json\/wp\/v2\/media\/20650"}],"wp:attachment":[{"href":"https:\/\/www.soleum.de\/fr\/wp-json\/wp\/v2\/media?parent=29975"}],"wp:term":[{"taxonomy":"product_brand","embeddable":true,"href":"https:\/\/www.soleum.de\/fr\/wp-json\/wp\/v2\/product_brand?post=29975"},{"taxonomy":"product_cat","embeddable":true,"href":"https:\/\/www.soleum.de\/fr\/wp-json\/wp\/v2\/product_cat?post=29975"},{"taxonomy":"product_tag","embeddable":true,"href":"https:\/\/www.soleum.de\/fr\/wp-json\/wp\/v2\/product_tag?post=29975"}],"curies":[{"name":"wp","href":"https:\/\/api.w.org\/{rel}","templated":true}]}}