{"id":30621,"date":"2023-09-24T10:55:10","date_gmt":"2023-09-24T08:55:10","guid":{"rendered":"https:\/\/www.soleum.de\/?post_type=product&#038;p=30621"},"modified":"2023-09-24T11:16:09","modified_gmt":"2023-09-24T09:16:09","slug":"sonde-de-temperature-tf-104-kopie","status":"publish","type":"product","link":"https:\/\/www.soleum.de\/fr\/shop\/generateurs-de-vapeur\/sonde-de-temperature-tf-104-kopie\/","title":{"rendered":"Sonde de temp\u00e9rature TF 104 (Kopie)"},"content":{"rendered":"<p>Sonde de temp\u00e9rature TF 104 adapt\u00e9e aux g\u00e9n\u00e9rateurs de vapeur FLEXLINE et STANDARDLINE<\/p>\n<p>Bestellcode:B-0605227<\/p>\n<p>NTC 10m de c\u00e2ble, incl. Support pour sonde<br \/>\nClasse de protection IP 65<\/p>\n<p>Pour la mesure de la temp\u00e9rature dans le bain de vapeur, afin de pouvoir r\u00e9gler la temp\u00e9rature du bain de vapeur<\/p>\n<p>&nbsp;<\/p>\n","protected":false},"excerpt":{"rendered":"<p>Sonde de temp\u00e9rature TF 104 adapt\u00e9e aux g\u00e9n\u00e9rateurs de vapeur FLEXLINE et STANDARDLINE Bestellcode:B-0605227 NTC 10m de c\u00e2ble, incl. Support pour sonde Classe de protection IP 65 Pour la mesure de la temp\u00e9rature dans le bain de vapeur, afin de pouvoir r\u00e9gler la temp\u00e9rature du bain de vapeur &nbsp;<\/p>\n","protected":false},"featured_media":30629,"template":"","meta":[],"product_brand":[],"product_cat":[3563],"product_tag":[5548,5071,5067,5069],"class_list":{"0":"post-30621","1":"product","2":"type-product","3":"status-publish","4":"has-post-thumbnail","6":"product_cat-generateurs-de-vapeur","7":"product_tag-regulateur-de-temperature-avec-protection-contre-le-vandalisme","8":"product_tag-regulation-de-la-temperature-du-bain-de-vapeur","9":"product_tag-sonde-de-temperature","10":"product_tag-temperature-du-bain-de-vapeur","11":"product_shipping_class-paket-5-10kg-fr","13":"first","14":"outofstock","15":"taxable","16":"shipping-taxable","17":"purchasable","18":"product-type-simple"},"_links":{"self":[{"href":"https:\/\/www.soleum.de\/fr\/wp-json\/wp\/v2\/product\/30621","targetHints":{"allow":["GET"]}}],"collection":[{"href":"https:\/\/www.soleum.de\/fr\/wp-json\/wp\/v2\/product"}],"about":[{"href":"https:\/\/www.soleum.de\/fr\/wp-json\/wp\/v2\/types\/product"}],"wp:featuredmedia":[{"embeddable":true,"href":"https:\/\/www.soleum.de\/fr\/wp-json\/wp\/v2\/media\/30629"}],"wp:attachment":[{"href":"https:\/\/www.soleum.de\/fr\/wp-json\/wp\/v2\/media?parent=30621"}],"wp:term":[{"taxonomy":"product_brand","embeddable":true,"href":"https:\/\/www.soleum.de\/fr\/wp-json\/wp\/v2\/product_brand?post=30621"},{"taxonomy":"product_cat","embeddable":true,"href":"https:\/\/www.soleum.de\/fr\/wp-json\/wp\/v2\/product_cat?post=30621"},{"taxonomy":"product_tag","embeddable":true,"href":"https:\/\/www.soleum.de\/fr\/wp-json\/wp\/v2\/product_tag?post=30621"}],"curies":[{"name":"wp","href":"https:\/\/api.w.org\/{rel}","templated":true}]}}