{"id":30637,"date":"2023-09-24T11:07:31","date_gmt":"2023-09-24T09:07:31","guid":{"rendered":"https:\/\/www.soleum.de\/?post_type=product&#038;p=30637"},"modified":"2024-09-06T07:33:22","modified_gmt":"2024-09-06T05:33:22","slug":"sonde-de-temperature-tf-106-limiteur-de-temperature-de-securite","status":"publish","type":"product","link":"https:\/\/www.soleum.de\/fr\/shop\/generateurs-de-vapeur\/sonde-de-temperature-tf-106-limiteur-de-temperature-de-securite\/","title":{"rendered":"Sonde de temp\u00e9rature avec limiteur de temp\u00e9rature de s\u00e9curit\u00e9 TF 106"},"content":{"rendered":"<h1>Sonde de temp\u00e9rature avec limiteur de temp\u00e9rature de s\u00e9curit\u00e9 TF 106<\/h1>\n<p>  Les hammams offrent une d\u00e9tente parfaite et permettent de se lib\u00e9rer du stress quotidien. Les sondes de temp\u00e9rature TF105 et TF106, adapt\u00e9es aux g\u00e9n\u00e9rateurs de vapeur SOL-STEAM FLEX et SOL-STEAM-HEIZSTAB, vous permettent de vous d\u00e9tendre en ayant la certitude que la temp\u00e9rature et la vapeur sont parfaitement contr\u00f4l\u00e9es.  <\/p>\n<h2>La s\u00e9curit\u00e9 avant tout : Le TF106 s&rsquo;allume<\/h2>\n<p>  Dans le cas peu probable o\u00f9 le dispositif de s\u00e9curit\u00e9 des g\u00e9n\u00e9rateurs de vapeur pour le d\u00e9passement de la temp\u00e9rature maximale tomberait en panne, le TF106 offre en plus de la sonde de temp\u00e9rature un interrupteur de temp\u00e9rature. Celui-ci intervient ind\u00e9pendamment de la sonde de temp\u00e9rature en tant que deuxi\u00e8me circuit de s\u00e9curit\u00e9. Si la temp\u00e9rature du bain de vapeur atteint 55 \u00b0C et que le dispositif de s\u00e9curit\u00e9 c\u00f4t\u00e9 logiciel ne r\u00e9agit pas, cet interrupteur ouvre la cha\u00eene de s\u00e9curit\u00e9 et arr\u00eate imm\u00e9diatement la production de vapeur. Une double protection pour tous ceux qui souhaitent un maximum de qualit\u00e9 et de s\u00e9curit\u00e9 dans leur hammam Du design au c\u00e2ble (10m) : Fabriqu\u00e9es en acier inoxydable de haute qualit\u00e9 et moul\u00e9es \u00e0 l&rsquo;arri\u00e8re, les sondes de temp\u00e9rature TF105 et TF106 sont garanties \u00e9tanches (IP 68) et parfaitement prot\u00e9g\u00e9es. De plus, les sondes offrent une protection int\u00e9gr\u00e9e contre le vandalisme &#8211; une alternative pratique et visuellement discr\u00e8te aux variantes de protection pr\u00e9c\u00e9dentes : les pi\u00e8ces g\u00eanantes qui d\u00e9passent du mur sont ainsi \u00e9vit\u00e9es. Une affaire rondement men\u00e9e ! Le c\u00e2ble de sonde blind\u00e9 garantit que les mesures ne sont pas influenc\u00e9es par d&rsquo;autres sources d&rsquo;interf\u00e9rences telles que des c\u00e2bles sous tension Le <strong>prix comprend l&rsquo;option de carte dans le g\u00e9n\u00e9rateur de vapeur (lors de la commande du g\u00e9n\u00e9rateur de vapeur)<\/strong><\/p>\n","protected":false},"excerpt":{"rendered":"<p>Sonde de temp\u00e9rature avec limiteur de temp\u00e9rature de s\u00e9curit\u00e9 TF 106 Les hammams offrent une d\u00e9tente parfaite et permettent de se lib\u00e9rer du stress quotidien. Les sondes de temp\u00e9rature TF105 et TF106, adapt\u00e9es aux g\u00e9n\u00e9rateurs de vapeur SOL-STEAM FLEX et SOL-STEAM-HEIZSTAB, vous permettent de vous d\u00e9tendre en ayant la certitude que la temp\u00e9rature et la [&#8230;]\n","protected":false},"featured_media":30629,"template":"","meta":[],"product_brand":[],"product_cat":[3563],"product_tag":[5549,5548,5071,5067,5069],"class_list":{"0":"post-30637","1":"product","2":"type-product","3":"status-publish","4":"has-post-thumbnail","6":"product_cat-generateurs-de-vapeur","7":"product_tag-regulateur-de-temperature-avec-limitation-de-temperature-de-securite","8":"product_tag-regulateur-de-temperature-avec-protection-contre-le-vandalisme","9":"product_tag-regulation-de-la-temperature-du-bain-de-vapeur","10":"product_tag-sonde-de-temperature","11":"product_tag-temperature-du-bain-de-vapeur","12":"product_shipping_class-paket-5-10kg-fr","14":"first","15":"outofstock","16":"taxable","17":"shipping-taxable","18":"purchasable","19":"product-type-simple"},"_links":{"self":[{"href":"https:\/\/www.soleum.de\/fr\/wp-json\/wp\/v2\/product\/30637","targetHints":{"allow":["GET"]}}],"collection":[{"href":"https:\/\/www.soleum.de\/fr\/wp-json\/wp\/v2\/product"}],"about":[{"href":"https:\/\/www.soleum.de\/fr\/wp-json\/wp\/v2\/types\/product"}],"wp:featuredmedia":[{"embeddable":true,"href":"https:\/\/www.soleum.de\/fr\/wp-json\/wp\/v2\/media\/30629"}],"wp:attachment":[{"href":"https:\/\/www.soleum.de\/fr\/wp-json\/wp\/v2\/media?parent=30637"}],"wp:term":[{"taxonomy":"product_brand","embeddable":true,"href":"https:\/\/www.soleum.de\/fr\/wp-json\/wp\/v2\/product_brand?post=30637"},{"taxonomy":"product_cat","embeddable":true,"href":"https:\/\/www.soleum.de\/fr\/wp-json\/wp\/v2\/product_cat?post=30637"},{"taxonomy":"product_tag","embeddable":true,"href":"https:\/\/www.soleum.de\/fr\/wp-json\/wp\/v2\/product_tag?post=30637"}],"curies":[{"name":"wp","href":"https:\/\/api.w.org\/{rel}","templated":true}]}}