{"id":31855,"date":"2016-07-06T10:47:08","date_gmt":"2016-07-06T08:47:08","guid":{"rendered":"https:\/\/www.soleum.de\/shop\/non%20class\u00e9\/tube-de-protection-de-la-sonde\/"},"modified":"2024-02-23T16:31:57","modified_gmt":"2024-02-23T15:31:57","slug":"tube-de-protection-de-la-sonde","status":"publish","type":"product","link":"https:\/\/www.soleum.de\/fr\/shop\/tapis-chauffant-pour-bain-de-vapeur\/tube-de-protection-de-la-sonde\/","title":{"rendered":"Tube de protection de la sonde"},"content":{"rendered":"<p>Tube de protection de sonde pour la sonde d&rsquo;un r\u00e9gulateur de chauffage, adapt\u00e9 \u00e0 un tube d&rsquo;installation \u00e9lectrique de 20mm<\/p>\n","protected":false},"excerpt":{"rendered":"<p>Tube de protection de sonde en cuivre, adapt\u00e9 au tuyau d&rsquo;installation de 20mm<\/p>\n","protected":false},"featured_media":10682,"template":"","meta":[],"product_brand":[],"product_cat":[3386],"product_tag":[6019,6018],"class_list":{"0":"post-31855","1":"product","2":"type-product","3":"status-publish","4":"has-post-thumbnail","6":"product_cat-tapis-chauffant-pour-bain-de-vapeur","7":"product_tag-tube-de-protection-de-la-sonde","8":"product_tag-tube-de-sonde","9":"product_shipping_class-paquet-de-5-a-10-kg","11":"first","12":"instock","13":"sold-individually","14":"purchasable","15":"product-type-simple"},"_links":{"self":[{"href":"https:\/\/www.soleum.de\/fr\/wp-json\/wp\/v2\/product\/31855","targetHints":{"allow":["GET"]}}],"collection":[{"href":"https:\/\/www.soleum.de\/fr\/wp-json\/wp\/v2\/product"}],"about":[{"href":"https:\/\/www.soleum.de\/fr\/wp-json\/wp\/v2\/types\/product"}],"wp:featuredmedia":[{"embeddable":true,"href":"https:\/\/www.soleum.de\/fr\/wp-json\/wp\/v2\/media\/10682"}],"wp:attachment":[{"href":"https:\/\/www.soleum.de\/fr\/wp-json\/wp\/v2\/media?parent=31855"}],"wp:term":[{"taxonomy":"product_brand","embeddable":true,"href":"https:\/\/www.soleum.de\/fr\/wp-json\/wp\/v2\/product_brand?post=31855"},{"taxonomy":"product_cat","embeddable":true,"href":"https:\/\/www.soleum.de\/fr\/wp-json\/wp\/v2\/product_cat?post=31855"},{"taxonomy":"product_tag","embeddable":true,"href":"https:\/\/www.soleum.de\/fr\/wp-json\/wp\/v2\/product_tag?post=31855"}],"curies":[{"name":"wp","href":"https:\/\/api.w.org\/{rel}","templated":true}]}}