{"id":31994,"date":"2024-02-05T10:34:54","date_gmt":"2024-02-05T09:34:54","guid":{"rendered":"https:\/\/www.soleum.de\/?post_type=product&#038;p=31994"},"modified":"2024-09-20T09:40:00","modified_gmt":"2024-09-20T07:40:00","slug":"halotherapiehome-inhalateur-de-sel-sec-kopie","status":"publish","type":"product","link":"https:\/\/www.soleum.de\/fr\/shop\/sel-sec-dhalotherapie-inhalation\/halotherapiehome-inhalateur-de-sel-sec-kopie\/","title":{"rendered":"G\u00e9n\u00e9rateur d&rsquo;halog\u00e8ne TS-MINI"},"content":{"rendered":"<p>Notre boutique vous propose une s\u00e9lection innovante d&rsquo;halog\u00e9nateurs con\u00e7us pour vous aider \u00e0 cr\u00e9er un environnement relaxant et sain chez vous ou dans votre spa. Un halog\u00e9nateur produit de tr\u00e8s fines particules de SEL naturel qui sont dispers\u00e9es dans l&rsquo;air et cr\u00e9ent une atmosph\u00e8re saline b\u00e9n\u00e9fique pour votre sant\u00e9 et votre bien-\u00eatre.<\/p>\n<h1>Halogenerator TS-MINI (petites salles de sel)<\/h1>\n<p>Contenu de la livraison : g\u00e9n\u00e9rateur d&rsquo;a\u00e9rosols de sel sec, syst\u00e8me de nettoyage,<br \/> c\u00e2ble d&rsquo;alimentation, d\u00e9flecteur, tuyau d&rsquo;extension, cl\u00e9 du syst\u00e8me,<br \/> cl\u00e9 de rechange et logiciel.<\/p>\n<p>Cet appareil est utilis\u00e9 dans nos cabines de climat marin \/ cabines d&rsquo;haloth\u00e9rapie.<\/p>\n<h2>\u00c9cran tactile et smartphone pour le r\u00e9glage des param\u00e8tres<\/h2>\n<p>Les r\u00e9glages suivants peuvent \u00eatre effectu\u00e9s : Consommation et dosage de sel, d\u00e9bit d&rsquo;air, heure de d\u00e9but et dur\u00e9e de la th\u00e9rapie par inhalation.<br \/>  L&rsquo;\u00e9cran est r\u00e9tro-\u00e9clair\u00e9, ce qui le rend facile \u00e0 lire dans l&rsquo;obscurit\u00e9.<\/p>\n<h3>Donn\u00e9es techniques de l&rsquo;halog\u00e9nateur TS-MINI<\/h3>\n<p>Petits salins : l&rsquo;appareil est con\u00e7u pour fonctionner en continu \u00e0 l&rsquo;air sec dans de petits salins<\/p>\n<p>Capacit\u00e9 du r\u00e9servoir de sel : max. 35g<br \/> Faible consommation d&rsquo;\u00e9nergie : 18W (tension de fonctionnement 100-240VAC, 50-60Hz)<br \/> Double mode de fonctionnement : \u00e9cran tactile et t\u00e9l\u00e9commande<br \/> Consommation de sel : 0-100g\/h (r\u00e9glable)<br \/> Dimensions et poids : 225 x 395 x 218 mm ; 8kg<br \/> Dur\u00e9e de l&rsquo;haloth\u00e9rapie : 10-99 min (r\u00e9glable par incr\u00e9ments de 1 minute)<br \/> M\u00e9moire : 9 programmes (dur\u00e9e d&rsquo;inhalation et dosage de sel)<br \/> Mat\u00e9riaux : acier inoxydable et plastique<\/p>\n\t<div class=\"box has-hover   has-hover box-text-bottom\" >\n\n\t\t<div class=\"box-image\" style=\"width:50%;\">\n\t\t\t\t\t\t<div class=\"\" >\n\t\t\t\t<img loading=\"lazy\" decoding=\"async\" width=\"524\" height=\"559\" src=\"https:\/\/www.soleum.de\/wp-content\/uploads\/2024\/02\/Halogenerator-SOLEUM-TS-MINI-1-web.jpg\" class=\"attachment- size-\" alt=\"G\u00e9n\u00e9rateur d&#039;halog\u00e8ne-SOLEUM-TS-MINI\" srcset=\"https:\/\/www.soleum.de\/wp-content\/uploads\/2024\/02\/Halogenerator-SOLEUM-TS-MINI-1-web.jpg 524w, https:\/\/www.soleum.de\/wp-content\/uploads\/2024\/02\/Halogenerator-SOLEUM-TS-MINI-1-web-375x400.jpg 375w, https:\/\/www.soleum.de\/wp-content\/uploads\/2024\/02\/Halogenerator-SOLEUM-TS-MINI-1-web-510x544.jpg 510w\" sizes=\"auto, (max-width: 524px) 100vw, 524px\" \/>\t\t\t\t\t\t\t\t\t\t\t<\/div>\n\t\t\t\t\t<\/div>\n\n\t\t<div class=\"box-text text-center\" >\n\t\t\t<div class=\"box-text-inner\">\n\t\t\t\t\n<h4>Face arri\u00e8re de l&rsquo;halog\u00e9nateur \/ du g\u00e9n\u00e9rateur de sel sec<\/h4>\n<p>Un tube de 80 mm de diam\u00e8tre est situ\u00e9 \u00e0 l&rsquo;arri\u00e8re de l&rsquo;halog\u00e9nateur. Vous pouvez le prolonger un peu et l&rsquo;amener directement dans la pi\u00e8ce o\u00f9 vous souhaitez introduire le sel sec. Le brumisateur de sel sec est en acier inoxydable.<\/p>\n\t\t\t<\/div>\n\t\t<\/div>\n\t<\/div>\n\t\n<div class=\"video video-fit mb\" style=\"padding-top:56.25%;\"><p><iframe loading=\"lazy\" title=\"Trockensalznebel\" width=\"1020\" height=\"574\" src=\"https:\/\/www.youtube.com\/embed\/PX9ObRaBUaQ?feature=oembed\" frameborder=\"0\" allow=\"accelerometer; autoplay; clipboard-write; encrypted-media; gyroscope; picture-in-picture; web-share\" allowfullscreen><\/iframe><\/p>\n<\/div>\n<div class=\"video video-fit mb\" style=\"padding-top:56.25%;\"><p><iframe loading=\"lazy\" title=\"Halotherapie im Soleum\" width=\"1020\" height=\"574\" src=\"https:\/\/www.youtube.com\/embed\/59V_zcHW5zg?feature=oembed\" frameborder=\"0\" allow=\"accelerometer; autoplay; clipboard-write; encrypted-media; gyroscope; picture-in-picture; web-share\" allowfullscreen><\/iframe><\/p>\n<\/div>\n\t<div id=\"gap-1092266698\" class=\"gap-element clearfix\" style=\"display:block; height:auto;\">\n\t\t\n<style>\n#gap-1092266698 {\n  padding-top: 50px;\n}\n<\/style>\n\t<\/div>\n\t\n<h2>Inhalation de sel sec &#8211; Explication et contexte<\/h2>\n<p>Il s&rsquo;agit d&rsquo;un traitement naturel bas\u00e9 sur l&rsquo;administration par inhalation de chlorure de sodium micronis\u00e9. Il s&rsquo;agit pratiquement d&rsquo;un a\u00e9rosol sal\u00e9 \u00ab\u00a0sec\u00a0\u00bb.<\/p>\n<p>C&rsquo;est sous forme s\u00e8che que le sel a l&rsquo;<strong>effet curatif le plus puissant sur les organes respiratoires<\/strong> et la peau. Des particules de sel microscopiques sont souffl\u00e9es dans la pi\u00e8ce gr\u00e2ce \u00e0 une technique brevet\u00e9e. La taille des particules de sel est similaire \u00e0 celle des galeries de sel naturelles : 1 \u00e0 5 m\u00b5, ce qui permet aux particules inhal\u00e9es sous forme de minuscules cristaux de <strong>p\u00e9n\u00e9trer profond\u00e9ment dans les poumons et d&rsquo;atteindre toutes les bronches<\/strong>.<\/p>\n<p>L&rsquo;inhalation du sel sec stimule la capacit\u00e9 d&rsquo;autonettoyage des muqueuses. Elle a un effet anti-inflammatoire, germicide, d\u00e9congestionnant et d\u00e9tend les muscles lisses des voies respiratoires. La ventilation et la respiration sont am\u00e9lior\u00e9es. L&rsquo;ensemble de la surface de la peau profite \u00e9galement de la th\u00e9rapie au sel fin, les inflammations cutan\u00e9es et les d\u00e9mangeaisons sont nettement r\u00e9duites.<\/p>\n<h2>Indications et contre-indications<\/h2>\n<p>L&rsquo;haloth\u00e9rapie ne convient pas \u00e0 tout le monde. Lors de l&rsquo;inhalation de sel sec, la lymphe est activ\u00e9e, les poumons travaillent plus dur, la circulation sanguine est acc\u00e9l\u00e9r\u00e9e, plus d&rsquo;oxyg\u00e8ne atteint le cerveau, les muqueuses peuvent \u00eatre activ\u00e9es, le syst\u00e8me immunitaire des voies respiratoires est activ\u00e9.<\/p>\n<ul>\n<li>L&rsquo;haloth\u00e9rapie en SALINE est recommand\u00e9e en cas de :<br \/> Asthme<\/li>\n<li>Inflammation et surcharge des cordes vocales<\/li>\n<li>Inflammations de la gorge, des sinus et des sinus paranasaux<\/li>\n<li>bronchite chronique obstructive (non terminale)<\/li>\n<li>rhinite allergique<\/li>\n<li>Rhinosinusopathie<\/li>\n<li>bronchite chronique non obstructive<\/li>\n<li>bronchite chronique r\u00e9cidivante<\/li>\n<li>Fumeurs<\/li>\n<li>infection virale aigu\u00eb des voies respiratoires sup\u00e9rieures<\/li>\n<li>Bronchiectasie<\/li>\n<li>Mucoviscidose (mucoviscidose non terminale)<\/li>\n<li>rhinite et pharyngite chroniques<\/li>\n<li>amygdalite (ad\u00e9no\u00efdite)<\/li>\n<li>sinusite chronique<\/li>\n<li>sinusite aigu\u00eb<\/li>\n<li>Dermatite atopique<\/li>\n<li>Psoriasis<\/li>\n<li>Migraine<\/li>\n<li>Troubles du sommeil, stress, fatigue<\/li>\n<\/ul>\n<p>L&rsquo;haloth\u00e9rapie n&rsquo;est <strong>pas<\/strong> recommand\u00e9e en cas de<\/p>\n<ul>\n<li>Hypertension art\u00e9rielle s\u00e9v\u00e8re<\/li>\n<li>Rechute et saignements massifs de toute nature<\/li>\n<li>Maladies du sang au stade aigu<\/li>\n<li>Stade aigu des maladies respiratoires<\/li>\n<li>Insuffisance respiratoire chronique s\u00e9v\u00e8re<\/li>\n<li>Tuberculose active<\/li>\n<li>Troubles mentaux et tous les types de toxicomanie<\/li>\n<li>Maladies malignes<\/li>\n<li>grossesse (examens insuffisants)<\/li>\n<li>Maladies internes en d\u00e9compensation<\/li>\n<li>Crachats de sang<\/li>\n<li>Insuffisance cardiaque<\/li>\n<\/ul>\n<p>Demandez \u00e0 votre m\u00e9decin ou \u00e0 votre pharmacien quels sont les avantages et les inconv\u00e9nients de l&rsquo;haloth\u00e9rapie \/ de l&rsquo;inhalation de sels secs et si elle est adapt\u00e9e \u00e0 votre cas. Des \u00e9tudes et de nombreuses informations sur l&rsquo;haloth\u00e9rapie peuvent \u00eatre consult\u00e9es sur le WEB.<\/p>\n<div class=\"row\"  id=\"row-1473253386\">\n\n\t<div id=\"col-582716311\" class=\"col medium-6 small-12 large-6\"  >\n\t\t\t\t<div class=\"col-inner\"  >\n\t\t\t\n\t\t\t\n<h2>Th\u00e9rapie \u00e0 l&rsquo;air salin au SalzKRAFTwerk de LINZ, Haute-Autriche &#8211; <a href=\"https:\/\/www.salzkraftwerk.at\/die-etwas-andere-salzgrotte-in-linz\/\">la grotte de sel pas comme les autres<\/a>!<\/h2>\n<div class=\"wpb_text_column wpb_content_element \">\n<div class=\"wpb_wrapper\">\n<p>Visitez la <a href=\"https:\/\/www.salzkraftwerk.at\/salzluft-in-oberoesterreich-ein-blick-auf-linz\/\" target=\"_blank\" rel=\"noopener\">SalzKRAFTwerk \u00e0 LINZ<\/a> \u00e0 partir de novembre 2024 &#8211; SOLEUM a fabriqu\u00e9 les cabines pour cette nouvelle offre d&rsquo;inhalation \u00e0 Linz.<br \/>\nVenez y tester cette technique de qualit\u00e9 ! <\/p>\n<p>Vous trouverez ici <a href=\"https:\/\/www.salzkraftwerk.at\/faq-zur-salzlufttherapie\/\" target=\"_blank\" rel=\"noopener\">les questions et r\u00e9ponses sur l&rsquo;haloth\u00e9rapie et la th\u00e9rapie au sel \u00e0 Linz<\/a>: <a href=\"https:\/\/www.salzkraftwerk.at\/faq-zur-salzlufttherapie\/\">Questions et r\u00e9ponses<\/a>.<\/p>\n<\/div>\n<\/div>\n\t\t<\/div>\n\t\t\t\t\t<\/div>\n\n\t\n\n\t<div id=\"col-1468480866\" class=\"col medium-6 small-12 large-6\"  >\n\t\t\t\t<div class=\"col-inner\"  >\n\t\t\t\n\t\t\t\n\t<div class=\"img has-hover x md-x lg-x y md-y lg-y\" id=\"image_449676061\">\n\t\t<a class=\"\" href=\"https:\/\/www.salzkraftwerk.at\/\" target=\"_blank\" rel=\"noopener\" >\t\t\t\t\t\t<div class=\"img-inner dark\" >\n\t\t\t<img loading=\"lazy\" decoding=\"async\" width=\"500\" height=\"115\" src=\"https:\/\/www.soleum.de\/wp-content\/uploads\/2024\/02\/Salzkraftwerk-Salzlufttherapie.png\" class=\"attachment-large size-large\" alt=\"Salzkraftwerk-Salzlufttherapie\" \/>\t\t\t\t\t\t\n\t\t\t\t\t<\/div>\n\t\t\t\t\t\t<\/a>\t\t\n<style>\n#image_449676061 {\n  width: 100%;\n}\n<\/style>\n\t<\/div>\n\t\n\t\t<\/div>\n\t\t\t\t\t<\/div>\n\n\t\n<\/div>\n","protected":false},"excerpt":{"rendered":"<p>Halog\u00e9n\u00e9rateur TS-MINI (petites salles de sel). Cet appareil est utilis\u00e9 dans nos cabines de climat marin \/ cabines d&rsquo;haloth\u00e9rapie.<\/p>\n","protected":false},"featured_media":32002,"template":"","meta":[],"product_brand":[],"product_cat":[6069],"product_tag":[3417,6144,6147,6148,6085,6071,6086,6084,3415,6081,6079,6150,6149,6146,6087,6145,6083,6082,3416],"class_list":{"0":"post-31994","1":"product","2":"type-product","3":"status-publish","4":"has-post-thumbnail","6":"product_cat-sel-sec-dhalotherapie-inhalation","7":"product_tag-brouillard-salin","8":"product_tag-cabine-dhalotherapie","9":"product_tag-cabines-dhalotherapie","10":"product_tag-generateur-de-sel-sec","11":"product_tag-halogenerateur","12":"product_tag-halotherapie-fr","13":"product_tag-halotherapie-soleum","14":"product_tag-inhalateur-de-sel-sec","15":"product_tag-inhalation-de-sel","16":"product_tag-inhalation-de-sel-sec","17":"product_tag-lhalotherapie-a-domicile","18":"product_tag-long-covid-fr","19":"product_tag-nebuliseur-de-sel-sec","20":"product_tag-petites-salles-de-sel","21":"product_tag-production-de-salzaerosols","22":"product_tag-salle-de-sel","23":"product_tag-soulager-les-problemes-dasthme","24":"product_tag-soulager-les-problemes-pulmonaires","25":"product_tag-technique-dinhalation-de-sel","26":"product_shipping_class-paket-10-31kg-fr","28":"first","29":"instock","30":"taxable","31":"shipping-taxable","32":"purchasable","33":"product-type-simple"},"_links":{"self":[{"href":"https:\/\/www.soleum.de\/fr\/wp-json\/wp\/v2\/product\/31994","targetHints":{"allow":["GET"]}}],"collection":[{"href":"https:\/\/www.soleum.de\/fr\/wp-json\/wp\/v2\/product"}],"about":[{"href":"https:\/\/www.soleum.de\/fr\/wp-json\/wp\/v2\/types\/product"}],"wp:featuredmedia":[{"embeddable":true,"href":"https:\/\/www.soleum.de\/fr\/wp-json\/wp\/v2\/media\/32002"}],"wp:attachment":[{"href":"https:\/\/www.soleum.de\/fr\/wp-json\/wp\/v2\/media?parent=31994"}],"wp:term":[{"taxonomy":"product_brand","embeddable":true,"href":"https:\/\/www.soleum.de\/fr\/wp-json\/wp\/v2\/product_brand?post=31994"},{"taxonomy":"product_cat","embeddable":true,"href":"https:\/\/www.soleum.de\/fr\/wp-json\/wp\/v2\/product_cat?post=31994"},{"taxonomy":"product_tag","embeddable":true,"href":"https:\/\/www.soleum.de\/fr\/wp-json\/wp\/v2\/product_tag?post=31994"}],"curies":[{"name":"wp","href":"https:\/\/api.w.org\/{rel}","templated":true}]}}