{"id":32330,"date":"2024-09-06T07:54:07","date_gmt":"2024-09-06T05:54:07","guid":{"rendered":"https:\/\/www.soleum.de\/?post_type=product&#038;p=32330"},"modified":"2024-09-06T08:02:16","modified_gmt":"2024-09-06T06:02:16","slug":"chaise-longue-chauffante-lovt-en-aspect-beton-kopie-kopie","status":"publish","type":"product","link":"https:\/\/www.soleum.de\/fr\/shop\/soldes-offres-bonnes-affaires\/chaise-longue-chauffante-lovt-en-aspect-beton-kopie-kopie\/","title":{"rendered":"Chaise longue chauffante LOVT en aspect b\u00e9ton (Kopie) (Kopie)"},"content":{"rendered":"\t<div class=\"img has-hover x md-x lg-x y md-y lg-y\" id=\"image_1400835894\">\n\t\t<a class=\"\" href=\"https:\/\/www.soleum.de\/hr\/featured_item\/zagrijavanje-spa-lezaljke\/\" target=\"_blank\" rel=\"noopener\" >\t\t\t\t\t\t<div class=\"img-inner dark\" >\n\t\t\t<img loading=\"lazy\" decoding=\"async\" width=\"1400\" height=\"770\" src=\"https:\/\/www.soleum.de\/wp-content\/uploads\/2023\/09\/Waermeliege-LOVT_in_Betonoptik-1.jpg\" class=\"attachment-original size-original\" alt=\"\" srcset=\"https:\/\/www.soleum.de\/wp-content\/uploads\/2023\/09\/Waermeliege-LOVT_in_Betonoptik-1.jpg 1400w, https:\/\/www.soleum.de\/wp-content\/uploads\/2023\/09\/Waermeliege-LOVT_in_Betonoptik-1-727x400.jpg 727w, https:\/\/www.soleum.de\/wp-content\/uploads\/2023\/09\/Waermeliege-LOVT_in_Betonoptik-1-768x422.jpg 768w, https:\/\/www.soleum.de\/wp-content\/uploads\/2023\/09\/Waermeliege-LOVT_in_Betonoptik-1-510x281.jpg 510w\" sizes=\"auto, (max-width: 1400px) 100vw, 1400px\" \/>\t\t\t\t\t\t\n\t\t\t\t\t<\/div>\n\t\t\t\t\t\t<\/a>\t\t\n<style>\n#image_1400835894 {\n  width: 100%;\n}\n<\/style>\n\t<\/div>\n\t\n<div class=\"wpb_text_column wpb_content_element \">\n<div class=\"wpb_wrapper\">\n<h1 class=\"entry-title\">Chaise longue chauffante LOVT en aspect b\u00e9ton<\/h1>\n<blockquote><p>Il s&rsquo;agit d&rsquo;une <strong>chaise longue d&rsquo;exposition<\/strong> et nous la vendons donc avec une remise correspondante &#8211; mais la chaise longue est absolument comme neuve. En cas d&rsquo;envoi sans visite pr\u00e9alable, tout \u00e9change ou retour est exclu. La chaise longue est envoy\u00e9e dans une caisse en bois sp\u00e9cialement con\u00e7ue \u00e0 cet effet.<\/p><\/blockquote>\n<h2>Chaise longue SPA pour les h\u00f4tels, les espaces bien-\u00eatre et les saunas priv\u00e9s<\/h2>\n<p>La douce chaleur rayonnante via le carrelage avec son effet bienfaisant unique pour notre bien-\u00eatre. Une d\u00e9tente aux formes parfaites dans une chaise longue de luxe. Design intemporel, forme ergonomique, long\u00e9vit\u00e9 facile \u00e0 entretenir &#8211; ces chaises longues chauff\u00e9es sont de v\u00e9ritables \u0153uvres d&rsquo;art qui compl\u00e8tent parfaitement une oasis de spa priv\u00e9e ou un espace SPA d&rsquo;h\u00f4tel haut de gamme.<\/p>\n<p>Avec la <a href=\"https:\/\/www.soleum.de\/en\/featured_item\/warming-spa-lounger\/\">chaise longue en b\u00e9ton LOVT<\/a>, nous donnons le ton et consid\u00e9rons ce meuble exclusif comme un compl\u00e9ment \u00e0 l&rsquo;architecture contemporaine.<\/p>\n<\/div>\n<\/div>\n\t<div class=\"box has-hover   has-hover box-text-bottom\" >\n\n\t\t<div class=\"box-image\" >\n\t\t\t\t\t\t<div class=\"\" >\n\t\t\t\t<img loading=\"lazy\" decoding=\"async\" width=\"765\" height=\"379\" src=\"https:\/\/www.soleum.de\/wp-content\/uploads\/2023\/08\/Infrarot-Waermeliegen-Soleum-Design22.jpg\" class=\"attachment- size-\" alt=\"\" srcset=\"https:\/\/www.soleum.de\/wp-content\/uploads\/2023\/08\/Infrarot-Waermeliegen-Soleum-Design22.jpg 765w, https:\/\/www.soleum.de\/wp-content\/uploads\/2023\/08\/Infrarot-Waermeliegen-Soleum-Design22-510x253.jpg 510w\" sizes=\"auto, (max-width: 765px) 100vw, 765px\" \/>\t\t\t\t\t\t\t\t\t\t\t<\/div>\n\t\t\t\t\t<\/div>\n\n\t\t<div class=\"box-text text-center\" >\n\t\t\t<div class=\"box-text-inner\">\n\t\t\t\t\n<h3 class=\"fusion-responsive-typography-calculated\" data-fontsize=\"24\" data-lineheight=\"30px\">STRUCTURES EN B\u00c9TON FAITES \u00c0 LA MAIN<\/h3>\n<p>Nous donnons \u00e0 la chaise longue un superbe aspect b\u00e9ton en la recouvrant \u00e0 la main de microciment. Des structures individuelles sont obtenues en fonction du transformateur et du mod\u00e8le.<\/p>\n\t\t\t<\/div>\n\t\t<\/div>\n\t<\/div>\n\t\n<div class=\"wpb_text_column wpb_content_element \">\n<div class=\"wpb_wrapper\">\n<p>Avec un \u00e9clairage LED autour du socle et un rev\u00eatement en microciment gris BETON fabriqu\u00e9 \u00e0 la main<\/p>\n<\/div>\n<div class=\"fusion-layout-column fusion_builder_column fusion-builder-column-1 fusion_builder_column_1_2 1_2 fusion-flex-column\">\n<div class=\"fusion-column-wrapper fusion-column-has-shadow fusion-flex-justify-content-flex-start fusion-content-layout-column\">\n<div class=\"fusion-text fusion-text-7\">\n<h3 class=\"fusion-responsive-typography-calculated\" data-fontsize=\"24\" data-lineheight=\"30px\">Donn\u00e9es techniques :<\/h3>\n<ul>\n<li>Puissance : 459W, 230V (110V sur commande)<\/li>\n<li>la temp\u00e9rature est r\u00e9glable librement, de ~30 \u00e0 45\u00b0C (normalement environ 37 \u00e0 39\u00b0C)<\/li>\n<li>La chaise longue est livr\u00e9e pr\u00eate \u00e0 \u00eatre raccord\u00e9e. \u00ab\u00a0Plug &amp; Play\u00a0\u00bb<\/li>\n<li>Avec \u00e9clairage LED sous la couchette en blanc chaud.<\/li>\n<li>Microciment architectural de couleur GRIS (de nombreuses autres couleurs sont possibles !)<\/li>\n<\/ul>\n<\/div>\n<\/div>\n<\/div>\n<div class=\"wpb_wrapper\">\n<p>Dimensions : longueur <strong>204cm<\/strong>, largeur <strong>76cm<\/strong>, hauteur <strong>83cm<\/strong>, hauteur d&rsquo;assise <strong>~40cm<\/strong><br \/>\nPoids : seulement <strong>70kg<\/strong><\/p>\n<\/div>\n<\/div>\n<div class=\"text-center\"><div class=\"is-divider divider clearfix\" style=\"max-width:754px;background-color:rgb(2, 0, 104);\"><\/div><\/div>\n\t<div class=\"img has-hover x md-x lg-x y md-y lg-y\" id=\"image_939205606\">\n\t\t\t\t\t\t\t\t<div class=\"img-inner dark\" style=\"margin:0px 0px 0px 0px;\">\n\t\t\t<img loading=\"lazy\" decoding=\"async\" width=\"600\" height=\"276\" src=\"https:\/\/www.soleum.de\/wp-content\/uploads\/2023\/08\/Kontur-Waermeliege-1.jpg\" class=\"attachment-large size-large\" alt=\"\" srcset=\"https:\/\/www.soleum.de\/wp-content\/uploads\/2023\/08\/Kontur-Waermeliege-1.jpg 600w, https:\/\/www.soleum.de\/wp-content\/uploads\/2023\/08\/Kontur-Waermeliege-1-510x235.jpg 510w\" sizes=\"auto, (max-width: 600px) 100vw, 600px\" \/>\t\t\t\t\t\t\n\t\t\t\t\t<\/div>\n\t\t\t\t\t\t\t\t\n<style>\n#image_939205606 {\n  width: 49%;\n}\n<\/style>\n\t<\/div>\n\t\n<div class=\"text-center\"><div class=\"is-divider divider clearfix\" style=\"max-width:754px;background-color:rgb(2, 0, 104);\"><\/div><\/div>\n<h2>Rev\u00eatement fait main en microciment<\/h2>\n<p>Le microciment est un syst\u00e8me \u00e0 deux composants compos\u00e9 de polym\u00e8res et de ciment. Vous pouvez choisir la surface en diff\u00e9rentes couleurs.<\/p>\n<p>Le microciment est appliqu\u00e9 \u00e0 la main. C&rsquo;est pourquoi le client doit accepter que de l\u00e9g\u00e8res irr\u00e9gularit\u00e9s et des d\u00e9fauts minimes puissent appara\u00eetre lorsqu&rsquo;il travaille avec un mat\u00e9riau plastique. Le microciment est un produit artisanal unique en son genre<br \/>\net non en s\u00e9rie. Les diff\u00e9rences de nuances, et\/ou de concentration de couleurs doivent \u00eatre consid\u00e9r\u00e9es comme des \u00e9l\u00e9ments pr\u00e9cieux du travail &#8211; et non comme des d\u00e9fauts.<br \/>\nLes surfaces en microciment expos\u00e9es \u00e0 des charges pointues ou tranchantes (chaises, meubles, talons hauts, etc.) peuvent pr\u00e9senter des bosses ou des rayures. Bien que la surface en microciment ait une excellente r\u00e9sistance, elle pr\u00e9sente des caract\u00e9ristiques similaires \u00e0 celles des sols en bois et doit donc \u00eatre trait\u00e9e en cons\u00e9quence.<\/p>\n<p>Des rayures peuvent appara\u00eetre sur le rev\u00eatement en microciment. Plus la surface est lisse et uniforme, plus il est probable que des rayures dues \u00e0 l&rsquo;utilisation y apparaissent. Ces probl\u00e8mes<br \/>\net les d\u00e9ficits peuvent \u00eatre contourn\u00e9s simplement par le choix de la couleur et un choix de finition non uniforme et in\u00e9gal &#8211; mais aussi par un entretien ad\u00e9quat et ordonn\u00e9.<\/p>\n<p>M\u00eame si le traitement avec un scellant prot\u00e8ge le sol d&rsquo;une infiltration rapide de liquides renvers\u00e9s accidentellement, il faut n\u00e9anmoins se rappeler que tous les liquides,<br \/>\nles liquides utilis\u00e9s en particulier dans les m\u00e9nages, tels que le vin, l&rsquo;huile, le vinaigre ou le caf\u00e9, doivent \u00eatre \u00e9limin\u00e9s le plus rapidement possible de toutes les surfaces afin qu&rsquo;ils ne puissent en aucun cas y p\u00e9n\u00e9trer.<\/p>\n<p><strong>SOINS<\/strong><br \/>\nRecommandations et suggestions pour garder le rev\u00eatement en microciment propre et beau :<br \/>\n&#8211; Le nettoyage de la bordure en microciment est simple : il suffit d&rsquo;essuyer la surface avec un chiffon humide contenant un peu de d\u00e9tergent neutre et non moussant.<br \/>\n&#8211; Il est recommand\u00e9 de traiter r\u00e9guli\u00e8rement la surface avec des produits de protection \u00e0 base de cires autopolissantes dans l&rsquo;eau (comme Ideal Cera).  <strong>produits d&rsquo;entretien \u00e0 base de savon, d&rsquo;acide, d&rsquo;ammoniaque, de chlore ou d&rsquo;autres<\/strong><br \/>\nLes produits <strong>\u00e0 base de substances<\/strong> corrosives <strong>sont strictement interdits pour le traitement<\/strong>. N&rsquo;utilisez que des produits d&rsquo;entretien au pH neutre UNAGGRESSIVE.<\/p>\n\t<div id=\"gap-1843771191\" class=\"gap-element clearfix\" style=\"display:block; height:auto;\">\n\t\t\n<style>\n#gap-1843771191 {\n  padding-top: 100px;\n}\n<\/style>\n\t<\/div>\n\t\n<p>Les prix incluent TVA et d\u00e9part usine Pregarten<\/p>\n\t\n  \n    <div class=\"row large-columns-3 medium-columns- small-columns-2 row-small\" >\n  \n\t     <div class=\"product-small col has-hover product type-product post-29848 status-publish first instock product_cat-soldes-offres-bonnes-affaires product_tag-eau-de-feu product_tag-feu-a-ultrasons product_tag-feu-a-ultrasons-3d product_tag-spa-design-fr has-post-thumbnail sale taxable shipping-taxable purchasable product-type-simple\">\n\t<div class=\"col-inner\">\n\t\n<div class=\"badge-container absolute left top z-1\">\n<div class=\"callout badge badge-circle\"><div class=\"badge-inner secondary on-sale\"><span class=\"onsale\">Promo\u00a0!<\/span><\/div><\/div>\n<\/div>\n\t<div class=\"product-small box \">\n\t\t<div class=\"box-image\">\n\t\t\t<div class=\"image-fade_in_back\">\n\t\t\t\t<a href=\"https:\/\/www.soleum.de\/fr\/shop\/soldes-offres-bonnes-affaires\/boite-a-feu-encastrable-avec-feu-a-ultrasons-3d\/\">\n\t\t\t\t\t<img loading=\"lazy\" decoding=\"async\" width=\"247\" height=\"300\" src=\"https:\/\/www.soleum.de\/wp-content\/uploads\/2023\/09\/Feuerbox_soleum-247x300.jpg\" class=\"attachment-woocommerce_thumbnail size-woocommerce_thumbnail\" alt=\"Feu \u00e0 ultrasons 3D\" \/><img loading=\"lazy\" decoding=\"async\" width=\"247\" height=\"300\" src=\"https:\/\/www.soleum.de\/wp-content\/uploads\/2023\/08\/Infrarot-Waermeliegen-Soleum-Design13-247x300.jpg\" class=\"show-on-hover absolute fill hide-for-small back-image\" alt=\"Chaise longue infrarouge avec feu 3D\" aria-hidden=\"true\" \/>\t\t\t\t<\/a>\n\t\t\t<\/div>\n\t\t\t<div class=\"image-tools is-small top right show-on-hover\">\n\t\t\t\t\t\t\t<\/div>\n\t\t\t<div class=\"image-tools is-small hide-for-small bottom left show-on-hover\">\n\t\t\t\t\t\t\t<\/div>\n\t\t\t<div class=\"image-tools grid-tools text-center hide-for-small bottom hover-slide-in show-on-hover\">\n\t\t\t\t<a href=\"#quick-view\" class=\"quick-view\" role=\"button\" data-prod=\"29848\" aria-haspopup=\"dialog\" aria-expanded=\"false\" data-flatsome-role-button>Aper\u00e7u<\/a>\t\t\t<\/div>\n\t\t\t\t\t<\/div>\n\n\t\t<div class=\"box-text box-text-products\">\n\t\t\t<div class=\"title-wrapper\">\t\t<p class=\"category uppercase is-smaller no-text-overflow product-cat op-8\">\n\t\t\tSOLDES-OFFRES-Bonnes affaires\t\t<\/p>\n\t<p class=\"name product-title woocommerce-loop-product__title\"><a href=\"https:\/\/www.soleum.de\/fr\/shop\/soldes-offres-bonnes-affaires\/boite-a-feu-encastrable-avec-feu-a-ultrasons-3d\/\" class=\"woocommerce-LoopProduct-link woocommerce-loop-product__link\">Bo\u00eete \u00e0 feu, bo\u00eete \u00e0 encastrer avec feu \u00e0 ultrasons 3D<\/a><\/p><\/div><div class=\"price-wrapper\">\n\t<span class=\"price\"><del aria-hidden=\"true\"><span class=\"woocommerce-Price-amount amount\"><bdi>3.630,00&nbsp;<span class=\"woocommerce-Price-currencySymbol\">&euro;<\/span><\/bdi><\/span><\/del> <span class=\"screen-reader-text\">Le prix initial \u00e9tait\u00a0: 3.630,00&nbsp;&euro;.<\/span><ins aria-hidden=\"true\"><span class=\"woocommerce-Price-amount amount\"><bdi>2.400,00&nbsp;<span class=\"woocommerce-Price-currencySymbol\">&euro;<\/span><\/bdi><\/span><\/ins><span class=\"screen-reader-text\">Le prix actuel est\u00a0: 2.400,00&nbsp;&euro;.<\/span> <small class=\"woocommerce-price-suffix\">inkl. MWSt.<\/small><\/span>\n<\/div>\t\t<\/div>\n\t<\/div>\n\t\t<\/div>\n<\/div><div class=\"product-small col has-hover product type-product post-29986 status-publish instock product_cat-chaises-longues-chauffantes-spa product_cat-soldes-offres-bonnes-affaires product_tag-accessoires-pour-espaces-bien-etre product_tag-chaise-longue-bien-etre product_tag-chaise-longue-chauffante-lovt-en-aspect-beton product_tag-chaise-longue-chauffante-pour-installations-spa product_tag-chaise-longue-dhotel product_tag-chaise-longue-de-luxe product_tag-chaise-longue-design-spa product_tag-chaise-longue-en-aspect-beton product_tag-chaise-longue-en-beton product_tag-chaise-longue-en-beton-infrarouge product_tag-chaise-longue-infrarouge-fr product_tag-chaise-longue-infrarouge-carrelee product_tag-chaise-longue-pour-architectes product_tag-chaise-longue-pour-spa product_tag-chaise-lounge-infrarouge product_tag-chaises-longues-bien-etre-pour-le-sauna product_tag-chaises-longues-spa-pour-hotel product_tag-idees-spa product_tag-lounge-de-luxe product_tag-lounge-spa-de-luxe product_tag-microciment product_tag-revetement-en-microciment product_tag-soleum-chaise-longue product_tag-spa-chaise-longue product_tag-spa-de-luxe product_tag-spa-designer-fr has-post-thumbnail sale sold-individually taxable shipping-taxable purchasable product-type-simple\">\n\t<div class=\"col-inner\">\n\t\n<div class=\"badge-container absolute left top z-1\">\n<div class=\"callout badge badge-circle\"><div class=\"badge-inner secondary on-sale\"><span class=\"onsale\">Promo\u00a0!<\/span><\/div><\/div>\n<\/div>\n\t<div class=\"product-small box \">\n\t\t<div class=\"box-image\">\n\t\t\t<div class=\"image-fade_in_back\">\n\t\t\t\t<a href=\"https:\/\/www.soleum.de\/fr\/shop\/chaises-longues-chauffantes-spa\/chaise-longue-chauffante-lovt-en-aspect-beton\/\">\n\t\t\t\t\t<img loading=\"lazy\" decoding=\"async\" width=\"247\" height=\"300\" src=\"https:\/\/www.soleum.de\/wp-content\/uploads\/2023\/09\/Waermeliege-LOVT_in_Betonoptik-247x300.jpg\" class=\"attachment-woocommerce_thumbnail size-woocommerce_thumbnail\" alt=\"Chaise longue chauffante LOVT en aspect b\u00e9ton\" \/><img loading=\"lazy\" decoding=\"async\" width=\"247\" height=\"300\" src=\"https:\/\/www.soleum.de\/wp-content\/uploads\/2023\/08\/Infrarot-Waermeliegen-Soleum-Design22-247x300.jpg\" class=\"show-on-hover absolute fill hide-for-small back-image\" alt=\"Alternative view of Chaise longue chauffante LOVT en aspect b\u00e9ton\" aria-hidden=\"true\" \/>\t\t\t\t<\/a>\n\t\t\t<\/div>\n\t\t\t<div class=\"image-tools is-small top right show-on-hover\">\n\t\t\t\t\t\t\t<\/div>\n\t\t\t<div class=\"image-tools is-small hide-for-small bottom left show-on-hover\">\n\t\t\t\t\t\t\t<\/div>\n\t\t\t<div class=\"image-tools grid-tools text-center hide-for-small bottom hover-slide-in show-on-hover\">\n\t\t\t\t<a href=\"#quick-view\" class=\"quick-view\" role=\"button\" data-prod=\"29986\" aria-haspopup=\"dialog\" aria-expanded=\"false\" data-flatsome-role-button>Aper\u00e7u<\/a>\t\t\t<\/div>\n\t\t\t\t\t<\/div>\n\n\t\t<div class=\"box-text box-text-products\">\n\t\t\t<div class=\"title-wrapper\">\t\t<p class=\"category uppercase is-smaller no-text-overflow product-cat op-8\">\n\t\t\tChaises longues chauffantes SPA\t\t<\/p>\n\t<p class=\"name product-title woocommerce-loop-product__title\"><a href=\"https:\/\/www.soleum.de\/fr\/shop\/chaises-longues-chauffantes-spa\/chaise-longue-chauffante-lovt-en-aspect-beton\/\" class=\"woocommerce-LoopProduct-link woocommerce-loop-product__link\">Chaise longue chauffante LOVT en aspect b\u00e9ton<\/a><\/p><\/div><div class=\"price-wrapper\">\n\t<span class=\"price\"><del aria-hidden=\"true\"><span class=\"woocommerce-Price-amount amount\"><bdi>9.288,00&nbsp;<span class=\"woocommerce-Price-currencySymbol\">&euro;<\/span><\/bdi><\/span><\/del> <span class=\"screen-reader-text\">Le prix initial \u00e9tait\u00a0: 9.288,00&nbsp;&euro;.<\/span><ins aria-hidden=\"true\"><span class=\"woocommerce-Price-amount amount\"><bdi>5.900,00&nbsp;<span class=\"woocommerce-Price-currencySymbol\">&euro;<\/span><\/bdi><\/span><\/ins><span class=\"screen-reader-text\">Le prix actuel est\u00a0: 5.900,00&nbsp;&euro;.<\/span> <small class=\"woocommerce-price-suffix\">inkl. MWSt.<\/small><\/span>\n<\/div>\t\t<\/div>\n\t<\/div>\n\t\t<\/div>\n<\/div><\/div>\n","protected":false},"excerpt":{"rendered":"<p>Chaise longue chauffante LOVT en aspect b\u00e9ton de seulement 70kg- La chaise longue en b\u00e9ton LOVT donne le ton et nous consid\u00e9rons ce meuble exclusif comme un compl\u00e9ment \u00e0 l&rsquo;architecture contemporaine.<\/p>\n","protected":false},"featured_media":21301,"template":"","meta":[],"product_brand":[],"product_cat":[4787],"product_tag":[5054,4081,5471,5052,5035,5043,5029,5472,5473,5037,5032,5038,5039,5036,5053,5051,5049,5040,5041,5044,5045,5047,5050,5042,5048],"class_list":{"0":"post-32330","1":"product","2":"type-product","3":"status-publish","4":"has-post-thumbnail","6":"product_cat-soldes-offres-bonnes-affaires","7":"product_tag-accessoires-pour-espaces-bien-etre","8":"product_tag-chaise-longue-bien-etre","9":"product_tag-chaise-longue-chauffante-lovt-en-aspect-beton","10":"product_tag-chaise-longue-chauffante-pour-installations-spa","11":"product_tag-chaise-longue-dhotel","12":"product_tag-chaise-longue-de-luxe","13":"product_tag-chaise-longue-design-spa","14":"product_tag-chaise-longue-en-beton","15":"product_tag-chaise-longue-en-beton-infrarouge","16":"product_tag-chaise-longue-infrarouge-fr","17":"product_tag-chaise-longue-infrarouge-carrelee","18":"product_tag-chaise-longue-pour-architectes","19":"product_tag-chaise-longue-pour-spa","20":"product_tag-chaise-lounge-infrarouge","21":"product_tag-chaises-longues-bien-etre-pour-le-sauna","22":"product_tag-chaises-longues-spa-pour-hotel","23":"product_tag-idees-spa","24":"product_tag-lounge-de-luxe","25":"product_tag-lounge-spa-de-luxe","26":"product_tag-microciment","27":"product_tag-revetement-en-microciment","28":"product_tag-soleum-chaise-longue","29":"product_tag-spa-chaise-longue","30":"product_tag-spa-de-luxe","31":"product_tag-spa-designer-fr","32":"product_shipping_class-objets-encombrants","34":"last","35":"instock","36":"sale","37":"sold-individually","38":"taxable","39":"shipping-taxable","40":"purchasable","41":"product-type-simple"},"_links":{"self":[{"href":"https:\/\/www.soleum.de\/fr\/wp-json\/wp\/v2\/product\/32330","targetHints":{"allow":["GET"]}}],"collection":[{"href":"https:\/\/www.soleum.de\/fr\/wp-json\/wp\/v2\/product"}],"about":[{"href":"https:\/\/www.soleum.de\/fr\/wp-json\/wp\/v2\/types\/product"}],"wp:featuredmedia":[{"embeddable":true,"href":"https:\/\/www.soleum.de\/fr\/wp-json\/wp\/v2\/media\/21301"}],"wp:attachment":[{"href":"https:\/\/www.soleum.de\/fr\/wp-json\/wp\/v2\/media?parent=32330"}],"wp:term":[{"taxonomy":"product_brand","embeddable":true,"href":"https:\/\/www.soleum.de\/fr\/wp-json\/wp\/v2\/product_brand?post=32330"},{"taxonomy":"product_cat","embeddable":true,"href":"https:\/\/www.soleum.de\/fr\/wp-json\/wp\/v2\/product_cat?post=32330"},{"taxonomy":"product_tag","embeddable":true,"href":"https:\/\/www.soleum.de\/fr\/wp-json\/wp\/v2\/product_tag?post=32330"}],"curies":[{"name":"wp","href":"https:\/\/api.w.org\/{rel}","templated":true}]}}