{"id":32384,"date":"2024-11-03T17:48:09","date_gmt":"2024-11-03T16:48:09","guid":{"rendered":"https:\/\/www.soleum.de\/?post_type=product&#038;p=32384"},"modified":"2024-11-03T18:05:11","modified_gmt":"2024-11-03T17:05:11","slug":"chaise-longue-chauffante-liquidation-piece-unique-kopie","status":"publish","type":"product","link":"https:\/\/www.soleum.de\/fr\/shop\/pieces-moulees-pour-bain-de-vapeur\/chaise-longue-chauffante-liquidation-piece-unique-kopie\/","title":{"rendered":"Chaise longue chauffante Liquidation pi\u00e8ce unique (Kopie)"},"content":{"rendered":"<p>Lit chauffant Liquidation, ROH sans carrelage, pi\u00e8ce unique<\/p>\n<p>Dimensions : Longueur 215cm. largeur 90cm<\/p>\n<p>d\u00e9j\u00e0 recouvert d&rsquo;une natte chauffante. Le tube de protection de la sonde est d\u00e9j\u00e0 install\u00e9.<\/p>\n<p>Indications de prix d\u00e9part usine Pregarten, plus Exp\u00e9dition et EUR 80,&#8211; de frais d&#8217;emballage (pas n\u00e9cessaire si le client vient chercher lui-m\u00eame la marchandise)<\/p>\n","protected":false},"excerpt":{"rendered":"<p>Lit chauffant Liquidation, ROH sans carrelage, pi\u00e8ce unique Dimensions : Longueur 215cm. largeur 90cm d\u00e9j\u00e0 recouvert d&rsquo;une natte chauffante. Le tube de protection de la sonde est d\u00e9j\u00e0 install\u00e9. Indications de prix d\u00e9part usine Pregarten, plus Exp\u00e9dition et EUR 80,&#8211; de frais d&#8217;emballage (pas n\u00e9cessaire si le client vient chercher lui-m\u00eame la marchandise)<\/p>\n","protected":false},"featured_media":32424,"template":"","meta":[],"product_brand":[],"product_cat":[3945],"product_tag":[6260,6263,6257,6254,6276,6284,6281,6287,6270,5733,5732,6278,6266,6274,6272,6268],"class_list":{"0":"post-32384","1":"product","2":"type-product","3":"status-publish","4":"has-post-thumbnail","6":"product_cat-pieces-moulees-pour-bain-de-vapeur","7":"product_tag-bain-de-vapeur-a-domicile","8":"product_tag-bain-de-vapeur-dans-votre-propre-maison","9":"product_tag-bain-de-vapeur-en-auto-construction","10":"product_tag-bain-de-vapeur-en-kit","11":"product_tag-bricolage-bain-de-vapeur","12":"product_tag-cabine-a-vapeur-en-kit-fr","13":"product_tag-cabine-a-vapeur-en-kit","14":"product_tag-cabine-a-vapeur-pour-la-maison","15":"product_tag-construire-soi-meme-un-sauna-a-vapeur","16":"product_tag-construire-son-propre-hammam","17":"product_tag-diy-construction-de-hammam","18":"product_tag-diy-douche-a-vapeur","19":"product_tag-douche-a-vapeur-en-kit","20":"product_tag-sauna-a-vapeur","21":"product_tag-sauna-a-vapeur-a-domicile","22":"product_tag-sauna-a-vapeur-en-kit","23":"product_shipping_class-objets-encombrants","25":"first","26":"instock","27":"taxable","28":"shipping-taxable","29":"purchasable","30":"product-type-simple"},"_links":{"self":[{"href":"https:\/\/www.soleum.de\/fr\/wp-json\/wp\/v2\/product\/32384","targetHints":{"allow":["GET"]}}],"collection":[{"href":"https:\/\/www.soleum.de\/fr\/wp-json\/wp\/v2\/product"}],"about":[{"href":"https:\/\/www.soleum.de\/fr\/wp-json\/wp\/v2\/types\/product"}],"wp:featuredmedia":[{"embeddable":true,"href":"https:\/\/www.soleum.de\/fr\/wp-json\/wp\/v2\/media\/32424"}],"wp:attachment":[{"href":"https:\/\/www.soleum.de\/fr\/wp-json\/wp\/v2\/media?parent=32384"}],"wp:term":[{"taxonomy":"product_brand","embeddable":true,"href":"https:\/\/www.soleum.de\/fr\/wp-json\/wp\/v2\/product_brand?post=32384"},{"taxonomy":"product_cat","embeddable":true,"href":"https:\/\/www.soleum.de\/fr\/wp-json\/wp\/v2\/product_cat?post=32384"},{"taxonomy":"product_tag","embeddable":true,"href":"https:\/\/www.soleum.de\/fr\/wp-json\/wp\/v2\/product_tag?post=32384"}],"curies":[{"name":"wp","href":"https:\/\/api.w.org\/{rel}","templated":true}]}}