{"id":32433,"date":"2024-11-04T07:42:33","date_gmt":"2024-11-04T06:42:33","guid":{"rendered":"https:\/\/www.soleum.de\/?post_type=product&#038;p=32433"},"modified":"2024-11-04T07:50:13","modified_gmt":"2024-11-04T06:50:13","slug":"chaise-longue-chauffante-liquidation-piece-unique-kopie-kopie","status":"publish","type":"product","link":"https:\/\/www.soleum.de\/fr\/shop\/pieces-moulees-pour-bain-de-vapeur\/chaise-longue-chauffante-liquidation-piece-unique-kopie-kopie\/","title":{"rendered":"Bain de vapeur en kit Groupe de prix 2"},"content":{"rendered":"<h1>Bain de vapeur en kit Groupe de prix 2<\/h1>\n<h2>jusqu&rsquo;\u00e0 la dimension env. L=(210-260cm) x l=(150-200cm)<\/h2>\n<p>&nbsp;<\/p>\n<p>BASIC PRO &#8211; c&rsquo;est ainsi que nous appelons un kit de hammam pr\u00e9-produit enti\u00e8rement chauff\u00e9 \u00e9lectriquement<br \/>\nLa planification individuelle du hammam est incluse dans le prix du kit.<br \/>\nLa cabine est produite chez nous selon le plan (rev\u00eatement avec des tapis chauffants, installation de<br \/>\nsondes et \u00e9vacuations, tuyauteries vides, profil\u00e9s en aluminium pour le montage ult\u00e9rieur du verre,&#8230;)<br \/>\net \u00e9galement une fois enti\u00e8rement mont\u00e9e. Le contr\u00f4le des dimensions est ainsi effectu\u00e9 et nous garantissons<br \/>\nque tout s&rsquo;adapte \u00e9galement \u00e0 vos besoins sur le chantier. <\/p>\n<p>&nbsp;<\/p>\n<p>Les toits en d\u00f4me sont disponibles moyennant un suppl\u00e9ment de 240 EUR hors TVA par m\u00e8tre carr\u00e9.<\/p>\n\t<div class=\"box has-hover   has-hover box-text-bottom\" >\n\n\t\t<div class=\"box-image\" >\n\t\t\t\t\t\t<div class=\"\" >\n\t\t\t\t<img loading=\"lazy\" decoding=\"async\" width=\"1000\" height=\"1401\" src=\"https:\/\/www.soleum.de\/wp-content\/uploads\/2019\/03\/Soleum-Bausatz-aufgestellt-2.jpg\" class=\"attachment- size-\" alt=\"\" srcset=\"https:\/\/www.soleum.de\/wp-content\/uploads\/2019\/03\/Soleum-Bausatz-aufgestellt-2.jpg 1000w, https:\/\/www.soleum.de\/wp-content\/uploads\/2019\/03\/Soleum-Bausatz-aufgestellt-2-286x400.jpg 286w, https:\/\/www.soleum.de\/wp-content\/uploads\/2019\/03\/Soleum-Bausatz-aufgestellt-2-768x1076.jpg 768w, https:\/\/www.soleum.de\/wp-content\/uploads\/2019\/03\/Soleum-Bausatz-aufgestellt-2-571x800.jpg 571w, https:\/\/www.soleum.de\/wp-content\/uploads\/2019\/03\/Soleum-Bausatz-aufgestellt-2-510x715.jpg 510w\" sizes=\"auto, (max-width: 1000px) 100vw, 1000px\" \/>\t\t\t\t\t\t\t\t\t\t\t<\/div>\n\t\t\t\t\t<\/div>\n\n\t\t<div class=\"box-text text-center is-large\" >\n\t\t\t<div class=\"box-text-inner\">\n\t\t\t\t\n<div class=\"container section-title-container\" ><h3 class=\"section-title section-title-normal\"><b aria-hidden=\"true\"><\/b><span class=\"section-title-main\" >S\u00e9rie de photos sur le chantier :<\/span><b aria-hidden=\"true\"><\/b><\/h3><\/div>\n<h2>EXEMPLE EN IMAGE D&rsquo;UN KIT DE BAIN DE VAPEUR<\/h2>\n<p>Voici un exemple de kit \u00e0 installer sur le site (par le client). Les parois et les si\u00e8ges sont chauff\u00e9s \u00e9lectriquement (circuits de chauffage s\u00e9par\u00e9s).<\/p>\n\t<div class=\"img has-hover x md-x lg-x y md-y lg-y\" id=\"image_919370926\">\n\t\t\t\t\t\t\t\t<div class=\"img-inner dark\" >\n\t\t\t<img loading=\"lazy\" decoding=\"async\" width=\"1000\" height=\"750\" src=\"https:\/\/www.soleum.de\/wp-content\/uploads\/2019\/03\/Soleum-rohkabine-auf-Baustelle-aufgestellt.jpg\" class=\"attachment-large size-large\" alt=\"\" srcset=\"https:\/\/www.soleum.de\/wp-content\/uploads\/2019\/03\/Soleum-rohkabine-auf-Baustelle-aufgestellt.jpg 1000w, https:\/\/www.soleum.de\/wp-content\/uploads\/2019\/03\/Soleum-rohkabine-auf-Baustelle-aufgestellt-533x400.jpg 533w, https:\/\/www.soleum.de\/wp-content\/uploads\/2019\/03\/Soleum-rohkabine-auf-Baustelle-aufgestellt-768x576.jpg 768w, https:\/\/www.soleum.de\/wp-content\/uploads\/2019\/03\/Soleum-rohkabine-auf-Baustelle-aufgestellt-510x383.jpg 510w\" sizes=\"auto, (max-width: 1000px) 100vw, 1000px\" \/>\t\t\t\t\t\t\n\t\t\t\t\t<\/div>\n\t\t\t\t\t\t\t\t\n<style>\n#image_919370926 {\n  width: 100%;\n}\n<\/style>\n\t<\/div>\n\t\n\t<div id=\"gap-2103439371\" class=\"gap-element clearfix\" style=\"display:block; height:auto;\">\n\t\t\n<style>\n#gap-2103439371 {\n  padding-top: 30px;\n}\n<\/style>\n\t<\/div>\n\t\n\t\t\t<\/div>\n\t\t<\/div>\n\t<\/div>\n\t\n\t<div id=\"gap-1388602356\" class=\"gap-element clearfix\" style=\"display:block; height:auto;\">\n\t\t\n<style>\n#gap-1388602356 {\n  padding-top: 30px;\n}\n<\/style>\n\t<\/div>\n\t\n\t<div class=\"img has-hover x md-x lg-x y md-y lg-y\" id=\"image_875939632\">\n\t\t\t\t\t\t\t\t<div class=\"img-inner dark\" >\n\t\t\t<img loading=\"lazy\" decoding=\"async\" width=\"600\" height=\"800\" src=\"https:\/\/www.soleum.de\/wp-content\/uploads\/2019\/03\/Soleum-rohkabine-auf-Baustelle-aufgestellt-1-600x800.jpg\" class=\"attachment-large size-large\" alt=\"\" srcset=\"https:\/\/www.soleum.de\/wp-content\/uploads\/2019\/03\/Soleum-rohkabine-auf-Baustelle-aufgestellt-1-600x800.jpg 600w, https:\/\/www.soleum.de\/wp-content\/uploads\/2019\/03\/Soleum-rohkabine-auf-Baustelle-aufgestellt-1-300x400.jpg 300w, https:\/\/www.soleum.de\/wp-content\/uploads\/2019\/03\/Soleum-rohkabine-auf-Baustelle-aufgestellt-1-510x680.jpg 510w, https:\/\/www.soleum.de\/wp-content\/uploads\/2019\/03\/Soleum-rohkabine-auf-Baustelle-aufgestellt-1.jpg 750w\" sizes=\"auto, (max-width: 600px) 100vw, 600px\" \/>\t\t\t\t\t\t\n\t\t\t\t\t<\/div>\n\t\t\t\t\t\t\t\t\n<style>\n#image_875939632 {\n  width: 100%;\n}\n<\/style>\n\t<\/div>\n\t\n<div id=\"portfolio-1739244258\" class=\"portfolio-element-wrapper has-filtering\">\n  \n    <div id=\"portfolio-1739244258\" class=\"slider slider-auto-height row-collapse slider-nav-reveal\" data-flickity-options='{&quot;imagesLoaded&quot;: true, &quot;dragThreshold&quot; : 5, &quot;cellAlign&quot;: &quot;left&quot;,&quot;wrapAround&quot;: true,&quot;prevNextButtons&quot;: true,&quot;percentPosition&quot;: true,&quot;pageDots&quot;: false, &quot;rightToLeft&quot;: false, &quot;autoPlay&quot; : false}'>\n\n    <div class=\"col\" data-terms=\"[&quot;Bain de vapeur avec si\u00e8ges&quot;]\" >\n          <div class=\"col-inner\" >\n          <a href=\"https:\/\/www.soleum.de\/fr\/featured_item\/bain-de-vapeur-allemagne\/\" class=\"plain \">\n          <div class=\"portfolio-box box has-hover box-default\">\n            <div class=\"box-image\" >\n                <div class=\"image-cover\" style=\"padding-top:100%;\">\n                <img loading=\"lazy\" decoding=\"async\" width=\"533\" height=\"400\" src=\"https:\/\/www.soleum.de\/wp-content\/uploads\/2019\/12\/SOLEUM-Dampfbad-Deutschland-006-533x400.jpg\" class=\"attachment-medium size-medium\" alt=\"\" srcset=\"https:\/\/www.soleum.de\/wp-content\/uploads\/2019\/12\/SOLEUM-Dampfbad-Deutschland-006-533x400.jpg 533w, https:\/\/www.soleum.de\/wp-content\/uploads\/2019\/12\/SOLEUM-Dampfbad-Deutschland-006-768x576.jpg 768w, https:\/\/www.soleum.de\/wp-content\/uploads\/2019\/12\/SOLEUM-Dampfbad-Deutschland-006-510x383.jpg 510w, https:\/\/www.soleum.de\/wp-content\/uploads\/2019\/12\/SOLEUM-Dampfbad-Deutschland-006.jpg 800w\" sizes=\"auto, (max-width: 533px) 100vw, 533px\" \/>                                                <\/div>\n            <\/div>\n            <div class=\"box-text text-center\" >\n                  <div class=\"box-text-inner\">\n                      <h6 class=\"uppercase portfolio-box-title\">Bain de vapeur Allemagne<\/h6>\n                      <p class=\"uppercase portfolio-box-category is-xsmall op-6\">\n                        <span class=\"show-on-hover\">\n                         Bain de vapeur avec si\u00e8ges                        <\/span>\n                      <\/p>\n                  <\/div>\n            <\/div>\n           <\/div>\n           <\/a>\n           <\/div>\n           <\/div><\/div><\/div>\n","protected":false},"excerpt":{"rendered":"<p>Bain de vapeur en kit Groupe de prix 2 : jusqu&rsquo;\u00e0 Dimensions env. L=(210-260cm) x l=(150-200cm)<\/p>\n<p>.<\/p>\n","protected":false},"featured_media":32424,"template":"","meta":[],"product_brand":[],"product_cat":[3945],"product_tag":[6260,6263,6257,6254,6276,6284,6281,6287,6270,5733,5732,6278,6266,6274,6272,6268],"class_list":{"0":"post-32433","1":"product","2":"type-product","3":"status-publish","4":"has-post-thumbnail","6":"product_cat-pieces-moulees-pour-bain-de-vapeur","7":"product_tag-bain-de-vapeur-a-domicile","8":"product_tag-bain-de-vapeur-dans-votre-propre-maison","9":"product_tag-bain-de-vapeur-en-auto-construction","10":"product_tag-bain-de-vapeur-en-kit","11":"product_tag-bricolage-bain-de-vapeur","12":"product_tag-cabine-a-vapeur-en-kit-fr","13":"product_tag-cabine-a-vapeur-en-kit","14":"product_tag-cabine-a-vapeur-pour-la-maison","15":"product_tag-construire-soi-meme-un-sauna-a-vapeur","16":"product_tag-construire-son-propre-hammam","17":"product_tag-diy-construction-de-hammam","18":"product_tag-diy-douche-a-vapeur","19":"product_tag-douche-a-vapeur-en-kit","20":"product_tag-sauna-a-vapeur","21":"product_tag-sauna-a-vapeur-a-domicile","22":"product_tag-sauna-a-vapeur-en-kit","23":"product_shipping_class-objets-encombrants","25":"first","26":"onbackorder","27":"taxable","28":"shipping-taxable","29":"purchasable","30":"product-type-simple"},"_links":{"self":[{"href":"https:\/\/www.soleum.de\/fr\/wp-json\/wp\/v2\/product\/32433","targetHints":{"allow":["GET"]}}],"collection":[{"href":"https:\/\/www.soleum.de\/fr\/wp-json\/wp\/v2\/product"}],"about":[{"href":"https:\/\/www.soleum.de\/fr\/wp-json\/wp\/v2\/types\/product"}],"wp:featuredmedia":[{"embeddable":true,"href":"https:\/\/www.soleum.de\/fr\/wp-json\/wp\/v2\/media\/32424"}],"wp:attachment":[{"href":"https:\/\/www.soleum.de\/fr\/wp-json\/wp\/v2\/media?parent=32433"}],"wp:term":[{"taxonomy":"product_brand","embeddable":true,"href":"https:\/\/www.soleum.de\/fr\/wp-json\/wp\/v2\/product_brand?post=32433"},{"taxonomy":"product_cat","embeddable":true,"href":"https:\/\/www.soleum.de\/fr\/wp-json\/wp\/v2\/product_cat?post=32433"},{"taxonomy":"product_tag","embeddable":true,"href":"https:\/\/www.soleum.de\/fr\/wp-json\/wp\/v2\/product_tag?post=32433"}],"curies":[{"name":"wp","href":"https:\/\/api.w.org\/{rel}","templated":true}]}}