{"id":21387,"date":"2017-01-31T20:46:24","date_gmt":"2017-01-31T19:46:24","guid":{"rendered":"https:\/\/www.soleum.de\/terminima\/"},"modified":"2017-01-31T20:46:24","modified_gmt":"2017-01-31T19:46:24","slug":"terminima","status":"publish","type":"page","link":"https:\/\/www.soleum.de\/hr\/terminima\/","title":{"rendered":"TERMINIMA"},"content":{"rendered":"<h1>TERMINIMA<\/h1>\n<p>Na\u0161i op\u0107i uvjeti i odredbe obvezuju\u0107i su nakon podno\u0161enja va\u0161e narud\u017ebe.<\/p>\n<p><strong>Cijene i tro\u0161kovi dostave<\/strong><\/p>\n<p>Cijene uklju\u010duju zakonski porez na dodanu vrijednost. Tro\u0161kovi dostave ovise o koli\u010dini naru\u010dene robe, kao io na\u010dinu otpreme i bit \u0107e vam jasno priop\u0107eni prije slanja obvezuju\u0107e narud\u017ebe.<\/p>\n<p>Radimo samo pod na\u0161im uvjetima i odredbama u nastavku, koje prihva\u0107ate naru\u010divanjem robe iz ove trgovine.<\/p>\n<p><strong>Narediti<\/strong><\/p>\n<p>Narud\u017ebe za robu i usluge prihva\u0107amo putem Interneta. Rizik od nerje\u0161ivog, pogre\u0161nog prijenosa le\u017ei na kupcu. Da bismo obra\u0111ivali robu i usluge u narud\u017ebi, moramo pohraniti va\u0161e podatke. Jam\u010dimo njihovo strogo povjerljivo postupanje, posebno njihovo neotkrivanje tre\u0107im stranama koje nisu uklju\u010dene u izvr\u0161enje naloga.<\/p>\n<p><strong>Postupak narud\u017ebe<\/strong><\/p>\n<p>Nakon \u0161to prona\u0111ete proizvod koji tra\u017eite, mo\u017eete ga dodati u ko\u0161aricu bez obveze klikom na istoimeni gumb. Sadr\u017eaj ko\u0161arice mo\u017eete pregledati u bilo kojem trenutku bez obveze klikom na poveznicu &#8220;ko\u0161arica&#8221;. Proizvode mo\u017eete ukloniti iz ko\u0161arice u bilo kojem trenutku klikom na sme\u0107e. Ako \u017eelite kupiti proizvode u ko\u0161arici, prvo morate odabrati na\u010din pla\u0107anja i pristati na na\u0161e uvjete i odredbe. zatim kliknite na gumb &#8216;Gotovo, odjava&#8217;. Tada \u0107e se od vas tra\u017eiti da unesete svoje osobne podatke. Prije slanja narud\u017ebe vidjet \u0107ete podatke koje ste ponovno unijeli i imati mogu\u0107nost ispraviti ih klikom na gumb &#8220;Natrag&#8221;. Postupak narud\u017ebe mo\u017eete otkazati u bilo kojem trenutku zatvaranjem prozora preglednika ili klikom na gumb &#8220;Po\u0161alji narud\u017ebu&#8221;.<\/p>\n<p><strong>Ugovor<\/strong><\/p>\n<p>Ugovorni jezik je njema\u010dki. Predstavljanje proizvoda u internetskoj trgovini ne predstavlja pravno obvezuju\u0107u ponudu, ve\u0107 neobvezuju\u0107i internetski katalog. Nakon \u0161to unesete svoje osobne podatke i kliknete na gumb &#8216;Po\u0161alji narud\u017ebu&#8217; u posljednjem koraku postupka naru\u010divanja, postavljate obvezuju\u0107i nalog za robu sadr\u017eanu u ko\u0161arici. Potvrda primitka narud\u017ebe slijedi odmah nakon slanja narud\u017ebe. Kupoprodajni ugovor sklapa se s na\u0161om zasebnom potvrdom narud\u017ebe ili isporukom robe.<\/p>\n<p><strong>Pohrana teksta po ugovoru<\/strong><\/p>\n<p>Tekst ugovora bit \u0107e spremljen i poslan vam e-po\u0161tom. I dalje mo\u017eete pregledati op\u0107e uvjete i odredbe u bilo kojem trenutku na stranici &#8220;GTC&#8221; i spremiti ih na ra\u010dunalo.<\/p>\n<p><strong>Vlasni\u0161tvo<\/strong><\/p>\n<p>Isporu\u010dena roba ostaje na\u0161e vlasni\u0161tvo dok ne bude pla\u0107ena u cijelosti. Sve dok na\u0161e vlasni\u0161tvo postoji, preprodaja, zalaganje, prijenos posjedovanja ili napu\u0161tanje posjeda, bilo uz pla\u0107anje ili besplatno, nije dopu\u0161teno. Ako, suprotno ovom ugovoru, kupac preproda na\u0161u robu u cijelosti ili djelomi\u010dno uz naknadu, tada \u0107e se potra\u017eivanja od kupoprodajne cijene koje je kupac stekao u iznosu na\u0161ih nepodmirenih potra\u017eivanja prenijeti na nas. U slu\u010daju ovrhe nad relevantnom imovinom u kojoj se nalazi na\u0161a roba, ili protiv same robe ili protiv potra\u017eivanja koja su nam dodijeljena, kupac nas mora odmah obavijestiti i dostaviti relevantne podatke.<\/p>\n<p><strong>Na\u010dini pla\u0107anja<\/strong><\/p>\n<p>Iznos ra\u010duna mo\u017ee se platiti unaprijed, pouze\u0107em ili PayPal. Dodatne pojedinosti dobit \u0107ete pri odabiru odgovaraju\u0107eg na\u010dina pla\u0107anja u postupku narud\u017ebe. Na\u017ealost, drugi na\u010dini pla\u0107anja <strong>nisu<\/strong> mogu\u0107i. Naravno, robu mo\u017eete preuzeti i osobno u na\u0161oj specijaliziranoj trgovini, ako je dostupna!<\/p>\n<p><strong>Isporuka<\/strong><\/p>\n<p>Ovisno o neposrednoj dostupnosti robe, isporu\u010dujemo \u0161to je br\u017ee mogu\u0107e DHL-om, po\u0161tom ili \u0161pediterom (za glomaznu robu). Procijenjeno vrijeme isporuke mo\u017eete prona\u0107i u opisu proizvoda. Imamo pravo na djelomi\u010dne isporuke. Nismo odgovorni za po\u0161tivanje datuma isporuke osim ako takav datum nismo potvrdili u pisanom obliku. U potonjem slu\u010daju, na\u0161a obveza pla\u0107anja naknade ograni\u010dena je na besplatan povrat robe isporu\u010dene sa zaka\u0161njenjem. U slu\u010daju nedostupnosti usluge, zadr\u017eavamo pravo odustajanja od ugovora. Obvezujemo se da \u0107emo o tome odmah obavijestiti kupca i bez odga\u0111anja nadoknaditi svu ve\u0107 pru\u017eenu naknadu.<\/p>\n<p><strong>Info: Gore navedeni uvjeti i odredbe primjenjuju se samo na privatne kupce, a ne na trgovce.<\/strong><br \/>\n[gzd_complaints]\n","protected":false},"excerpt":{"rendered":"<p>TERMINIMA Na\u0161i op\u0107i uvjeti i odredbe obvezuju\u0107i su nakon podno\u0161enja va\u0161e narud\u017ebe. Cijene i tro\u0161kovi dostave Cijene uklju\u010duju zakonski porez na dodanu vrijednost. Tro\u0161kovi dostave ovise o koli\u010dini naru\u010dene robe, kao io na\u010dinu otpreme i bit \u0107e vam jasno priop\u0107eni prije slanja obvezuju\u0107e narud\u017ebe. Radimo samo pod na\u0161im uvjetima i odredbama u nastavku, koje prihva\u0107ate [&#8230;]\n","protected":false},"author":1,"featured_media":0,"parent":0,"menu_order":0,"comment_status":"closed","ping_status":"closed","template":"","meta":{"footnotes":""},"class_list":["post-21387","page","type-page","status-publish","hentry"],"_links":{"self":[{"href":"https:\/\/www.soleum.de\/hr\/wp-json\/wp\/v2\/pages\/21387","targetHints":{"allow":["GET"]}}],"collection":[{"href":"https:\/\/www.soleum.de\/hr\/wp-json\/wp\/v2\/pages"}],"about":[{"href":"https:\/\/www.soleum.de\/hr\/wp-json\/wp\/v2\/types\/page"}],"author":[{"embeddable":true,"href":"https:\/\/www.soleum.de\/hr\/wp-json\/wp\/v2\/users\/1"}],"replies":[{"embeddable":true,"href":"https:\/\/www.soleum.de\/hr\/wp-json\/wp\/v2\/comments?post=21387"}],"version-history":[{"count":0,"href":"https:\/\/www.soleum.de\/hr\/wp-json\/wp\/v2\/pages\/21387\/revisions"}],"wp:attachment":[{"href":"https:\/\/www.soleum.de\/hr\/wp-json\/wp\/v2\/media?parent=21387"}],"curies":[{"name":"wp","href":"https:\/\/api.w.org\/{rel}","templated":true}]}}