{"id":29261,"date":"2016-10-02T19:12:28","date_gmt":"2016-10-02T17:12:28","guid":{"rendered":"https:\/\/www.soleum.de\/shop\/Bez%20kategorije\/nebulizacija-slane-vode-za-parnu-kupelj\/"},"modified":"2024-02-23T16:31:25","modified_gmt":"2024-02-23T15:31:25","slug":"nebulizacija-slane-vode-za-parnu-kupelj","status":"publish","type":"product","link":"https:\/\/www.soleum.de\/hr\/shop\/nebulizacija-slane-magle\/nebulizacija-slane-vode-za-parnu-kupelj\/","title":{"rendered":"Nebulizacija slane vode za parnu kupelj"},"content":{"rendered":"<section id=\"pd-left\">\n<figure id=\"pd-gallery-small\" class=\"smart-gallery\" data-id=\"76\">\n<div class=\"sg-image-wrapper\">\n<h1 class=\"sg-image\"><span id=\"product_name\">\u017delite li kupiti raspr\u0161iva\u010d slane vode za parnu kupelj?  <\/span><\/h1>\n<div class=\"sg-image\"><span id=\"product_name\">Tada ovdje imamo pravi <span style=\"color: #0000ff;\">INTENZIVNI proizvod<\/span> za vas! <\/span><span id=\"product_name\">Na\u0161 sustav nebulizacije slane vode atomizira ne samo otopinu slane otopine, ve\u0107 i razne vrste \u010daja!<\/span><\/div>\n<p><iframe loading=\"lazy\" src=\"https:\/\/www.youtube.com\/embed\/98aPwzbqq6Q?rel=0\" width=\"640\" height=\"360\" frameborder=\"0\" allowfullscreen=\"allowfullscreen\"><\/iframe><br \/>\n<iframe loading=\"lazy\" src=\"https:\/\/www.youtube.com\/embed\/JVefCVRF-X8?rel=0\" width=\"640\" height=\"360\" frameborder=\"0\" allowfullscreen=\"allowfullscreen\"><\/iframe><br \/>\nU sljede\u0107em videu mo\u017eete vidjeti intenzivno zamagljivanje slane vode iz SOLEUM GmbH. <span style=\"font-size: 160%;\">Promatrajte u kojem kratkom vremenu (od 1 minute!)<\/span> nastaje ekstremna slana magla u cijeloj parnoj kupelji.<\/p>\n<p>Za <strong>oko 3 minute<\/strong> parna kupelj ve\u0107 je umotana u najfiniju slanu maglu. Spremnik od nehr\u0111aju\u0107eg \u010delika odgovara 1 litri otopine slane otopine (1-3%) ili \u010daja. Tako\u0111er mo\u017eete dodati sol u \u010daj i tako nebulizirati oboje!<br \/>\n<iframe loading=\"lazy\" src=\"https:\/\/www.youtube.com\/embed\/zGBd8YDn4jQ?rel=0\" width=\"640\" height=\"360\" frameborder=\"0\" allowfullscreen=\"allowfullscreen\"><\/iframe><\/p>\n<div class=\"sg-image\"><\/div>\n<\/div>\n<\/figure>\n<\/section>\n<section id=\"pd-right\">\n<h2 class=\"page-title al page-title-larger\"><span id=\"product_name\">Tako je na\u0161a nebulizacija slane otopine za parnu kupelj dostupna i kao tehnika inhalacije \u010daja za va\u0161u parnu kupelj ili parnu kupelj. Koristite parni tu\u0161<br \/>\n<\/span><\/h2>\n<h2><span style=\"font-size: large;\">Imate li ve\u0107 parni tu\u0161 ili parnu kupelj i ne \u017eelite propustiti prednosti nebulizacije slane vode? Pomo\u0107u ovog nebulizatora visokih performansi mo\u017eete nadograditi svoju parnu kupelj u &#8220;parnu kupelj sa slanom vodom&#8221; ili na SOLEUM &#8211; uvijek \u010ditate o slanim parnim kupkama, pri \u010demu se slanica naravno ne mo\u017ee transportirati parom, ve\u0107 samo &#8220;nebulizirana&#8221; ili &#8220;atomizirana&#8221;.<br \/>\n<\/span><\/h2>\n<p>Jednostavno naru\u010dite na\u0161 <b>komplet za naknadnu ugradnju za SOLE nebulizaciju ovdje i u\u010dinite ne\u0161to dobro za svoje zdravlje! <\/b> <\/p>\n<p>Me\u0111utim, ako imate<b> <\/b><span id=\"product_name\">Ako \u017eelite kupiti tehnologiju inhalacije slane vode, mo\u017eete se dobro informirati o tehnologiji. Postoji nebulizacija slane vode s ultrazvu\u010dnom maglom (niska fina magla, sustav poput posude za maglu) ili na\u0161 sustav nebulizacije slane vode putem komprimiranog zraka (vrlo intenzivan! Za oko 20 minuta cijela litra je nebulizirana!! a vi\u0161e ne mo\u017eete ni vidjeti u parnu kupelj!!).  <\/span><\/p>\n<p><span id=\"product_name\">Na\u0161 <strong>sustav bez klica<\/strong> toliko je intenzivan da NIJE PRIKLADAN ZA INFRACRVENE KABINE i saune (za to ne dajemo nikakva jamstva). ME\u0110UTIM, za parne kupelji i parne tu\u0161eve, na\u0161a tehnologija inhalacije slane vode idealna je.<br \/>\n<\/span><\/p>\n<h2 class=\"page-title al page-title-larger\"><span id=\"product_name\">Kupite tehnologiju nebulizacije slane vode <\/span><b>: Kratak opis<br \/>\n<\/b><\/h2>\n<p>Posebnost le\u017ei u stvaranju <u>slane magle (ili \u010dajne magle).<\/u> Kao alternativa, mogu se nebulizirati i ljekoviti \u010dajevi iz ljekarne, koji novi proizvod nadogra\u0111uju na vrlo privatnu inhalacijsku kabinu.<br \/>\nNebulizirana slanica nije dobra samo za disanje. Sol na ko\u017ei poja\u010dava znojenje i pro\u010di\u0161\u0107avanje. Ko\u017ea se zapravo \u010disti i njeguje duboko u pore, a talo\u017eena sol ima izuzetno pozitivan u\u010dinak na problemati\u010dnu ko\u017eu.<br \/>\nIstodobno stvara prirodnu za\u0161titu i podr\u017eava kiseli pla\u0161t ko\u017ee.<\/p>\n<p><strong><br \/>\n  <u>Opseg isporuke:<\/u><br \/>\n<\/strong> Kompresor za nebulizaciju slane vode (nebulizacija slane vode za parnu kupelj), mlaznica za nebulizaciju, 5m crijevo za zrak plavo, spremnik od nehr\u0111aju\u0107eg \u010delika, bez kontrole (npr. koristite vlastiti prekida\u010d)<\/p>\n<p>Lako je sastaviti! U principu, napravite si &#8220;zamijenjenu&#8221; uti\u010dnicu (npr. putem prekida\u010da za svjetlo ispred kabine)<br \/>\nElektri\u010dni priklju\u010dak mora izvesti ovla\u0161teni elektri\u010dar.<\/p>\n<p>Ako kasnije \u017eelite naknadno ugraditi tehniku inhalacije, to je vrlo jednostavno! Ovo je samo nekoliko koraka:<\/p>\n<p>Sve \u0161to trebate u\u010diniti je:<br \/>\n1.) napravite rupu od 25 mm u stropu (ovdje \u0107e se postaviti kasnija mlaznica za zamagljivanje &#8211; vidi sliku dolje)<br \/>\n2.) montirajte potporni dio spremnika za slanu otopinu na zid (nije uklju\u010den, npr. stakleni postolje)<br \/>\n4.) Spojite jedinicu za nebulizaciju na mlaznicu za nebulizaciju pomo\u0107u prilo\u017eenog crijeva za zrak.<br \/>\n5.) Silikonizirajte mlaznicu do stropa<\/p>\n<p>Kompresor za nebulizaciju mogao bi biti udaljen 10 metara. Duljina crijeva za zrak u opsegu isporuke je 5m. Ako vam je potrebna du\u017ea linija, javite nam prilikom narud\u017ebe!<\/p>\n<p><strong>Ovo je uklju\u010deno ili isklju\u010deno :<\/strong><\/p>\n<ul>\n<li style=\"list-style-type: none;\">\n<ul>\n<li>s be\u017ei\u010dnom uti\u010dnicom<\/li>\n<li>s normalnim prekida\u010dem za uklju\u010divanje\/isklju\u010divanje ispred kabine (nije uklju\u010deno)<\/li>\n<li>s prekida\u010dem od nehr\u0111aju\u0107eg \u010delika i relejem od 12 V IN kabina (uz nadoplatu)<\/li>\n<\/ul>\n<\/li>\n<\/ul>\n<p>Kompresor mora biti spojen elektri\u010darom.<\/p>\n<\/section>\n<h2>Tako\u0111er mo\u017eete izvrsno koristiti tehniku prskanja slanom vodom za udisanje slane vode za konje!<\/h2>\n\n  \n    <div class=\"row large-columns-2 medium-columns-1 small-columns-1 row-full-width\" >\n  <div class=\"col post-item\" >\n\t\t\t<div class=\"col-inner\">\n\t\t\t\t<div class=\"box box-normal box-text-bottom box-blog-post has-hover\">\n            \t\t\t\t\t<div class=\"box-image\" >\n  \t\t\t\t\t\t<div class=\"image-cover\" style=\"padding-top:56.25%;\">\n\t\t\t\t\t\t\t<a href=\"https:\/\/www.soleum.de\/hr\/konj-za-inhalaciju-slane-vode-udisanje-konja\/\" class=\"plain\" aria-label=\"Konj za inhalaciju slane vode &#8211; udisanje konja\">\n\t\t\t\t\t\t\t\t<img loading=\"lazy\" decoding=\"async\" width=\"298\" height=\"400\" src=\"https:\/\/www.soleum.de\/wp-content\/uploads\/2018\/07\/Sole-Inhalation-Pferd-298x400.jpg\" class=\"attachment-medium size-medium wp-post-image\" alt=\"\" srcset=\"https:\/\/www.soleum.de\/wp-content\/uploads\/2018\/07\/Sole-Inhalation-Pferd-298x400.jpg 298w, https:\/\/www.soleum.de\/wp-content\/uploads\/2018\/07\/Sole-Inhalation-Pferd-510x684.jpg 510w, https:\/\/www.soleum.de\/wp-content\/uploads\/2018\/07\/Sole-Inhalation-Pferd.jpg 594w\" sizes=\"auto, (max-width: 298px) 100vw, 298px\" \/>\t\t\t\t\t\t\t<\/a>\n  \t\t\t\t\t\t\t  \t\t\t\t\t\t\t  \t\t\t\t\t\t<\/div>\n  \t\t\t\t\t\t  \t\t\t\t\t<\/div>\n          \t\t\t\t\t<div class=\"box-text text-center\" >\n\t\t\t\t\t<div class=\"box-text-inner blog-post-inner\">\n\n\t\t\t\t\t\n\t\t\t\t\t\t\t\t\t\t<h5 class=\"post-title is-large \">\n\t\t\t\t\t\t<a href=\"https:\/\/www.soleum.de\/hr\/konj-za-inhalaciju-slane-vode-udisanje-konja\/\" class=\"plain\">Konj za inhalaciju slane vode &#8211; udisanje konja<\/a>\n\t\t\t\t\t<\/h5>\n\t\t\t\t\t\t\t\t\t\t<div class=\"is-divider\"><\/div>\n\t\t\t\t\t\t\t\t\t\t<p class=\"from_the_blog_excerpt \">\n\t\t\t\t\t\tKonj za inhalaciju slane vode &#8211; s raspr\u0161iva\u010dem slane vode tvrtke Soleum GmbH Udisanje kopitara [...]\t\t\t\t\t<\/p>\n\t\t\t\t\t                    \n\t\t\t\t\t\n\t\t\t\t\t\n\t\t\t\t\t<\/div>\n\t\t\t\t\t<\/div>\n\t\t\t\t\t\t\t\t\t\t\t\t\t\t\t\t<div class=\"badge absolute top post-date badge-outline\">\n\t\t\t\t\t\t\t<div class=\"badge-inner\">\n\t\t\t\t\t\t\t\t<span class=\"post-date-day\">31<\/span><br>\n\t\t\t\t\t\t\t\t<span class=\"post-date-month is-xsmall\">srp<\/span>\n\t\t\t\t\t\t\t<\/div>\n\t\t\t\t\t\t<\/div>\n\t\t\t\t\t\t\t\t\t<\/div>\n\t\t\t<\/div>\n\t\t<\/div><\/div>\n","protected":false},"excerpt":{"rendered":"<p><span id=\"product_name\">S na\u0161om nebulizacijom slane vode (inhalacijski sustav) za parne kupelji i parne tu\u0161eve, mo\u017eete nebulizirati otopinu slane otopine i razne ljekovite \u010dajeve. <\/span>Ovo nadogra\u0111uje va\u0161u parnu kupelj ili parni tu\u0161 na potpuno privatnu inhalacijsku kabinu &#8211; imamo najsna\u017eniju nebulizaciju slane vode za parnu kupelj!<\/p>\n","protected":false},"featured_media":10476,"template":"","meta":[],"product_brand":[],"product_cat":[3365,3363],"product_tag":[3390,3406,3398,3384,3387,3376,3392,3394,3396,3382,3409,3404,3380,3374,3378,3372,3408,3400,3407,3402,3370,3368],"class_list":{"0":"post-29261","1":"product","2":"type-product","3":"status-publish","4":"has-post-thumbnail","6":"product_cat-nebulizacija-slane-magle","7":"product_cat-tehnologija-parne-kupelji","8":"product_tag-generator-slane-vode","9":"product_tag-inhalacijski-konj","10":"product_tag-kompresor-slane-vode","11":"product_tag-nebulizacija-slane-vode","12":"product_tag-nebulizacija-slane-vode-za-parnu-kupelj","13":"product_tag-nebulizacija-soli","14":"product_tag-parna-kupelj-sa-slanom-vodom","15":"product_tag-parne-kupelji-sa-slanom-vodom","16":"product_tag-slana-kupka","17":"product_tag-slana-magla","18":"product_tag-solenebler-hr","19":"product_tag-solez-sputtering-tehnologija","20":"product_tag-solinhalacija","21":"product_tag-sprej-za-sol","22":"product_tag-tehnika-inhalacije-slane-vode","23":"product_tag-tehnika-udisanja-soli","24":"product_tag-terapija-slanom-vodom","25":"product_tag-udahnite-u-parnoj-kupelji","26":"product_tag-udisanje-kopitara","27":"product_tag-udisanje-slane-vode-za-konje","28":"product_tag-udisanje-soli","29":"product_tag-udisati","30":"product_shipping_class-paket-5-10kg","32":"first","33":"instock","34":"taxable","35":"shipping-taxable","36":"purchasable","37":"product-type-simple"},"_links":{"self":[{"href":"https:\/\/www.soleum.de\/hr\/wp-json\/wp\/v2\/product\/29261","targetHints":{"allow":["GET"]}}],"collection":[{"href":"https:\/\/www.soleum.de\/hr\/wp-json\/wp\/v2\/product"}],"about":[{"href":"https:\/\/www.soleum.de\/hr\/wp-json\/wp\/v2\/types\/product"}],"wp:featuredmedia":[{"embeddable":true,"href":"https:\/\/www.soleum.de\/hr\/wp-json\/wp\/v2\/media\/10476"}],"wp:attachment":[{"href":"https:\/\/www.soleum.de\/hr\/wp-json\/wp\/v2\/media?parent=29261"}],"wp:term":[{"taxonomy":"product_brand","embeddable":true,"href":"https:\/\/www.soleum.de\/hr\/wp-json\/wp\/v2\/product_brand?post=29261"},{"taxonomy":"product_cat","embeddable":true,"href":"https:\/\/www.soleum.de\/hr\/wp-json\/wp\/v2\/product_cat?post=29261"},{"taxonomy":"product_tag","embeddable":true,"href":"https:\/\/www.soleum.de\/hr\/wp-json\/wp\/v2\/product_tag?post=29261"}],"curies":[{"name":"wp","href":"https:\/\/api.w.org\/{rel}","templated":true}]}}