{"id":29309,"date":"2016-07-06T10:47:34","date_gmt":"2016-07-06T08:47:34","guid":{"rendered":"https:\/\/www.soleum.de\/shop\/Bez%20kategorije\/generator-pare-sol-steam-plus\/"},"modified":"2024-02-23T16:33:05","modified_gmt":"2024-02-23T15:33:05","slug":"generator-pare-sol-steam-plus","status":"publish","type":"product","link":"https:\/\/www.soleum.de\/hr\/shop\/generatori-pare\/generator-pare-sol-steam-plus\/","title":{"rendered":"Generator pare SOL-Steam PLUS"},"content":{"rendered":"  <div id=\"page-header-504579710\" class=\"page-header-wrapper\">\n  <div class=\"page-title dark featured-title\">\n\n        <div class=\"page-title-bg\">\n      <div class=\"title-bg fill bg-fill\"\n        data-parallax-container=\".page-title\"\n        data-parallax-background\n        data-parallax=\"-\">\n      <\/div>\n      <div class=\"title-overlay fill\"><\/div>\n    <\/div>\n    \n    <div class=\"page-title-inner container align-center flex-row medium-flex-wrap\" >\n              <div class=\"title-wrapper flex-col text-left medium-text-center\">\n          <h1 class=\"entry-title mb-0\">\n            Generator pare SOL-Steam PLUS          <\/h1>\n        <\/div>\n                    <div class=\"title-content flex-col flex-right text-right medium-text-center\">\n        <div class=\"title-breadcrumbs pb-half pt-half\"><nav class=\"woocommerce-breadcrumb breadcrumbs uppercase\" aria-label=\"Breadcrumb\">Po\u010detna<\/nav><\/div>      <\/div>\n    <\/div>\n\n     \n<style>\n#page-header-504579710 .title-bg {\n  background-image: url(https:\/\/www.soleum.de\/wp-content\/uploads\/2016\/12\/elektrodendampfgenerator-solsteam_soleum.jpg);\n}\n<\/style>\n  <\/div>\n    <\/div>\n  \n<h1>Generator pare SOL-Steam PLUS &#8211; savr\u0161en izbor za privatne i komercijalne parne kupelji<\/h1>\n<div>\n<p class=\"font_8\">Generator pare SOL-Steam PLUS ne smije nedostajati u \u017eeljenoj tehnologiji parne kupelji. Postoji ovaj generator pare elektroda za male parne kabine i ve\u0107e parne sobe.<\/p>\n<p class=\"font_8\">Bilo da se radi o komercijalnim parnim kupkama ili privatnim parnim kupkama i parnim tu\u0161evima, s normalnom tehnologijom grija\u0107ih \u0161ipki ili s visokokvalitetnom tehnologijom elektroda (generator pare elektroda).<\/p>\n<p class=\"font_8\">Vrhunski parni ure\u0111aj s tehnologijom elektroda osigurava dugoro\u010dno zadovoljstvo u parnom kupanju &#8211; to se ne mo\u017ee re\u0107i s generatorima pare iz Kine.<\/p>\n<p class=\"font_8\"><em>&#8220;Me\u0111utim, od nas ne\u0107ete dobiti samo tehnologiju parne kupelji &#8211; od nas mo\u017eete dobiti i kompletnu parnu kabinu (SPA moduli ili uz monta\u017eu kompletne kabine). Proizvo\u0111a\u010d smo parnih kupelji ve\u0107 dugi niz godina i ve\u0107 dugi niz godina proizvodimo parne kupelji u bilo kojem \u017eeljenom obliku.&#8221;<\/em><\/p>\n<div class=\"message-box relative dark\" style=\"padding-top:15px;padding-bottom:15px;\"><div class=\"message-box-bg-image bg-fill fill\" ><\/div><div class=\"message-box-bg-overlay bg-fill fill\" ><\/div><div class=\"container relative\"><div class=\"inner last-reset\">\n<div class=\"row align-middle align-center\"  id=\"row-1887149937\">\n\n\t<div id=\"col-447620272\" class=\"col medium-9 small-12 large-9\"  >\n\t\t\t\t<div class=\"col-inner\"  >\n\t\t\t\n\t\t\t\n<p>PRAVA TEHNOLOGIJA PARNE KUPELJI ODRE\u0110UJE VA\u0160 DUGORO\u010cNI WELLNESS U\u017dITAK<\/p>\n\t\t<\/div>\n\t\t\t\t\t<\/div>\n\n\t\n\n\t<div id=\"col-2023310503\" class=\"col medium-2 small-12 large-2\"  >\n\t\t\t\t<div class=\"col-inner text-center\"  >\n\t\t\t\n\t\t\t\n<a href=\"https:\/\/www.dampfbad.at\/dampfgenerator\/\" target=\"_blank\" class=\"button white is-outline\" rel=\"noopener\" style=\"border-radius:99px;\">\n\t\t<span>Vi\u0161e informacija<\/span>\n\t<\/a>\n\n\t\t<\/div>\n\t\t\t\t\t<\/div>\n\n\t\n<\/div>\n<\/div><\/div><\/div>\n<\/div>\n<div><\/div>\n<div><strong>Generator pare elektroda SOL-Steam PLUS <\/strong>razvoj je koji se temelji na dugogodi\u0161njem iskustvu u podru\u010dju tehnologije elektroni\u010dkog upravljanja: jednostavnost kori\u0161tenja, preciznost upravljanja, pouzdana elektronika, visoko razvijen, cjelovit upravlja\u010dki softver i visoke performanse.<br \/>\n\u0160irok raspon ovla\u017eiva\u010da elektroda za uranjanje <strong>u sol paru<\/strong> uklju\u010duje modele od 1,5 do 130 kg\/h izlaza.<\/div>\n<div>Svi modeli nisu dostupni ovdje u trgovini, ali od nas &#8211; obratite nam se za ve\u0107e izlaze pare.<\/div>\n<div><\/div>\n<h2>Specifikacije<\/h2>\n<div>\n<div>\u0160 x D x V = 365 x 275 x 712mm<\/div>\n<div>Te\u017eina: 13.5kg<br \/>\nNapon: 400V<br \/>\nPriklju\u010dak za paru: Dm30mm<\/div>\n<div>Tlak pare: 0&#8230;1300 Pa<\/div>\n<\/div>\n<div><\/div>\n<h2>Opseg isporuke<\/h2>\n<div>\n<div>\n<div>Uz generator pare SOL-Steam PLUS uklju\u010den je obavezni spojni set s ~0,5m parnim crijevom i spojnim elementima te senzorom s duljinom kabela od 6 m!<\/div>\n<\/div>\n<div>Prispojne cijevi (ulaz vode, odvod vode i parna cijev) kao i mlaznica za paru (jer ih ima nekoliko) nisu uklju\u010dene<\/div>\n<\/div>\n<h2>Dijagram povezivanja generatora pare<\/h2>\n<div><img loading=\"lazy\" decoding=\"async\" class=\"alignnone size-medium wp-image-6074\" src=\"https:\/\/www.soleum.de\/wp-content\/uploads\/2016\/12\/dampfgenerator-sol-steam-anschluss-393x400.jpg\" alt=\"Generator pare za dijagram spajanja parne kupelji\" width=\"393\" height=\"400\" srcset=\"https:\/\/www.soleum.de\/wp-content\/uploads\/2016\/12\/dampfgenerator-sol-steam-anschluss-393x400.jpg 393w, https:\/\/www.soleum.de\/wp-content\/uploads\/2016\/12\/dampfgenerator-sol-steam-anschluss.jpg 508w\" sizes=\"auto, (max-width: 393px) 100vw, 393px\" \/><\/div>\n<div>  1.Ugradite ru\u010dni ventil (za prekid dovoda vode za napajanje) iznad sustava.<br \/>\n2.Spojite generator pare na cijev za dovod vode. U modelima SOL-Steam PLUS-05 SOL-Steam PLUS-18 koristite crijevo s 3\/4&#8243; G konektorima (pogledajte i upute za uporabu ure\u0111aja).<br \/>\n3.Ugradite mehani\u010dki filtar kako biste zadr\u017eali sve krute ne\u010disto\u0107e (koje se postavljaju ispod slavine).<br \/>\n4.Spojite elektri\u010dno neprovodljivi puha\u010dki priklju\u010dak (otporan na toplinu do 100 \u00b0C (212 \u00b0F) i minimalnog unutarnjeg promjera 40 mm (1,6 in\u010da).<br \/>\n5.Umetnite lijevak za prekid linije za spu\u0161tanje.<br \/>\n6.Spojite sifon kako biste sprije\u010dili miris (40 mm (1,6 in\u010da) minimalnog unutarnjeg promjera).<\/div>\n<div>\n<h2>  Pu\u0161tanje u rad konfiguracije video senzora:<\/h2>\n<div><div class=\"video video-fit mb\" style=\"padding-top:56.25%;\"><p><iframe loading=\"lazy\" title=\"Dampfbadfuehler - Anschluss bei SOL-Steam Dampfgenerator PLUS\" width=\"1020\" height=\"574\" src=\"https:\/\/www.youtube.com\/embed\/y-ET1o0QW1M?feature=oembed\" frameborder=\"0\" allow=\"accelerometer; autoplay; clipboard-write; encrypted-media; gyroscope; picture-in-picture; web-share\" allowfullscreen><\/iframe><\/p>\n<\/div><\/div>\n<\/div>\n<p>&nbsp;<\/p>\n<p>Sve VIDEOZAPISE O PU\u0160TANJU U RAD MO\u017dETE PRONA\u0106I OVDJE: <a href=\"https:\/\/www.soleum.at\/inbetriebnahmevideos\/\" target=\"_blank\" rel=\"noopener noreferrer\">PU\u0160TANJE U RAD VIDEOZAPISA GENERATOR PARE<\/a><\/p>\n<p>&nbsp;<\/p>\n<p><img loading=\"lazy\" decoding=\"async\" class=\"alignnone size-medium wp-image-7041\" src=\"https:\/\/www.soleum.de\/wp-content\/uploads\/2017\/03\/Kombinationsangebot-Dampfgenerator-Solenebler-645x400.jpg\" alt=\"Kombinacija nudi generator pare Solenebler\" width=\"645\" height=\"400\"><\/p>\n","protected":false},"excerpt":{"rendered":"<p>SOL-Steam <strong>generator pare elektrode SOL-Steam &#8211; <\/strong>Nema kompromisa u kvaliteti, s opcijom temperature senzora ili jednostavnom kontrolom uklju\u010divanja \/ isklju\u010divanja (bez vremenskih programa i kontrole vanjskog izvora).<\/p>\n<p>Na\u0161i sol-Steam generatori pare tako\u0111er se mogu uklju\u010diti \/ isklju\u010diti vanjskim prekida\u010dem bilo<strong> u<\/strong> parnoj kupelji (12V \/ 24V) ili s prekida\u010dem izvan parne kupelji.<\/p>\n","protected":false},"featured_media":10441,"template":"","meta":[],"product_brand":[],"product_cat":[3589],"product_tag":[3611,3595,3608,3617,3604,3606,3593,3600,3602,3598,3614],"class_list":{"0":"post-29309","1":"product","2":"type-product","3":"status-publish","4":"has-post-thumbnail","6":"product_cat-generatori-pare","7":"product_tag-generator-elektroda","8":"product_tag-generator-pare","9":"product_tag-generator-pare-elektroda","10":"product_tag-generator-pare-elektroda-hr","11":"product_tag-kotao","12":"product_tag-ovlazivac-elektroda","13":"product_tag-ovlazivac-parom","14":"product_tag-para","15":"product_tag-parni-uredaj","16":"product_tag-proizvodnja-pare","17":"product_tag-tehnologija-parne-kupelji","18":"product_shipping_class-paket-10-31kg-hr","20":"first","21":"instock","22":"sale","23":"featured","24":"taxable","25":"shipping-taxable","26":"purchasable","27":"product-type-variable","28":"has-default-attributes"},"_links":{"self":[{"href":"https:\/\/www.soleum.de\/hr\/wp-json\/wp\/v2\/product\/29309","targetHints":{"allow":["GET"]}}],"collection":[{"href":"https:\/\/www.soleum.de\/hr\/wp-json\/wp\/v2\/product"}],"about":[{"href":"https:\/\/www.soleum.de\/hr\/wp-json\/wp\/v2\/types\/product"}],"wp:featuredmedia":[{"embeddable":true,"href":"https:\/\/www.soleum.de\/hr\/wp-json\/wp\/v2\/media\/10441"}],"wp:attachment":[{"href":"https:\/\/www.soleum.de\/hr\/wp-json\/wp\/v2\/media?parent=29309"}],"wp:term":[{"taxonomy":"product_brand","embeddable":true,"href":"https:\/\/www.soleum.de\/hr\/wp-json\/wp\/v2\/product_brand?post=29309"},{"taxonomy":"product_cat","embeddable":true,"href":"https:\/\/www.soleum.de\/hr\/wp-json\/wp\/v2\/product_cat?post=29309"},{"taxonomy":"product_tag","embeddable":true,"href":"https:\/\/www.soleum.de\/hr\/wp-json\/wp\/v2\/product_tag?post=29309"}],"curies":[{"name":"wp","href":"https:\/\/api.w.org\/{rel}","templated":true}]}}